{"id":727,"date":"2026-03-27T14:20:45","date_gmt":"2026-03-27T17:20:45","guid":{"rendered":"https:\/\/ufpr.br\/transparencia\/?page_id=727"},"modified":"2026-03-27T14:20:46","modified_gmt":"2026-03-27T17:20:46","slug":"acoes-e-programas","status":"publish","type":"page","link":"https:\/\/ufpr.br\/transparencia\/acoes-e-programas\/","title":{"rendered":"A\u00e7\u00f5es e Programas"},"content":{"rendered":"\n<p>Nesta se\u00e7\u00e3o, s\u00e3o divulgadas as informa\u00e7\u00f5es pertinentes aos programas, a\u00e7\u00f5es, projetos e atividades implementadas pela Universidade Federal do Paran\u00e1.<\/p>\n\n\n\n<p>O Plano de Desenvolvimento Institucional da Universidade Federal do Paran\u00e1, trata-se de um documento de gest\u00e3o sustentado pela legisla\u00e7\u00e3o brasileira vigente, de claro per\u00edodo de validade, com robustez para orientar e reestruturar seus pilares administrativo-pedag\u00f3gicos de ensino, pesquisa, extens\u00e3o, inova\u00e7\u00e3o e internacionaliza\u00e7\u00e3o universit\u00e1ria, al\u00e9m do pr\u00f3prio alinhamento da estrutura diretiva da UFPR.<\/p>\n\n\n\n<p><a href=\"https:\/\/proplad.ufpr.br\/pdi-ufpr\/\" target=\"_blank\" rel=\"noreferrer noopener\">Plano de Desenvolvimento Institucional<\/a><\/p>\n\n\n\n<p>O Relat\u00f3rio de Gest\u00e3o \u00e9 elaborado anualmente pela Coordenadoria de Planejamento Institucional da Pr\u00f3-reitoria de Planejamento, Or\u00e7amento e Finan\u00e7as e apresentado aos \u00f3rg\u00e3os de controle interno e externo como presta\u00e7\u00e3o de contas ordin\u00e1rias anual a que a UFPR est\u00e1 obrigada nos termos do art. 70 da Constitui\u00e7\u00e3o Federal.<br>Ele \u00e9 elaborado de acordo com a Instru\u00e7\u00e3o Normativa TCU n\u00ba 63\/2010, a Decis\u00e3o Normativa TCU n\u00ba 108\/2010, a Decis\u00e3o Normativa 117\/2011 e a Portaria-TCU n\u00ba 123\/2011.<br>Sofre auditoria do Conselho dos Curadores \u2013 CONCUR, da Controladoria Geral da Uni\u00e3o \u2013 CGU e do Minist\u00e9rio da Educa\u00e7\u00e3o, que emitem seus respectivos pareceres, certificados de auditoria e\/ou pronunciamentos.<\/p>\n\n\n\n<p><a href=\"https:\/\/proplad.ufpr.br\/relatorio-de-gestao\/\" target=\"_blank\" rel=\"noreferrer noopener\">Relat\u00f3rio e Indicadores de Gest\u00e3o<\/a><\/p>\n\n\n\n<p>O Plano de Dados Abertos \u2013 PDA tem como objetivo orientar as a\u00e7\u00f5es de implementa\u00e7\u00e3o e de promo\u00e7\u00e3o da iniciativa de abertura de dados da Universidade Federal do Paran\u00e1 em atendimento \u00e0s exig\u00eancias estabelecidas no Decreto n\u00ba 8.777 de 11 de maio de 2016.<\/p>\n\n\n\n<p>Suas a\u00e7\u00f5es est\u00e3o em conson\u00e2ncia com o disposto na Lei de Acesso \u00e0 Informa\u00e7\u00e3o \u2013 LAI, com o art. 48 da Lei Complementar n\u00ba 101, de 4 de maio de 2000, com a Instru\u00e7\u00e3o Normativa SLTI n\u00ba 4, de 12 de abril de 2012 (que institui a Infraestrutura Nacional de Dados Abertos), com o Decreto Presidencial n\u00ba 6.666, de 27 de novembro de 2008 (que institui a Infraestrutura Nacional de Dados Espaciais), com a Resolu\u00e7\u00e3o CGINDA n\u00ba 3, de 13 de outubro de 2017 (que aprova as normas sobre elabora\u00e7\u00e3o e publica\u00e7\u00e3o de Planos de Dados Abertos), assim como com os compromissos assumidos pelo Governo no \u00e2mbito da Parceria para Governo Aberto (Open Government Partnership\u2013OGP).<\/p>\n\n\n\n<p><a href=\"https:\/\/sic.ufpr.br\/wp-content\/uploads\/2025\/02\/PDA-2025-2027_fev17-25.pdf\" target=\"_blank\" rel=\"noreferrer noopener\">Plano de Dados Abertos (PDA)<\/a><\/p>\n\n\n\n<p>O Plano Diretor de Tecnologia da Informa\u00e7\u00e3o e Comunica\u00e7\u00e3o \u2013 PDTIC \u2013 da UFPR, aprovado na&nbsp;<strong><a href=\"http:\/\/www.soc.ufpr.br\/portal\/wp-content\/uploads\/2019\/11\/coplad-49.19.pdf\" target=\"_blank\" rel=\"noreferrer noopener\"><u>Resolu\u00e7\u00e3o n\u00ba 49\/19-COPLAD<\/u><\/a><\/strong>,&nbsp; apresenta o planejamento de TIC para o per\u00edodo de 2018-2021, cujo contexto abrange todas as unidades administrativas e acad\u00eamicas\/educacionais da UFPR e suas expans\u00f5es para o per\u00edodo, em todos os&nbsp;<em>campi&nbsp;<\/em>.<\/p>\n\n\n\n<p>Segundo o Sistema de Administra\u00e7\u00e3o dos Recursos de Tecnologia da Informa\u00e7\u00e3o \u2013 SISP \u2013 do Minist\u00e9rio da Economia,&nbsp; O PDTIC&nbsp; \u201c\u00e9 o instrumento que permite nortear e acompanhar a atua\u00e7\u00e3o da \u00e1rea de TIC, definindo estrat\u00e9gias e o plano de a\u00e7\u00e3o para implement\u00e1-las.\u201d&nbsp;Nesse sentido, est\u00e1 estrategicamente alinhado com a&nbsp;<strong><a href=\"https:\/\/www.governodigital.gov.br\/EGD\/documentos\/revisao-da-estrategia-de-governanca-digital-2016-2019.pdf\" target=\"_blank\" rel=\"noreferrer noopener\"><u>EGD 2016-2019<\/u><\/a><\/strong>, com o&nbsp;<strong><a href=\"http:\/\/www.proplan.ufpr.br\/portal\/wp-content\/uploads\/2020\/03\/PDI-UFPR-2017-2021-1.-Revis%C3%A3o-2019-compactado.pdf\" target=\"_blank\" rel=\"noreferrer noopener\"><u>PDI 2017-2021<\/u><\/a><\/strong>da UFPR&nbsp;e com a&nbsp;<strong><a href=\"https:\/\/www.gov.br\/governodigital\/pt-br\/contratacoes\/instrucao-normativa-sgd-me-no-1-de-4-de-abril-de-2019\" target=\"_blank\" rel=\"noreferrer noopener\"><u>IN N\u00ba 1\/2019<\/u><\/a><\/strong>&nbsp;&nbsp;\u2013 tornando-se&nbsp;<strong>o documento que norteia e d\u00e1 conson\u00e2ncia \u00e0s demandas de contrata\u00e7\u00e3o de solu\u00e7\u00f5es de TIC<\/strong>.<\/p>\n\n\n\n<p><a href=\"https:\/\/ufpr.br\/agtic\/pdtic\/\" target=\"_blank\" rel=\"noreferrer noopener\">Plano Diretor de Tecnologia da Informa\u00e7\u00e3o e Comunica\u00e7\u00e3o \u2013 PDTIC<\/a><\/p>\n\n\n\n<p>O Programa de Integridade na UFPR foi idealizado a partir do Decreto 9.203, de 22 de novembro de 2017, e tem por objetivo promover a ado\u00e7\u00e3o de medidas e a\u00e7\u00f5es institucionais destinadas \u00e0 preven\u00e7\u00e3o, \u00e0 detec\u00e7\u00e3o, \u00e0 puni\u00e7\u00e3o e \u00e0 remedia\u00e7\u00e3o de fraudes (reprodu\u00e7\u00e3o do Decreto).<\/p>\n\n\n\n<p><a href=\"http:\/\/cgr.ufpr.br\/plano-de-integridade\/\" target=\"_blank\" rel=\"noreferrer noopener\">Plano de Integridade<\/a><\/p>\n\n\n\n<p>A Pol\u00edtica de Governan\u00e7a, Integridade, Riscos e Controles Internos da Gest\u00e3o \u2013 PGIRC tem por finalidade estabelecer os princ\u00edpios, diretrizes e responsabilidades m\u00ednimas a serem observados e seguidos.<\/p>\n\n\n\n<p><a href=\"http:\/\/cgr.ufpr.br\/politica-de-governanca-integridade-riscos-e-controles-internos-da-gestao-da-universidade-federal-do-parana\/\" target=\"_blank\" rel=\"noreferrer noopener\">Pol\u00edtica de Governan\u00e7a, Integridade, Riscos e Controles Internos da Gest\u00e3o \u2013 PGIRC<\/a><\/p>\n\n\n\n<p>A Coordenadoria de Governan\u00e7a e Riscos (CGR) est\u00e1 coordenando a implanta\u00e7\u00e3o do \u201cPrograma de Integridade\u201d na UFPR, que engloba um conjunto estruturado de medidas institucionais voltadas para a preven\u00e7\u00e3o, detec\u00e7\u00e3o, puni\u00e7\u00e3o e remedia\u00e7\u00e3o de fraudes e atos de corrup\u00e7\u00e3o, em apoio \u00e0 boa governan\u00e7a.<\/p>\n\n\n\n<p><a href=\"http:\/\/cgr.ufpr.br\/integridade\/\" target=\"_blank\" rel=\"noreferrer noopener\">Programa de Integridade<\/a><\/p>\n\n\n\n<p>A UFPR vem apresentar o seu Plano de Gest\u00e3o de Log\u00edstica Sustent\u00e1vel \u2013 PLS, conforme a Instru\u00e7\u00e3o Normativa n\u00ba 10, de 12 de novembro de 2012, visando fomentar a\u00e7\u00f5es de Sustentabilidade junto a Comunidade Acad\u00eamica.<\/p>\n\n\n\n<p><a href=\"https:\/\/cgr.ufpr.br\/portal\/wp-content\/uploads\/2023\/10\/PLS_UFPR___Revisao_2020___v.1___Final.pdf\" target=\"_blank\" rel=\"noreferrer noopener\">Plano Diretor de Log\u00edstica Sustent\u00e1vel \u2013 PLS<\/a><\/p>\n\n\n\n<p><a href=\"https:\/\/internacional.ufpr.br\/estrategia-de-internacionalizacao-2019-2023\/\" target=\"_blank\" rel=\"noreferrer noopener\">Estrat\u00e9gia de Internacionaliza\u00e7\u00e3o<\/a><\/p>\n\n\n\n<p>Aspectos cont\u00e1beis e financeiros dos programas e a\u00e7\u00f5es<\/p>\n\n\n\n<p>Todos os gastos com a\u00e7\u00f5es e programas da UFPR est\u00e3o dispon\u00edveis no Portal da Transpar\u00eancia do Poder Executivo Federal. Para acess\u00e1-lo, basta clicar aqui.<\/p>\n\n\n\n<p>Alternativamente, o usu\u00e1rio dever\u00e1 seguir os seguintes passos:<\/p>\n\n\n\n<p>1. Acessar o Portal da Transpar\u00eancia: http:\/\/transparencia.gov.br;<br>2. No menu superior, localizar Consultas Detalhadas -&gt; Despesas P\u00fablicas;<br>3. Na tela seguinte, escolher a op\u00e7\u00e3o Por programa\/a\u00e7\u00e3o or\u00e7ament\u00e1ria;<br>4. Utilizar a barra lateral esquerda de filtros para adicionar um filtro de \u00d3rg\u00e3o.<br>5. Inserir, na busca, o c\u00f3digo 153079 ou a sigla UFPR<br>6. Clique em Adicionar;<br>7. Clique em Consultar;<\/p>\n\n\n\n<p><a href=\"https:\/\/portaldatransparencia.gov.br\/url\/884fa9dc\" target=\"_blank\" rel=\"noreferrer noopener\">Programas e A\u00e7\u00f5es \u2013 Portal da Transpar\u00eancia<\/a><\/p>\n\n\n\n<p><a href=\"https:\/\/www.gov.br\/pt-br\/orgaos\/universidade-federal-do-parana\" target=\"_blank\" rel=\"noreferrer noopener\">Carta de Servi\u00e7os<\/a><\/p>\n\n\n\n<p><a href=\"https:\/\/proplad.ufpr.br\/relatorio-de-gestao\/\" target=\"_blank\" rel=\"noreferrer noopener\">Resultados de A\u00e7\u00f5es e Programas<\/a><\/p>\n\n\n\n<p><a href=\"https:\/\/cgr.ufpr.br\/portal\/\" target=\"_blank\" rel=\"noreferrer noopener\">Governan\u00e7a<\/a><\/p>\n\n\n\n<hr class=\"wp-block-separator has-alpha-channel-opacity\" \/>\n\n\n\n<p>Notas:<\/p>\n\n\n\n<ol class=\"wp-block-list\">\n<li>\u00a0A institui\u00e7\u00e3o n\u00e3o utiliza\/destina recursos oriundos de ren\u00fancia de receita.<\/li>\n\n\n\n<li>\u00a0A institui\u00e7\u00e3o n\u00e3o realiza programas financiados com recursos do FAT \u2013 Fundo de Amparo ao Trabalhador.<\/li>\n<\/ol>\n","protected":false},"excerpt":{"rendered":"<p>Nesta se\u00e7\u00e3o, s\u00e3o divulgadas as informa\u00e7\u00f5es pertinentes aos programas, a\u00e7\u00f5es, projetos e atividades implementadas pela Universidade Federal do Paran\u00e1. O Plano de Desenvolvimento Institucional da Universidade Federal do Paran\u00e1, trata-se de um documento de gest\u00e3o sustentado pela legisla\u00e7\u00e3o brasileira vigente, de claro per\u00edodo de validade, com robustez para orientar e reestruturar seus pilares administrativo-pedag\u00f3gicos de [&hellip;]<\/p>\n","protected":false},"author":8,"featured_media":0,"parent":0,"menu_order":0,"comment_status":"closed","ping_status":"closed","template":"","meta":{"footnotes":""},"class_list":["post-727","page","type-page","status-publish","hentry"],"_links":{"self":[{"href":"https:\/\/ufpr.br\/transparencia\/wp-json\/wp\/v2\/pages\/727","targetHints":{"allow":["GET"]}}],"collection":[{"href":"https:\/\/ufpr.br\/transparencia\/wp-json\/wp\/v2\/pages"}],"about":[{"href":"https:\/\/ufpr.br\/transparencia\/wp-json\/wp\/v2\/types\/page"}],"author":[{"embeddable":true,"href":"https:\/\/ufpr.br\/transparencia\/wp-json\/wp\/v2\/users\/8"}],"replies":[{"embeddable":true,"href":"https:\/\/ufpr.br\/transparencia\/wp-json\/wp\/v2\/comments?post=727"}],"version-history":[{"count":1,"href":"https:\/\/ufpr.br\/transparencia\/wp-json\/wp\/v2\/pages\/727\/revisions"}],"predecessor-version":[{"id":730,"href":"https:\/\/ufpr.br\/transparencia\/wp-json\/wp\/v2\/pages\/727\/revisions\/730"}],"wp:attachment":[{"href":"https:\/\/ufpr.br\/transparencia\/wp-json\/wp\/v2\/media?parent=727"}],"curies":[{"name":"wp","href":"https:\/\/api.w.org\/{rel}","templated":true}]}}