{"id":339,"date":"2025-11-17T16:20:14","date_gmt":"2025-11-17T19:20:14","guid":{"rendered":"https:\/\/ufpr.br\/transparencia\/?page_id=339"},"modified":"2026-01-26T10:28:48","modified_gmt":"2026-01-26T13:28:48","slug":"residencia-medica","status":"publish","type":"page","link":"https:\/\/ufpr.br\/transparencia\/residencia-medica\/","title":{"rendered":"Resid\u00eancia M\u00e9dica &#8211; Quantitativo de alunos residentes"},"content":{"rendered":"\n\n\n<p>Quantitativa de alunos matriculados, ingressantes, evadidos, concuintes e outras informa\u00e7\u00f5es, por curso.<\/p>\n\n\n\n<figure class=\"wp-block-table\"><table class=\"has-fixed-layout\"><tbody><tr><td class=\"has-text-align-center\" data-align=\"center\">Ano<\/td><td class=\"has-text-align-center\" data-align=\"center\">Data da \u00faltima atualiza\u00e7\u00e3o do arquivo<\/td><\/tr><tr><td class=\"has-text-align-center\" data-align=\"center\"><a href=\"https:\/\/ufpr.br\/transparencia\/wp-content\/uploads\/sites\/24\/2026\/01\/posgraduacao_residencia_2024.csv\">2024<\/a><\/td><td class=\"has-text-align-center\" data-align=\"center\">26\/01\/2026<\/td><\/tr><tr><td class=\"has-text-align-center\" data-align=\"center\"><a href=\"https:\/\/ufpr.br\/transparencia\/wp-content\/uploads\/sites\/24\/2026\/01\/posgraduacao_residencia_2023.csv\" data-type=\"link\" data-id=\"https:\/\/ufpr.br\/transparencia\/wp-content\/uploads\/sites\/24\/2026\/01\/posgraduacao_residencia_2023.csv\">2023<\/a><\/td><td class=\"has-text-align-center\" data-align=\"center\">26\/01\/2026<\/td><\/tr><tr><td class=\"has-text-align-center\" data-align=\"center\"><a href=\"https:\/\/ufpr.br\/transparencia\/wp-content\/uploads\/sites\/24\/2026\/01\/posgraduacao_residencia_2022.csv\" data-type=\"link\" data-id=\"https:\/\/ufpr.br\/transparencia\/wp-content\/uploads\/sites\/24\/2026\/01\/posgraduacao_residencia_2022.csv\">2022<\/a><\/td><td class=\"has-text-align-center\" data-align=\"center\">26\/01\/2026<\/td><\/tr><tr><td class=\"has-text-align-center\" data-align=\"center\"><a href=\"https:\/\/ufpr.br\/transparencia\/wp-content\/uploads\/sites\/24\/2026\/01\/posgraduacao_residencia_2021.csv\" data-type=\"link\" data-id=\"https:\/\/ufpr.br\/transparencia\/wp-content\/uploads\/sites\/24\/2026\/01\/posgraduacao_residencia_2021.csv\">2021<\/a><\/td><td class=\"has-text-align-center\" data-align=\"center\">26\/01\/2026<\/td><\/tr><tr><td class=\"has-text-align-center\" data-align=\"center\"><a href=\"https:\/\/ufpr.br\/transparencia\/wp-content\/uploads\/sites\/24\/2026\/01\/posgraduacao_residencia_2020.csv\" data-type=\"link\" data-id=\"https:\/\/ufpr.br\/transparencia\/wp-content\/uploads\/sites\/24\/2026\/01\/posgraduacao_residencia_2020.csv\">2020<\/a><\/td><td class=\"has-text-align-center\" data-align=\"center\">26\/01\/2026<\/td><\/tr><tr><td class=\"has-text-align-center\" data-align=\"center\"><a href=\"https:\/\/ufpr.br\/transparencia\/wp-content\/uploads\/sites\/24\/2026\/01\/posgraduacao_residencia_2019.csv\" data-type=\"link\" data-id=\"https:\/\/ufpr.br\/transparencia\/wp-content\/uploads\/sites\/24\/2026\/01\/posgraduacao_residencia_2019.csv\">2019<\/a><\/td><td class=\"has-text-align-center\" data-align=\"center\">26\/01\/2026<\/td><\/tr><tr><td class=\"has-text-align-center\" data-align=\"center\"><a href=\"https:\/\/ufpr.br\/transparencia\/wp-content\/uploads\/sites\/24\/2026\/01\/posgraduacao_residencia_2018.csv\" data-type=\"link\" data-id=\"https:\/\/ufpr.br\/transparencia\/wp-content\/uploads\/sites\/24\/2026\/01\/posgraduacao_residencia_2018.csv\">2018<\/a><\/td><td class=\"has-text-align-center\" data-align=\"center\">26\/01\/2026<\/td><\/tr><tr><td class=\"has-text-align-center\" data-align=\"center\"><a href=\"https:\/\/ufpr.br\/transparencia\/wp-content\/uploads\/sites\/24\/2026\/01\/posgraduacao_residencia_2017.csv\" data-type=\"link\" data-id=\"https:\/\/ufpr.br\/transparencia\/wp-content\/uploads\/sites\/24\/2026\/01\/posgraduacao_residencia_2017.csv\">2017<\/a><\/td><td class=\"has-text-align-center\" data-align=\"center\">26\/01\/2026<\/td><\/tr><tr><td class=\"has-text-align-center\" data-align=\"center\"><a href=\"https:\/\/ufpr.br\/transparencia\/wp-content\/uploads\/sites\/24\/2026\/01\/posgraduacao_residencia_2016.csv\" data-type=\"link\" data-id=\"https:\/\/ufpr.br\/transparencia\/wp-content\/uploads\/sites\/24\/2026\/01\/posgraduacao_residencia_2016.csv\">2016<\/a><\/td><td class=\"has-text-align-center\" data-align=\"center\">26\/01\/2026<\/td><\/tr><tr><td class=\"has-text-align-center\" data-align=\"center\"><a href=\"https:\/\/ufpr.br\/transparencia\/wp-content\/uploads\/sites\/24\/2026\/01\/posgraduacao_residencia_2015.csv\" data-type=\"link\" data-id=\"https:\/\/ufpr.br\/transparencia\/wp-content\/uploads\/sites\/24\/2026\/01\/posgraduacao_residencia_2015.csv\">2015<\/a><\/td><td class=\"has-text-align-center\" data-align=\"center\">26\/01\/2026<\/td><\/tr><tr><td class=\"has-text-align-center\" data-align=\"center\"><a href=\"https:\/\/ufpr.br\/transparencia\/wp-content\/uploads\/sites\/24\/2026\/01\/posgraduacao_residencia_2014.csv\" data-type=\"link\" data-id=\"https:\/\/ufpr.br\/transparencia\/wp-content\/uploads\/sites\/24\/2026\/01\/posgraduacao_residencia_2014.csv\">2014<\/a><\/td><td class=\"has-text-align-center\" data-align=\"center\">26\/01\/2026<\/td><\/tr><tr><td class=\"has-text-align-center\" data-align=\"center\"><a href=\"https:\/\/ufpr.br\/transparencia\/wp-content\/uploads\/sites\/24\/2026\/01\/posgraduacao_residencia_2013.csv\" data-type=\"link\" data-id=\"https:\/\/ufpr.br\/transparencia\/wp-content\/uploads\/sites\/24\/2026\/01\/posgraduacao_residencia_2013.csv\">2013<\/a><\/td><td class=\"has-text-align-center\" data-align=\"center\">26\/01\/2026<\/td><\/tr><\/tbody><\/table><\/figure>\n\n\n\n<p><a href=\"https:\/\/ufpr.br\/transparencia\/wp-content\/uploads\/sites\/24\/2026\/01\/dic_dados_residencia.pdf\" data-type=\"link\" data-id=\"https:\/\/ufpr.br\/transparencia\/wp-content\/uploads\/sites\/24\/2026\/01\/dic_dados_residencia.pdf\">Dicion\u00e1rio de Dados<\/a><\/p>\n\n\n\n<p>Licen\u00e7a: Creative Commons Attribution<br>Formatos:\u00a0CSV;\u00a0PDF;<br>Atualiza\u00e7\u00e3o: Anual<br>Cataloga\u00e7\u00e3o: 03\/10\/2019<br>\u00daltima altera\u00e7\u00e3o nos metadados: 21\/06\/2024<br>\u00daltima altera\u00e7\u00e3o em um arquivo: 02\/09\/2022<br>\u00c1rea t\u00e9cnica respons\u00e1vel: PROPLAD\/CECD<br>E-mail da \u00e1rea t\u00e9cnica: cecd.proplad@ufpr.br<br>Objetivos de Desenvolvimento Sustent\u00e1vel (ODS): N\u00e3o<\/p>\n","protected":false},"excerpt":{"rendered":"<p>Quantitativa de alunos matriculados, ingressantes, evadidos, concuintes e outras informa\u00e7\u00f5es, por curso. Ano Data da \u00faltima atualiza\u00e7\u00e3o do arquivo 2024 26\/01\/2026 2023 26\/01\/2026 2022 26\/01\/2026 2021 26\/01\/2026 2020 26\/01\/2026 2019 26\/01\/2026 2018 26\/01\/2026 2017 26\/01\/2026 2016 26\/01\/2026 2015 26\/01\/2026 2014 26\/01\/2026 2013 26\/01\/2026 Dicion\u00e1rio de Dados Licen\u00e7a: Creative Commons AttributionFormatos:\u00a0CSV;\u00a0PDF;Atualiza\u00e7\u00e3o: AnualCataloga\u00e7\u00e3o: 03\/10\/2019\u00daltima altera\u00e7\u00e3o nos metadados: [&hellip;]<\/p>\n","protected":false},"author":8,"featured_media":0,"parent":0,"menu_order":0,"comment_status":"closed","ping_status":"closed","template":"","meta":{"footnotes":""},"class_list":["post-339","page","type-page","status-publish","hentry"],"_links":{"self":[{"href":"https:\/\/ufpr.br\/transparencia\/wp-json\/wp\/v2\/pages\/339","targetHints":{"allow":["GET"]}}],"collection":[{"href":"https:\/\/ufpr.br\/transparencia\/wp-json\/wp\/v2\/pages"}],"about":[{"href":"https:\/\/ufpr.br\/transparencia\/wp-json\/wp\/v2\/types\/page"}],"author":[{"embeddable":true,"href":"https:\/\/ufpr.br\/transparencia\/wp-json\/wp\/v2\/users\/8"}],"replies":[{"embeddable":true,"href":"https:\/\/ufpr.br\/transparencia\/wp-json\/wp\/v2\/comments?post=339"}],"version-history":[{"count":8,"href":"https:\/\/ufpr.br\/transparencia\/wp-json\/wp\/v2\/pages\/339\/revisions"}],"predecessor-version":[{"id":566,"href":"https:\/\/ufpr.br\/transparencia\/wp-json\/wp\/v2\/pages\/339\/revisions\/566"}],"wp:attachment":[{"href":"https:\/\/ufpr.br\/transparencia\/wp-json\/wp\/v2\/media?parent=339"}],"curies":[{"name":"wp","href":"https:\/\/api.w.org\/{rel}","templated":true}]}}