{"id":239,"date":"2025-11-05T13:58:59","date_gmt":"2025-11-05T16:58:59","guid":{"rendered":"https:\/\/ufpr.br\/transparencia\/?page_id=239"},"modified":"2026-04-02T14:44:35","modified_gmt":"2026-04-02T17:44:35","slug":"contato","status":"publish","type":"page","link":"https:\/\/ufpr.br\/transparencia\/contato\/","title":{"rendered":"Contato"},"content":{"rendered":"\n<h2 class=\"wp-block-heading\">Ouvidoria<\/h2>\n\n\n\n<p><strong>Localiza\u00e7\u00e3o<\/strong><\/p>\n\n\n\n<ul class=\"wp-block-list\">\n<li>Rua XV de Novembro, 1299 \u2013 Edif\u00edcio Dom Pedro II (entrada pelo acesso lateral) \u2013 T\u00e9rreo \u2013 Centro<br>Curitiba \u2013 PR \u2013 CEP 80060-000<\/li>\n<\/ul>\n\n\n\n<p><strong>Hor\u00e1rio de atendimento ao p\u00fablico<\/strong><\/p>\n\n\n\n<ul class=\"wp-block-list\">\n<li>Segunda a sexta-feira, de 8h30 \u00e0s 11h e das 12h \u00e0s 17h.<\/li>\n<\/ul>\n\n\n\n<p><strong>Nome dos servidores respons\u00e1veis pelo SIC<\/strong>:<\/p>\n\n\n\n<ul class=\"wp-block-list\">\n<li>Carolina Bagattolli<\/li>\n\n\n\n<li>Norton Nohama<\/li>\n\n\n\n<li>Vanessa Hoshina<\/li>\n\n\n\n<li>Viviane Oliveira<\/li>\n\n\n\n<li>William Moreira<\/li>\n<\/ul>\n\n\n\n<p><strong>ATEN\u00c7\u00c3O!<\/strong><\/p>\n\n\n\n<p>Este setor n\u00e3o se confunde com o Servi\u00e7o de Telefonia e Servi\u00e7o de Atendimento ao Cliente\/Consumidor (SAC)!<\/p>\n\n\n\n<p>D\u00favidas relativas ao ensino, pesquisa, entre outros, favor contatar diretamente a unidade, setor respons\u00e1vel!<\/p>\n\n\n\n<ul class=\"wp-block-list\">\n<li>Telefone: (41) 3360-5099<\/li>\n\n\n\n<li>E-mail:\u00a0<a href=\"mailto:sic@ufpr.br\">sic@ufpr.br<\/a>\u00a0(apenas mensagem por e-mail)<\/li>\n<\/ul>\n\n\n\n<h2 class=\"wp-block-heading\">Sobre o Portal da Transpar\u00eancia<\/h2>\n\n\n\n<p>O Portal da Transpar\u00eancia \u00e9 mantido pela PROPLAD\/CECD. D\u00favidas e informa\u00e7\u00f5es especificamente sobre esse portal, entrar em contato atrav\u00e9s do e-mail cecd.proplad@ufpr.br.<\/p>\n","protected":false},"excerpt":{"rendered":"<p>Ouvidoria Localiza\u00e7\u00e3o Hor\u00e1rio de atendimento ao p\u00fablico Nome dos servidores respons\u00e1veis pelo SIC: ATEN\u00c7\u00c3O! Este setor n\u00e3o se confunde com o Servi\u00e7o de Telefonia e Servi\u00e7o de Atendimento ao Cliente\/Consumidor (SAC)! D\u00favidas relativas ao ensino, pesquisa, entre outros, favor contatar diretamente a unidade, setor respons\u00e1vel! Sobre o Portal da Transpar\u00eancia O Portal da Transpar\u00eancia \u00e9 [&hellip;]<\/p>\n","protected":false},"author":8,"featured_media":0,"parent":0,"menu_order":0,"comment_status":"closed","ping_status":"closed","template":"","meta":{"footnotes":""},"class_list":["post-239","page","type-page","status-publish","hentry"],"_links":{"self":[{"href":"https:\/\/ufpr.br\/transparencia\/wp-json\/wp\/v2\/pages\/239","targetHints":{"allow":["GET"]}}],"collection":[{"href":"https:\/\/ufpr.br\/transparencia\/wp-json\/wp\/v2\/pages"}],"about":[{"href":"https:\/\/ufpr.br\/transparencia\/wp-json\/wp\/v2\/types\/page"}],"author":[{"embeddable":true,"href":"https:\/\/ufpr.br\/transparencia\/wp-json\/wp\/v2\/users\/8"}],"replies":[{"embeddable":true,"href":"https:\/\/ufpr.br\/transparencia\/wp-json\/wp\/v2\/comments?post=239"}],"version-history":[{"count":3,"href":"https:\/\/ufpr.br\/transparencia\/wp-json\/wp\/v2\/pages\/239\/revisions"}],"predecessor-version":[{"id":818,"href":"https:\/\/ufpr.br\/transparencia\/wp-json\/wp\/v2\/pages\/239\/revisions\/818"}],"wp:attachment":[{"href":"https:\/\/ufpr.br\/transparencia\/wp-json\/wp\/v2\/media?parent=239"}],"curies":[{"name":"wp","href":"https:\/\/api.w.org\/{rel}","templated":true}]}}