{"id":8170,"date":"2025-06-18T14:34:09","date_gmt":"2025-06-18T17:34:09","guid":{"rendered":"https:\/\/ufpr.br\/?page=8170"},"modified":"2026-03-04T17:32:45","modified_gmt":"2026-03-04T20:32:45","slug":"orientacoes","status":"publish","type":"page","link":"https:\/\/ufpr.br\/seadip\/orientacoes\/","title":{"rendered":"ORIENTA\u00c7\u00d5ES"},"content":{"rendered":"\n<ul class=\"wp-block-list\">\n<li><a href=\"http:\/\/ufpr.br\/seadip\/wp-content\/uploads\/2026\/02\/2-orientacoes-para-Ficha-2-CH-EaD-graduacao.pdf\" target=\"_blank\" rel=\"noreferrer noopener\">ORIENTA\u00c7\u00d5ES PARA INCORPORA\u00c7\u00c3O DE CARGA HOR\u00c1RIA EAD EM DISCIPLINAS DE CURSOS DE GRADUA\u00c7\u00c3O<\/a><\/li>\n<\/ul>\n","protected":false},"excerpt":{"rendered":"","protected":false},"author":10,"featured_media":0,"parent":0,"menu_order":0,"comment_status":"closed","ping_status":"closed","template":"","meta":{"footnotes":""},"class_list":["post-8170","page","type-page","status-publish","hentry"],"_links":{"self":[{"href":"https:\/\/ufpr.br\/seadip\/wp-json\/wp\/v2\/pages\/8170","targetHints":{"allow":["GET"]}}],"collection":[{"href":"https:\/\/ufpr.br\/seadip\/wp-json\/wp\/v2\/pages"}],"about":[{"href":"https:\/\/ufpr.br\/seadip\/wp-json\/wp\/v2\/types\/page"}],"author":[{"embeddable":true,"href":"https:\/\/ufpr.br\/seadip\/wp-json\/wp\/v2\/users\/10"}],"replies":[{"embeddable":true,"href":"https:\/\/ufpr.br\/seadip\/wp-json\/wp\/v2\/comments?post=8170"}],"version-history":[{"count":11,"href":"https:\/\/ufpr.br\/seadip\/wp-json\/wp\/v2\/pages\/8170\/revisions"}],"predecessor-version":[{"id":11128,"href":"https:\/\/ufpr.br\/seadip\/wp-json\/wp\/v2\/pages\/8170\/revisions\/11128"}],"wp:attachment":[{"href":"https:\/\/ufpr.br\/seadip\/wp-json\/wp\/v2\/media?parent=8170"}],"curies":[{"name":"wp","href":"https:\/\/api.w.org\/{rel}","templated":true}]}}