{"id":8104,"date":"2025-06-17T16:58:04","date_gmt":"2025-06-17T19:58:04","guid":{"rendered":"https:\/\/ufpr.br\/?page=8104"},"modified":"2025-06-18T11:19:45","modified_gmt":"2025-06-18T14:19:45","slug":"normativas-nte","status":"publish","type":"page","link":"https:\/\/ufpr.br\/seadip\/normativas-nte\/","title":{"rendered":"NORMATIVAS NTE"},"content":{"rendered":"<p><strong style=\"color: var( --e-global-color-text ); font-family: var( --e-global-typography-text-font-family ), Sans-serif;\"><a style=\"color: #00afdc;\" href=\"https:\/\/ufpr.br\/seadip\/wp-content\/uploads\/2025\/06\/Regimento_Interno-NTE-Quimica.pdf\">\u00bb REGIMENTO INTERNO DO N\u00daCLEO DE TECNOLOGIA EDUCACIONAL \u2013 NTE \u2013 DO SETOR DE EXATAS: <\/a><\/strong>Estabelece as normas, as diretrizes e as regras conexas de funcionamento do N\u00facleo de Tecnologia Educacional do Setor de Exatas da Universidade Federal do Paran\u00e1.<\/p>\n<p><a style=\"color: #00afdc;\" href=\"https:\/\/ufpr.br\/seadip\/wp-content\/uploads\/2025\/06\/REGIMENTO-INTERNO-NTE-SEPT.pdf\"><strong>\u00bb REGIMENTO INTERNO DA SE\u00c7\u00c3O DE TECNOLOGIA EDUCACIONAL \u2013 NTE \u2013 DO SETOR DE EDUCA\u00c7\u00c3O PROFISSIONAL:<\/strong><\/a> Aprova o Regimento Interno da Se\u00e7\u00e3o de Tecnologia Educacional do Setor de Educa\u00e7\u00e3o Profissional e Tecnol\u00f3gica da Universidade Federal do Paran\u00e1.<\/p>\n<p><strong><a style=\"color: #00afdc;\" href=\"https:\/\/ufpr.br\/seadip\/wp-content\/uploads\/2025\/06\/regimento_NTE-Educacao__aprovado_cs_e_atualizado.pdf\">\u00bb REGIMENTO INTERNO DO N\u00daCLEO DE TECNOLOGIA EDUCACIONAL \u2013 NTE \u2013 DO SETOR DE EDUCA\u00c7\u00c3O:<\/a><\/strong> Estabelece as normas e\u00a0 diretrizes de funcionamento do N\u00facleo de Tecnologia Educacional do Setor de Educa\u00e7\u00e3o da Universidade Federal do Paran\u00e1.\u00a0<\/p>\n<p><strong><a style=\"color: #00afdc;\" href=\"https:\/\/ufpr.br\/seadip\/wp-content\/uploads\/2025\/06\/Regimento_NTE_Litoral.pdf\">\u00bb REGIMENTO INTERNO DO N\u00daCLEO DE TECNOLOGIA EDUCACIONAL DO SETOR LITORAL DA UNIVERSIDADE FEDERAL DO PARAN\u00c1:<\/a> <\/strong>Estabelece as normas, as diretrizes e as regras de funcionamento do N\u00facleo de Tecnologia Educacional do Setor Litoral da Universidade Federal do Paran\u00e1.<\/p>\n<p><strong><a style=\"color: #00afdc;\" href=\"https:\/\/ufpr.br\/seadip\/wp-content\/uploads\/2025\/06\/Regimento_NTE_Toledo.pdf\" target=\"_blank\" rel=\"noopener\">\u00bb REGIMENTO INTERNO DO N\u00daCLEO DE TECNOLOGIA EDUCACIONAL DO CAMPUS TOLEDO DA UNIVERSIDADE FEDERAL DO PARAN\u00c1<\/a>: <\/strong>Estabelece as normas, as diretrizes e as regras de funcionamento do N\u00facleo de Tecnologia Educacional do Campus Toledo da Universidade Federal do Paran\u00e1.<\/p>\n<p><strong><a style=\"color: #00afdc;\" href=\"https:\/\/ufpr.br\/seadip\/wp-content\/uploads\/2025\/06\/nte-cifloma.pdf\" target=\"_blank\" rel=\"noopener\">\u00bb PROJETO DE CRIA\u00c7\u00c3O DO N\u00daCLEO DE TECNOLOGIAS EDUCACIONAIS &#8211; NTE &#8211; CIFLOMA<\/a>:<\/strong> Estabelece as objetivos e diretrizes do projeto de cria\u00e7\u00e3o do N\u00facleo de Tecnologia Educacional do Centro de Ci\u00eancias Florestais e da Madeira (Cifloma) da Universidade Federal do Paran\u00e1.\u00a0<\/p>\n<p><strong><a style=\"color: #00afdc;\" href=\"https:\/\/ufpr.br\/seadip\/wp-content\/uploads\/2025\/06\/resolucao-no-29-21-coplad-NTE-Educacao.pdf\" target=\"_blank\" rel=\"noopener\">\u00bb RESOLU\u00c7\u00c3O N\u00ba 29\/21 <\/a><a style=\"color: #00afdc;\" href=\"http:\/\/www.soc.ufpr.br\/wp-content\/uploads\/2016\/07\/resolucao_cepe_29102010-497.pdf\">\u2013<\/a><a style=\"color: #00afdc;\" href=\"http:\/\/portal.mec.gov.br\/index.php?option=com_docman&amp;view=download&amp;alias=35541-res-cne-ces-001-14032016-pdf&amp;category_slug=marco-2016-pdf&amp;Itemid=30192\"> CEPE<\/a>:<\/strong> Altera a Resolu\u00e7\u00e3o n\u00ba 24\/19-COPLAD que aprovou o Regimento do Setor de Educa\u00e7\u00e3o da Universidade Federal do Paran\u00e1. (altera\u00e7\u00f5es acerca do N\u00facleo de Tecnologia Educacional do Setor de Educa\u00e7\u00e3o).<\/p>\n<p>SEaDIP &#8211; Superintend\u00eancia de Educa\u00e7\u00e3o \u00e0 Dist\u00e2ncia e Inova\u00e7\u00f5es Pedag\u00f3gicas<br \/>\n<br \/>Pra\u00e7a Santos Andrade, 50 | Centro | CEP: 80.020-300 | Curitiba\/PR<br \/>\nContato (Teams ou e-mail):\u00a0 seadip@ufpr.br<br \/>\n\t\t\t\t\t<a href=\"https:\/\/www.instagram.com\/cipead\" target=\"_blank\" rel=\"noopener\"><br \/>\n\t\t\t\t\t\tInstagram<br \/>\n\t\t\t\t\t\t\t\t\t\t\t<\/a><br \/>\n\t\t\t\t\t<a href=\"https:\/\/www.youtube.com\/channel\/UCpdgtJ711ZSg029yKwyjzhA\/featured\" target=\"_blank\" rel=\"noopener\"><br \/>\n\t\t\t\t\t\tYoutube<br \/>\n\t\t\t\t\t\t\t\t\t\t\t<\/a><br \/>\n\t\t\t\t\t<a href=\"http:\/\/ufpr.br\/seadip\/\/contato\/\"><br \/>\n\t\t\t\t\t\tEnvelope<br \/>\n\t\t\t\t\t\t\t\t\t\t\t<\/a><\/p>\n","protected":false},"excerpt":{"rendered":"<p>\u00bb REGIMENTO INTERNO DO N\u00daCLEO DE TECNOLOGIA EDUCACIONAL \u2013 NTE \u2013 DO SETOR DE EXATAS: Estabelece as normas, as diretrizes e as regras conexas de funcionamento do N\u00facleo de Tecnologia Educacional do Setor de Exatas da Universidade Federal do Paran\u00e1. \u00bb REGIMENTO INTERNO DA SE\u00c7\u00c3O DE TECNOLOGIA EDUCACIONAL \u2013 NTE \u2013 DO SETOR DE EDUCA\u00c7\u00c3O [&hellip;]<\/p>\n","protected":false},"author":10,"featured_media":0,"parent":0,"menu_order":0,"comment_status":"closed","ping_status":"closed","template":"","meta":{"footnotes":""},"class_list":["post-8104","page","type-page","status-publish","hentry"],"_links":{"self":[{"href":"https:\/\/ufpr.br\/seadip\/wp-json\/wp\/v2\/pages\/8104","targetHints":{"allow":["GET"]}}],"collection":[{"href":"https:\/\/ufpr.br\/seadip\/wp-json\/wp\/v2\/pages"}],"about":[{"href":"https:\/\/ufpr.br\/seadip\/wp-json\/wp\/v2\/types\/page"}],"author":[{"embeddable":true,"href":"https:\/\/ufpr.br\/seadip\/wp-json\/wp\/v2\/users\/10"}],"replies":[{"embeddable":true,"href":"https:\/\/ufpr.br\/seadip\/wp-json\/wp\/v2\/comments?post=8104"}],"version-history":[{"count":7,"href":"https:\/\/ufpr.br\/seadip\/wp-json\/wp\/v2\/pages\/8104\/revisions"}],"predecessor-version":[{"id":8154,"href":"https:\/\/ufpr.br\/seadip\/wp-json\/wp\/v2\/pages\/8104\/revisions\/8154"}],"wp:attachment":[{"href":"https:\/\/ufpr.br\/seadip\/wp-json\/wp\/v2\/media?parent=8104"}],"curies":[{"name":"wp","href":"https:\/\/api.w.org\/{rel}","templated":true}]}}