{"id":7989,"date":"2025-06-10T16:12:00","date_gmt":"2025-06-10T19:12:00","guid":{"rendered":"https:\/\/ufpr.br\/?page=7989"},"modified":"2025-06-10T16:12:00","modified_gmt":"2025-06-10T19:12:00","slug":"formulario-de-inscricao-coordenador-adjunto","status":"publish","type":"page","link":"https:\/\/ufpr.br\/seadip\/formulario-de-inscricao-coordenador-adjunto\/","title":{"rendered":"Formul\u00e1rio de Inscri\u00e7\u00e3o &#8211; Coordenador Adjunto"},"content":{"rendered":"\n<div class=\"wpcf7 no-js\" id=\"wpcf7-f7988-o1\" lang=\"pt-BR\" dir=\"ltr\" data-wpcf7-id=\"7988\">\n<div class=\"screen-reader-response\"><p role=\"status\" aria-live=\"polite\" aria-atomic=\"true\"><\/p> <ul><\/ul><\/div>\n<form action=\"\/seadip\/wp-json\/wp\/v2\/pages\/7989#wpcf7-f7988-o1\" method=\"post\" class=\"wpcf7-form init\" aria-label=\"Formul\u00e1rios de contato\" enctype=\"multipart\/form-data\" novalidate=\"novalidate\" data-status=\"init\">\n<fieldset class=\"hidden-fields-container\"><input type=\"hidden\" name=\"_wpcf7\" value=\"7988\" \/><input type=\"hidden\" name=\"_wpcf7_version\" value=\"6.1.1\" \/><input type=\"hidden\" name=\"_wpcf7_locale\" value=\"pt_BR\" \/><input type=\"hidden\" name=\"_wpcf7_unit_tag\" value=\"wpcf7-f7988-o1\" \/><input type=\"hidden\" name=\"_wpcf7_container_post\" value=\"0\" \/><input type=\"hidden\" name=\"_wpcf7_posted_data_hash\" value=\"\" \/>\n<\/fieldset>\n<fieldset>\n\t<font size=\"4\">\n\t\t<p><strong>Dados pessoais:<\/strong>\n\t\t<\/p>\n\t<\/font>\n\t<p><strong>Nome Completo:&nbsp;&nbsp;<\/strong><span class=\"wpcf7-form-control-wrap\" data-name=\"Nome_Candidato\"><input size=\"40\" maxlength=\"400\" class=\"wpcf7-form-control wpcf7-text wpcf7-validates-as-required\" aria-required=\"true\" aria-invalid=\"false\" value=\"\" type=\"text\" name=\"Nome_Candidato\" \/><\/span>\n\t<\/p>\n\t<p><strong>Data de Nascimento:&nbsp;&nbsp;<\/strong><span class=\"wpcf7-form-control-wrap\" data-name=\"data_nascimento\"><input class=\"wpcf7-form-control wpcf7-date wpcf7-validates-as-required wpcf7-validates-as-date\" aria-required=\"true\" aria-invalid=\"false\" value=\"\" type=\"date\" name=\"data_nascimento\" \/><\/span>\n\t<\/p>\n\t<p><strong>Nacionalidade:&nbsp;&nbsp;<\/strong><span class=\"wpcf7-form-control-wrap\" data-name=\"nacionalidade\"><input size=\"40\" maxlength=\"400\" class=\"wpcf7-form-control wpcf7-text wpcf7-validates-as-required\" aria-required=\"true\" aria-invalid=\"false\" value=\"\" type=\"text\" name=\"nacionalidade\" \/><\/span>\n\t<\/p>\n\t<p><strong>CPF:&nbsp;&nbsp;<\/strong><span class=\"wpcf7-form-control-wrap\" data-name=\"cpf\"><input class=\"wpcf7-form-control wpcf7-number wpcf7-validates-as-required wpcf7-validates-as-number\" aria-required=\"true\" aria-invalid=\"false\" value=\"\" type=\"number\" name=\"cpf\" \/><\/span>\n\t<\/p>\n\t<p><strong>RG:&nbsp;&nbsp;<\/strong><span class=\"wpcf7-form-control-wrap\" data-name=\"rg\"><input class=\"wpcf7-form-control wpcf7-number wpcf7-validates-as-required wpcf7-validates-as-number\" aria-required=\"true\" aria-invalid=\"false\" value=\"\" type=\"number\" name=\"rg\" \/><\/span>\n\t<\/p>\n\t<p><strong>Email para contato:&nbsp;&nbsp;<\/strong><span class=\"wpcf7-form-control-wrap\" data-name=\"email\"><input size=\"40\" maxlength=\"400\" class=\"wpcf7-form-control wpcf7-email wpcf7-validates-as-required wpcf7-text wpcf7-validates-as-email\" aria-required=\"true\" aria-invalid=\"false\" value=\"\" type=\"email\" name=\"email\" \/><\/span>\n\t<\/p>\n\t<p><strong>Telefone para contato:&nbsp;&nbsp;<\/strong><span class=\"wpcf7-form-control-wrap\" data-name=\"tel\"><input size=\"40\" maxlength=\"400\" class=\"wpcf7-form-control wpcf7-tel wpcf7-validates-as-required wpcf7-text wpcf7-validates-as-tel\" aria-required=\"true\" aria-invalid=\"false\" value=\"\" type=\"tel\" name=\"tel\" \/><\/span><br \/>\n<br \/>\n\t\t<font size=\"4\"><strong>Documentos comprobat\u00f3rios:<\/strong>\n\t\t<\/font><br \/>\n\t\t<font size=\"3\"><strong>TODOS os documentos solicitados dever\u00e3o ser anexados ao formul\u00e1rio de inscri\u00e7\u00e3o, em um \u00daNICO arquivo, em formato PDF, respeitando a ordem estabelecida abaixo.<\/strong>\n\t\t<\/font>\n\t<\/p>\n\t<p><strong><br \/>\n1. Diploma de gradua\u00e7\u00e3o reconhecido pelo MEC, na forma da legisla\u00e7\u00e3o em vigor; (obrigat\u00f3rio).<br \/>\n2. Comprova\u00e7\u00e3o de experi\u00eancia de pelo menos 3 (tr\u00eas) anos no magist\u00e9rio superior (obrigat\u00f3rio);<br \/>\n3. Declara\u00e7\u00e3o Funcional atualizada emitida por IES p\u00fablica (obrigat\u00f3rio para servidores ativos);<br \/>\n4. Diploma ou Declara\u00e7\u00e3o de conclus\u00e3o de Curso de Mestrado, ministrado por Institui\u00e7\u00e3o de Ensino Superior, reconhecido e registrado pelo Minist\u00e9rio da Educa\u00e7\u00e3o ou, quando estrangeiro, devidamente revalidado (obrigat\u00f3rio);<br \/>\n5. Diploma ou Declara\u00e7\u00e3o de conclus\u00e3o de Curso de Doutorado, ministrado por Institui\u00e7\u00e3o de Ensino Superior, reconhecido e registrado pelo Minist\u00e9rio da Educa\u00e7\u00e3o ou, quando estrangeiro, devidamente revalidado, se houver;<br \/>\n6. Comprova\u00e7\u00e3o de experi\u00eancia profissional como professor em EaD;<br \/>\n7. Comprova\u00e7\u00e3o de experi\u00eancia como gestor\/a em EaD;<br \/>\n8. Comprova\u00e7\u00e3o de experi\u00eancia como tutor na EaD no Ensino Superior, se houver.<br \/>\n<\/strong>\n\t<\/p>\n\t<p><strong>Enviar arquivo: <\/strong><span class=\"wpcf7-form-control-wrap\" data-name=\"arquivo_unico\"><input size=\"40\" class=\"wpcf7-form-control wpcf7-file wpcf7-validates-as-required\" accept=\".pdf\" aria-required=\"true\" aria-invalid=\"false\" type=\"file\" name=\"arquivo_unico\" \/><\/span>\n\t<\/p>\n\t<p>&nbsp;\n\t<\/p>\n<\/fieldset>\n<p><input class=\"wpcf7-form-control wpcf7-submit has-spinner\" type=\"submit\" value=\"Enviar\" \/>\n<\/p><div class=\"wpcf7-response-output\" aria-hidden=\"true\"><\/div>\n<\/form>\n<\/div>\n\n","protected":false},"excerpt":{"rendered":"","protected":false},"author":10,"featured_media":0,"parent":0,"menu_order":0,"comment_status":"closed","ping_status":"closed","template":"","meta":{"footnotes":""},"class_list":["post-7989","page","type-page","status-publish","hentry"],"_links":{"self":[{"href":"https:\/\/ufpr.br\/seadip\/wp-json\/wp\/v2\/pages\/7989","targetHints":{"allow":["GET"]}}],"collection":[{"href":"https:\/\/ufpr.br\/seadip\/wp-json\/wp\/v2\/pages"}],"about":[{"href":"https:\/\/ufpr.br\/seadip\/wp-json\/wp\/v2\/types\/page"}],"author":[{"embeddable":true,"href":"https:\/\/ufpr.br\/seadip\/wp-json\/wp\/v2\/users\/10"}],"replies":[{"embeddable":true,"href":"https:\/\/ufpr.br\/seadip\/wp-json\/wp\/v2\/comments?post=7989"}],"version-history":[{"count":1,"href":"https:\/\/ufpr.br\/seadip\/wp-json\/wp\/v2\/pages\/7989\/revisions"}],"predecessor-version":[{"id":7992,"href":"https:\/\/ufpr.br\/seadip\/wp-json\/wp\/v2\/pages\/7989\/revisions\/7992"}],"wp:attachment":[{"href":"https:\/\/ufpr.br\/seadip\/wp-json\/wp\/v2\/media?parent=7989"}],"curies":[{"name":"wp","href":"https:\/\/api.w.org\/{rel}","templated":true}]}}