{"id":7932,"date":"2025-05-21T15:15:16","date_gmt":"2025-05-21T18:15:16","guid":{"rendered":"https:\/\/ufpr.br\/?page=7932"},"modified":"2025-05-21T15:28:58","modified_gmt":"2025-05-21T18:28:58","slug":"impugnacao-recurso-uab","status":"publish","type":"page","link":"https:\/\/ufpr.br\/seadip\/impugnacao-recurso-uab\/","title":{"rendered":"IMPUGNA\u00c7\u00c3O\/RECURSO UAB"},"content":{"rendered":"<p>Este formul\u00e1rio \u00e9 destinado para o envio de impugna\u00e7\u00f5es ou recursos relacionados aos processos seletivos da Universidade Aberta do Brasil (UAB), conforme prazos e orienta\u00e7\u00f5es estabelecidos nos respectivos editais.<\/p>\n<h2>Formul\u00e1rio<\/h2>\n\n<div class=\"wpcf7 no-js\" id=\"wpcf7-f7931-o1\" lang=\"pt-BR\" dir=\"ltr\" data-wpcf7-id=\"7931\">\n<div class=\"screen-reader-response\"><p role=\"status\" aria-live=\"polite\" aria-atomic=\"true\"><\/p> <ul><\/ul><\/div>\n<form action=\"\/seadip\/wp-json\/wp\/v2\/pages\/7932#wpcf7-f7931-o1\" method=\"post\" class=\"wpcf7-form init\" aria-label=\"Formul\u00e1rios de contato\" enctype=\"multipart\/form-data\" novalidate=\"novalidate\" data-status=\"init\">\n<fieldset class=\"hidden-fields-container\"><input type=\"hidden\" name=\"_wpcf7\" value=\"7931\" \/><input type=\"hidden\" name=\"_wpcf7_version\" value=\"6.1.1\" \/><input type=\"hidden\" name=\"_wpcf7_locale\" value=\"pt_BR\" \/><input type=\"hidden\" name=\"_wpcf7_unit_tag\" value=\"wpcf7-f7931-o1\" \/><input type=\"hidden\" name=\"_wpcf7_container_post\" value=\"0\" \/><input type=\"hidden\" name=\"_wpcf7_posted_data_hash\" value=\"\" \/>\n<\/fieldset>\n<fieldset>\n\t<p><strong>Nome Completo:&nbsp;&nbsp;<\/strong><span class=\"wpcf7-form-control-wrap\" data-name=\"Nome\"><input size=\"40\" maxlength=\"400\" class=\"wpcf7-form-control wpcf7-text wpcf7-validates-as-required\" aria-required=\"true\" aria-invalid=\"false\" value=\"\" type=\"text\" name=\"Nome\" \/><\/span>\n\t<\/p>\n\t<p><strong>CPF:&nbsp;&nbsp;<\/strong><span class=\"wpcf7-form-control-wrap\" data-name=\"CPF\"><input class=\"wpcf7-form-control wpcf7-number wpcf7-validates-as-required wpcf7-validates-as-number\" aria-required=\"true\" aria-invalid=\"false\" value=\"\" type=\"number\" name=\"CPF\" \/><\/span>\n\t<\/p>\n\t<p><strong>E-mail:&nbsp;&nbsp;<\/strong><span class=\"wpcf7-form-control-wrap\" data-name=\"E-mail\"><input size=\"40\" maxlength=\"400\" class=\"wpcf7-form-control wpcf7-email wpcf7-validates-as-required wpcf7-text wpcf7-validates-as-email\" aria-required=\"true\" aria-invalid=\"false\" value=\"\" type=\"email\" name=\"E-mail\" \/><\/span>\n\t<\/p>\n\t<p><strong>Telefone:<\/strong> &nbsp;&nbsp; <span class=\"wpcf7-form-control-wrap\" data-name=\"Telefone\"><input size=\"40\" maxlength=\"400\" class=\"wpcf7-form-control wpcf7-tel wpcf7-validates-as-required wpcf7-text wpcf7-validates-as-tel\" aria-required=\"true\" aria-invalid=\"false\" value=\"\" type=\"tel\" name=\"Telefone\" \/><\/span>\n\t<\/p>\n\t<p><strong>N\u00famero do Edital:<\/strong> &nbsp;&nbsp; <span class=\"wpcf7-form-control-wrap\" data-name=\"Nro_Edital\"><input class=\"wpcf7-form-control wpcf7-number wpcf7-validates-as-required wpcf7-validates-as-number\" aria-required=\"true\" aria-invalid=\"false\" value=\"\" type=\"number\" name=\"Nro_Edital\" \/><\/span>\n\t<\/p>\n\t<p><strong>Conte\u00fado da Impugna\u00e7\u00e3o\/Recurso:<\/strong> &nbsp;&nbsp; <span class=\"wpcf7-form-control-wrap\" data-name=\"Conteudo_Impu_Recur\"><textarea cols=\"40\" rows=\"10\" maxlength=\"2000\" class=\"wpcf7-form-control wpcf7-textarea wpcf7-validates-as-required\" aria-required=\"true\" aria-invalid=\"false\" name=\"Conteudo_Impu_Recur\"><\/textarea><\/span>\n\t<\/p>\n\t<p><strong>Anexo (opcional):<\/strong> &nbsp;&nbsp; <span class=\"wpcf7-form-control-wrap\" data-name=\"Anexo_Opc\"><input size=\"40\" class=\"wpcf7-form-control wpcf7-file\" accept=\"audio\/*,video\/*,image\/*\" aria-invalid=\"false\" type=\"file\" name=\"Anexo_Opc\" \/><\/span>\n\t<\/p>\n\t<p>&nbsp;\n\t<\/p>\n<\/fieldset>\n<p><input class=\"wpcf7-form-control wpcf7-submit has-spinner\" type=\"submit\" value=\"Enviar\" \/>\n<\/p><div class=\"wpcf7-response-output\" aria-hidden=\"true\"><\/div>\n<\/form>\n<\/div>\n\n","protected":false},"excerpt":{"rendered":"<p>Este formul\u00e1rio \u00e9 destinado para o envio de impugna\u00e7\u00f5es ou recursos relacionados aos processos seletivos da Universidade Aberta do Brasil (UAB), conforme prazos e orienta\u00e7\u00f5es estabelecidos nos respectivos editais. Formul\u00e1rio<\/p>\n","protected":false},"author":10,"featured_media":0,"parent":0,"menu_order":0,"comment_status":"closed","ping_status":"closed","template":"","meta":{"footnotes":""},"class_list":["post-7932","page","type-page","status-publish","hentry"],"_links":{"self":[{"href":"https:\/\/ufpr.br\/seadip\/wp-json\/wp\/v2\/pages\/7932","targetHints":{"allow":["GET"]}}],"collection":[{"href":"https:\/\/ufpr.br\/seadip\/wp-json\/wp\/v2\/pages"}],"about":[{"href":"https:\/\/ufpr.br\/seadip\/wp-json\/wp\/v2\/types\/page"}],"author":[{"embeddable":true,"href":"https:\/\/ufpr.br\/seadip\/wp-json\/wp\/v2\/users\/10"}],"replies":[{"embeddable":true,"href":"https:\/\/ufpr.br\/seadip\/wp-json\/wp\/v2\/comments?post=7932"}],"version-history":[{"count":11,"href":"https:\/\/ufpr.br\/seadip\/wp-json\/wp\/v2\/pages\/7932\/revisions"}],"predecessor-version":[{"id":8226,"href":"https:\/\/ufpr.br\/seadip\/wp-json\/wp\/v2\/pages\/7932\/revisions\/8226"}],"wp:attachment":[{"href":"https:\/\/ufpr.br\/seadip\/wp-json\/wp\/v2\/media?parent=7932"}],"curies":[{"name":"wp","href":"https:\/\/api.w.org\/{rel}","templated":true}]}}