{"id":7833,"date":"2025-05-07T16:05:52","date_gmt":"2025-05-07T19:05:52","guid":{"rendered":"https:\/\/ufpr.br\/?page=7833"},"modified":"2025-06-17T17:11:05","modified_gmt":"2025-06-17T20:11:05","slug":"aperfeicoamento","status":"publish","type":"page","link":"https:\/\/ufpr.br\/seadip\/aperfeicoamento\/","title":{"rendered":"APERFEI\u00c7OAMENTO"},"content":{"rendered":"<p>SEaDIP &#8211; Superintend\u00eancia de Educa\u00e7\u00e3o \u00e0 Dist\u00e2ncia e Inova\u00e7\u00f5es Pedag\u00f3gicas<br \/>\n<br \/>Pra\u00e7a Santos Andrade, 50 | Centro | CEP: 80.020-300 | Curitiba\/PR<br \/>\nContato (Teams ou e-mail):\u00a0 seadip@ufpr.br<br \/>\n\t\t\t\t\t<a href=\"https:\/\/www.instagram.com\/cipead\" target=\"_blank\" rel=\"noopener\"><br \/>\n\t\t\t\t\t\tInstagram<br \/>\n\t\t\t\t\t\t\t\t\t\t\t<\/a><br \/>\n\t\t\t\t\t<a href=\"https:\/\/www.youtube.com\/channel\/UCpdgtJ711ZSg029yKwyjzhA\/featured\" target=\"_blank\" rel=\"noopener\"><br \/>\n\t\t\t\t\t\tYoutube<br \/>\n\t\t\t\t\t\t\t\t\t\t\t<\/a><br \/>\n\t\t\t\t\t<a href=\"http:\/\/ufpr.br\/seadip\/\/contato\/\"><br \/>\n\t\t\t\t\t\tEnvelope<br \/>\n\t\t\t\t\t\t\t\t\t\t\t<\/a><\/p>\n","protected":false},"excerpt":{"rendered":"<p>SEaDIP &#8211; Superintend\u00eancia de Educa\u00e7\u00e3o \u00e0 Dist\u00e2ncia e Inova\u00e7\u00f5es Pedag\u00f3gicas Pra\u00e7a Santos Andrade, 50 | Centro | CEP: 80.020-300 | Curitiba\/PR Contato (Teams ou e-mail):\u00a0 seadip@ufpr.br Instagram Youtube Envelope<\/p>\n","protected":false},"author":10,"featured_media":0,"parent":0,"menu_order":0,"comment_status":"closed","ping_status":"closed","template":"","meta":{"footnotes":""},"class_list":["post-7833","page","type-page","status-publish","hentry"],"_links":{"self":[{"href":"https:\/\/ufpr.br\/seadip\/wp-json\/wp\/v2\/pages\/7833","targetHints":{"allow":["GET"]}}],"collection":[{"href":"https:\/\/ufpr.br\/seadip\/wp-json\/wp\/v2\/pages"}],"about":[{"href":"https:\/\/ufpr.br\/seadip\/wp-json\/wp\/v2\/types\/page"}],"author":[{"embeddable":true,"href":"https:\/\/ufpr.br\/seadip\/wp-json\/wp\/v2\/users\/10"}],"replies":[{"embeddable":true,"href":"https:\/\/ufpr.br\/seadip\/wp-json\/wp\/v2\/comments?post=7833"}],"version-history":[{"count":4,"href":"https:\/\/ufpr.br\/seadip\/wp-json\/wp\/v2\/pages\/7833\/revisions"}],"predecessor-version":[{"id":8125,"href":"https:\/\/ufpr.br\/seadip\/wp-json\/wp\/v2\/pages\/7833\/revisions\/8125"}],"wp:attachment":[{"href":"https:\/\/ufpr.br\/seadip\/wp-json\/wp\/v2\/media?parent=7833"}],"curies":[{"name":"wp","href":"https:\/\/api.w.org\/{rel}","templated":true}]}}