{"id":7199,"date":"2025-03-21T14:03:15","date_gmt":"2025-03-21T17:03:15","guid":{"rendered":"https:\/\/ufpr.br\/?page=7199"},"modified":"2025-10-07T16:58:35","modified_gmt":"2025-10-07T19:58:35","slug":"capacitacoes-em-educacao-a-distancia-ead-para-docentes-da-ufpr","status":"publish","type":"page","link":"https:\/\/ufpr.br\/seadip\/capacitacoes-em-educacao-a-distancia-ead-para-docentes-da-ufpr\/","title":{"rendered":"CAPACITA\u00c7\u00d5ES EM EDUCA\u00c7\u00c3O A DIST\u00c2NCIA (EaD) PARA DOCENTES"},"content":{"rendered":"\n<p>Voc\u00ea \u00e9 docente da UFPR, planeja ofertar suas disciplinas com carga hor\u00e1ria \u00e0 dist\u00e2ncia e quer realizar capacita\u00e7\u00f5es em EaD?<\/p>\n\n\n\n<p>Selecionamos e organizamos, por tem\u00e1tica, uma lista de cursos e microaprendizagens <b>gratuitos<\/b> e <b>com certifica\u00e7\u00e3o<\/b>, e que atendem ao disposto na Resolu\u00e7\u00e3o 72\/10-CEPE que regulamenta a oferta de disciplinas na modalidade a dist\u00e2ncia nos cursos de gradua\u00e7\u00e3o presenciais da UFPR.<\/p>\n\n\n\n<details class=\"wp-block-details is-layout-flow wp-block-details-is-layout-flow\" style=\"font-size:25px\"><summary><strong>Ambiente Virtual de Aprendizagem<\/strong><\/summary>\n<p><strong>Doc\u00eancia em EaD: Introdu\u00e7\u00e3o ao Moodle<br>IES:<\/strong> UFSCar<br><strong>Carga Hor\u00e1ria:<\/strong> 15 horas<br><strong>Inscri\u00e7\u00e3o:<\/strong> a qualquer tempo<br><a href=\"https:\/\/cursos.poca.ufscar.br\/enrol\/index.php?id=48\" target=\"_blank\" rel=\"noopener\"><strong><i class=\"fa-solid fa-link\"><\/i> Acessar<\/strong><\/a><\/p>\n\n\n\n<p><strong>H5P: Cria\u00e7\u00e3o de Conte\u00fados Interativos<\/strong><br><strong>IES:<\/strong> UFPR<br><strong>Carga hor\u00e1ria:<\/strong> 45 horas<br><strong>Inscri\u00e7\u00e3o:<\/strong> a qualquer tempo<br><a href=\"https:\/\/ufpraberta.ufpr.br\/enrol\/index.php?id=1695\"><strong><i class=\"fa-solid fa-link\"><\/i> Acessar<\/strong><\/a><\/p>\n\n\n\n<p><strong>Moodle para Professores<\/strong><br><strong>IES:<\/strong> IFRO<br><strong>Carga hor\u00e1ria:<\/strong> 30 horas<br><strong>Inscri\u00e7\u00e3o:<\/strong> a qualquer tempo<br><a href=\"https:\/\/mooc.ifro.edu.br\/course\/section.php?id=248%20%20\"><strong><i class=\"fa-solid fa-link\"><\/i> Acessar<\/strong><\/a><\/p>\n\n\n\n<p><strong>Desbravando o Moodle<\/strong><br><strong>IES:<\/strong> IFRO<br><strong>Carga Hor\u00e1ria:<\/strong> 30 horas<br><strong>Inscri\u00e7\u00e3o:<\/strong> a qualquer tempo<br><a href=\"https:\/\/mooc.ifro.edu.br\/course\/section.php?id=243%20%20\" target=\"_blank\" rel=\"noopener\"><strong><i class=\"fa-solid fa-link\"><\/i> Acessar<\/strong><\/a><\/p>\n\n\n\n<p><strong>Acompanhamento de Alunos na EaD com Moodle<br>IES:<\/strong> IFRS<br><strong>Carga Hor\u00e1ria:<\/strong> 30 horas<br><strong>Inscri\u00e7\u00e3o:<\/strong> <strong>at\u00e9 31\/12\/2025<\/strong><br><a href=\"https:\/\/moodle.ifrs.edu.br\/enrol\/index.php?id=9984\" target=\"_blank\" rel=\"noreferrer noopener\"><strong><i class=\"fa-solid fa-link\"><\/i> Acessar<\/strong><\/a><\/p>\n\n\n\n<p><strong>Ensinando com o Moodle<br>IES:<\/strong> UEMA<br><strong>Carga Hor\u00e1ria:<\/strong> 60 horas<br><strong>Inscri\u00e7\u00e3o:<\/strong> a qualquer tempo<br><a href=\"https:\/\/eskadauema.com\/course\/view.php?id=49\" target=\"_blank\" rel=\"noreferrer noopener\"><strong><i class=\"fa-solid fa-link\"><\/i> Acessar<\/strong><\/a><\/p>\n\n\n\n<p><strong>Moodle B\u00e1sico para Professores\u00a0<br>IES:<\/strong> IFRS<br><strong>Carga Hor\u00e1ria:<\/strong> 20 horas<br><strong>Inscri\u00e7\u00e3o:<\/strong> <strong>at\u00e9 31\/12\/2025<\/strong><br><a href=\"https:\/\/moodle.ifrs.edu.br\/enrol\/index.php?id=9767\" target=\"_blank\" rel=\"noreferrer noopener\"><strong><i class=\"fa-solid fa-link\"><\/i> Acessar<\/strong><\/a><br><\/p>\n<\/details>\n\n\n\n<details class=\"wp-block-details is-layout-flow wp-block-details-is-layout-flow\" style=\"font-size:25px\"><summary><strong>Doc\u00eancia e tutoria na EaD<\/strong><\/summary>\n<p><strong>Compet\u00eancia Docente Digital<\/strong><br><strong>IES:<\/strong> UFPR<br><strong>Carga Hor\u00e1ria:<\/strong> 08 horas<br><strong>Inscri\u00e7\u00e3o:<\/strong> a qualquer tempo<br><a href=\"https:\/\/ufpraberta.ufpr.br\/enrol\/index.php?id=61\" target=\"_blank\" rel=\"noreferrer noopener\"><strong><i class=\"fa-solid fa-link\"><\/i> Acessar<\/strong><\/a><\/p>\n\n\n\n<p><strong>Doc\u00eancia em EaD: Forma\u00e7\u00e3o Introdut\u00f3ria em Tutoria\u00a0<\/strong><br><strong>IES:<\/strong> UFSCar<br><strong>Carga hor\u00e1ria:<\/strong> 10 horas<br><strong>Inscri\u00e7\u00e3o:<\/strong> a qualquer tempo<br><a href=\"https:\/\/cursos.poca.ufscar.br\/course\/view.php?id=629\"><strong><i class=\"fa-solid fa-link\"><\/i> Acessar<\/strong><\/a><\/p>\n\n\n\n<p><strong>Media\u00e7\u00e3o em EaD<\/strong><br><strong>IES:<\/strong> UEMA<br><strong>Carga hor\u00e1ria:<\/strong> 30 horas<br><strong>Inscri\u00e7\u00e3o:<\/strong> a qualquer tempo<br><a href=\"https:\/\/eskadauema.com\/course\/view.php?id=55\"><strong><i class=\"fa-solid fa-link\"><\/i> Acessar<\/strong><\/a><\/p>\n\n\n\n<p><strong>Media\u00e7\u00e3o Pedag\u00f3gica na Educa\u00e7\u00e3o a Dist\u00e2ncia\u00a0<\/strong><br><strong>IES:<\/strong> IFRS<br><strong>Carga Hor\u00e1ria:<\/strong> 20 horas<br><strong>Inscri\u00e7\u00e3o:<\/strong> <strong>at\u00e9 31\/12\/2025<\/strong><br><a href=\"https:\/\/moodle.ifrs.edu.br\/enrol\/index.php?id=9940\" target=\"_blank\" rel=\"noreferrer noopener\"><strong><i class=\"fa-solid fa-link\"><\/i> Acessar<\/strong><\/a><\/p>\n\n\n\n<p><strong>Media\u00e7\u00e3o Pedag\u00f3gica On-line e Sistemas de Tutoria<br>IES:<\/strong> IFRO<br><strong>Carga Hor\u00e1ria:<\/strong> 40 horas<br><strong>Inscri\u00e7\u00e3o:<\/strong> a qualquer tempo<br><a href=\"https:\/\/mooc.ifro.edu.br\/course\/section.php?id=313\" target=\"_blank\" rel=\"noreferrer noopener\"><strong><i class=\"fa-solid fa-link\"><\/i> Acessar<\/strong><\/a><\/p>\n\n\n\n<p><strong>Tecnologias na Educa\u00e7\u00e3o: Doc\u00eancia e Tutoria na EaD<br>IES:<\/strong> IFMG<br><strong>Carga Hor\u00e1ria:<\/strong> 30 horas<br><strong>Inscri\u00e7\u00e3o:<\/strong> a qualquer tempo<br><a href=\"https:\/\/mais.ifmg.edu.br\/maisifmg\/course\/view.php?id=3\" target=\"_blank\" rel=\"noreferrer noopener\"><strong><i class=\"fa-solid fa-link\"><\/i> Acessar<\/strong><\/a><\/p>\n<\/details>\n\n\n\n<details class=\"wp-block-details is-layout-flow wp-block-details-is-layout-flow\" style=\"font-size:25px\"><summary><strong>Ensino e Aprendizagem na EaD<\/strong><\/summary>\n<p><strong>Acessibilidade nas Pr\u00e1ticas Docentes\u00a0<\/strong><br><strong>IES:<\/strong> UFPR<br><strong>Carga Hor\u00e1ria:<\/strong> 20 horas<br><strong>Inscri\u00e7\u00e3o:<\/strong> a qualquer tempo<br><a href=\"https:\/\/ufpraberta.ufpr.br\/enrol\/index.php?id=11\" target=\"_blank\" rel=\"noreferrer noopener\"><strong><i class=\"fa-solid fa-link\"><\/i> Acessar<\/strong><\/a><\/p>\n\n\n\n<p><strong>Ensino e Aprendizagem na EaD\u00a0<\/strong><br><strong>IES:<\/strong> IFRS<br><strong>Carga hor\u00e1ria:<\/strong> 30 horas<br><strong>Inscri\u00e7\u00e3o:<\/strong> <strong>at\u00e9 31\/12\/2025<\/strong><br><a href=\"https:\/\/moodle.ifrs.edu.br\/enrol\/index.php?id=9939\"><strong><i class=\"fa-solid fa-link\"><\/i> Acessar<\/strong><\/a><\/p>\n<\/details>\n\n\n\n<details class=\"wp-block-details is-layout-flow wp-block-details-is-layout-flow\" style=\"font-size:25px\"><summary><strong>Metodologia e planejamento na EaD<\/strong><\/summary>\n<p><strong>Abordagens Pedag\u00f3gicas Modernas na Educa\u00e7\u00e3o a Dist\u00e2ncia\u00a0<\/strong><br><strong>IES:<\/strong> IFRS<br><strong>Carga Hor\u00e1ria:<\/strong> 20 horas<br><strong>Inscri\u00e7\u00e3o:<\/strong> <strong>at\u00e9 31\/12\/2025<\/strong><br><a href=\"https:\/\/moodle.ifrs.edu.br\/enrol\/index.php?id=9834\" target=\"_blank\" rel=\"noreferrer noopener\"><strong><i class=\"fa-solid fa-link\"><\/i> Acessar<\/strong><\/a><\/p>\n\n\n\n<p><strong>Cursos Regulares Presenciais com Carga Hor\u00e1ria a Dist\u00e2ncia\u00a0<\/strong><br><strong>IES:<\/strong> IFRS<br><strong>Carga hor\u00e1ria:<\/strong> 20 horas<br><strong>Inscri\u00e7\u00e3o:<\/strong> <strong>at\u00e9 31\/12\/2025<\/strong><br><a href=\"https:\/\/moodle.ifrs.edu.br\/enrol\/index.php?id=9927\"><strong><i class=\"fa-solid fa-link\"><\/i> Acessar<\/strong><\/a><\/p>\n\n\n\n<p><strong>Doc\u00eancia em EaD: Planejamento Pedag\u00f3gico de Disciplinas<\/strong>\u00a0<br><strong>IES:<\/strong> UFSCar<br><strong>Carga hor\u00e1ria:<\/strong> 20 horas<br><strong>Inscri\u00e7\u00e3o:<\/strong> a qualquer tempo<br><a href=\"https:\/\/cursos.poca.ufscar.br\/course\/view.php?id=53&amp;section=0#tabs-tree-start\" target=\"_blank\" rel=\"noreferrer noopener\"><strong><i class=\"fa-solid fa-link\"><\/i> Acessar<\/strong><\/a><\/p>\n\n\n\n<p><strong>Educa\u00e7\u00e3o a Dist\u00e2ncia\u00a0<\/strong><br><strong>IES:<\/strong> IFRS<br><strong>Carga Hor\u00e1ria:<\/strong> 25 horas<br><strong>Inscri\u00e7\u00e3o:<\/strong> <strong>at\u00e9 31\/12\/2025<\/strong><br><a href=\"https:\/\/moodle.ifrs.edu.br\/enrol\/index.php?id=9830\" target=\"_blank\" rel=\"noreferrer noopener\"><strong><i class=\"fa-solid fa-link\"><\/i> Acessar<\/strong><\/a><\/p>\n\n\n\n<p><strong>Ensino H\u00edbrido\u00a0<br>IES:<\/strong> UFPR<br><strong>Carga Hor\u00e1ria:<\/strong> 06 horas<br><strong>Inscri\u00e7\u00e3o:<\/strong> a qualquer tempo<br><a href=\"https:\/\/ufpraberta.ufpr.br\/enrol\/index.php?id=1616\" target=\"_blank\" rel=\"noreferrer noopener\"><strong><i class=\"fa-solid fa-link\"><\/i> Acessar<\/strong><\/a><\/p>\n\n\n\n<p><strong>Metodologias Ativas de Aprendizagem\u00a0<br>IES:<\/strong> IFRO<br><strong>Carga Hor\u00e1ria:<\/strong> 30 horas<br><strong>Inscri\u00e7\u00e3o:<\/strong> a qualquer tempo<br><a href=\"https:\/\/mooc.ifro.edu.br\/course\/section.php?id=44\" target=\"_blank\" rel=\"noreferrer noopener\"><strong><i class=\"fa-solid fa-link\"><\/i> Acessar<\/strong><\/a><\/p>\n\n\n\n<p><strong>Planejamento, Avalia\u00e7\u00e3o e Fundamentos da EaD\u00a0<br>IES:<\/strong> UFRB<br><strong>Carga Hor\u00e1ria:<\/strong> 51 horas<br><strong>Inscri\u00e7\u00e3o:<\/strong> a qualquer tempo<br><a href=\"https:\/\/avaacademico.ufrb.edu.br\/enrol\/index.php?id=12\" target=\"_blank\" rel=\"noreferrer noopener\"><strong><i class=\"fa-solid fa-link\"><\/i> Acessar<\/strong><\/a><\/p>\n\n\n\n<p><strong>Sala de Aula Invertida<br>IES:<\/strong> UFPR<br><strong>Carga Hor\u00e1ria:<\/strong> 05 horas<br><strong>Inscri\u00e7\u00e3o:<\/strong> a qualquer tempo<br><a href=\"https:\/\/ufpraberta.ufpr.br\/enrol\/index.php?id=1613\" target=\"_blank\" rel=\"noreferrer noopener\"><strong><i class=\"fa-solid fa-link\"><\/i> Acessar<\/strong><\/a><br><\/p>\n<\/details>\n\n\n\n<details class=\"wp-block-details is-layout-flow wp-block-details-is-layout-flow\" style=\"font-size:25px\"><summary><strong><strong>Avalia\u00e7\u00e3o da aprendizagem na EaD<\/strong>\u00a0<\/strong><\/summary>\n<p><strong>Avalia\u00e7\u00e3o na Educa\u00e7\u00e3o a Dist\u00e2ncia<\/strong><br><strong>IES:<\/strong> IFRS<br><strong>Carga Hor\u00e1ria:<\/strong> 20 horas<br><strong>Inscri\u00e7\u00e3o:<\/strong> <strong>at\u00e9 31\/12\/2025<\/strong><br><a href=\"https:\/\/moodle.ifrs.edu.br\/enrol\/index.php?id=9774\" target=\"_blank\" rel=\"noreferrer noopener\"><strong><i class=\"fa-solid fa-link\"><\/i> Acessar<\/strong><\/a><\/p>\n\n\n\n<p><strong>Doc\u00eancia em EaD: Desafios da avalia\u00e7\u00e3o\u00a0\u00a0<\/strong><br><strong>IES:<\/strong> UFSCar<br><strong>Carga hor\u00e1ria:<\/strong> 20 horas<br><strong>Inscri\u00e7\u00e3o:<\/strong> a qualquer tempo<br><a href=\"https:\/\/cursos.poca.ufscar.br\/enrol\/index.php?id=54\" target=\"_blank\" rel=\"noreferrer noopener\"><strong><i class=\"fa-solid fa-link\"><\/i> Acessar<\/strong><\/a><\/p>\n\n\n\n<p><strong>Doc\u00eancia em EaD: Planejando o uso de instrumentos e crit\u00e9rios nas avalia\u00e7\u00f5es on-line<\/strong>\u00a0<br><strong>IES:<\/strong> UFSCar<br><strong>Carga hor\u00e1ria:<\/strong> 20 horas<br><strong>Inscri\u00e7\u00e3o:<\/strong> a qualquer tempo<br><a href=\"https:\/\/cursos.poca.ufscar.br\/enrol\/index.php?id=56\" target=\"_blank\" rel=\"noreferrer noopener\"><strong><i class=\"fa-solid fa-link\"><\/i> Acessar<\/strong><\/a><\/p>\n<\/details>\n","protected":false},"excerpt":{"rendered":"<p>Voc\u00ea \u00e9 docente da UFPR, planeja ofertar suas disciplinas com carga hor\u00e1ria \u00e0 dist\u00e2ncia e quer realizar capacita\u00e7\u00f5es em EaD? Selecionamos e organizamos, por tem\u00e1tica, uma lista de cursos e microaprendizagens gratuitos e com certifica\u00e7\u00e3o, e que atendem ao disposto na Resolu\u00e7\u00e3o 72\/10-CEPE que regulamenta a oferta de disciplinas na modalidade a dist\u00e2ncia nos cursos [&hellip;]<\/p>\n","protected":false},"author":10,"featured_media":0,"parent":0,"menu_order":0,"comment_status":"closed","ping_status":"closed","template":"","meta":{"footnotes":""},"class_list":["post-7199","page","type-page","status-publish","hentry"],"_links":{"self":[{"href":"https:\/\/ufpr.br\/seadip\/wp-json\/wp\/v2\/pages\/7199","targetHints":{"allow":["GET"]}}],"collection":[{"href":"https:\/\/ufpr.br\/seadip\/wp-json\/wp\/v2\/pages"}],"about":[{"href":"https:\/\/ufpr.br\/seadip\/wp-json\/wp\/v2\/types\/page"}],"author":[{"embeddable":true,"href":"https:\/\/ufpr.br\/seadip\/wp-json\/wp\/v2\/users\/10"}],"replies":[{"embeddable":true,"href":"https:\/\/ufpr.br\/seadip\/wp-json\/wp\/v2\/comments?post=7199"}],"version-history":[{"count":370,"href":"https:\/\/ufpr.br\/seadip\/wp-json\/wp\/v2\/pages\/7199\/revisions"}],"predecessor-version":[{"id":9590,"href":"https:\/\/ufpr.br\/seadip\/wp-json\/wp\/v2\/pages\/7199\/revisions\/9590"}],"wp:attachment":[{"href":"https:\/\/ufpr.br\/seadip\/wp-json\/wp\/v2\/media?parent=7199"}],"curies":[{"name":"wp","href":"https:\/\/api.w.org\/{rel}","templated":true}]}}