{"id":7194,"date":"2025-03-21T12:18:36","date_gmt":"2025-03-21T15:18:36","guid":{"rendered":"https:\/\/ufpr.br\/?page=7194"},"modified":"2025-03-21T19:03:53","modified_gmt":"2025-03-21T22:03:53","slug":"cursos-de-graduacao-com-carga-horaria-ead","status":"publish","type":"page","link":"https:\/\/ufpr.br\/seadip\/cursos-de-graduacao-com-carga-horaria-ead\/","title":{"rendered":"CURSOS DE GRADUA\u00c7\u00c3O COM CARGA HOR\u00c1RIA EaD"},"content":{"rendered":"","protected":false},"excerpt":{"rendered":"","protected":false},"author":10,"featured_media":0,"parent":0,"menu_order":0,"comment_status":"closed","ping_status":"closed","template":"","meta":{"footnotes":""},"class_list":["post-7194","page","type-page","status-publish","hentry"],"_links":{"self":[{"href":"https:\/\/ufpr.br\/seadip\/wp-json\/wp\/v2\/pages\/7194","targetHints":{"allow":["GET"]}}],"collection":[{"href":"https:\/\/ufpr.br\/seadip\/wp-json\/wp\/v2\/pages"}],"about":[{"href":"https:\/\/ufpr.br\/seadip\/wp-json\/wp\/v2\/types\/page"}],"author":[{"embeddable":true,"href":"https:\/\/ufpr.br\/seadip\/wp-json\/wp\/v2\/users\/10"}],"replies":[{"embeddable":true,"href":"https:\/\/ufpr.br\/seadip\/wp-json\/wp\/v2\/comments?post=7194"}],"version-history":[{"count":23,"href":"https:\/\/ufpr.br\/seadip\/wp-json\/wp\/v2\/pages\/7194\/revisions"}],"predecessor-version":[{"id":7556,"href":"https:\/\/ufpr.br\/seadip\/wp-json\/wp\/v2\/pages\/7194\/revisions\/7556"}],"wp:attachment":[{"href":"https:\/\/ufpr.br\/seadip\/wp-json\/wp\/v2\/media?parent=7194"}],"curies":[{"name":"wp","href":"https:\/\/api.w.org\/{rel}","templated":true}]}}