{"id":71,"date":"2019-09-25T11:20:18","date_gmt":"2019-09-25T14:20:18","guid":{"rendered":"https:\/\/ufpr.br\/?page=71"},"modified":"2025-09-03T11:34:28","modified_gmt":"2025-09-03T14:34:28","slug":"graduacao","status":"publish","type":"page","link":"https:\/\/ufpr.br\/seadip\/graduacao\/","title":{"rendered":"GRADUA\u00c7\u00c3O"},"content":{"rendered":"\n<p>A Universidade Federal do Paran\u00e1 (UFPR), em parceria com o Sistema Universidade Aberta do Brasil (UAB), oferece alguns cursos de gradua\u00e7\u00e3o na modalidade a dist\u00e2ncia, proporcionando uma forma\u00e7\u00e3o de qualidade e flex\u00edvel para estudantes. Explore abaixo as op\u00e7\u00f5es de gradua\u00e7\u00e3o EaD ofertadas na UFPR:<\/p>\n\n\n\n<details class=\"wp-block-details is-layout-flow wp-block-details-is-layout-flow\"><summary>Licenciatura em Pedagogia EaD<\/summary>\n<p>O Curso de Licenciatura em Pedagogia na modalidade a dist\u00e2ncia tem como objetivo formar profissionais para atuar como docentes na Educa\u00e7\u00e3o Infantil e nos anos iniciais do Ensino Fundamental, al\u00e9m de desempenhar fun\u00e7\u00f5es de Gest\u00e3o e Administra\u00e7\u00e3o Escolar em contextos escolares e n\u00e3o escolares.<\/p>\n\n\n\n<p>A carga hor\u00e1ria total do curso \u00e9 de 3.635 horas, distribu\u00eddas ao longo de quatro anos.<\/p>\n\n\n\n<p><a href=\"https:\/\/educacao.ufpr.br\/pedagogia-ead\/\">Mais informa\u00e7\u00f5es.\u00a0<\/a><\/p>\n<\/details>\n\n\n\n<details class=\"wp-block-details is-layout-flow wp-block-details-is-layout-flow\"><summary>Bacharelado em Administra\u00e7\u00e3o P\u00fablica EaD (Polo Terra Roxa)<\/summary>\n<p class=\"has-text-align-left\">O curso de Administra\u00e7\u00e3o P\u00fablica a Dist\u00e2ncia \u00e9 uma parceria entre a Universidade Federal do Paran\u00e1 (UFPR) e o Sistema Universidade Aberta do Brasil (UAB), atrav\u00e9s do Programa Nacional de Forma\u00e7\u00e3o em Administra\u00e7\u00e3o P\u00fablica (PNAP). Ele oferece uma forma\u00e7\u00e3o multidisciplinar para atuar nas diversas \u00e1reas das organiza\u00e7\u00f5es p\u00fablicas, com uma metodologia a dist\u00e2ncia e o uso da plataforma Moodle para atividades pedag\u00f3gicas. Al\u00e9m disso, h\u00e1 encontros presenciais para discuss\u00f5es, provas e atendimentos, realizados nos polos de apoio nas cidades onde o curso \u00e9 oferecido.<\/p>\n\n\n\n<p class=\"has-text-align-left\">O objetivo \u00e9 formar profissionais capacitados para administrar organiza\u00e7\u00f5es p\u00fablicas e n\u00e3o governamentais de forma \u00e9tica, democr\u00e1tica e proativa, contribuindo para o desenvolvimento social e do pa\u00eds. O curso prepara os alunos por meio de disciplinas obrigat\u00f3rias, semin\u00e1rios tem\u00e1ticos e est\u00e1gio supervisionado, formando compet\u00eancias essenciais para a gest\u00e3o p\u00fablica.<\/p>\n\n\n\n<p class=\"has-text-align-left\">A carga hor\u00e1ria total do curso \u00e9 de 3.000 horas, distribu\u00eddas entre 48 disciplinas obrigat\u00f3rias e uma disciplina optativa, escolhida entre tr\u00eas op\u00e7\u00f5es, ao longo dos 4 anos de dura\u00e7\u00e3o do curso.<\/p>\n\n\n\n<p class=\"has-text-align-left\"><a href=\"https:\/\/sociaisaplicadas.ufpr.br\/administracao\/graduacao-ead-2\/\">Mais informa\u00e7\u00f5es.&nbsp;<\/a><\/p>\n<\/details>\n\n\n\n<details class=\"wp-block-details is-layout-flow wp-block-details-is-layout-flow\"><summary>Tecn\u00f3logo em Gest\u00e3o Cultural<\/summary>\n<p>O CST em Gest\u00e3o Cultural, oferecido na modalidade EaD dentro do Programa Sistema UAB, visa formar gestores culturais capacitados para administrar e promover programas e a\u00e7\u00f5es que incentivem o desenvolvimento cultural, respeitando sua diversidade e multiplicidade.\u00a0Com uma abordagem did\u00e1tico-pedag\u00f3gica mediada por tecnologias digitais de informa\u00e7\u00e3o (TDIC), o curso utiliza o Ambiente Virtual de Aprendizagem (AVA) \u201cUFPR Virtual\u201d, permitindo o acesso remoto por meio de conex\u00e3o \u00e0 internet. O CST em Gest\u00e3o Cultural tem uma carga hor\u00e1ria total de 1.600 horas.<\/p>\n<\/details>\n\n\n\n<p><\/p>\n","protected":false},"excerpt":{"rendered":"<p>A Universidade Federal do Paran\u00e1 (UFPR), em parceria com o Sistema Universidade Aberta do Brasil (UAB), oferece alguns cursos de gradua\u00e7\u00e3o na modalidade a dist\u00e2ncia, proporcionando uma forma\u00e7\u00e3o de qualidade e flex\u00edvel para estudantes. Explore abaixo as op\u00e7\u00f5es de gradua\u00e7\u00e3o EaD ofertadas na UFPR:<\/p>\n","protected":false},"author":14,"featured_media":0,"parent":0,"menu_order":0,"comment_status":"closed","ping_status":"closed","template":"template\/full-width.php","meta":{"footnotes":""},"class_list":["post-71","page","type-page","status-publish","hentry"],"_links":{"self":[{"href":"https:\/\/ufpr.br\/seadip\/wp-json\/wp\/v2\/pages\/71","targetHints":{"allow":["GET"]}}],"collection":[{"href":"https:\/\/ufpr.br\/seadip\/wp-json\/wp\/v2\/pages"}],"about":[{"href":"https:\/\/ufpr.br\/seadip\/wp-json\/wp\/v2\/types\/page"}],"author":[{"embeddable":true,"href":"https:\/\/ufpr.br\/seadip\/wp-json\/wp\/v2\/users\/14"}],"replies":[{"embeddable":true,"href":"https:\/\/ufpr.br\/seadip\/wp-json\/wp\/v2\/comments?post=71"}],"version-history":[{"count":50,"href":"https:\/\/ufpr.br\/seadip\/wp-json\/wp\/v2\/pages\/71\/revisions"}],"predecessor-version":[{"id":8818,"href":"https:\/\/ufpr.br\/seadip\/wp-json\/wp\/v2\/pages\/71\/revisions\/8818"}],"wp:attachment":[{"href":"https:\/\/ufpr.br\/seadip\/wp-json\/wp\/v2\/media?parent=71"}],"curies":[{"name":"wp","href":"https:\/\/api.w.org\/{rel}","templated":true}]}}