{"id":7087,"date":"2025-03-11T12:37:40","date_gmt":"2025-03-11T15:37:40","guid":{"rendered":"https:\/\/ufpr.br\/?page=7087"},"modified":"2025-10-07T13:28:06","modified_gmt":"2025-10-07T16:28:06","slug":"instrumentos-de-avaliacao-do-instituto-nacional-de-estudos-e-pesquisas-educacionais-anisio-teixeira-inep","status":"publish","type":"page","link":"https:\/\/ufpr.br\/seadip\/instrumentos-de-avaliacao-do-instituto-nacional-de-estudos-e-pesquisas-educacionais-anisio-teixeira-inep\/","title":{"rendered":"INSTRUMENTOS DE AVALIA\u00c7\u00c3O DO INSTITUTO NACIONAL DE ESTUDOS E PESQUISAS EDUCACIONAIS AN\u00cdSIO TEIXEIRA (INEP)"},"content":{"rendered":"\n<p>\u00faltima atualiza\u00e7\u00e3o: 11\/03\/2025<\/p>\n\n\n\n<p><a href=\"https:\/\/cad.capes.gov.br\/ato-administrativo-detalhar?idAtoAdmElastic=16423\"><b>\u00bb INSTRUMENTOS DE AVALIA\u00c7\u00c3O DE CURSOS DE GRADUA\u00c7\u00c3O (IACG) &#8211; INEP &#8211; 2017.<\/b><\/a><\/p>\n\n\n\n<p><a href=\"https:\/\/cad.capes.gov.br\/ato-administrativo-detalhar?idAtoAdmElastic=16423\"><b>\u00bb INSTRUMENTOS DE AVALIA\u00c7\u00c3O INSTITUCIONAL EXTERNA (IAIE) &#8211; PRESENCIAL E A DIST\u00c2NCIA &#8211; RECREDENCIAMENTO &#8211; INEP 2017.<\/b><\/a><\/p>\n\n\n\n<p><a href=\"https:\/\/cad.capes.gov.br\/ato-administrativo-detalhar?idAtoAdmElastic=16445\"><strong>\u00bb INSTRUMENTO DE AVALIA\u00c7\u00c3O DE CURSOS DE GRADUA\u00c7\u00c3O PRESENCIAL E A DIST\u00c2NCIA:<\/strong><\/a> Autoriza\u00e7\u00e3o.<\/p>\n\n\n\n<p><a href=\"https:\/\/cad.capes.gov.br\/ato-administrativo-detalhar?idAtoAdmElastic=10902\"><strong>\u00bb INSTRUMENTO DE AVALIA\u00c7\u00c3O DE CURSOS DE GRADUA\u00c7\u00c3O PRESENCIAL E A DIST\u00c2NCIA:<\/strong><\/a> Reconhecimento e renova\u00e7\u00e3o de reconhecimento.<\/p>\n","protected":false},"excerpt":{"rendered":"<p>\u00faltima atualiza\u00e7\u00e3o: 11\/03\/2025 \u00bb INSTRUMENTOS DE AVALIA\u00c7\u00c3O DE CURSOS DE GRADUA\u00c7\u00c3O (IACG) &#8211; INEP &#8211; 2017. \u00bb INSTRUMENTOS DE AVALIA\u00c7\u00c3O INSTITUCIONAL EXTERNA (IAIE) &#8211; PRESENCIAL E A DIST\u00c2NCIA &#8211; RECREDENCIAMENTO &#8211; INEP 2017. \u00bb INSTRUMENTO DE AVALIA\u00c7\u00c3O DE CURSOS DE GRADUA\u00c7\u00c3O PRESENCIAL E A DIST\u00c2NCIA: Autoriza\u00e7\u00e3o. \u00bb INSTRUMENTO DE AVALIA\u00c7\u00c3O DE CURSOS DE GRADUA\u00c7\u00c3O PRESENCIAL [&hellip;]<\/p>\n","protected":false},"author":10,"featured_media":0,"parent":0,"menu_order":0,"comment_status":"closed","ping_status":"closed","template":"","meta":{"footnotes":""},"class_list":["post-7087","page","type-page","status-publish","hentry"],"_links":{"self":[{"href":"https:\/\/ufpr.br\/seadip\/wp-json\/wp\/v2\/pages\/7087","targetHints":{"allow":["GET"]}}],"collection":[{"href":"https:\/\/ufpr.br\/seadip\/wp-json\/wp\/v2\/pages"}],"about":[{"href":"https:\/\/ufpr.br\/seadip\/wp-json\/wp\/v2\/types\/page"}],"author":[{"embeddable":true,"href":"https:\/\/ufpr.br\/seadip\/wp-json\/wp\/v2\/users\/10"}],"replies":[{"embeddable":true,"href":"https:\/\/ufpr.br\/seadip\/wp-json\/wp\/v2\/comments?post=7087"}],"version-history":[{"count":14,"href":"https:\/\/ufpr.br\/seadip\/wp-json\/wp\/v2\/pages\/7087\/revisions"}],"predecessor-version":[{"id":9459,"href":"https:\/\/ufpr.br\/seadip\/wp-json\/wp\/v2\/pages\/7087\/revisions\/9459"}],"wp:attachment":[{"href":"https:\/\/ufpr.br\/seadip\/wp-json\/wp\/v2\/media?parent=7087"}],"curies":[{"name":"wp","href":"https:\/\/api.w.org\/{rel}","templated":true}]}}