{"id":7034,"date":"2025-03-07T09:56:05","date_gmt":"2025-03-07T12:56:05","guid":{"rendered":"https:\/\/ufpr.br\/?page=7034"},"modified":"2025-10-07T13:26:58","modified_gmt":"2025-10-07T16:26:58","slug":"legislacao-universidade-aberta-do-brasil-uab","status":"publish","type":"page","link":"https:\/\/ufpr.br\/seadip\/legislacao-universidade-aberta-do-brasil-uab\/","title":{"rendered":"LEGISLA\u00c7\u00c3O UNIVERSIDADE ABERTA DO BRASIL (UAB)"},"content":{"rendered":"\n<p>\u00faltima atualiza\u00e7\u00e3o: 11\/03\/2025<\/p>\n\n\n\n<p><a href=\"https:\/\/cad.capes.gov.br\/ato-administrativo-detalhar?idAtoAdmElastic=16423\" data-type=\"link\" data-id=\"https:\/\/cad.capes.gov.br\/ato-administrativo-detalhar?idAtoAdmElastic=16423\" target=\"_blank\" rel=\"noreferrer noopener\"><strong>\u00bb PORTARIA CAPES NO 309, DE 27 DE SETEMBRO DE 2024:<\/strong><\/a> Regulamenta crit\u00e9rios, estrutura organizacional e normas para sele\u00e7\u00e3o de bolsistas e o pagamento de bolsas no \u00e2mbito do Sistema Universidade Aberta do Brasil (UAB).<\/p>\n\n\n\n<p><a href=\"https:\/\/cad.capes.gov.br\/ato-administrativo-detalhar?idAtoAdmElastic=16445\" data-type=\"link\" data-id=\"https:\/\/cad.capes.gov.br\/ato-administrativo-detalhar?idAtoAdmElastic=16445\" target=\"_blank\" rel=\"noreferrer noopener\"><strong>\u00bb INSTRU\u00c7\u00c3O NORMATIVA GAB NO 1, DE 1 O DE OUTUBRO DE 2024:<\/strong><\/a> Estabelece os limites quantitativos, os par\u00e2metros de c\u00e1lculo e os procedimentos para concess\u00e3o e pagamento de bolsas no Sistema Universidade Aberta do Brasil (UAB), regulamentada pela Portaria CAPES no 309, de 27 de setembro de 2024.<\/p>\n\n\n\n<p><a href=\"https:\/\/cad.capes.gov.br\/ato-administrativo-detalhar?idAtoAdmElastic=10902\"><strong>\u00bb PORTARIA CAPES NO 33, DE 16 DE FEVEREIRO DE 2023:<\/strong><\/a>&nbsp;Disp\u00f5e sobre o reajuste dos valores das bolsas da Coordena\u00e7\u00e3o de Aperfei\u00e7oamento de Pessoal de N\u00edvel Superior \u2013 CAPES, no pa\u00eds.&nbsp;<\/p>\n","protected":false},"excerpt":{"rendered":"<p>\u00faltima atualiza\u00e7\u00e3o: 11\/03\/2025 \u00bb PORTARIA CAPES NO 309, DE 27 DE SETEMBRO DE 2024: Regulamenta crit\u00e9rios, estrutura organizacional e normas para sele\u00e7\u00e3o de bolsistas e o pagamento de bolsas no \u00e2mbito do Sistema Universidade Aberta do Brasil (UAB). \u00bb INSTRU\u00c7\u00c3O NORMATIVA GAB NO 1, DE 1 O DE OUTUBRO DE 2024: Estabelece os limites quantitativos, [&hellip;]<\/p>\n","protected":false},"author":10,"featured_media":0,"parent":0,"menu_order":0,"comment_status":"closed","ping_status":"closed","template":"","meta":{"footnotes":""},"class_list":["post-7034","page","type-page","status-publish","hentry"],"_links":{"self":[{"href":"https:\/\/ufpr.br\/seadip\/wp-json\/wp\/v2\/pages\/7034","targetHints":{"allow":["GET"]}}],"collection":[{"href":"https:\/\/ufpr.br\/seadip\/wp-json\/wp\/v2\/pages"}],"about":[{"href":"https:\/\/ufpr.br\/seadip\/wp-json\/wp\/v2\/types\/page"}],"author":[{"embeddable":true,"href":"https:\/\/ufpr.br\/seadip\/wp-json\/wp\/v2\/users\/10"}],"replies":[{"embeddable":true,"href":"https:\/\/ufpr.br\/seadip\/wp-json\/wp\/v2\/comments?post=7034"}],"version-history":[{"count":15,"href":"https:\/\/ufpr.br\/seadip\/wp-json\/wp\/v2\/pages\/7034\/revisions"}],"predecessor-version":[{"id":9457,"href":"https:\/\/ufpr.br\/seadip\/wp-json\/wp\/v2\/pages\/7034\/revisions\/9457"}],"wp:attachment":[{"href":"https:\/\/ufpr.br\/seadip\/wp-json\/wp\/v2\/media?parent=7034"}],"curies":[{"name":"wp","href":"https:\/\/api.w.org\/{rel}","templated":true}]}}