{"id":7029,"date":"2025-03-07T09:39:49","date_gmt":"2025-03-07T12:39:49","guid":{"rendered":"https:\/\/ufpr.br\/?page=7029"},"modified":"2025-10-07T13:09:28","modified_gmt":"2025-10-07T16:09:28","slug":"legislacao-nacional","status":"publish","type":"page","link":"https:\/\/ufpr.br\/seadip\/legislacao-nacional\/","title":{"rendered":"LEGISLA\u00c7\u00c3O NACIONAL"},"content":{"rendered":"\n<p>\u00faltima atualiza\u00e7\u00e3o: 20\/05\/2025<\/p>\n\n\n\n<p><a href=\"https:\/\/www.planalto.gov.br\/ccivil_03\/leis\/l9394.htm\"><b>\u00bb <\/b><b>LEI N\u00ba 9.394, DE 20 DE DEZEMBRO DE 1996<b style=\"color: #00afdc;font-size: 12pt\">:<\/b><\/b><\/a><b>&nbsp;<\/b>Estabelece as diretrizes e bases da educa\u00e7\u00e3o nacional.<\/p>\n\n\n\n<p><a href=\"http:\/\/portal.mec.gov.br\/index.php?option=com_docman&amp;view=download&amp;alias=258171-rcp004-24&amp;category_slug=junho-2024&amp;Itemid=30192\"><b style=\"color: #00afdc;font-size: 12pt\">\u00bb&nbsp;<\/b><b>RESOLU\u00c7\u00c3O CNE\/CES NO 4, DE 29 DE MAIO DE 2024<\/b><b style=\"color: #00afdc;font-size: 12pt\">:<\/b><\/a>&nbsp;Aprova as normas b\u00e1sicas da atividade acad\u00eamica dos Cursos de Gradua\u00e7\u00e3o na modalidade de Educa\u00e7\u00e3o \u00e0 Dist\u00e2ncia da Universidade Federal do Paran\u00e1.<\/p>\n\n\n\n<p><a href=\"https:\/\/abmes.org.br\/arquivos\/legislacoes\/Portaria-mec-2117-2019-12-06.pdf\"><strong>\u00bb PORTARIA NO 2.117, DE 6 DE DEZEMBRO DE 2019:<\/strong><\/a>&nbsp;Disp\u00f5e sobre a oferta de carga hor\u00e1ria na modalidade de Ensino a Dist\u00e2ncia &#8211; EaD em cursos de gradua\u00e7\u00e3o presenciais ofertados por Institui\u00e7\u00f5es de Educa\u00e7\u00e3o Superior \u2013 IES pertencentes ao Sistema Federal de Ensino.<\/p>\n\n\n\n<p><a href=\"http:\/\/portal.mec.gov.br\/docman\/abril-2018-pdf\/85591-rces001-18\/file\"><b>\u00bb <\/b><b>RESOLUC\u0327A\u0303O CNE\/CES N\u00ba 1, DE 6 DE ABRIL DE 2018<\/b><b>:<\/b><\/a><b style=\"font-size: 12pt\">&nbsp;<\/b>Regulamenta a oferta de disciplinas na modalidade a dist\u00e2ncia nos cursos de gradua\u00e7\u00e3o e educa\u00e7\u00e3o profissional e tecnol\u00f3gica presenciais da Universidade Federal do Paran\u00e1.<\/p>\n\n\n\n<p><del><strong><a href=\"https:\/\/www.planalto.gov.br\/ccivil_03\/_ato2015-2018\/2017\/decreto\/d9057.htm\" target=\"_blank\" rel=\"noopener\">\u00bb DECRETO N\u00ba 9.057, DE 25 DE MAIO DE 2017<\/a>:<\/strong> Regulamenta o art. 80 da Lei n\u00ba 9.394, de 20 de dezembro de 1996.<\/del> <strong>(Revogado)<\/strong><\/p>\n\n\n\n<p><a href=\"http:\/\/portal.mec.gov.br\/docman\/abril-2018-pdf\/85591-rces001-18\/file\" data-type=\"link\" data-id=\"http:\/\/portal.mec.gov.br\/docman\/abril-2018-pdf\/85591-rces001-18\/file\" target=\"_blank\" rel=\"noreferrer noopener\"><strong>\u00bb&nbsp;DECRETO N\u00ba&nbsp;12.456, DE 19 DE MAIO DE 2025:<\/strong><\/a> Disp\u00f5e sobre a oferta de educa\u00e7\u00e3o a dist\u00e2ncia por institui\u00e7\u00f5es de educa\u00e7\u00e3o superior em cursos de gradua\u00e7\u00e3o e altera o Decreto n\u00ba 9.235, de 15 de dezembro de 2017, que disp\u00f5e sobre o exerc\u00edcio das fun\u00e7\u00f5es de regula\u00e7\u00e3o, supervis\u00e3o e avalia\u00e7\u00e3o das institui\u00e7\u00f5es de educa\u00e7\u00e3o superior e dos cursos superiores de gradua\u00e7\u00e3o e de p\u00f3s-gradua\u00e7\u00e3o no sistema federal de ensino. <strong>(Novo)<\/strong><\/p>\n\n\n\n<p><strong><a href=\"https:\/\/www.planalto.gov.br\/ccivil_03\/_ato2015-2018\/2017\/decreto\/d9057.htm\" data-type=\"link\" data-id=\"https:\/\/www.planalto.gov.br\/ccivil_03\/_ato2015-2018\/2017\/decreto\/d9057.htm\" target=\"_blank\" rel=\"noreferrer noopener\">\u00bb&nbsp;DECRETO N\u00ba 9.235, DE 15 DE DEZEMBRO DE 2017:<\/a><\/strong> Disp\u00f5e sobre o exerc\u00edcio das fun\u00e7\u00f5es de regula\u00e7\u00e3o, supervis\u00e3o e avalia\u00e7\u00e3o das institui\u00e7\u00f5es de educa\u00e7\u00e3o superior e dos cursos superiores de gradua\u00e7\u00e3o e de p\u00f3s-gradua\u00e7\u00e3o no sistema federal de ensino. <strong>(atualizado pelo Decreto 12.456, de 2025)<\/strong><\/p>\n\n\n\n<p><strong><a href=\"https:\/\/abmes.org.br\/arquivos\/legislacoes\/Port-Normativa-020-2017-12-21.pdf\" target=\"_blank\" rel=\"noopener\">\u00bb PORTARIA NO 20, DE 21 DE DEZEMBRO DE 2017<\/a>:<\/strong> Disp\u00f5e sobre os procedimentos e o padr\u00e3o decis\u00f3rio dos processos de credenciamento, recredenciamento, autoriza\u00e7\u00e3o, reconhecimento e renova\u00e7\u00e3o de reconhecimento de cursos superiores, bem como seus aditamentos, nas modalidades presencial e a dist\u00e2ncia, das institui\u00e7\u00f5es de educa\u00e7\u00e3o superior do sistema federal de ensino.<\/p>\n\n\n\n<p><strong><a href=\"https:\/\/abmes.org.br\/arquivos\/legislacoes\/Port-Normativa-011-2017-06-20.pdf\" data-type=\"link\" data-id=\"https:\/\/abmes.org.br\/arquivos\/legislacoes\/Port-Normativa-011-2017-06-20.pdf\" target=\"_blank\" rel=\"noreferrer noopener\">\u00bb PORTARIA NORMATIVA N\u00ba 11, DE 20 DE JUNHO DE 2017:<\/a><\/strong> Estabelece normas para o credenciamento de institui\u00e7\u00f5es e a oferta de cursos superiores a dist\u00e2ncia, em conformidade com o Decreto n\u00ba 9.057, de 25 de maio de 2017.<\/p>\n\n\n\n<p><strong><a href=\"https:\/\/abmes.org.br\/arquivos\/legislacoes\/Res-CES-CNE-001-2016-03-11.pdf\">\u00bb RESOLU\u00c7\u00c3O CNE\/CES N\u00ba 1, DE 11 DE MAR\u00c7O DE 2016<\/a>:<\/strong> Estabelece Diretrizes e Normas Nacionais para a Oferta de Programas e Cursos de Educa\u00e7\u00e3o Superior na Modalidade a Dist\u00e2ncia.<\/p>\n\n\n\n<p><a href=\"http:\/\/portal.mec.gov.br\/index.php?option=com_docman&amp;view=download&amp;alias=33151-resolucao-ceb-n1-fevereiro-2016-pdf&amp;category_slug=fevereiro-2016-pdf&amp;Itemid=30192\"><strong>\u00bb RESOLU\u00c7\u00c3O CNE\/CEB N\u00ba 1, DE 2 DE FEVEREIRO DE 2016:<\/strong><\/a> Define Diretrizes Operacionais Nacionais para o credenciamento institucional e a oferta de cursos e programas de Ensino M\u00e9dio, de Educa\u00e7\u00e3o Profissional T\u00e9cnica de N\u00edvel M\u00e9dio e de Educa\u00e7\u00e3o de Jovens e Adultos, nas etapas do Ensino Fundamental e do Ensino M\u00e9dio, na modalidade Educa\u00e7\u00e3o a Dist\u00e2ncia, em regime de colabora\u00e7\u00e3o entre os sistemas de ensino.<\/p>\n\n\n\n<p><a href=\"https:\/\/abmes.org.br\/arquivos\/legislacoes\/Res-CES-007-2011-09-08.pdf\"><strong>\u00bb RESOLU\u00c7\u00c3O CNE\/CES N\u00ba 7, DE 8 DE SETEMBRO DE 2011:<\/strong><\/a> Disp\u00f5e sobre a revoga\u00e7\u00e3o das normas para o credenciamento especial de institui\u00e7\u00f5es n\u00e3o educacionais, na modalidade presencial e a dist\u00e2ncia, e d\u00e1 outras provid\u00eancias.<\/p>\n\n\n\n<p><a href=\"http:\/\/portal.mec.gov.br\/index.php?option=com_docman&amp;view=download&amp;alias=8827-rces004-11-pdf-1&amp;category_slug=setembro-2011-pdf&amp;Itemid=30192\"><strong>\u00bb RESOLU\u00c7\u00c3O CNE\/CES N\u00ba 4, DE 16 DE FEVEREIRO DE 2011:<\/strong><\/a>  Disp\u00f5e sobre normas transit\u00f3rias acerca do credenciamento especial de institui\u00e7\u00f5es n\u00e3o educacionais, na modalidade presencial e a dist\u00e2ncia, e d\u00e1 outras provid\u00eancias.<\/p>\n","protected":false},"excerpt":{"rendered":"<p>\u00faltima atualiza\u00e7\u00e3o: 20\/05\/2025 \u00bb LEI N\u00ba 9.394, DE 20 DE DEZEMBRO DE 1996:&nbsp;Estabelece as diretrizes e bases da educa\u00e7\u00e3o nacional. \u00bb&nbsp;RESOLU\u00c7\u00c3O CNE\/CES NO 4, DE 29 DE MAIO DE 2024:&nbsp;Aprova as normas b\u00e1sicas da atividade acad\u00eamica dos Cursos de Gradua\u00e7\u00e3o na modalidade de Educa\u00e7\u00e3o \u00e0 Dist\u00e2ncia da Universidade Federal do Paran\u00e1. \u00bb PORTARIA NO 2.117, [&hellip;]<\/p>\n","protected":false},"author":10,"featured_media":0,"parent":0,"menu_order":0,"comment_status":"closed","ping_status":"closed","template":"","meta":{"footnotes":""},"class_list":["post-7029","page","type-page","status-publish","hentry"],"_links":{"self":[{"href":"https:\/\/ufpr.br\/seadip\/wp-json\/wp\/v2\/pages\/7029","targetHints":{"allow":["GET"]}}],"collection":[{"href":"https:\/\/ufpr.br\/seadip\/wp-json\/wp\/v2\/pages"}],"about":[{"href":"https:\/\/ufpr.br\/seadip\/wp-json\/wp\/v2\/types\/page"}],"author":[{"embeddable":true,"href":"https:\/\/ufpr.br\/seadip\/wp-json\/wp\/v2\/users\/10"}],"replies":[{"embeddable":true,"href":"https:\/\/ufpr.br\/seadip\/wp-json\/wp\/v2\/comments?post=7029"}],"version-history":[{"count":48,"href":"https:\/\/ufpr.br\/seadip\/wp-json\/wp\/v2\/pages\/7029\/revisions"}],"predecessor-version":[{"id":9452,"href":"https:\/\/ufpr.br\/seadip\/wp-json\/wp\/v2\/pages\/7029\/revisions\/9452"}],"wp:attachment":[{"href":"https:\/\/ufpr.br\/seadip\/wp-json\/wp\/v2\/media?parent=7029"}],"curies":[{"name":"wp","href":"https:\/\/api.w.org\/{rel}","templated":true}]}}