{"id":6997,"date":"2025-02-27T09:11:31","date_gmt":"2025-02-27T12:11:31","guid":{"rendered":"https:\/\/ufpr.br\/?page=6997"},"modified":"2025-10-07T13:21:59","modified_gmt":"2025-10-07T16:21:59","slug":"legislacao-ufpr","status":"publish","type":"page","link":"https:\/\/ufpr.br\/seadip\/legislacao-ufpr\/","title":{"rendered":"LEGISLA\u00c7\u00c3O UFPR"},"content":{"rendered":"\n<p>\u00faltima atualiza\u00e7\u00e3o: 11\/03\/2025<\/p>\n\n\n\n<p><a href=\"http:\/\/www.soc.ufpr.br\/wp-content\/uploads\/2016\/07\/resolucao_cepe_15072008-293.pdf\"><strong>\u00bb RESOLU\u00c7\u00c3O n\u00ba 28\/08 \u2013 CEPE:<\/strong><\/a>\u00a0Fixa normas b\u00e1sicas de controle e registro da atividade acad\u00eamica dos cursos de Aperfei\u00e7oamento e Especializa\u00e7\u00e3o na modalidade de Educa\u00e7\u00e3o a Dist\u00e2ncia da Universidade Federal do Paran\u00e1.<\/p>\n\n\n\n<p><a href=\"https:\/\/ufpr.br\/seadip\/wp-content\/uploads\/2025\/06\/Res-30-90-CEPE-alterado-pela-Resolucao-no-35.17-CEPE.pdf\"><strong>\u00bb RESOLU\u00c7\u00c3O n\u00ba 30\/90 \u2013 CEPE:<\/strong><\/a> Estabelece normas b\u00e1sicas para a implanta\u00e7\u00e3o, reformula\u00e7\u00e3o ou ajuste curricular dos cursos de gradua\u00e7\u00e3o, bem como para aprova\u00e7\u00e3o de elencos de disciplinas dos departamentos.<\/p>\n\n\n\n<p><a href=\"http:\/\/www.soc.ufpr.br\/wp-content\/uploads\/2016\/07\/resolucao_cepe_18122008-344.pdf\"><strong>\u00bb RESOLU\u00c7\u00c3O n\u00ba 83\/08 \u2013 CEPE:<\/strong><\/a>&nbsp;Aprova as normas b\u00e1sicas da atividade acad\u00eamica dos Cursos de Gradua\u00e7\u00e3o na modalidade de Educa\u00e7\u00e3o \u00e0 Dist\u00e2ncia da Universidade Federal do Paran\u00e1.<\/p>\n\n\n\n<p><strong><a href=\"http:\/\/www.soc.ufpr.br\/wp-content\/uploads\/2016\/07\/resolucao_coun_21052003-116.pdf\">\u00bb RESOLU\u00c7\u00c3O N\u00ba. 08\/03 \u2013 COUN:<\/a><\/strong>&nbsp;Estabelece o Regimento Interno da Coordenadoria de Integra\u00e7\u00e3o de Pol\u00edticas e Educa\u00e7\u00e3o a Dist\u00e2ncia \u2013 CIPEAD (Antigo NEAD) da Universidade Federal do Paran\u00e1.<\/p>\n\n\n\n<p><strong><a href=\"http:\/\/www.soc.ufpr.br\/wp-content\/uploads\/2016\/07\/resolucao_cepe_29102010-497.pdf\">\u00bb RESOLU\u00c7\u00c3O N\u00ba 72\/10 \u2013 CEPE:<\/a>&nbsp;<\/strong>Regulamenta a oferta de disciplinas na modalidade a dist\u00e2ncia nos cursos de gradua\u00e7\u00e3o e educa\u00e7\u00e3o profissional e tecnol\u00f3gica presenciais da Universidade Federal do Paran\u00e1.<\/p>\n\n\n\n<p><a href=\"https:\/\/soc.ufpr.br\/wp-content\/uploads\/2021\/01\/RESOLU%C3%87%C3%83O-N%C2%BA-89-2020-CEPE-1.pdf\" data-type=\"link\" data-id=\"https:\/\/soc.ufpr.br\/wp-content\/uploads\/2021\/01\/RESOLU%C3%87%C3%83O-N%C2%BA-89-2020-CEPE-1.pdf\" target=\"_blank\" rel=\"noreferrer noopener\"><strong>\u00bb RESOLU\u00c7\u00c3O N\u00ba 89\/2020 \u2013 CEPE:<\/strong><\/a> Fixa as normas para os Cursos Lato Sensu da Universidade Federal do Paran\u00e1<\/p>\n\n\n\n<p><a href=\"https:\/\/soc.ufpr.br\/wp-content\/uploads\/2020\/03\/Resolu%C3%A7%C3%A3o-n%C2%BA-57.19-CEPE.pdf\" data-type=\"link\" data-id=\"https:\/\/soc.ufpr.br\/wp-content\/uploads\/2020\/03\/Resolu%C3%A7%C3%A3o-n%C2%BA-57.19-CEPE.pdf\" target=\"_blank\" rel=\"noreferrer noopener\"><strong>\u00bb RESOLU\u00c7\u00c3O N\u00ba 57\/19 \u2013 CEPE:<\/strong><\/a> Disp\u00f5e sobre as atividades de Extens\u00e3o na Universidade Federal do Paran\u00e1.<\/p>\n\n\n\n<p><strong>\u00bb RESOLU\u00c7\u00c3O N\u00b0 69\/16 \u2013 CEPE:<\/strong> Estabelece as normas para registro da carga hor\u00e1ria did\u00e1tica docente ministrada nos cursos de gradua\u00e7\u00e3o e p\u00f3s-gradua\u00e7\u00e3o ofertados integral ou parcialmente na modalidade de educa\u00e7\u00e3o a dist\u00e2ncia pelos docentes das Carreiras do Magist\u00e9rio Superior e da Educa\u00e7\u00e3o B\u00e1sica T\u00e9cnica e Tecnol\u00f3gica na Universidade Federal do Paran\u00e1.<\/p>\n\n\n\n<p><strong>\u00bb PARECER 358\/2000 \u2013 CES\/CNE:<\/strong> Aprova o Credenciamento da Universidade Federal do Paran\u00e1 para a oferta de cursos \u00e0 dist\u00e2ncia na gradua\u00e7\u00e3o e educa\u00e7\u00e3o profissional.<\/p>\n\n\n\n<p><strong>\u00bb RESOLU\u00c7\u00c3O 27\/99 \u2013 COPLAD:<\/strong> 30 de setembro de 1999 &#8211; Estabelece o Regimento Interno do N\u00facleo de Educa\u00e7\u00e3o a Dist\u00e2ncia (NEAD) da Universidade Federal do Paran\u00e1&nbsp;<\/p>\n\n\n\n<p><strong>\u00bb PORTARIA 370\/99 \u2013 REITORIA\/UFPR:<\/strong> 10 de fevereiro de 1999 &#8211; Cria o N\u00facleo de Educa\u00e7\u00e3o a Dist\u00e2ncia da UFPR.<\/p>\n\n\n\n<p><strong>\u00bb RESOLU\u00c7\u00c3O N\u00ba 02\/99 \u2013 COUN:<\/strong> Cria o N\u00facleo de Educa\u00e7\u00e3o a Dist\u00e2ncia da Universidade Federal do Paran\u00e1 (NEAD\/UFPR)<\/p>\n\n\n\n<p><strong>\u00bb JANEIRO\/1999:<\/strong> &nbsp;Aprova\u00e7\u00e3o pelo Conselho Universit\u00e1rio da UFPR, por unanimidade, a institucionaliza\u00e7\u00e3o da EAD na UFPR<\/p>\n\n\n\n<p><strong>\u00bb SETEMBRO\/1998:<\/strong> Cria\u00e7\u00e3o da comiss\u00e3o intersetorial encarregada de desenvolver uma proposta de cria\u00e7\u00e3o de um n\u00facleo de Educa\u00e7\u00e3o a Dist\u00e2ncia na Universidade Federal do Paran\u00e1.<\/p>\n","protected":false},"excerpt":{"rendered":"<p>\u00faltima atualiza\u00e7\u00e3o: 11\/03\/2025 \u00bb RESOLU\u00c7\u00c3O n\u00ba 28\/08 \u2013 CEPE:\u00a0Fixa normas b\u00e1sicas de controle e registro da atividade acad\u00eamica dos cursos de Aperfei\u00e7oamento e Especializa\u00e7\u00e3o na modalidade de Educa\u00e7\u00e3o a Dist\u00e2ncia da Universidade Federal do Paran\u00e1. \u00bb RESOLU\u00c7\u00c3O n\u00ba 30\/90 \u2013 CEPE: Estabelece normas b\u00e1sicas para a implanta\u00e7\u00e3o, reformula\u00e7\u00e3o ou ajuste curricular dos cursos de gradua\u00e7\u00e3o, [&hellip;]<\/p>\n","protected":false},"author":10,"featured_media":0,"parent":0,"menu_order":0,"comment_status":"closed","ping_status":"closed","template":"","meta":{"footnotes":""},"class_list":["post-6997","page","type-page","status-publish","hentry"],"_links":{"self":[{"href":"https:\/\/ufpr.br\/seadip\/wp-json\/wp\/v2\/pages\/6997","targetHints":{"allow":["GET"]}}],"collection":[{"href":"https:\/\/ufpr.br\/seadip\/wp-json\/wp\/v2\/pages"}],"about":[{"href":"https:\/\/ufpr.br\/seadip\/wp-json\/wp\/v2\/types\/page"}],"author":[{"embeddable":true,"href":"https:\/\/ufpr.br\/seadip\/wp-json\/wp\/v2\/users\/10"}],"replies":[{"embeddable":true,"href":"https:\/\/ufpr.br\/seadip\/wp-json\/wp\/v2\/comments?post=6997"}],"version-history":[{"count":34,"href":"https:\/\/ufpr.br\/seadip\/wp-json\/wp\/v2\/pages\/6997\/revisions"}],"predecessor-version":[{"id":9455,"href":"https:\/\/ufpr.br\/seadip\/wp-json\/wp\/v2\/pages\/6997\/revisions\/9455"}],"wp:attachment":[{"href":"https:\/\/ufpr.br\/seadip\/wp-json\/wp\/v2\/media?parent=6997"}],"curies":[{"name":"wp","href":"https:\/\/api.w.org\/{rel}","templated":true}]}}