{"id":669,"date":"2019-12-13T11:53:24","date_gmt":"2019-12-13T14:53:24","guid":{"rendered":"https:\/\/ufpr.br\/?page=669"},"modified":"2025-09-30T15:14:47","modified_gmt":"2025-09-30T18:14:47","slug":"formularios","status":"publish","type":"page","link":"https:\/\/ufpr.br\/seadip\/formularios\/","title":{"rendered":"FORMUL\u00c1RIOS"},"content":{"rendered":"\n<ul class=\"wp-block-list\">\n<li><a href=\"https:\/\/ufpr.br\/seadip\/wp-content\/uploads\/2025\/04\/2025-D1-Proposta-para-prestacao-de-servicos-educacionais-SEaDIP-.docx\">D1 &#8211; PROPOSTA PARA PRESTA\u00c7\u00c3O DE SERVI\u00c7OS EDUCACIONAIS SEaDIP (2025)<\/a><\/li>\n\n\n\n<li><a href=\"https:\/\/ufpr.br\/seadip\/wp-content\/uploads\/2025\/04\/2025-D2-Briefing-Cursos-EaD-Design-Educacional.docx\">D2 &#8211; BRIEFING PARA DESIGN EDUCACIONAL (2025)<\/a><\/li>\n\n\n\n<li><a href=\"https:\/\/ufpr.br\/seadip\/wp-content\/uploads\/2025\/04\/2025-D3-Briefing-Projeto-Grafico-DG.docx\">D3 &#8211; BRIEFING PARA A CRIA\u00c7\u00c3O DE PROJETOS GR\u00c1FICO (2025)<\/a><\/li>\n<\/ul>\n","protected":false},"excerpt":{"rendered":"","protected":false},"author":14,"featured_media":0,"parent":0,"menu_order":0,"comment_status":"closed","ping_status":"closed","template":"","meta":{"footnotes":""},"class_list":["post-669","page","type-page","status-publish","hentry"],"_links":{"self":[{"href":"https:\/\/ufpr.br\/seadip\/wp-json\/wp\/v2\/pages\/669","targetHints":{"allow":["GET"]}}],"collection":[{"href":"https:\/\/ufpr.br\/seadip\/wp-json\/wp\/v2\/pages"}],"about":[{"href":"https:\/\/ufpr.br\/seadip\/wp-json\/wp\/v2\/types\/page"}],"author":[{"embeddable":true,"href":"https:\/\/ufpr.br\/seadip\/wp-json\/wp\/v2\/users\/14"}],"replies":[{"embeddable":true,"href":"https:\/\/ufpr.br\/seadip\/wp-json\/wp\/v2\/comments?post=669"}],"version-history":[{"count":20,"href":"https:\/\/ufpr.br\/seadip\/wp-json\/wp\/v2\/pages\/669\/revisions"}],"predecessor-version":[{"id":9380,"href":"https:\/\/ufpr.br\/seadip\/wp-json\/wp\/v2\/pages\/669\/revisions\/9380"}],"wp:attachment":[{"href":"https:\/\/ufpr.br\/seadip\/wp-json\/wp\/v2\/media?parent=669"}],"curies":[{"name":"wp","href":"https:\/\/api.w.org\/{rel}","templated":true}]}}