{"id":4628,"date":"2023-06-13T15:59:17","date_gmt":"2023-06-13T18:59:17","guid":{"rendered":"https:\/\/ufpr.br\/?page=4628"},"modified":"2023-06-13T16:00:42","modified_gmt":"2023-06-13T19:00:42","slug":"cipead-uab01-2023","status":"publish","type":"page","link":"https:\/\/ufpr.br\/seadip\/cipead-uab01-2023\/","title":{"rendered":"Formul\u00e1rio de inscri\u00e7\u00e3o Edital N\u00b0 01\/2023 CIPEAD\/UAB"},"content":{"rendered":"<form action=\"\/wp-admin\/admin-ajax.php#wpcf7-f5450-o1\" enctype=\"multipart\/form-data\" method=\"post\" novalidate=\"novalidate\"><input name=\"_wpcf7\" type=\"hidden\" value=\"5450\" \/><br \/>\n<input name=\"_wpcf7_version\" type=\"hidden\" value=\"5.1.4\" \/><br \/>\n<input name=\"_wpcf7_locale\" type=\"hidden\" value=\"pt_BR\" \/><br \/>\n<input name=\"_wpcf7_unit_tag\" type=\"hidden\" value=\"wpcf7-f5450-o1\" \/><br \/>\n<input name=\"_wpcf7_container_post\" type=\"hidden\" value=\"0\" \/><br \/>\n<input name=\"_wpcf7cf_hidden_group_fields\" type=\"hidden\" value=\"\" \/><br \/>\n<input name=\"_wpcf7cf_hidden_groups\" type=\"hidden\" value=\"\" \/><br \/>\n<input name=\"_wpcf7cf_visible_groups\" type=\"hidden\" value=\"\" \/><br \/>\n<input name=\"_wpcf7cf_repeaters\" type=\"hidden\" value=\"[]\" \/><br \/>\n<input name=\"_wpcf7cf_steps\" type=\"hidden\" value=\"{}\" \/><br \/>\n<input name=\"_wpcf7cf_options\" type=\"hidden\" value=\"{&quot;form_id&quot;:5450,&quot;conditions&quot;:[],&quot;settings&quot;:{&quot;animation&quot;:&quot;yes&quot;,&quot;animation_intime&quot;:200,&quot;animation_outtime&quot;:200,&quot;notice_dismissed&quot;:false,&quot;regex_numeric&quot;:&quot;^[0-9]+$&quot;,&quot;regex_alphabetic&quot;:&quot;^[a-zA-Z]+$&quot;,&quot;regex_alphanumeric&quot;:&quot;^[a-zA-Z0-9]+$&quot;,&quot;regex_date&quot;:&quot;^(0?[1-9]|1[012])[- .](0?[1-9]|[12][0-9]|3[01])[- \/.](19|20)?[0-9]{2}$&quot;,&quot;regex_email&quot;:&quot;^[a-zA-Z0-9._%-]+@[a-zA-Z0-9.-]+.[a-zA-Z]{2,4}$&quot;,&quot;regex_numeric_label&quot;:&quot;numeric&quot;,&quot;regex_alphabetic_label&quot;:&quot;alphabetic&quot;,&quot;regex_alphanumeric_label&quot;:&quot;alphanumeric&quot;,&quot;regex_date_label&quot;:&quot;date&quot;,&quot;regex_email_label&quot;:&quot;email&quot;,&quot;regex_custom_1&quot;:&quot;&quot;,&quot;regex_custom_2&quot;:&quot;&quot;,&quot;regex_custom_3&quot;:&quot;&quot;,&quot;regex_custom_4&quot;:&quot;&quot;,&quot;regex_custom_5&quot;:&quot;&quot;,&quot;regex_custom_1_label&quot;:&quot;custom 1&quot;,&quot;regex_custom_2_label&quot;:&quot;custom 2&quot;,&quot;regex_custom_3_label&quot;:&quot;custom 3&quot;,&quot;regex_custom_4_label&quot;:&quot;custom 4&quot;,&quot;regex_custom_5_label&quot;:&quot;custom 5&quot;}}\" \/><\/p>\n<fieldset>Nome Completo: <input name=\"Nome_CandidatoW\" size=\"40\" type=\"text\" value=\"\" aria-required=\"true\" aria-invalid=\"false\" \/><br \/>\nCPF: <input name=\"CPF_CandidatoW\" size=\"40\" type=\"text\" value=\"\" aria-required=\"true\" aria-invalid=\"false\" \/><br \/>\nEmail: <input name=\"Email_CandidatoW\" size=\"40\" type=\"email\" value=\"\" aria-required=\"true\" aria-invalid=\"false\" \/><br \/>\nEmail Alternativo: <input name=\"EmailAlt_CandidatoW\" size=\"40\" type=\"email\" value=\"\" aria-required=\"true\" aria-invalid=\"false\" \/><br \/>\nCelular com DDD: <input name=\"Cel_CandidatoW\" size=\"40\" type=\"text\" value=\"\" aria-required=\"true\" aria-invalid=\"false\" \/><\/p>\n<p>Anexar as c\u00f3pias dos seguintes documentos em formato PDF:C\u00f3pia leg\u00edvel, frente e verso, da carteira de identidade: <input accept=\".pdf\" name=\"CopiadoRG_CandidatoW\" size=\"40\" type=\"file\" aria-required=\"true\" aria-invalid=\"false\" \/><br \/>\nC\u00f3pia do Curriculo Lattes, atualizado a menos de 90 (noventa) dias, a contar da publica\u00e7\u00e3o deste edital:<input accept=\".pdf\" name=\"CopiadoLatt_CandidatoW\" size=\"40\" type=\"file\" aria-required=\"true\" aria-invalid=\"false\" \/><br \/>\nC\u00f3pia do diploma de gradua\u00e7\u00e3o e do(s) diploma(s) de mestrado e\/ou doutorado, frente e verso:<input accept=\".pdf\" name=\"CopiadoDiploma_CandidatoW\" size=\"40\" type=\"file\" aria-required=\"true\" aria-invalid=\"false\" \/><br \/>\nComprovante de experi\u00eancia no magist\u00e9rio superior: <input accept=\".pdf\" name=\"CompExpW\" size=\"40\" type=\"file\" aria-required=\"true\" aria-invalid=\"false\" \/><\/p>\n<p>&nbsp;<\/fieldset>\n<p><input type=\"submit\" value=\"Enviar\" \/><\/p>\n<\/form>\n","protected":false},"excerpt":{"rendered":"<p>Nome Completo: CPF: Email: Email Alternativo: Celular com DDD: Anexar as c\u00f3pias dos seguintes documentos em formato PDF:C\u00f3pia leg\u00edvel, frente e verso, da carteira de identidade: C\u00f3pia do Curriculo Lattes, atualizado a menos de 90 (noventa) dias, a contar da publica\u00e7\u00e3o deste edital: C\u00f3pia do diploma de gradua\u00e7\u00e3o e do(s) diploma(s) de mestrado e\/ou doutorado, [&hellip;]<\/p>\n","protected":false},"author":14,"featured_media":0,"parent":0,"menu_order":0,"comment_status":"closed","ping_status":"closed","template":"","meta":{"footnotes":""},"class_list":["post-4628","page","type-page","status-publish","hentry"],"_links":{"self":[{"href":"https:\/\/ufpr.br\/seadip\/wp-json\/wp\/v2\/pages\/4628","targetHints":{"allow":["GET"]}}],"collection":[{"href":"https:\/\/ufpr.br\/seadip\/wp-json\/wp\/v2\/pages"}],"about":[{"href":"https:\/\/ufpr.br\/seadip\/wp-json\/wp\/v2\/types\/page"}],"author":[{"embeddable":true,"href":"https:\/\/ufpr.br\/seadip\/wp-json\/wp\/v2\/users\/14"}],"replies":[{"embeddable":true,"href":"https:\/\/ufpr.br\/seadip\/wp-json\/wp\/v2\/comments?post=4628"}],"version-history":[{"count":3,"href":"https:\/\/ufpr.br\/seadip\/wp-json\/wp\/v2\/pages\/4628\/revisions"}],"predecessor-version":[{"id":4633,"href":"https:\/\/ufpr.br\/seadip\/wp-json\/wp\/v2\/pages\/4628\/revisions\/4633"}],"wp:attachment":[{"href":"https:\/\/ufpr.br\/seadip\/wp-json\/wp\/v2\/media?parent=4628"}],"curies":[{"name":"wp","href":"https:\/\/api.w.org\/{rel}","templated":true}]}}