{"id":4518,"date":"2022-05-25T11:55:12","date_gmt":"2022-05-25T14:55:12","guid":{"rendered":"https:\/\/ufpr.br\/?page=4518"},"modified":"2022-05-25T11:56:13","modified_gmt":"2022-05-25T14:56:13","slug":"inscricao-bolsistas-2022","status":"publish","type":"page","link":"https:\/\/ufpr.br\/seadip\/inscricao-bolsistas-2022\/","title":{"rendered":"Inscri\u00e7\u00e3o Bolsistas 2022"},"content":{"rendered":"<form action=\"\/wp-admin\/admin-ajax.php#wpcf7-f5303-o1\" method=\"post\" enctype=\"multipart\/form-data\" novalidate=\"novalidate\">\n<input type=\"hidden\" name=\"_wpcf7\" value=\"5303\" \/><br \/>\n<input type=\"hidden\" name=\"_wpcf7_version\" value=\"5.1.4\" \/><br \/>\n<input type=\"hidden\" name=\"_wpcf7_locale\" value=\"pt_BR\" \/><br \/>\n<input type=\"hidden\" name=\"_wpcf7_unit_tag\" value=\"wpcf7-f5303-o1\" \/><br \/>\n<input type=\"hidden\" name=\"_wpcf7_container_post\" value=\"0\" \/><br \/>\n<input type=\"hidden\" name=\"_wpcf7cf_hidden_group_fields\" value=\"\" \/><br \/>\n<input type=\"hidden\" name=\"_wpcf7cf_hidden_groups\" value=\"\" \/><br \/>\n<input type=\"hidden\" name=\"_wpcf7cf_visible_groups\" value=\"\" \/><br \/>\n<input type=\"hidden\" name=\"_wpcf7cf_repeaters\" value=\"[]\" \/><br \/>\n<input type=\"hidden\" name=\"_wpcf7cf_steps\" value=\"{}\" \/><br \/>\n<input type=\"hidden\" name=\"_wpcf7cf_options\" value=\"{&quot;form_id&quot;:5303,&quot;conditions&quot;:[],&quot;settings&quot;:{&quot;animation&quot;:&quot;yes&quot;,&quot;animation_intime&quot;:200,&quot;animation_outtime&quot;:200,&quot;notice_dismissed&quot;:false,&quot;regex_numeric&quot;:&quot;^[0-9]+$&quot;,&quot;regex_alphabetic&quot;:&quot;^[a-zA-Z]+$&quot;,&quot;regex_alphanumeric&quot;:&quot;^[a-zA-Z0-9]+$&quot;,&quot;regex_date&quot;:&quot;^(0?[1-9]|1[012])[- .](0?[1-9]|[12][0-9]|3[01])[- \/.](19|20)?[0-9]{2}$&quot;,&quot;regex_email&quot;:&quot;^[a-zA-Z0-9._%-]+@[a-zA-Z0-9.-]+.[a-zA-Z]{2,4}$&quot;,&quot;regex_numeric_label&quot;:&quot;numeric&quot;,&quot;regex_alphabetic_label&quot;:&quot;alphabetic&quot;,&quot;regex_alphanumeric_label&quot;:&quot;alphanumeric&quot;,&quot;regex_date_label&quot;:&quot;date&quot;,&quot;regex_email_label&quot;:&quot;email&quot;,&quot;regex_custom_1&quot;:&quot;&quot;,&quot;regex_custom_2&quot;:&quot;&quot;,&quot;regex_custom_3&quot;:&quot;&quot;,&quot;regex_custom_4&quot;:&quot;&quot;,&quot;regex_custom_5&quot;:&quot;&quot;,&quot;regex_custom_1_label&quot;:&quot;custom 1&quot;,&quot;regex_custom_2_label&quot;:&quot;custom 2&quot;,&quot;regex_custom_3_label&quot;:&quot;custom 3&quot;,&quot;regex_custom_4_label&quot;:&quot;custom 4&quot;,&quot;regex_custom_5_label&quot;:&quot;custom 5&quot;}}\" \/><\/p>\n<fieldset>\n<input type=\"checkbox\" name=\"checkbox-554[]\" value=\"Designer\" \/>Designer<input type=\"checkbox\" name=\"checkbox-554[]\" value=\"Designer Educacional\" \/>Designer Educacional<input type=\"checkbox\" name=\"checkbox-554[]\" value=\"Programador de Site\" \/>Programador de Site<input type=\"checkbox\" name=\"checkbox-554[]\" value=\"Suporte \u00e0s Plataformas\" \/>Suporte \u00e0s Plataformas<input type=\"checkbox\" name=\"checkbox-554[]\" value=\"Revisor\" \/>Revisor<input type=\"checkbox\" name=\"checkbox-554[]\" value=\"Editor de V\u00eddeo\" \/>Editor de V\u00eddeo<input type=\"checkbox\" name=\"checkbox-554[]\" value=\"Libras\" \/>Libras<br \/>\nNome Completo: <input type=\"text\" name=\"Nome_CandidatoW\" value=\"\" size=\"40\" aria-required=\"true\" aria-invalid=\"false\" \/><br \/>\nEmail: <input type=\"email\" name=\"Email_CandidatoW\" value=\"\" size=\"40\" aria-required=\"true\" aria-invalid=\"false\" \/><br \/>\nCPF: <input type=\"text\" name=\"CPF_CandidatoW\" value=\"\" size=\"40\" aria-required=\"true\" aria-invalid=\"false\" \/><br \/>\nRG: <input type=\"text\" name=\"RG_CandidatoW\" value=\"\" size=\"40\" aria-required=\"true\" aria-invalid=\"false\" \/><br \/>\nCurso de Gradua\u00e7\u00e3o matriculado na UFPR: <input type=\"text\" name=\"Curso_CandidatoW\" value=\"\" size=\"40\" aria-required=\"true\" aria-invalid=\"false\" \/><br \/>\nGRR:<input type=\"text\" name=\"GRR_CandidatoW\" value=\"\" size=\"40\" aria-required=\"true\" aria-invalid=\"false\" \/><br \/>\n<\/br><br \/>\nAnexar as c\u00f3pias dos seguintes documentos em formato PDF:<\/p>\n<p>C\u00f3pia do RG: <input type=\"file\" name=\"CopiadoRG_CandidatoW\" size=\"40\" accept=\".pdf\" aria-required=\"true\" aria-invalid=\"false\" \/><br \/>\nC\u00f3pia do CPF:<input type=\"file\" name=\"CopiadoCPF_CandidatoW\" size=\"40\" accept=\".pdf\" aria-required=\"true\" aria-invalid=\"false\" \/><br \/>\nC\u00f3pia do Comprovante de Matr\u00edcula:<input type=\"file\" name=\"CompMatricula_CandidatoW\" size=\"40\" accept=\".pdf\" aria-required=\"true\" aria-invalid=\"false\" \/><br \/>\nCarta de Inten\u00e7\u00e3o at\u00e9 15 linhas: <input type=\"file\" name=\"Carta_IntencaoW\" size=\"40\" accept=\".pdf\" aria-required=\"true\" aria-invalid=\"false\" \/><\/p>\n<p>&nbsp;\n<\/p>\n<\/fieldset>\n<p><input type=\"submit\" value=\"Enviar\" \/><\/p>\n<\/form>\n","protected":false},"excerpt":{"rendered":"<p>DesignerDesigner EducacionalProgramador de SiteSuporte \u00e0s PlataformasRevisorEditor de V\u00eddeoLibras Nome Completo: Email: CPF: RG: Curso de Gradua\u00e7\u00e3o matriculado na UFPR: GRR: Anexar as c\u00f3pias dos seguintes documentos em formato PDF: C\u00f3pia do RG: C\u00f3pia do CPF: C\u00f3pia do Comprovante de Matr\u00edcula: Carta de Inten\u00e7\u00e3o at\u00e9 15 linhas: &nbsp;<\/p>\n","protected":false},"author":14,"featured_media":0,"parent":0,"menu_order":0,"comment_status":"closed","ping_status":"closed","template":"","meta":{"footnotes":""},"class_list":["post-4518","page","type-page","status-publish","hentry"],"_links":{"self":[{"href":"https:\/\/ufpr.br\/seadip\/wp-json\/wp\/v2\/pages\/4518","targetHints":{"allow":["GET"]}}],"collection":[{"href":"https:\/\/ufpr.br\/seadip\/wp-json\/wp\/v2\/pages"}],"about":[{"href":"https:\/\/ufpr.br\/seadip\/wp-json\/wp\/v2\/types\/page"}],"author":[{"embeddable":true,"href":"https:\/\/ufpr.br\/seadip\/wp-json\/wp\/v2\/users\/14"}],"replies":[{"embeddable":true,"href":"https:\/\/ufpr.br\/seadip\/wp-json\/wp\/v2\/comments?post=4518"}],"version-history":[{"count":2,"href":"https:\/\/ufpr.br\/seadip\/wp-json\/wp\/v2\/pages\/4518\/revisions"}],"predecessor-version":[{"id":4522,"href":"https:\/\/ufpr.br\/seadip\/wp-json\/wp\/v2\/pages\/4518\/revisions\/4522"}],"wp:attachment":[{"href":"https:\/\/ufpr.br\/seadip\/wp-json\/wp\/v2\/media?parent=4518"}],"curies":[{"name":"wp","href":"https:\/\/api.w.org\/{rel}","templated":true}]}}