{"id":3913,"date":"2020-12-08T14:01:17","date_gmt":"2020-12-08T17:01:17","guid":{"rendered":"https:\/\/ufpr.br\/?page=3913"},"modified":"2025-10-10T16:32:27","modified_gmt":"2025-10-10T19:32:27","slug":"sistema-de-bibliotecas-da-ufpr","status":"publish","type":"page","link":"https:\/\/ufpr.br\/seadip\/sistema-de-bibliotecas-da-ufpr\/","title":{"rendered":"SISTEMA DE BIBLIOTECAS DA UFPR"},"content":{"rendered":"\n<p>O Sistema de Bibliotecas da UFPR (SiBi) adquiriu a cole\u00e7\u00e3o de e-books \u201cMinha Biblioteca\u201d, com obras das principais editoras de livros t\u00e9cnicos e cient\u00edficos do Brasil. Est\u00e3o dispon\u00edveis aproximadamente 10 mil t\u00edtulos, em todas as \u00e1reas do conhecimento.<\/p>\n\n\n\n<figure class=\"wp-block-image\"><a href=\"https:\/\/minhabiblioteca.ufpr.br\/\"><img decoding=\"async\" src=\"https:\/\/ufpr.br\/seadip\/wp-content\/uploads\/2020\/12\/960x540-640x360-300x169.png\" alt=\"\" \/><\/a><\/figure>\n\n\n\n<p>Toda a comunidade acad\u00eamica pode acessar o material gratuitamente. \u201cA cole\u00e7\u00e3o de livros servir\u00e1 como apoio ao Ensino Remoto Emergencial (ERE), uma necessidade para que os nossos estudantes continuem tendo uma forma\u00e7\u00e3o de qualidade, neste momento de acesso limitado ao acervo f\u00edsico das bibliotecas da UFPR\u201d, explica a diretora do SiBi, Josefina Aparecida Soares Guedes.<\/p>\n\n\n\n<p><strong>Recursos<\/strong><\/p>\n\n\n\n<p>A cole\u00e7\u00e3o tamb\u00e9m disponibiliza recursos de apoio \u00e0 leitura e ao estudo. \u00c9 poss\u00edvel realizar anota\u00e7\u00f5es nas p\u00e1ginas, marcar trechos e copiar parte do conte\u00fado.<\/p>\n\n\n\n<p><strong>Como acessar<\/strong><\/p>\n\n\n\n<figure class=\"wp-block-image is-resized\"><img decoding=\"async\" src=\"https:\/\/ufpr.br\/seadip\/wp-content\/uploads\/2020\/12\/infografico-minha-biblioteca-768x1176-1.png\" alt=\"\" style=\"width:auto;height:800px\" \/><\/figure>\n\n\n\n<p><\/p>\n\n\n\n<p>Para acessar a cole\u00e7\u00e3o de e-books \u00e9 preciso entrar no&nbsp;<a href=\"https:\/\/www.portal.ufpr.br\/bases_restritas.html\"><strong>site do Sistema de Bibliotecas<\/strong><\/a>, e localizar o link com a cole\u00e7\u00e3o \u201cMinha Biblioteca\u201d. Outra op\u00e7\u00e3o \u00e9 acessar diretamente o<strong><a href=\"https:\/\/minhabiblioteca.ufpr.br\/\">&nbsp;site da \u201cMinha Biblioteca\u201d<\/a><\/strong>. No primeiro acesso o usu\u00e1rio \u00e9 direcionado para o cadastro. Com o cadastro pronto \u00e9 s\u00f3 realizar o login e ter acesso aos livros da plataforma.<\/p>\n\n\n\n<p class=\"has-text-align-left\" style=\"font-size:15px\">Fonte: <a href=\"https:\/\/www.ufpr.br\/portalufpr\/noticias\/sistema-de-bibliotecas-da-ufpr-disponibiliza-acesso-a-colecao-de-e-books-tecnicos-e-cientificos\/\">https:\/\/www.ufpr.br\/portalufpr\/noticias\/sistema-de-bibliotecas-da-ufpr-disponibiliza-acesso-a-colecao-de-e-books-tecnicos-e-cientificos\/<\/a><\/p>\n","protected":false},"excerpt":{"rendered":"<p>O Sistema de Bibliotecas da UFPR (SiBi) adquiriu a cole\u00e7\u00e3o de e-books \u201cMinha Biblioteca\u201d, com obras das principais editoras de livros t\u00e9cnicos e cient\u00edficos do Brasil. Est\u00e3o dispon\u00edveis aproximadamente 10 mil t\u00edtulos, em todas as \u00e1reas do conhecimento. Toda a comunidade acad\u00eamica pode acessar o material gratuitamente. \u201cA cole\u00e7\u00e3o de livros servir\u00e1 como apoio ao [&hellip;]<\/p>\n","protected":false},"author":14,"featured_media":0,"parent":0,"menu_order":0,"comment_status":"closed","ping_status":"closed","template":"","meta":{"footnotes":""},"class_list":["post-3913","page","type-page","status-publish","hentry"],"_links":{"self":[{"href":"https:\/\/ufpr.br\/seadip\/wp-json\/wp\/v2\/pages\/3913","targetHints":{"allow":["GET"]}}],"collection":[{"href":"https:\/\/ufpr.br\/seadip\/wp-json\/wp\/v2\/pages"}],"about":[{"href":"https:\/\/ufpr.br\/seadip\/wp-json\/wp\/v2\/types\/page"}],"author":[{"embeddable":true,"href":"https:\/\/ufpr.br\/seadip\/wp-json\/wp\/v2\/users\/14"}],"replies":[{"embeddable":true,"href":"https:\/\/ufpr.br\/seadip\/wp-json\/wp\/v2\/comments?post=3913"}],"version-history":[{"count":12,"href":"https:\/\/ufpr.br\/seadip\/wp-json\/wp\/v2\/pages\/3913\/revisions"}],"predecessor-version":[{"id":10275,"href":"https:\/\/ufpr.br\/seadip\/wp-json\/wp\/v2\/pages\/3913\/revisions\/10275"}],"wp:attachment":[{"href":"https:\/\/ufpr.br\/seadip\/wp-json\/wp\/v2\/media?parent=3913"}],"curies":[{"name":"wp","href":"https:\/\/api.w.org\/{rel}","templated":true}]}}