{"id":3873,"date":"2020-11-25T22:44:01","date_gmt":"2020-11-26T01:44:01","guid":{"rendered":"https:\/\/ufpr.br\/?page=3873"},"modified":"2020-11-26T18:18:24","modified_gmt":"2020-11-26T21:18:24","slug":"formulario-proplan-dados-ead","status":"publish","type":"page","link":"https:\/\/ufpr.br\/seadip\/formulario-proplan-dados-ead\/","title":{"rendered":"FORMUL\u00c1RIO PROPLAN &#8211; COMPILA\u00c7\u00c3O DE DADOS EAD 2020"},"content":{"rendered":"<form action=\"\/wp-admin\/admin-ajax.php#wpcf7-f4445-o1\" enctype=\"multipart\/form-data\" method=\"post\" novalidate=\"novalidate\"><input name=\"_wpcf7\" type=\"hidden\" value=\"4445\" \/><br \/>\n<input name=\"_wpcf7_version\" type=\"hidden\" value=\"5.1.4\" \/><br \/>\n<input name=\"_wpcf7_locale\" type=\"hidden\" value=\"pt_BR\" \/><br \/>\n<input name=\"_wpcf7_unit_tag\" type=\"hidden\" value=\"wpcf7-f4445-o1\" \/><br \/>\n<input name=\"_wpcf7_container_post\" type=\"hidden\" value=\"0\" \/><br \/>\n<input name=\"_wpcf7cf_hidden_group_fields\" type=\"hidden\" value=\"\" \/><br \/>\n<input name=\"_wpcf7cf_hidden_groups\" type=\"hidden\" value=\"\" \/><br \/>\n<input name=\"_wpcf7cf_visible_groups\" type=\"hidden\" value=\"\" \/><br \/>\n<input name=\"_wpcf7cf_repeaters\" type=\"hidden\" value=\"[]\" \/><br \/>\n<input name=\"_wpcf7cf_steps\" type=\"hidden\" value=\"{}\" \/><br \/>\n<input name=\"_wpcf7cf_options\" type=\"hidden\" value=\"{&quot;form_id&quot;:4445,&quot;conditions&quot;:[{&quot;then_field&quot;:&quot;grupo_Curso_Extensao&quot;,&quot;and_rules&quot;:[{&quot;if_field&quot;:&quot;Pro_Reitoria&quot;,&quot;operator&quot;:&quot;equals&quot;,&quot;if_value&quot;:&quot;Pru00f3-Reitoria de Administrau00e7u00e3o u2013 PRA&quot;}]},{&quot;then_field&quot;:&quot;grupo_Curso_Graduacao&quot;,&quot;and_rules&quot;:[{&quot;if_field&quot;:&quot;Pro_Reitoria&quot;,&quot;operator&quot;:&quot;equals&quot;,&quot;if_value&quot;:&quot;Pru00f3-Reitoria de Administrau00e7u00e3o u2013 PRA&quot;}]},{&quot;then_field&quot;:&quot;grupo_Curso_Pos-graduacao&quot;,&quot;and_rules&quot;:[{&quot;if_field&quot;:&quot;Pro_Reitoria&quot;,&quot;operator&quot;:&quot;equals&quot;,&quot;if_value&quot;:&quot;Pru00f3-Reitoria de Administrau00e7u00e3o u2013 PRA&quot;}]},{&quot;then_field&quot;:&quot;grupo_Curso_Qualificacao&quot;,&quot;and_rules&quot;:[{&quot;if_field&quot;:&quot;Pro_Reitoria&quot;,&quot;operator&quot;:&quot;equals&quot;,&quot;if_value&quot;:&quot;Pru00f3-Reitoria de Administrau00e7u00e3o u2013 PRA&quot;}]},{&quot;then_field&quot;:&quot;grupo_Curso_Extensao&quot;,&quot;and_rules&quot;:[{&quot;if_field&quot;:&quot;Pro_Reitoria&quot;,&quot;operator&quot;:&quot;equals&quot;,&quot;if_value&quot;:&quot;Pru00f3-Reitoria Extensu00e3o e Cultura u2013 PROEC&quot;}]},{&quot;then_field&quot;:&quot;grupo_Curso_Pos-graduacao&quot;,&quot;and_rules&quot;:[{&quot;if_field&quot;:&quot;Pro_Reitoria&quot;,&quot;operator&quot;:&quot;equals&quot;,&quot;if_value&quot;:&quot;Pru00f3-Reitoria de Pesquisa e Pu00f3s-Graduau00e7u00e3o u2013 PRPPG&quot;}]},{&quot;then_field&quot;:&quot;grupo_Curso_Qualificacao&quot;,&quot;and_rules&quot;:[{&quot;if_field&quot;:&quot;Pro_Reitoria&quot;,&quot;operator&quot;:&quot;equals&quot;,&quot;if_value&quot;:&quot;Pru00f3-Reitoria de Gestu00e3o de Pessoas u2013 PROGEPE&quot;}]},{&quot;then_field&quot;:&quot;grupo_Curso_Extensao&quot;,&quot;and_rules&quot;:[{&quot;if_field&quot;:&quot;Pro_Reitoria&quot;,&quot;operator&quot;:&quot;equals&quot;,&quot;if_value&quot;:&quot;Pru00f3-Reitoria de Planejamento, Oru00e7amento e Finanu00e7as u2013 PROPLAN&quot;}]},{&quot;then_field&quot;:&quot;grupo_Curso_Graduacao&quot;,&quot;and_rules&quot;:[{&quot;if_field&quot;:&quot;Pro_Reitoria&quot;,&quot;operator&quot;:&quot;equals&quot;,&quot;if_value&quot;:&quot;Pru00f3-Reitoria de Planejamento, Oru00e7amento e Finanu00e7as u2013 PROPLAN&quot;}]},{&quot;then_field&quot;:&quot;grupo_Curso_Pos-graduacao&quot;,&quot;and_rules&quot;:[{&quot;if_field&quot;:&quot;Pro_Reitoria&quot;,&quot;operator&quot;:&quot;equals&quot;,&quot;if_value&quot;:&quot;Pru00f3-Reitoria de Planejamento, Oru00e7amento e Finanu00e7as u2013 PROPLAN&quot;}]},{&quot;then_field&quot;:&quot;grupo_Curso_Qualificacao&quot;,&quot;and_rules&quot;:[{&quot;if_field&quot;:&quot;Pro_Reitoria&quot;,&quot;operator&quot;:&quot;equals&quot;,&quot;if_value&quot;:&quot;Pru00f3-Reitoria de Planejamento, Oru00e7amento e Finanu00e7as u2013 PROPLAN&quot;}]},{&quot;then_field&quot;:&quot;grupo_Curso_Extensao&quot;,&quot;and_rules&quot;:[{&quot;if_field&quot;:&quot;Pro_Reitoria&quot;,&quot;operator&quot;:&quot;equals&quot;,&quot;if_value&quot;:&quot;Pru00f3-Reitoria de Assuntos Estudantis u2013 PRAE&quot;}]},{&quot;then_field&quot;:&quot;grupo_Curso_Graduacao&quot;,&quot;and_rules&quot;:[{&quot;if_field&quot;:&quot;Pro_Reitoria&quot;,&quot;operator&quot;:&quot;equals&quot;,&quot;if_value&quot;:&quot;Pru00f3-Reitoria de Assuntos Estudantis u2013 PRAE&quot;}]},{&quot;then_field&quot;:&quot;grupo_Curso_Pos-graduacao&quot;,&quot;and_rules&quot;:[{&quot;if_field&quot;:&quot;Pro_Reitoria&quot;,&quot;operator&quot;:&quot;equals&quot;,&quot;if_value&quot;:&quot;Pru00f3-Reitoria de Assuntos Estudantis u2013 PRAE&quot;}]},{&quot;then_field&quot;:&quot;grupo_Curso_Qualificacao&quot;,&quot;and_rules&quot;:[{&quot;if_field&quot;:&quot;Pro_Reitoria&quot;,&quot;operator&quot;:&quot;equals&quot;,&quot;if_value&quot;:&quot;Pru00f3-Reitoria de Assuntos Estudantis u2013 PRAE&quot;}]},{&quot;then_field&quot;:&quot;grupo_Curso_Extensao&quot;,&quot;and_rules&quot;:[{&quot;if_field&quot;:&quot;Pro_Reitoria&quot;,&quot;operator&quot;:&quot;equals&quot;,&quot;if_value&quot;:&quot;Pru00f3-Reitoria de Graduau00e7u00e3o e Educau00e7u00e3o Profissional u2013 PROGRAD&quot;}]},{&quot;then_field&quot;:&quot;grupo_Curso_Graduacao&quot;,&quot;and_rules&quot;:[{&quot;if_field&quot;:&quot;Pro_Reitoria&quot;,&quot;operator&quot;:&quot;equals&quot;,&quot;if_value&quot;:&quot;Pru00f3-Reitoria de Graduau00e7u00e3o e Educau00e7u00e3o Profissional u2013 PROGRAD&quot;}]},{&quot;then_field&quot;:&quot;grupo_Curso_Pos-graduacao&quot;,&quot;and_rules&quot;:[{&quot;if_field&quot;:&quot;Pro_Reitoria&quot;,&quot;operator&quot;:&quot;equals&quot;,&quot;if_value&quot;:&quot;Pru00f3-Reitoria de Graduau00e7u00e3o e Educau00e7u00e3o Profissional u2013 PROGRAD&quot;}]},{&quot;then_field&quot;:&quot;grupo_Curso_Qualificacao&quot;,&quot;and_rules&quot;:[{&quot;if_field&quot;:&quot;Pro_Reitoria&quot;,&quot;operator&quot;:&quot;equals&quot;,&quot;if_value&quot;:&quot;Pru00f3-Reitoria de Graduau00e7u00e3o e Educau00e7u00e3o Profissional u2013 PROGRAD&quot;}]},{&quot;then_field&quot;:&quot;grupo_Curso_Qualificacao&quot;,&quot;and_rules&quot;:[{&quot;if_field&quot;:&quot;Pro_Reitoria&quot;,&quot;operator&quot;:&quot;equals&quot;,&quot;if_value&quot;:&quot;Pru00f3-Reitoria de Gestu00e3o de Pessoas u2013 PROGEPE&quot;}]},{&quot;then_field&quot;:&quot;grupo_Curso_Extensao&quot;,&quot;and_rules&quot;:[{&quot;if_field&quot;:&quot;Pro_Reitoria&quot;,&quot;operator&quot;:&quot;equals&quot;,&quot;if_value&quot;:&quot;Nu00e3o pertence a nenhuma Pru00f3-Reitoria listada&quot;}]},{&quot;then_field&quot;:&quot;grupo_Curso_Graduacao&quot;,&quot;and_rules&quot;:[{&quot;if_field&quot;:&quot;Pro_Reitoria&quot;,&quot;operator&quot;:&quot;equals&quot;,&quot;if_value&quot;:&quot;Nu00e3o pertence a nenhuma Pru00f3-Reitoria listada&quot;}]},{&quot;then_field&quot;:&quot;grupo_Curso_Pos-graduacao&quot;,&quot;and_rules&quot;:[{&quot;if_field&quot;:&quot;Pro_Reitoria&quot;,&quot;operator&quot;:&quot;equals&quot;,&quot;if_value&quot;:&quot;Nu00e3o pertence a nenhuma Pru00f3-Reitoria listada&quot;}]},{&quot;then_field&quot;:&quot;grupo_Curso_Qualificacao&quot;,&quot;and_rules&quot;:[{&quot;if_field&quot;:&quot;Pro_Reitoria&quot;,&quot;operator&quot;:&quot;equals&quot;,&quot;if_value&quot;:&quot;Nu00e3o pertence a nenhuma Pru00f3-Reitoria listada&quot;}]}],&quot;settings&quot;:{&quot;animation&quot;:&quot;yes&quot;,&quot;animation_intime&quot;:200,&quot;animation_outtime&quot;:200,&quot;notice_dismissed&quot;:false,&quot;regex_numeric&quot;:&quot;^[0-9]+$&quot;,&quot;regex_alphabetic&quot;:&quot;^[a-zA-Z]+$&quot;,&quot;regex_alphanumeric&quot;:&quot;^[a-zA-Z0-9]+$&quot;,&quot;regex_date&quot;:&quot;^(0?[1-9]|1[012])[- .](0?[1-9]|[12][0-9]|3[01])[- \/.](19|20)?[0-9]{2}$&quot;,&quot;regex_email&quot;:&quot;^[a-zA-Z0-9._%-]+@[a-zA-Z0-9.-]+.[a-zA-Z]{2,4}$&quot;,&quot;regex_numeric_label&quot;:&quot;numeric&quot;,&quot;regex_alphabetic_label&quot;:&quot;alphabetic&quot;,&quot;regex_alphanumeric_label&quot;:&quot;alphanumeric&quot;,&quot;regex_date_label&quot;:&quot;date&quot;,&quot;regex_email_label&quot;:&quot;email&quot;,&quot;regex_custom_1&quot;:&quot;&quot;,&quot;regex_custom_2&quot;:&quot;&quot;,&quot;regex_custom_3&quot;:&quot;&quot;,&quot;regex_custom_4&quot;:&quot;&quot;,&quot;regex_custom_5&quot;:&quot;&quot;,&quot;regex_custom_1_label&quot;:&quot;custom 1&quot;,&quot;regex_custom_2_label&quot;:&quot;custom 2&quot;,&quot;regex_custom_3_label&quot;:&quot;custom 3&quot;,&quot;regex_custom_4_label&quot;:&quot;custom 4&quot;,&quot;regex_custom_5_label&quot;:&quot;custom 5&quot;}}\" \/><\/p>\n<p align=\"Justify\"><span style=\"font-size: small;\"><b> Em atendimento ao Of\u00edcio 3057495 do processo 23075.058945\/2020-02 convocamos a todas as unidades administrativas da UFPR que preencham o formul\u00e1rio abaixo o qual servir\u00e1 para a compila\u00e7\u00e3o dos dados relativos \u00e0 EaD dos cursos em andamento no ano de 2020 no Portal dos Indicadores (<a href=\"https:\/\/indicadores.ufpr.br\/\">https:\/\/indicadores.ufpr.br)<\/a> <\/b><\/span><\/p>\n<p>&nbsp;<\/p>\n<fieldset>\n<legend>Informa\u00e7\u00f5es<\/legend>\n<p>Nome do respons\u00e1vel pelo envio das informa\u00e7\u00f5es: <input name=\"Nome_Contato\" size=\"40\" type=\"text\" value=\"\" aria-required=\"true\" aria-invalid=\"false\" \/><br \/>\nEmail para contato: <input name=\"Email_Contato\" size=\"40\" type=\"email\" value=\"\" aria-required=\"true\" aria-invalid=\"false\" \/><br \/>\nPr\u00f3-Reitoria:<select name=\"Pro_Reitoria\" aria-invalid=\"false\"><option value=\"\">&#8212;<\/option><option value=\"N\u00e3o pertence a nenhuma Pr\u00f3-Reitoria listada\">N\u00e3o pertence a nenhuma Pr\u00f3-Reitoria listada<\/option><option value=\"Pr\u00f3-Reitoria de Administra\u00e7\u00e3o \u2013 PRA\">Pr\u00f3-Reitoria de Administra\u00e7\u00e3o \u2013 PRA<\/option><option value=\"Pr\u00f3-Reitoria de Assuntos Estudantis \u2013 PRAE\">Pr\u00f3-Reitoria de Assuntos Estudantis \u2013 PRAE<\/option><option value=\"Pr\u00f3-Reitoria Extens\u00e3o e Cultura \u2013 PROEC\">Pr\u00f3-Reitoria Extens\u00e3o e Cultura \u2013 PROEC<\/option><option value=\"Pr\u00f3-Reitoria de Gest\u00e3o de Pessoas \u2013 PROGEPE\">Pr\u00f3-Reitoria de Gest\u00e3o de Pessoas \u2013 PROGEPE<\/option><option value=\"Pr\u00f3-Reitoria de Gradua\u00e7\u00e3o e Educa\u00e7\u00e3o Profissional \u2013 PROGRAD\">Pr\u00f3-Reitoria de Gradua\u00e7\u00e3o e Educa\u00e7\u00e3o Profissional \u2013 PROGRAD<\/option><option value=\"Pr\u00f3-Reitoria de Pesquisa e P\u00f3s-Gradua\u00e7\u00e3o \u2013 PRPPG\">Pr\u00f3-Reitoria de Pesquisa e P\u00f3s-Gradua\u00e7\u00e3o \u2013 PRPPG<\/option><option value=\"Pr\u00f3-Reitoria de Planejamento, Or\u00e7amento e Finan\u00e7as \u2013 PROPLAN\">Pr\u00f3-Reitoria de Planejamento, Or\u00e7amento e Finan\u00e7as \u2013 PROPLAN<\/option><\/select><br \/>\nUnidade\/Setor\/Departamento:<input name=\"Setor_Departamento\" size=\"40\" type=\"text\" value=\"\" aria-required=\"true\" aria-invalid=\"false\" \/><\/fieldset>\n<fieldset>Caso queira fazer o upload do seu documento com os dados compilados, insira aqui em formato Planilha (*.xlsx, *.xls, *.csv, *.ods):<\/p>\n<p><input accept=\".xlsx,.xlx,.csv,.ods\" name=\"arquivo_Dados_Cursos\" size=\"40\" type=\"file\" aria-invalid=\"false\" \/><\/fieldset>\n<fieldset>\n<legend>Curso de Extens\u00e3o<\/legend>\n<p>Nome do Curso: <input name=\"Nome_Curso_de_Extensao\" size=\"40\" type=\"text\" value=\"\" aria-invalid=\"false\" \/><br \/>\nAno de in\u00edcio: <input max=\"2021\" min=\"2000\" name=\"Ano_Inicio_Curso_Extensao\" type=\"number\" value=\"\" aria-invalid=\"false\" \/><br \/>\nAno de t\u00e9rmino do curso (ou previs\u00e3o): <input max=\"2030\" min=\"2000\" name=\"Ano_Termino_Curso_Extensao\" type=\"number\" value=\"\" aria-invalid=\"false\" \/><br \/>\nN\u00famero de matriculados: <input name=\"Num_Matriculados_Curso_Extensao\" type=\"number\" value=\"\" aria-invalid=\"false\" \/><br \/>\nN\u00famero de alunos cursando: <input name=\"Num_Alunos_Cursando_Curso_Extensao\" type=\"number\" value=\"\" aria-invalid=\"false\" \/><br \/>\nN\u00famero de concluintes: <input name=\"Num_Concluintes_Curso_Extensao\" type=\"number\" value=\"\" aria-invalid=\"false\" \/><\/fieldset>\n<p><input name=\"rep-1_count\" type=\"hidden\" value=\"\" \/><button type=\"button\">+<\/button><button type=\"button\">&#8211;<\/button><\/p>\n<p>&nbsp;<\/p>\n<fieldset>\n<legend>Curso de Gradua\u00e7\u00e3o<\/legend>\n<p>Nome do Curso: <input name=\"Nome_Curso_de_Graduacao\" size=\"40\" type=\"text\" value=\"\" aria-invalid=\"false\" \/><br \/>\nAno de in\u00edcio: <input max=\"2021\" min=\"2000\" name=\"Ano_Inicio_Curso_Graduacao\" type=\"number\" value=\"\" aria-invalid=\"false\" \/><br \/>\nAno de t\u00e9rmino do curso (ou previs\u00e3o): <input max=\"2030\" min=\"2000\" name=\"Ano_Termino_Curso_Graduacao\" type=\"number\" value=\"\" aria-invalid=\"false\" \/><br \/>\nN\u00famero de matriculados: <input name=\"Num_Matriculados_Curso_Graduacao\" type=\"number\" value=\"\" aria-invalid=\"false\" \/><br \/>\nN\u00famero de alunos cursando: <input name=\"Num_Alunos_Cursando_Curso_Graduacao\" type=\"number\" value=\"\" aria-invalid=\"false\" \/><br \/>\nN\u00famero de concluintes: <input name=\"Num_Concluintes_Curso_Graduacao\" type=\"number\" value=\"\" aria-invalid=\"false\" \/><\/fieldset>\n<p><input name=\"rep-2_count\" type=\"hidden\" value=\"\" \/><button type=\"button\">+<\/button><button type=\"button\">&#8211;<\/button><\/p>\n<p>&nbsp;<\/p>\n<fieldset>\n<legend>Curso de P\u00f3s-gradua\u00e7\u00e3o<\/legend>\n<p>Nome do Curso: <input name=\"Nome_Curso_de_Pos_Graduacao\" size=\"40\" type=\"text\" value=\"\" aria-invalid=\"false\" \/><br \/>\nAno de in\u00edcio: <input max=\"2021\" min=\"2000\" name=\"Ano_Inicio_Curso_Pos_Graduacao\" type=\"number\" value=\"\" aria-invalid=\"false\" \/><br \/>\nAno de t\u00e9rmino do curso (ou previs\u00e3o): <input max=\"2030\" min=\"2000\" name=\"Ano_Termino_Curso_Pos_Graduacao\" type=\"number\" value=\"\" aria-invalid=\"false\" \/><br \/>\nN\u00famero de matriculados: <input name=\"Num_Matriculados_Curso_Pos_Graduacao\" type=\"number\" value=\"\" aria-invalid=\"false\" \/><br \/>\nN\u00famero de alunos cursando: <input name=\"Num_Alunos_Cursando_Curso_Pos_Graduacao\" type=\"number\" value=\"\" aria-invalid=\"false\" \/><br \/>\nN\u00famero de concluintes: <input name=\"Num_Concluintes_Curso_Pos_Graduacao\" type=\"number\" value=\"\" aria-invalid=\"false\" \/><\/fieldset>\n<p><input name=\"rep-2_count\" type=\"hidden\" value=\"\" \/><button type=\"button\">+<\/button><button type=\"button\">&#8211;<\/button><\/p>\n<p>&nbsp;<\/p>\n<fieldset>\n<legend>Curso de Qualifica\u00e7\u00e3o\/Capacita\u00e7\u00e3o<\/legend>\n<p>Nome do Curso: <input name=\"Nome_Curso_de_Qualificacao\" size=\"40\" type=\"text\" value=\"\" aria-invalid=\"false\" \/><br \/>\nAno de in\u00edcio: <input max=\"2021\" min=\"2000\" name=\"Ano_Inicio_Curso_Qualificacao\" type=\"number\" value=\"\" aria-invalid=\"false\" \/><br \/>\nAno de t\u00e9rmino do curso (ou previs\u00e3o): <input max=\"2030\" min=\"2000\" name=\"Ano_Termino_Curso_Qualificacao\" type=\"number\" value=\"\" aria-invalid=\"false\" \/><br \/>\nN\u00famero de matriculados: <input name=\"Num_Matriculados_Curso_Qualificacao\" type=\"number\" value=\"\" aria-invalid=\"false\" \/><br \/>\nN\u00famero de alunos cursando: <input name=\"Num_Alunos_Cursando_Curso_Qualificacao\" type=\"number\" value=\"\" aria-invalid=\"false\" \/><br \/>\nN\u00famero de concluintes: <input name=\"Num_Concluintes_Curso_Qualificacao\" type=\"number\" value=\"\" aria-invalid=\"false\" \/><\/fieldset>\n<p><input name=\"rep-2_count\" type=\"hidden\" value=\"\" \/><button type=\"button\">+<\/button><button type=\"button\">&#8211;<\/button><\/p>\n<p><input type=\"submit\" value=\"Enviar\" \/><\/p>\n<\/form>\n","protected":false},"excerpt":{"rendered":"<p>Em atendimento ao Of\u00edcio 3057495 do processo 23075.058945\/2020-02 convocamos a todas as unidades administrativas da UFPR que preencham o formul\u00e1rio abaixo o qual servir\u00e1 para a compila\u00e7\u00e3o dos dados relativos \u00e0 EaD dos cursos em andamento no ano de 2020 no Portal dos Indicadores (https:\/\/indicadores.ufpr.br) &nbsp; Informa\u00e7\u00f5es Nome do respons\u00e1vel pelo envio das informa\u00e7\u00f5es: Email [&hellip;]<\/p>\n","protected":false},"author":14,"featured_media":0,"parent":0,"menu_order":0,"comment_status":"closed","ping_status":"closed","template":"","meta":{"footnotes":""},"class_list":["post-3873","page","type-page","status-publish","hentry"],"_links":{"self":[{"href":"https:\/\/ufpr.br\/seadip\/wp-json\/wp\/v2\/pages\/3873","targetHints":{"allow":["GET"]}}],"collection":[{"href":"https:\/\/ufpr.br\/seadip\/wp-json\/wp\/v2\/pages"}],"about":[{"href":"https:\/\/ufpr.br\/seadip\/wp-json\/wp\/v2\/types\/page"}],"author":[{"embeddable":true,"href":"https:\/\/ufpr.br\/seadip\/wp-json\/wp\/v2\/users\/14"}],"replies":[{"embeddable":true,"href":"https:\/\/ufpr.br\/seadip\/wp-json\/wp\/v2\/comments?post=3873"}],"version-history":[{"count":17,"href":"https:\/\/ufpr.br\/seadip\/wp-json\/wp\/v2\/pages\/3873\/revisions"}],"predecessor-version":[{"id":3891,"href":"https:\/\/ufpr.br\/seadip\/wp-json\/wp\/v2\/pages\/3873\/revisions\/3891"}],"wp:attachment":[{"href":"https:\/\/ufpr.br\/seadip\/wp-json\/wp\/v2\/media?parent=3873"}],"curies":[{"name":"wp","href":"https:\/\/api.w.org\/{rel}","templated":true}]}}