{"id":3850,"date":"2020-11-24T15:28:32","date_gmt":"2020-11-24T18:28:32","guid":{"rendered":"https:\/\/ufpr.br\/?page=3850"},"modified":"2020-11-24T21:10:47","modified_gmt":"2020-11-25T00:10:47","slug":"formulario-unidades-administrativas","status":"publish","type":"page","link":"https:\/\/ufpr.br\/seadip\/formulario-unidades-administrativas\/","title":{"rendered":"FORMUL\u00c1RIO &#8211; UNIDADES ADMINISTRATIVAS"},"content":{"rendered":"<form action=\"\/wp-admin\/admin-ajax.php#wpcf7-f4421-o1\" method=\"post\" novalidate=\"novalidate\">\n<input type=\"hidden\" name=\"_wpcf7\" value=\"4421\" \/><br \/>\n<input type=\"hidden\" name=\"_wpcf7_version\" value=\"5.1.4\" \/><br \/>\n<input type=\"hidden\" name=\"_wpcf7_locale\" value=\"pt_BR\" \/><br \/>\n<input type=\"hidden\" name=\"_wpcf7_unit_tag\" value=\"wpcf7-f4421-o1\" \/><br \/>\n<input type=\"hidden\" name=\"_wpcf7_container_post\" value=\"0\" \/><br \/>\n<input type=\"hidden\" name=\"_wpcf7cf_hidden_group_fields\" value=\"\" \/><br \/>\n<input type=\"hidden\" name=\"_wpcf7cf_hidden_groups\" value=\"\" \/><br \/>\n<input type=\"hidden\" name=\"_wpcf7cf_visible_groups\" value=\"\" \/><br \/>\n<input type=\"hidden\" name=\"_wpcf7cf_repeaters\" value=\"[]\" \/><br \/>\n<input type=\"hidden\" name=\"_wpcf7cf_steps\" value=\"{}\" \/><br \/>\n<input type=\"hidden\" name=\"_wpcf7cf_options\" value=\"{&quot;form_id&quot;:4421,&quot;conditions&quot;:[{&quot;then_field&quot;:&quot;grupoPROGEPE&quot;,&quot;and_rules&quot;:[{&quot;if_field&quot;:&quot;Pr-Reitoria:&quot;,&quot;operator&quot;:&quot;equals&quot;,&quot;if_value&quot;:&quot;Pru00f3-Reitoria de Gestu00e3o de Pessoas u2013 PROGEPE&quot;}]},{&quot;then_field&quot;:&quot;grupoPRA&quot;,&quot;and_rules&quot;:[{&quot;if_field&quot;:&quot;Pr-Reitoria:&quot;,&quot;operator&quot;:&quot;equals&quot;,&quot;if_value&quot;:&quot;Pru00f3-Reitoria de Administrau00e7u00e3o u2013 PRA&quot;}]},{&quot;then_field&quot;:&quot;grupoPRAE&quot;,&quot;and_rules&quot;:[{&quot;if_field&quot;:&quot;Pr-Reitoria:&quot;,&quot;operator&quot;:&quot;equals&quot;,&quot;if_value&quot;:&quot;Pru00f3-Reitoria de Assuntos Estudantis u2013 PRAE&quot;}]},{&quot;then_field&quot;:&quot;grupoPROEC&quot;,&quot;and_rules&quot;:[{&quot;if_field&quot;:&quot;Pr-Reitoria:&quot;,&quot;operator&quot;:&quot;equals&quot;,&quot;if_value&quot;:&quot;Pru00f3-Reitoria Extensu00e3o e Cultura u2013 PROEC&quot;}]},{&quot;then_field&quot;:&quot;PROGEPECoordAtencaoIntegralSaudedoServidor&quot;,&quot;and_rules&quot;:[{&quot;if_field&quot;:&quot;unidadesPROGEPE&quot;,&quot;operator&quot;:&quot;equals&quot;,&quot;if_value&quot;:&quot;Coordenadoria de Atenu00e7u00e3o Integral u00e0 Sau00fade do Servidor&quot;}]},{&quot;then_field&quot;:&quot;PROGEPECoordDesenvPessoas&quot;,&quot;and_rules&quot;:[{&quot;if_field&quot;:&quot;unidadesPROGEPE&quot;,&quot;operator&quot;:&quot;equals&quot;,&quot;if_value&quot;:&quot;Coordenadoria de Desenvolvimento de Pessoas&quot;}]},{&quot;then_field&quot;:&quot;PROGEPECoordPlandePessoal&quot;,&quot;and_rules&quot;:[{&quot;if_field&quot;:&quot;unidadesPROGEPE&quot;,&quot;operator&quot;:&quot;equals&quot;,&quot;if_value&quot;:&quot;Coordenadoria de Planejamento de Pessoal&quot;}]},{&quot;then_field&quot;:&quot;PROGEPEDeptoAdminPessoal&quot;,&quot;and_rules&quot;:[{&quot;if_field&quot;:&quot;unidadesPROGEPE&quot;,&quot;operator&quot;:&quot;equals&quot;,&quot;if_value&quot;:&quot;Departamento de Administrau00e7u00e3o de Pessoal&quot;}]},{&quot;then_field&quot;:&quot;grupoPROGRAD&quot;,&quot;and_rules&quot;:[{&quot;if_field&quot;:&quot;Pr-Reitoria:&quot;,&quot;operator&quot;:&quot;equals&quot;,&quot;if_value&quot;:&quot;Pru00f3-Reitoria de Graduau00e7u00e3o e Educau00e7u00e3o Profissional u2013 PROGRAD&quot;}]},{&quot;then_field&quot;:&quot;group-PRPPG&quot;,&quot;and_rules&quot;:[{&quot;if_field&quot;:&quot;Pr-Reitoria:&quot;,&quot;operator&quot;:&quot;equals&quot;,&quot;if_value&quot;:&quot;Pru00f3-Reitoria de Pesquisa e Pu00f3s-Graduau00e7u00e3o u2013 PRPPG&quot;}]},{&quot;then_field&quot;:&quot;grupoPROPLAN&quot;,&quot;and_rules&quot;:[{&quot;if_field&quot;:&quot;Pr-Reitoria:&quot;,&quot;operator&quot;:&quot;equals&quot;,&quot;if_value&quot;:&quot;Pru00f3-Reitoria de Planejamento, Oru00e7amento e Finanu00e7as u2013 PROPLAN&quot;}]},{&quot;then_field&quot;:&quot;grupo-Cursos_de_Extensao&quot;,&quot;and_rules&quot;:[{&quot;if_field&quot;:&quot;Pr-Reitoria:&quot;,&quot;operator&quot;:&quot;equals&quot;,&quot;if_value&quot;:&quot;Pru00f3-Reitoria de Planejamento, Oru00e7amento e Finanu00e7as u2013 PROPLAN&quot;}]},{&quot;then_field&quot;:&quot;grupo-Cursos_de_Capacitacao&quot;,&quot;and_rules&quot;:[{&quot;if_field&quot;:&quot;Pr-Reitoria:&quot;,&quot;operator&quot;:&quot;equals&quot;,&quot;if_value&quot;:&quot;Pru00f3-Reitoria de Administrau00e7u00e3o u2013 PRA&quot;}]}],&quot;settings&quot;:{&quot;animation&quot;:&quot;yes&quot;,&quot;animation_intime&quot;:200,&quot;animation_outtime&quot;:200,&quot;conditions_ui&quot;:&quot;normal&quot;,&quot;notice_dismissed&quot;:false}}\" \/><\/p>\n<p><label> Nome:<br \/>\n    <input type=\"text\" name=\"your-name\" value=\"\" size=\"40\" aria-required=\"true\" aria-invalid=\"false\" \/> <\/label><\/p>\n<p><label> Email para contato:<br \/>\n    <input type=\"email\" name=\"your-email\" value=\"\" size=\"40\" aria-required=\"true\" aria-invalid=\"false\" \/> <\/label><\/p>\n<p><label> Pr\u00f3-Reitoria:<br \/>\n<select name=\"Pr-Reitoria:\" aria-required=\"true\" aria-invalid=\"false\"><option value=\"\">&#8212;<\/option><option value=\"Pr\u00f3-Reitoria de Administra\u00e7\u00e3o \u2013 PRA\">Pr\u00f3-Reitoria de Administra\u00e7\u00e3o \u2013 PRA<\/option><option value=\"Pr\u00f3-Reitoria de Assuntos Estudantis \u2013 PRAE\">Pr\u00f3-Reitoria de Assuntos Estudantis \u2013 PRAE<\/option><option value=\"Pr\u00f3-Reitoria Extens\u00e3o e Cultura \u2013 PROEC\">Pr\u00f3-Reitoria Extens\u00e3o e Cultura \u2013 PROEC<\/option><option value=\"Pr\u00f3-Reitoria de Gest\u00e3o de Pessoas \u2013 PROGEPE\">Pr\u00f3-Reitoria de Gest\u00e3o de Pessoas \u2013 PROGEPE<\/option><option value=\"Pr\u00f3-Reitoria de Gradua\u00e7\u00e3o e Educa\u00e7\u00e3o Profissional \u2013 PROGRAD\">Pr\u00f3-Reitoria de Gradua\u00e7\u00e3o e Educa\u00e7\u00e3o Profissional \u2013 PROGRAD<\/option><option value=\"Pr\u00f3-Reitoria de Pesquisa e P\u00f3s-Gradua\u00e7\u00e3o \u2013 PRPPG\">Pr\u00f3-Reitoria de Pesquisa e P\u00f3s-Gradua\u00e7\u00e3o \u2013 PRPPG<\/option><option value=\"Pr\u00f3-Reitoria de Planejamento, Or\u00e7amento e Finan\u00e7as \u2013 PROPLAN\">Pr\u00f3-Reitoria de Planejamento, Or\u00e7amento e Finan\u00e7as \u2013 PROPLAN<\/option><\/select><\/label><\/p>\n<p><label> Setor\/Departamento:<br \/>\n<select name=\"deptoPRA\" aria-required=\"true\" aria-invalid=\"false\"><option value=\"\">&#8212;<\/option><option value=\"Almoxarifados\">Almoxarifados<\/option><option value=\"Central de Transportes\">Central de Transportes<\/option><option value=\"Centro de Computa\u00e7\u00e3o Eletr\u00f4nica\">Centro de Computa\u00e7\u00e3o Eletr\u00f4nica<\/option><option value=\"Departamento de Log\u00edstica\">Departamento de Log\u00edstica<\/option><option value=\"Imprensa Universit\u00e1ria\">Imprensa Universit\u00e1ria<\/option><option value=\"Restaurante Universit\u00e1rio\">Restaurante Universit\u00e1rio<\/option><option value=\"Departamento de Licita\u00e7\u00f5es e Contrata\u00e7\u00f5es\">Departamento de Licita\u00e7\u00f5es e Contrata\u00e7\u00f5es<\/option><\/select> <\/label><br \/>\n<label> Setor\/Departamento:<br \/>\n<select name=\"deptoPRAE\" aria-invalid=\"false\"><option value=\"\">&#8212;<\/option><option value=\"Gabinete da Pr\u00f3-Reitoria\">Gabinete da Pr\u00f3-Reitoria<\/option><option value=\"Coordena\u00e7\u00e3o de Assist\u00eancia Estudantil \u2013 CAE\">Coordena\u00e7\u00e3o de Assist\u00eancia Estudantil \u2013 CAE<\/option><option value=\"Unidade de Apoio Psicossocial \u2013 UAPS\">Unidade de Apoio Psicossocial \u2013 UAPS<\/option><option value=\"Coordena\u00e7\u00e3o de Apoio ao Estudantes \u00e0s Entidades Estudantis \u2013 CAEE\">Coordena\u00e7\u00e3o de Apoio ao Estudantes \u00e0s Entidades Estudantis \u2013 CAEE<\/option><option value=\"Unidade de Controle e Execu\u00e7\u00e3o Or\u00e7ament\u00e1ria\">Unidade de Controle e Execu\u00e7\u00e3o Or\u00e7ament\u00e1ria<\/option><option value=\"Arquivo PRAE\">Arquivo PRAE<\/option><\/select><\/label><br \/>\n<label> Setor\/Departamento:<br \/>\n<select name=\"deptoPROEC\" aria-required=\"true\" aria-invalid=\"false\"><option value=\"\">&#8212;<\/option><option value=\"Gabinete da Pr\u00f3-Reitoria de Extens\u00e3o e Cultura da UFPR\">Gabinete da Pr\u00f3-Reitoria de Extens\u00e3o e Cultura da UFPR<\/option><option value=\"Se\u00e7\u00e3o de Controle e Execu\u00e7\u00e3o Or\u00e7ament\u00e1ria - SCEO\">Se\u00e7\u00e3o de Controle e Execu\u00e7\u00e3o Or\u00e7ament\u00e1ria &#8211; SCEO<\/option><option value=\"Unidade de Apoio Gr\u00e1fico da PROEC\/UFPR - UNIGRAF\">Unidade de Apoio Gr\u00e1fico da PROEC\/UFPR &#8211; UNIGRAF<\/option><option value=\"Unidade de Documenta\u00e7\u00e3o e Arquivo \u2013 UDA\">Unidade de Documenta\u00e7\u00e3o e Arquivo \u2013 UDA<\/option><\/select><\/label><br \/>\n<label> Unidade:<br \/>\n<select name=\"unidadesPROGEPE\" aria-invalid=\"false\"><option value=\"\">&#8212;<\/option><option value=\"Assessoria da PROGEPE\">Assessoria da PROGEPE<\/option><option value=\"Coordenadoria de Aten\u00e7\u00e3o Integral \u00e0 Sa\u00fade do Servidor\">Coordenadoria de Aten\u00e7\u00e3o Integral \u00e0 Sa\u00fade do Servidor<\/option><option value=\"Coordenadoria de Controle e Acompanhamento T\u00e9cnico\">Coordenadoria de Controle e Acompanhamento T\u00e9cnico<\/option><option value=\"Coordenadoria de Desenvolvimento de Pessoas\">Coordenadoria de Desenvolvimento de Pessoas<\/option><option value=\"Coordenadoria de Planejamento de Pessoal\">Coordenadoria de Planejamento de Pessoal<\/option><option value=\"Departamento de Administra\u00e7\u00e3o de Pessoal\">Departamento de Administra\u00e7\u00e3o de Pessoal<\/option><option value=\"Se\u00e7\u00e3o Central de Atendimento ao Servidor\">Se\u00e7\u00e3o Central de Atendimento ao Servidor<\/option><option value=\"Se\u00e7\u00e3o de Almoxarifado e Patrim\u00f4nio\">Se\u00e7\u00e3o de Almoxarifado e Patrim\u00f4nio<\/option><option value=\"Unidade de Apoio Administrativo do Gabinete\">Unidade de Apoio Administrativo do Gabinete<\/option><option value=\"Unidade de Controle e Execu\u00e7\u00e3o Or\u00e7ament\u00e1ria\">Unidade de Controle e Execu\u00e7\u00e3o Or\u00e7ament\u00e1ria<\/option><option value=\"Unidade de Tecnologia da Informa\u00e7\u00e3o\">Unidade de Tecnologia da Informa\u00e7\u00e3o<\/option><\/select><\/label><br \/>\n<label><\/label><br \/>\n<label> Setor\/Departamento:<br \/>\n<select name=\"menu-CoordAtencaoIntegralServidor\" aria-invalid=\"false\"><option value=\"\">&#8212;<\/option><option value=\"Se\u00e7\u00e3o Centro de Aten\u00e7\u00e3o \u00e0 Sa\u00fade \u2013 Casa 4\">Se\u00e7\u00e3o Centro de Aten\u00e7\u00e3o \u00e0 Sa\u00fade \u2013 Casa 4<\/option><option value=\"Se\u00e7\u00e3o de Avalia\u00e7\u00e3o e Per\u00edcia de Sa\u00fade\">Se\u00e7\u00e3o de Avalia\u00e7\u00e3o e Per\u00edcia de Sa\u00fade<\/option><option value=\"Se\u00e7\u00e3o de Promo\u00e7\u00e3o \u00e0 Sa\u00fade do Servidor\">Se\u00e7\u00e3o de Promo\u00e7\u00e3o \u00e0 Sa\u00fade do Servidor<\/option><option value=\"Se\u00e7\u00e3o de Servi\u00e7o Social em Sa\u00fade\">Se\u00e7\u00e3o de Servi\u00e7o Social em Sa\u00fade<\/option><option value=\"Unidade Centro de Aten\u00e7\u00e3o \u00e0 Sa\u00fade \u2013 Casa 3\">Unidade Centro de Aten\u00e7\u00e3o \u00e0 Sa\u00fade \u2013 Casa 3<\/option><option value=\"Unidade de Conv\u00eanios e Sa\u00fade Suplementar\">Unidade de Conv\u00eanios e Sa\u00fade Suplementar<\/option><option value=\"Unidade de Sa\u00fade Ocupacional do Servidor\">Unidade de Sa\u00fade Ocupacional do Servidor<\/option><option value=\"Unidade de Seguran\u00e7a do Trabalho\">Unidade de Seguran\u00e7a do Trabalho<\/option><\/select><\/label><br \/>\n<label><\/label><br \/>\n<label> Setor\/Departamento:<br \/>\n<select name=\"menu-CoordDesenvPessoas\" aria-invalid=\"false\"><option value=\"\">&#8212;<\/option><option value=\"Se\u00e7\u00e3o de An\u00e1lise de T\u00edtulos\">Se\u00e7\u00e3o de An\u00e1lise de T\u00edtulos<\/option><option value=\"Se\u00e7\u00e3o de Avalia\u00e7\u00e3o\">Se\u00e7\u00e3o de Avalia\u00e7\u00e3o<\/option><option value=\"Unidade de Capacita\u00e7\u00e3o e Qualifica\u00e7\u00e3o\">Unidade de Capacita\u00e7\u00e3o e Qualifica\u00e7\u00e3o<\/option><\/select><br \/>\n<\/label><br \/>\n<label><\/label><br \/>\n<label> Setor\/Departamento:<br \/>\n<select name=\"menu-CoordenadoriadePlanejamentodePessoal\" aria-invalid=\"false\"><option value=\"\">&#8212;<\/option><option value=\"Unidade de Movimenta\u00e7\u00e3o de Pessoas\">Unidade de Movimenta\u00e7\u00e3o de Pessoas<\/option><option value=\"Unidade de Recrutamento de Pessoas\">Unidade de Recrutamento de Pessoas<\/option><\/select><\/label><br \/>\n<label><\/label><br \/>\n<label> Setor\/Departamento:<br \/>\n<select name=\"menu-DeptoAdminPessoal\" aria-invalid=\"false\"><option value=\"\">&#8212;<\/option><option value=\"Se\u00e7\u00e3o de Aplica\u00e7\u00e3o de Processos Judiciais\">Se\u00e7\u00e3o de Aplica\u00e7\u00e3o de Processos Judiciais<\/option><option value=\"Se\u00e7\u00e3o de Arquivo Funcional\">Se\u00e7\u00e3o de Arquivo Funcional<\/option><option value=\"Unidade de Benef\u00edcios\">Unidade de Benef\u00edcios<\/option><option value=\"Unidade de Controle e Implanta\u00e7\u00e3o de Pagamentos\">Unidade de Controle e Implanta\u00e7\u00e3o de Pagamentos<\/option><option value=\"Unidade de Emiss\u00e3o de Portarias e Controle de Fun\u00e7\u00f5es\">Unidade de Emiss\u00e3o de Portarias e Controle de Fun\u00e7\u00f5es<\/option><option value=\"Unidade de Normatiza\u00e7\u00e3o\">Unidade de Normatiza\u00e7\u00e3o<\/option><option value=\"Unidade de Registros Funcionais e Cadastrais\">Unidade de Registros Funcionais e Cadastrais<\/option><\/select><br \/>\n<\/label><br \/>\n<label> Unidade:<br \/>\n<select name=\"menu-PROGRAD\" aria-required=\"true\" aria-invalid=\"false\"><option value=\"\">&#8212;<\/option><option value=\"Gabinete da Pr\u00f3-Reitoria de Gradua\u00e7\u00e3o e Educa\u00e7\u00e3o Profissional\">Gabinete da Pr\u00f3-Reitoria de Gradua\u00e7\u00e3o e Educa\u00e7\u00e3o Profissional<\/option><option value=\"CIPEAD - Coordenadoria de Integra\u00e7\u00e3o de Pol\u00edticas de Educa\u00e7\u00e3o a Dist\u00e2ncia\">CIPEAD &#8211; Coordenadoria de Integra\u00e7\u00e3o de Pol\u00edticas de Educa\u00e7\u00e3o a Dist\u00e2ncia<\/option><option value=\"COPEG - Coordena\u00e7\u00e3o de Pol\u00edticas de Ensino na Gradua\u00e7\u00e3o\">COPEG &#8211; Coordena\u00e7\u00e3o de Pol\u00edticas de Ensino na Gradua\u00e7\u00e3o<\/option><option value=\"UAB - Universidade Aberta do Brasil na UFPR\">UAB &#8211; Universidade Aberta do Brasil na UFPR<\/option><option value=\"COSIS \u2013 Coordena\u00e7\u00e3o de Sistemas de Informa\u00e7\u00e3o para Gest\u00e3o Acad\u00eamica\">COSIS \u2013 Coordena\u00e7\u00e3o de Sistemas de Informa\u00e7\u00e3o para Gest\u00e3o Acad\u00eamica<\/option><option value=\"COPAP \u2013 Coordena\u00e7\u00e3o de Pol\u00edticas de Acesso e Perman\u00eancia\">COPAP \u2013 Coordena\u00e7\u00e3o de Pol\u00edticas de Acesso e Perman\u00eancia<\/option><option value=\"COAFE \u2013 Coordena\u00e7\u00e3o de Atividades Formativas\">COAFE \u2013 Coordena\u00e7\u00e3o de Atividades Formativas<\/option><option value=\"COPAC \u2013 Coordena\u00e7\u00e3o de Projetos e An\u00e1lise Curricular\">COPAC \u2013 Coordena\u00e7\u00e3o de Projetos e An\u00e1lise Curricular<\/option><option value=\"Unidade de Est\u00e1gios\">Unidade de Est\u00e1gios<\/option><option value=\"Coordena\u00e7\u00e3o Geral do N\u00facleo de Concursos \u2013 NC\">Coordena\u00e7\u00e3o Geral do N\u00facleo de Concursos \u2013 NC<\/option><\/select><\/label><br \/>\n<label> Setor\/Departamento:<br \/>\n<select name=\"menu-PRPPG\" aria-required=\"true\" aria-invalid=\"false\"><option value=\"\">&#8212;<\/option><option value=\"Gabinete da Pr\u00f3-reitoria de Pesquisa e P\u00f3s-gradua\u00e7\u00e3o\">Gabinete da Pr\u00f3-reitoria de Pesquisa e P\u00f3s-gradua\u00e7\u00e3o<\/option><option value=\"Coordenadoria de Pesquisa Cient\u00edfica e Desenvolvimento Tecnol\u00f3gico\">Coordenadoria de Pesquisa Cient\u00edfica e Desenvolvimento Tecnol\u00f3gico<\/option><option value=\"Coordenadoria dos Programas de P\u00f3s-Gradua\u00e7\u00e3o Stricto Sensu\">Coordenadoria dos Programas de P\u00f3s-Gradua\u00e7\u00e3o Stricto Sensu<\/option><option value=\"Se\u00e7\u00e3o de Diplomas e Certificados\">Se\u00e7\u00e3o de Diplomas e Certificados<\/option><option value=\"Coordenadoria dos Cursos de P\u00f3s-gradua\u00e7\u00e3o Lato Sensu\">Coordenadoria dos Cursos de P\u00f3s-gradua\u00e7\u00e3o Lato Sensu<\/option><option value=\"Coordenadoria de Inicia\u00e7\u00e3o Cient\u00edfica e Tecnol\u00f3gica \u2013 ICT\">Coordenadoria de Inicia\u00e7\u00e3o Cient\u00edfica e Tecnol\u00f3gica \u2013 ICT<\/option><option value=\"Unidade de Controle e Execu\u00e7\u00e3o Or\u00e7ament\u00e1ria \u2013 UCEO\">Unidade de Controle e Execu\u00e7\u00e3o Or\u00e7ament\u00e1ria \u2013 UCEO<\/option><option value=\"Se\u00e7\u00e3o de Apoio a Internacionaliza\u00e7\u00e3o da P\u00f3s-Gradua\u00e7\u00e3o e da Pesquisa \u2013 SIPPG\/PRINT\">Se\u00e7\u00e3o de Apoio a Internacionaliza\u00e7\u00e3o da P\u00f3s-Gradua\u00e7\u00e3o e da Pesquisa \u2013 SIPPG\/PRINT<\/option><\/select><br \/>\n<\/label><br \/>\n<label> Unidade:<br \/>\n<select name=\"menu-PROPLAN\" aria-invalid=\"false\"><option value=\"\">&#8212;<\/option><option value=\"CGR \u2013 Coordenadoria de Governan\u00e7a e Riscos\">CGR \u2013 Coordenadoria de Governan\u00e7a e Riscos<\/option><option value=\"CPCO \u2013 Coordenadoria de Programa\u00e7\u00e3o e Controle Or\u00e7ament\u00e1rio\">CPCO \u2013 Coordenadoria de Programa\u00e7\u00e3o e Controle Or\u00e7ament\u00e1rio<\/option><option value=\"CPI \u2013 Coordenadoria de Planejamento Institucional\">CPI \u2013 Coordenadoria de Planejamento Institucional<\/option><option value=\"CRI \u2013 Coordenadoria de Rela\u00e7\u00f5es Institucionais\">CRI \u2013 Coordenadoria de Rela\u00e7\u00f5es Institucionais<\/option><option value=\"DCF \u2013 Departamento de Contabilidade e Finan\u00e7as\">DCF \u2013 Departamento de Contabilidade e Finan\u00e7as<\/option><\/select><\/label><br \/>\n<label><\/label><br \/>\n<label><\/label><br \/>\n<label> CURSOS DE EXTENS\u00c3O <\/label><br \/>\n<label> Nome do Curso:<br \/>\n<input type=\"text\" name=\"nome_curso_de_extensao\" value=\"\" size=\"40\" aria-required=\"true\" aria-invalid=\"false\" \/> <\/label><br \/>\n<label>Ano de in\u00edcio:<br \/>\n<input type=\"number\" name=\"ano_inicio_curso_extensao\" value=\"\" min=\"2000\" max=\"2020\" aria-invalid=\"false\" \/><\/label><br \/>\n<label>Ano de t\u00e9rmino do curso (ou previs\u00e3o):<br \/>\n<input type=\"number\" name=\"ano_termino_cursos_extensao\" value=\"\" min=\"2000\" max=\"2020\" aria-invalid=\"false\" \/><\/label><br \/>\n<label>N\u00famero de matriculados:<br \/>\n<input type=\"number\" name=\"num_matriculados_cursos_extensao\" value=\"\" aria-invalid=\"false\" \/><\/label><br \/>\n<label>N\u00famero de alunos cursando:<br \/>\n<input type=\"number\" name=\"num_alunos_cursando_cursos_extensao\" value=\"\" aria-invalid=\"false\" \/><\/label><br \/>\n<label>N\u00famero de concluintes:<br \/>\n<input type=\"number\" name=\"num_concluintes_cursos_extensao\" value=\"\" aria-required=\"true\" aria-invalid=\"false\" \/><\/label><br \/>\n<label> CURSOS DE GRADUA\u00c7\u00c3O<\/label><br \/>\n<label><\/label><br \/>\n<label><\/label><br \/>\n<label> Nome do Curso:<br \/>\n<input type=\"text\" name=\"nome_curso_de_graduacao\" value=\"\" size=\"40\" aria-invalid=\"false\" \/><br \/>\n<\/label><br \/>\n<label>Ano de in\u00edcio:<br \/>\n<input type=\"number\" name=\"ano_inicio_curso_graduacao\" value=\"\" min=\"2000\" max=\"2020\" aria-invalid=\"false\" \/><br \/>\n<\/label><br \/>\n<label>Ano de t\u00e9rmino do curso (ou previs\u00e3o):<br \/>\n<input type=\"number\" name=\"ano_termino_cursos_graduacao\" value=\"\" min=\"2000\" max=\"2020\" aria-invalid=\"false\" \/><br \/>\n<\/label><br \/>\n<label>N\u00famero de matriculados:<br \/>\n<input type=\"number\" name=\"num_matriculados_cursos_graduacao\" value=\"\" aria-invalid=\"false\" \/><br \/>\n<\/label><br \/>\n<label>N\u00famero de alunos cursando:<br \/>\n<input type=\"number\" name=\"num_alunos_cursando_cursos_graduacao\" value=\"\" aria-invalid=\"false\" \/><br \/>\n<\/label><br \/>\n<label>N\u00famero de concluintes:<br \/>\n<input type=\"number\" name=\"num_concluintes_cursos_graduacao\" value=\"\" aria-required=\"true\" aria-invalid=\"false\" \/><br \/>\n<\/label><br \/>\n<label> CURSOS DE P\u00d3S-GRADUA\u00c7\u00c3O<\/label><br \/>\n<label><\/label><br \/>\n<label><\/label><br \/>\n<label> Nome do Curso:<br \/>\n<input type=\"text\" name=\"nome_curso_de_pos-graduacao\" value=\"\" size=\"40\" aria-invalid=\"false\" \/><br \/>\n<\/label><br \/>\n<label>Ano de in\u00edcio:<br \/>\n<input type=\"number\" name=\"ano_inicio_curso_pos-graduacao\" value=\"\" min=\"2000\" max=\"2020\" aria-invalid=\"false\" \/><br \/>\n<\/label><br \/>\n<label>Ano de t\u00e9rmino do curso (ou previs\u00e3o):<br \/>\n<input type=\"number\" name=\"ano_termino_cursos_pos-graduacao\" value=\"\" min=\"2000\" max=\"2020\" aria-invalid=\"false\" \/><br \/>\n<\/label><br \/>\n<label>N\u00famero de matriculados:<br \/>\n<input type=\"number\" name=\"num_matriculados_cursos_pos-graduacao\" value=\"\" aria-invalid=\"false\" \/><br \/>\n<\/label><br \/>\n<label>N\u00famero de alunos cursando:<br \/>\n<input type=\"number\" name=\"num_alunos_cursando_cursos_pos-graduacao\" value=\"\" aria-invalid=\"false\" \/><br \/>\n<\/label><br \/>\n<label>N\u00famero de concluintes:<br \/>\n<input type=\"number\" name=\"num_concluintes_cursos_pos-graduacao\" value=\"\" aria-required=\"true\" aria-invalid=\"false\" \/><br \/>\n<\/label><br \/>\n<label><\/label><br \/>\n<label><\/label><br \/>\n<label> CURSOS DE QUALIFICA\u00c7\u00c3O\/CAPACITA\u00c7\u00c3O<\/label><br \/>\n<label> Nome do Curso:<br \/>\n<input type=\"text\" name=\"nome_curso_de_qualificacao\" value=\"\" size=\"40\" aria-invalid=\"false\" \/><\/label><br \/>\n<label>Ano de in\u00edcio:<br \/>\n<input type=\"number\" name=\"ano_inicio_curso_qualificacao\" value=\"\" min=\"2000\" max=\"2020\" aria-invalid=\"false\" \/><\/label><br \/>\n<label>Ano de t\u00e9rmino do curso (ou previs\u00e3o):<br \/>\n<input type=\"number\" name=\"ano_termino_cursos_qualificacao\" value=\"\" min=\"2000\" max=\"2020\" aria-invalid=\"false\" \/><\/label><br \/>\n<label>N\u00famero de matriculados:<br \/>\n<input type=\"number\" name=\"num_matriculados_cursos_qualificacao\" value=\"\" aria-invalid=\"false\" \/><\/label><br \/>\n<label>N\u00famero de alunos cursando:<br \/>\n<input type=\"number\" name=\"num_alunos_cursando_cursos_qualificacao\" value=\"\" aria-invalid=\"false\" \/><\/label><br \/>\n<label>N\u00famero de concluintes:<br \/>\n<input type=\"number\" name=\"num_concluintes_cursos_qualificacao\" value=\"\" aria-required=\"true\" aria-invalid=\"false\" \/><\/label><br \/>\n<\/label><\/p>\n<p><label><\/label><br \/>\n<label><\/label><br \/>\n<input type=\"submit\" value=\"Enviar\" \/><\/p>\n<\/form>\n","protected":false},"excerpt":{"rendered":"<p>Nome: Email para contato: Pr\u00f3-Reitoria: &#8212;Pr\u00f3-Reitoria de Administra\u00e7\u00e3o \u2013 PRAPr\u00f3-Reitoria de Assuntos Estudantis \u2013 PRAEPr\u00f3-Reitoria Extens\u00e3o e Cultura \u2013 PROECPr\u00f3-Reitoria de Gest\u00e3o de Pessoas \u2013 PROGEPEPr\u00f3-Reitoria de Gradua\u00e7\u00e3o e Educa\u00e7\u00e3o Profissional \u2013 PROGRADPr\u00f3-Reitoria de Pesquisa e P\u00f3s-Gradua\u00e7\u00e3o \u2013 PRPPGPr\u00f3-Reitoria de Planejamento, Or\u00e7amento e Finan\u00e7as \u2013 PROPLAN Setor\/Departamento: &#8212;AlmoxarifadosCentral de TransportesCentro de Computa\u00e7\u00e3o Eletr\u00f4nicaDepartamento de Log\u00edsticaImprensa [&hellip;]<\/p>\n","protected":false},"author":14,"featured_media":0,"parent":0,"menu_order":0,"comment_status":"closed","ping_status":"closed","template":"","meta":{"footnotes":""},"class_list":["post-3850","page","type-page","status-publish","hentry"],"_links":{"self":[{"href":"https:\/\/ufpr.br\/seadip\/wp-json\/wp\/v2\/pages\/3850","targetHints":{"allow":["GET"]}}],"collection":[{"href":"https:\/\/ufpr.br\/seadip\/wp-json\/wp\/v2\/pages"}],"about":[{"href":"https:\/\/ufpr.br\/seadip\/wp-json\/wp\/v2\/types\/page"}],"author":[{"embeddable":true,"href":"https:\/\/ufpr.br\/seadip\/wp-json\/wp\/v2\/users\/14"}],"replies":[{"embeddable":true,"href":"https:\/\/ufpr.br\/seadip\/wp-json\/wp\/v2\/comments?post=3850"}],"version-history":[{"count":19,"href":"https:\/\/ufpr.br\/seadip\/wp-json\/wp\/v2\/pages\/3850\/revisions"}],"predecessor-version":[{"id":3871,"href":"https:\/\/ufpr.br\/seadip\/wp-json\/wp\/v2\/pages\/3850\/revisions\/3871"}],"wp:attachment":[{"href":"https:\/\/ufpr.br\/seadip\/wp-json\/wp\/v2\/media?parent=3850"}],"curies":[{"name":"wp","href":"https:\/\/api.w.org\/{rel}","templated":true}]}}