{"id":38,"date":"2019-09-24T11:13:15","date_gmt":"2019-09-24T14:13:15","guid":{"rendered":"https:\/\/ufpr.br\/?page=38"},"modified":"2020-04-14T18:41:47","modified_gmt":"2020-04-14T21:41:47","slug":"localizacao","status":"publish","type":"page","link":"https:\/\/ufpr.br\/seadip\/localizacao\/","title":{"rendered":"LOCALIZA\u00c7\u00c3O"},"content":{"rendered":"<p><iframe frameborder=\"0\" scrolling=\"no\" marginheight=\"0\" marginwidth=\"0\" src=\"https:\/\/maps.google.com\/maps?q=CIPEAD&amp;t=m&amp;z=15&amp;output=embed&amp;iwloc=near\" aria-label=\"CIPEAD\"><\/iframe><br \/>\n\t\t\t<a href=\"https:\/\/ufpr.br\/seadip\/apresentacao\/\">APRESENTA\u00c7\u00c3O<\/a><br \/>\n<a href=\"https:\/\/ufpr.br\/seadip\/historico\/\">HIST\u00d3RICO<\/a><br \/>\n<a href=\"https:\/\/ufpr.br\/seadip\/equipe\/\">EQUIPE<\/a><br \/>\n<a href=\"https:\/\/ufpr.br\/seadip\/planejamento-estrategico\/\">PLANEJAMENTO ESTRAT\u00c9GICO<\/a><br \/>\n<a href=\"https:\/\/ufpr.br\/seadip\/resolucoes-ead\/\">RESOLU\u00c7\u00d5ES EaD<\/a><br \/>\n<a href=\"https:\/\/ufpr.br\/seadip\/clibras\/\">CLIBRAS<\/a><br \/>\n<a href=\"https:\/\/ufpr.br\/seadip\/acesso-ao-rea-parana\/\">REA<\/a><br \/>\n<a href=\"https:\/\/ufpr.br\/seadip\/localizacao\/\">LOCALIZA\u00c7\u00c3O<\/a><br \/>\n<a href=\"https:\/\/ufpr.br\/seadip\/perguntas-frequentes\/\">PERGUNTAS FREQUENTES<\/a><\/p>\n<h3>Mapa do Site<\/h3>\n<ul>\n<li >\n\t\t\t\t\t<a href=\"https:\/\/ufpr.br\/seadip\/inicio\"><br \/>\n\t\t\t\t\t\t\t\t\t\tIn\u00edcio<br \/>\n\t\t\t\t\t\t\t\t\t\t\t<\/a>\n\t\t\t\t\t\t\t\t\t<\/li>\n<li >\n\t\t\t\t\t<a href=\"https:\/\/ufpr.br\/seadip\/apresentacao\/\"><br \/>\n\t\t\t\t\t\t\t\t\t\tCipead<br \/>\n\t\t\t\t\t\t\t\t\t\t\t<\/a>\n\t\t\t\t\t\t\t\t\t<\/li>\n<li >\n\t\t\t\t\t<a href=\"https:\/\/ufpr.br\/seadip\/ufpr-hibrida\/projeto\/\"><br \/>\n\t\t\t\t\t\t\t\t\t\tCursos<br \/>\n\t\t\t\t\t\t\t\t\t\t\t<\/a>\n\t\t\t\t\t\t\t\t\t<\/li>\n<li >\n\t\t\t\t\t<a href=\"https:\/\/ufpr.br\/seadip\/ufpr-hibrida\/projeto\/\"><br \/>\n\t\t\t\t\t\t\t\t\t\tUFPR H\u00edbrida<br \/>\n\t\t\t\t\t\t\t\t\t\t\t<\/a>\n\t\t\t\t\t\t\t\t\t<\/li>\n<li >\n\t\t\t\t\t<a href=\"https:\/\/ufpr.br\/seadip\/ntes\/historico\/\" target=\"_blank\" rel=\"noopener noreferrer\"><br \/>\n\t\t\t\t\t\t\t\t\t\tNTEs<br \/>\n\t\t\t\t\t\t\t\t\t\t\t<\/a>\n\t\t\t\t\t\t\t\t\t<\/li>\n<li >\n\t\t\t\t\t<a href=\"https:\/\/ufpr.br\/seadip\/labcipead\/apresentacao\/\"><br \/>\n\t\t\t\t\t\t\t\t\t\tLabCipead<br \/>\n\t\t\t\t\t\t\t\t\t\t\t<\/a>\n\t\t\t\t\t\t\t\t\t<\/li>\n<li >\n\t\t\t\t\t<a href=\"https:\/\/ufpr.br\/seadip\/uab\/sistema-uab\/\"><br \/>\n\t\t\t\t\t\t\t\t\t\tUAB<br \/>\n\t\t\t\t\t\t\t\t\t\t\t<\/a>\n\t\t\t\t\t\t\t\t\t<\/li>\n<li >\n\t\t\t\t\t<a href=\"https:\/\/ufpr.br\/seadip\/moodle\/\"><br \/>\n\t\t\t\t\t\t\t\t\t\tMoodle<br \/>\n\t\t\t\t\t\t\t\t\t\t\t<\/a>\n\t\t\t\t\t\t\t\t\t<\/li>\n<li >\n\t\t\t\t\t<a href=\"https:\/\/ufpr.br\/seadip\/contato\/\"><br \/>\n\t\t\t\t\t\t\t\t\t\tContato<br \/>\n\t\t\t\t\t\t\t\t\t\t\t<\/a>\n\t\t\t\t\t\t\t\t\t<\/li>\n<\/ul>\n<h2>Sites da Prograd<\/h2>\n<ul>\n<li >\n\t\t\t\t\t<a href=\"http:\/\/www.prograd.ufpr.br\/portal\/coafe\/\" target=\"_blank\" rel=\"noopener noreferrer\"><br \/>\n\t\t\t\t\t\t\t\t\t\tCoordena\u00e7\u00e3o de Atividades Formativas e Est\u00e1gios<br \/>\n\t\t\t\t\t\t\t\t\t\t\t<\/a>\n\t\t\t\t\t\t\t\t\t<\/li>\n<li >\n\t\t\t\t\t<a href=\"http:\/\/www.prograd.ufpr.br\/portal\/copac\/\" target=\"_blank\" rel=\"noopener noreferrer\"><br \/>\n\t\t\t\t\t\t\t\t\t\tCoordena\u00e7\u00e3o de Pol\u00edticas de Acompanhamento Acad\u00eamico e Tutoria<br \/>\n\t\t\t\t\t\t\t\t\t\t\t<\/a>\n\t\t\t\t\t\t\t\t\t<\/li>\n<li >\n\t\t\t\t\t<a href=\"http:\/\/www.prograd.ufpr.br\/portal\/copap\/\" target=\"_blank\" rel=\"noopener noreferrer\"><br \/>\n\t\t\t\t\t\t\t\t\t\tCoordena\u00e7\u00e3o de Procedimentos Acad\u00eamicos e Perman\u00eancia<br \/>\n\t\t\t\t\t\t\t\t\t\t\t<\/a>\n\t\t\t\t\t\t\t\t\t<\/li>\n<li >\n\t\t\t\t\t<a href=\"http:\/\/www.prograd.ufpr.br\/portal\/copeg\/\" target=\"_blank\" rel=\"noopener noreferrer\"><br \/>\n\t\t\t\t\t\t\t\t\t\tCoordena\u00e7\u00e3o de Pol\u00edticas de  Ensino de Gradua\u00e7\u00e3o<br \/>\n\t\t\t\t\t\t\t\t\t\t\t<\/a>\n\t\t\t\t\t\t\t\t\t<\/li>\n<li >\n\t\t\t\t\t<a href=\"http:\/\/www.avaliacao.ufpr.br\/portal\/\" target=\"_blank\" rel=\"noopener noreferrer\"><br \/>\n\t\t\t\t\t\t\t\t\t\tCoordena\u00e7\u00e3o de Sistemas de Informa\u00e7\u00e3o para a Gest\u00e3o Acad\u00eamica<br \/>\n\t\t\t\t\t\t\t\t\t\t\t<\/a>\n\t\t\t\t\t\t\t\t\t<\/li>\n<li >\n\t\t\t\t\t<a href=\"http:\/\/portal.nc.ufpr.br\/PortalNC\/Home\" target=\"_blank\" rel=\"noopener noreferrer\"><br \/>\n\t\t\t\t\t\t\t\t\t\tN\u00facleo de Concursos<br \/>\n\t\t\t\t\t\t\t\t\t\t\t<\/a>\n\t\t\t\t\t\t\t\t\t<\/li>\n<\/ul>\n<h2>Pr\u00f3-Reitorias UFPR<\/h2>\n<ul>\n<li >\n\t\t\t\t\t<a href=\"http:\/\/www.pra.ufpr.br\/\" target=\"_blank\" rel=\"noopener noreferrer\"><br \/>\n\t\t\t\t\t\t\t\t\t\tPr\u00f3-Reitoria de Administra\u00e7\u00e3o<br \/>\n\t\t\t\t\t\t\t\t\t\t\t<\/a>\n\t\t\t\t\t\t\t\t\t<\/li>\n<li >\n\t\t\t\t\t<a href=\"http:\/\/www.prae.ufpr.br\/\" target=\"_blank\" rel=\"noopener noreferrer\"><br \/>\n\t\t\t\t\t\t\t\t\t\tPr\u00f3-Reitoria de Assuntos Estudantis<br \/>\n\t\t\t\t\t\t\t\t\t\t\t<\/a>\n\t\t\t\t\t\t\t\t\t<\/li>\n<li >\n\t\t\t\t\t<a href=\"http:\/\/www.prograd.ufpr.br\/portal\/copap\/\" target=\"_blank\" rel=\"noopener noreferrer\"><br \/>\n\t\t\t\t\t\t\t\t\t\tPr\u00f3-Reitoria de Extens\u00e3o e Cultura<br \/>\n\t\t\t\t\t\t\t\t\t\t\t<\/a>\n\t\t\t\t\t\t\t\t\t<\/li>\n<li >\n\t\t\t\t\t<a href=\"http:\/\/www.progepe.ufpr.br\/\" target=\"_blank\" rel=\"noopener noreferrer\"><br \/>\n\t\t\t\t\t\t\t\t\t\tPr\u00f3-Reitoria de Gest\u00e3o de Pessoas<br \/>\n\t\t\t\t\t\t\t\t\t\t\t<\/a>\n\t\t\t\t\t\t\t\t\t<\/li>\n<li >\n\t\t\t\t\t<a href=\"http:\/\/www.prograd.ufpr.br\/\" target=\"_blank\" rel=\"noopener noreferrer\"><br \/>\n\t\t\t\t\t\t\t\t\t\tPr\u00f3-Reitoria de Gradua\u00e7\u00e3o e Educa\u00e7\u00e3o Profissional<br \/>\n\t\t\t\t\t\t\t\t\t\t\t<\/a>\n\t\t\t\t\t\t\t\t\t<\/li>\n<li >\n\t\t\t\t\t<a href=\"http:\/\/www.prppg.ufpr.br\/\" target=\"_blank\" rel=\"noopener noreferrer\"><br \/>\n\t\t\t\t\t\t\t\t\t\tPr\u00f3-Reitoria de Pesquisa e P\u00f3s-Gradua\u00e7\u00e3o<br \/>\n\t\t\t\t\t\t\t\t\t\t\t<\/a>\n\t\t\t\t\t\t\t\t\t<\/li>\n<li >\n\t\t\t\t\t<a href=\"http:\/\/www.proplan.ufpr.br\/\" target=\"_blank\" rel=\"noopener noreferrer\"><br \/>\n\t\t\t\t\t\t\t\t\t\tPr\u00f3-Reitoria de Planejamento, Or\u00e7amento e Finan\u00e7as<br \/>\n\t\t\t\t\t\t\t\t\t\t\t<\/a>\n\t\t\t\t\t\t\t\t\t<\/li>\n<\/ul>\n<p>\t\t\t\t\t\t\t\t\t\t<img loading=\"lazy\" decoding=\"async\" width=\"4168\" height=\"512\" src=\"https:\/\/ufpr.br\/seadip\/wp-content\/uploads\/2019\/09\/rodape_site-1.png\" alt=\"\" srcset=\"https:\/\/ufpr.br\/seadip\/wp-content\/uploads\/2019\/09\/rodape_site-1.png 4168w, https:\/\/ufpr.br\/seadip\/wp-content\/uploads\/2019\/09\/rodape_site-1-300x37.png 300w, https:\/\/ufpr.br\/seadip\/wp-content\/uploads\/2019\/09\/rodape_site-1-768x94.png 768w, https:\/\/ufpr.br\/seadip\/wp-content\/uploads\/2019\/09\/rodape_site-1-1024x126.png 1024w\" sizes=\"auto, (max-width: 4168px) 100vw, 4168px\" \/><br \/>\n\t\t\t\t\t\t\t<a href=\"https:\/\/pt-br.facebook.com\/Cipead-UFPR-505827566179117\/\" target=\"_blank\" rel=\"noopener noreferrer\"><br \/>\n\t\t\t\t\tFacebook<br \/>\n\t\t\t\t\t\t\t\t\t<\/a><br \/>\n\t\t\t\t\t\t\t<a href=\"https:\/\/instagram.com\/cipead.ufpr\" target=\"_blank\" rel=\"noopener noreferrer\"><br \/>\n\t\t\t\t\tInstagram<br \/>\n\t\t\t\t\t\t\t\t\t<\/a><br \/>\n\t\t\t\t\t\t\t<a href=\"https:\/\/soundcloud.com\/user-618640587\" target=\"_blank\" rel=\"noopener noreferrer\"><br \/>\n\t\t\t\t\tSoundcloud<br \/>\n\t\t\t\t\t\t\t\t\t<\/a><br \/>\n\t\t\t\t\t\t\t<a href=\"https:\/\/www.youtube.com\/channel\/UCpdgtJ711ZSg029yKwyjzhA\/featured\" target=\"_blank\" rel=\"noopener noreferrer\"><br \/>\n\t\t\t\t\tYoutube<br \/>\n\t\t\t\t\t\t\t\t\t<\/a><br \/>\n\t\t\t\t\t\t\t<a href=\"https:\/\/ufpr.br\/seadip\/contato\/\"><br \/>\n\t\t\t\t\tEnvelope<br \/>\n\t\t\t\t\t\t\t\t\t<\/a><\/p>\n","protected":false},"excerpt":{"rendered":"<p>APRESENTA\u00c7\u00c3O HIST\u00d3RICO EQUIPE PLANEJAMENTO ESTRAT\u00c9GICO RESOLU\u00c7\u00d5ES EaD CLIBRAS REA LOCALIZA\u00c7\u00c3O PERGUNTAS FREQUENTES Mapa do Site In\u00edcio Cipead Cursos UFPR H\u00edbrida NTEs LabCipead UAB Moodle Contato Sites da Prograd Coordena\u00e7\u00e3o de Atividades Formativas e Est\u00e1gios Coordena\u00e7\u00e3o de Pol\u00edticas de Acompanhamento Acad\u00eamico e Tutoria Coordena\u00e7\u00e3o de Procedimentos Acad\u00eamicos e Perman\u00eancia Coordena\u00e7\u00e3o de Pol\u00edticas de Ensino de Gradua\u00e7\u00e3o [&hellip;]<\/p>\n","protected":false},"author":14,"featured_media":0,"parent":0,"menu_order":0,"comment_status":"closed","ping_status":"closed","template":"","meta":{"footnotes":""},"class_list":["post-38","page","type-page","status-publish","hentry"],"_links":{"self":[{"href":"https:\/\/ufpr.br\/seadip\/wp-json\/wp\/v2\/pages\/38","targetHints":{"allow":["GET"]}}],"collection":[{"href":"https:\/\/ufpr.br\/seadip\/wp-json\/wp\/v2\/pages"}],"about":[{"href":"https:\/\/ufpr.br\/seadip\/wp-json\/wp\/v2\/types\/page"}],"author":[{"embeddable":true,"href":"https:\/\/ufpr.br\/seadip\/wp-json\/wp\/v2\/users\/14"}],"replies":[{"embeddable":true,"href":"https:\/\/ufpr.br\/seadip\/wp-json\/wp\/v2\/comments?post=38"}],"version-history":[{"count":13,"href":"https:\/\/ufpr.br\/seadip\/wp-json\/wp\/v2\/pages\/38\/revisions"}],"predecessor-version":[{"id":2310,"href":"https:\/\/ufpr.br\/seadip\/wp-json\/wp\/v2\/pages\/38\/revisions\/2310"}],"wp:attachment":[{"href":"https:\/\/ufpr.br\/seadip\/wp-json\/wp\/v2\/media?parent=38"}],"curies":[{"name":"wp","href":"https:\/\/api.w.org\/{rel}","templated":true}]}}