{"id":3492,"date":"2020-08-02T22:02:38","date_gmt":"2020-08-03T01:02:38","guid":{"rendered":"https:\/\/ufpr.br\/?page=3492"},"modified":"2020-08-02T23:36:33","modified_gmt":"2020-08-03T02:36:33","slug":"envio-de-documentos-e-relatorios","status":"publish","type":"page","link":"https:\/\/ufpr.br\/seadip\/uab\/envio-de-documentos-e-relatorios\/","title":{"rendered":"ENVIO DE DOCUMENTOS E RELAT\u00d3RIOS"},"content":{"rendered":"<p><strong>1. PROCESSOS SELETIVOS<\/strong><\/p>\n<p><strong>Prezado coordenador(a),<\/strong><\/p>\n<p>Todos os bolsistas UAB devem passar por um processo seletivo para poder fazer parte da equipe de operacionaliza\u00e7\u00e3o dos cursos.\u00a0<\/p>\n<p>Esse processo seletivo deve seguir os princ\u00edpios de legalidade, impessoalidade, moralidade, publicidade e efici\u00eancia e observar ainda o disposto nas <a href=\"https:\/\/www.capes.gov.br\/images\/stories\/download\/legislacao\/24102016-PORTARIA-N-183-2016.pdf\"><strong>Portaria 183<\/strong><\/a>, na <a href=\"http:\/\/www.lex.com.br\/legis_27395927_INSTRUCAO_NORMATIVA_N_2_DE_19_DE_ABRIL_DE_2017.aspx\"><strong>Instru\u00e7\u00e3o Normativa n\u00ba 02<\/strong><\/a> e na <a href=\"http:\/\/www.imprensanacional.gov.br\/materia\/-\/asset_publisher\/Kujrw0TZC2Mb\/content\/id\/49739745\/do1-2018-11-12-portaria-n-249-de-8-de-novembro-de-2018-49739741\"><strong>Portaria n\u00ba 249<\/strong>.<\/a><\/p>\n<p>Para facilitar esses procedimentos, disponibilizamos os templates de edital para cada uma das categorias:<\/p>\n<p><a href=\"https:\/\/ufpr.br\/seadip\/wp-content\/uploads\/2019\/11\/Minuta_Edital_Sele\u00e7\u00e3o_Tutores.docx\"><img loading=\"lazy\" decoding=\"async\" src=\"https:\/\/ufpr.br\/seadip\/wp-content\/uploads\/2020\/08\/download1_78499.png\" alt=\"\" width=\"20\" height=\"20\" \/><\/a> <strong><a href=\"https:\/\/ufpr.br\/seadip\/wp-content\/uploads\/2019\/11\/Minuta_Edital_Sele\u00e7\u00e3o_Tutores.docx\">TUTORES &#8211; MINUTA EDITAL SELE\u00c7\u00c3O DE TUTORES<\/a><\/strong><\/p>\n<p><strong><a href=\"https:\/\/ufpr.br\/seadip\/wp-content\/uploads\/2019\/11\/Minuta_Edital_Sele\u00e7\u00e3o_Professor_FormadorI.docx\"><img loading=\"lazy\" decoding=\"async\" src=\"https:\/\/ufpr.br\/seadip\/wp-content\/uploads\/2020\/08\/download1_78499.png\" alt=\"\" width=\"20\" height=\"20\" \/> PROFESSOR FORMADOR &#8211; QUADRO EFETIVO DA UFPR &#8211; MINUTA EDITAL SELE\u00c7\u00c3O PROFESSOR FORMADOR I<\/a><\/strong><\/p>\n<p><a href=\"https:\/\/ufpr.br\/seadip\/wp-content\/uploads\/2019\/11\/Minuta_Edital_Sele\u00e7\u00e3o_Professor_FormadorII.docx\"><strong><img loading=\"lazy\" decoding=\"async\" src=\"https:\/\/ufpr.br\/seadip\/wp-content\/uploads\/2020\/08\/download1_78499.png\" alt=\"\" width=\"20\" height=\"20\" \/> PROFESSOR FORMADOR &#8211; QUADRO EXTERNO &#8211; MINUTA EDITAL SELE\u00c7\u00c3O PROFESSOR FORMADOR II<\/strong><\/a><\/p>\n<p><strong>Importante:\u00a0<\/strong><\/p>\n<ul>\n<li>Os editais &#8211; de todas as etapas da sele\u00e7\u00e3o &#8211; devem ser enviados para a CIPEAD por meio desse\u00a0 formul\u00e1rio<\/li>\n<li>A coordena\u00e7\u00e3o de curso deve manter todos os editais dos processos seletivos arquivados.\u00a0<\/li>\n<\/ul>\n<p><strong>2. CADASTRAMENTO DE NOVOS BOLSISTAS UAB<\/strong><\/p>\n<p>Somente ser\u00e3o cadastrados bolsistas que tenham passado por processo seletivo.<\/p>\n<p>Todos os pedidos de cadastramento de novos bolsistas precisam ser encaminhados at\u00e9 o dia 05 de cada m\u00eas.\u00a0<\/p>\n<p>Para enviar o pedido de cadastramento de novos bolsistas, clique aqui.<\/p>\n<p>\u00a0<\/p>\n<p><strong>3. ENVIO DE LOTE MENSAL DE BOLSISTAS UAB<\/strong><\/p>\n<p>O coordenador de curso dever\u00e1 enviar todos os meses a lista de bolsistas aptos para pagamento. Para isso, dever\u00e1 receber os relat\u00f3rios mensais e mant\u00ea-los arquivados.\u00a0<\/p>\n<p>A lista de bolsistas aptos para pagamento mensal dever\u00e1 ser enviada apenas quando o coordenador tiver recebido os relat\u00f3rios de atividade, sempre at\u00e9 o dia 05 de cada m\u00eas.\u00a0<\/p>\n<p>Para enviar o lote mensal de bolsistas aptos para pagamento,\u00a0 clique aqui.<\/p>\n<p>\u00a0<\/p>\n<p><strong>4. ENVIO DE LOTE COMPLEMENTAR DE BOLSISTAS UAB<\/strong><\/p>\n<p>Caso haja algum problema no envio do lote mensal, o coordenador de curso poder\u00e1, no m\u00eas seguinte, solicitar o pagamento que ficou atrasado.<\/p>\n<p>Para enviar o lote de pagamento complementar, clique aqui.<\/p>\n<p>\u00a0<\/p>\n<p><strong>5. PASSAGENS E\/OU ADIANTAMENTO DE DI\u00c1RIAS\/PRESTA\u00c7\u00c3O DE CONTAS<\/strong><\/p>\n<p style=\"text-align: justify;\">A CIPEAD prestar\u00e1 apoio para os encontros presenciais nos polos de apoio UAB.<\/p>\n<p style=\"text-align: justify;\">Para isso, o coordenador de curso dever\u00e1 apresentar o planejamento semestral dos encontros, com a previs\u00e3o de datas e tamb\u00e9m a indica\u00e7\u00e3o dos bolsistas que ir\u00e3o fazer o deslocamento.<\/p>\n<p style=\"text-align: justify;\">Nesse caso, o bolsista precisar\u00e1 apresentar um relat\u00f3rio de atividades e realizar a presta\u00e7\u00e3o de contas, de acordo com as normas estabelecidas institucionalmente.<\/p>\n<p>Todas as solicita\u00e7\u00f5es dever\u00e3o ser feitas com 20 dias de anteced\u00eancia.<\/p>\n<p><a href=\"https:\/\/ufpr.br\/seadip\/wp-content\/uploads\/2019\/11\/FORMULARIO-PEDIDO-DE-PASSAGENS.doc\"><img loading=\"lazy\" decoding=\"async\" src=\"https:\/\/ufpr.br\/seadip\/wp-content\/uploads\/2020\/08\/download1_78499.png\" alt=\"\" width=\"20\" height=\"20\" \/> <strong>FORMUL\u00c1RIO DE SOLICITA\u00c7\u00c3O DE PASSAGENS<\/strong><\/a><\/p>\n<p><a href=\"https:\/\/ufpr.br\/seadip\/wp-content\/uploads\/2019\/11\/F_11-SOLICITACAO-DE-ADIANTAMENTO-DE-DIARIAS-PAIS-E-EXTERIOR.doc\"><strong><img loading=\"lazy\" decoding=\"async\" src=\"https:\/\/ufpr.br\/seadip\/wp-content\/uploads\/2020\/08\/download1_78499.png\" alt=\"\" width=\"20\" height=\"20\" \/> FORMUL\u00c1RIO DE SOLICITA\u00c7\u00c3O DE ADIANTAMENTO DE DI\u00c1RIAS<\/strong><\/a><\/p>\n<p><a href=\"https:\/\/ufpr.br\/seadip\/wp-content\/uploads\/2019\/11\/F_17_-_PRESTACAO_DE_CONTAS_DE_DIARIAS.doc\"><strong><img loading=\"lazy\" decoding=\"async\" src=\"https:\/\/ufpr.br\/seadip\/wp-content\/uploads\/2020\/08\/download1_78499.png\" alt=\"\" width=\"20\" height=\"20\" \/> PRESTA\u00c7\u00c3O DE CONTAS\u00a0<\/strong><\/a><\/p>\n<p><a href=\"https:\/\/ufpr.br\/seadip\/wp-content\/uploads\/2019\/12\/Relat\u00f3rio-de-Viagem-Concess\u00e3o-de-Passagens.doc\"><strong><img loading=\"lazy\" decoding=\"async\" src=\"https:\/\/ufpr.br\/seadip\/wp-content\/uploads\/2020\/08\/download1_78499.png\" alt=\"\" width=\"20\" height=\"20\" \/> RELAT\u00d3RIO DE VIAGEM<\/strong><\/a><\/p>\n<p>Para enviar solicita\u00e7\u00f5es de passagens, adiantamentos e relat\u00f3rios\/presta\u00e7\u00e3o de contas, clique aqui.<\/p>\n<p>\t\t\t<a href=\"https:\/\/ufpr.br\/seadip\/uab\/area-do-coordenador\/\">\u00c1REA DO COORDENADOR<\/a><br \/>\n<a href=\"https:\/\/ufpr.br\/seadip\/templates-elaboracao-revisao-do-ppc\/\">TEMPLATES ELABORA\u00c7\u00c3O\/ REVIS\u00c3O DO PPC<\/a><br \/>\n<a href=\"https:\/\/ufpr.br\/seadip\/uab\/area-do-coordenador\/manual-do-coordenador\/\">MANUAL DO COORDENADOR<\/a><br \/>\n<a href=\"https:\/\/ufpr.br\/seadip\/uab\/area-do-coordenador\/producao-de-material-didatico\/\">PRODU\u00c7\u00c3O DE MATERIAL DID\u00c1TICO<\/a><\/p>\n<h3>Mapa do Site<\/h3>\n<ul>\n<li >\n\t\t\t\t\t<a href=\"https:\/\/ufpr.br\/seadip\/inicio\"><br \/>\n\t\t\t\t\t\t\t\t\t\tIn\u00edcio<br \/>\n\t\t\t\t\t\t\t\t\t\t\t<\/a>\n\t\t\t\t\t\t\t\t\t<\/li>\n<li >\n\t\t\t\t\t<a href=\"https:\/\/ufpr.br\/seadip\/apresentacao\/\"><br \/>\n\t\t\t\t\t\t\t\t\t\tCipead<br \/>\n\t\t\t\t\t\t\t\t\t\t\t<\/a>\n\t\t\t\t\t\t\t\t\t<\/li>\n<li >\n\t\t\t\t\t<a href=\"https:\/\/ufpr.br\/seadip\/ufpr-hibrida\/projeto\/\"><br \/>\n\t\t\t\t\t\t\t\t\t\tCursos<br \/>\n\t\t\t\t\t\t\t\t\t\t\t<\/a>\n\t\t\t\t\t\t\t\t\t<\/li>\n<li >\n\t\t\t\t\t<a href=\"https:\/\/ufpr.br\/seadip\/ufpr-hibrida\/projeto\/\"><br \/>\n\t\t\t\t\t\t\t\t\t\tUFPR H\u00edbrida<br \/>\n\t\t\t\t\t\t\t\t\t\t\t<\/a>\n\t\t\t\t\t\t\t\t\t<\/li>\n<li >\n\t\t\t\t\t<a href=\"https:\/\/ufpr.br\/seadip\/ntes\/historico\/\" target=\"_blank\" rel=\"noopener noreferrer\"><br \/>\n\t\t\t\t\t\t\t\t\t\tNTEs<br \/>\n\t\t\t\t\t\t\t\t\t\t\t<\/a>\n\t\t\t\t\t\t\t\t\t<\/li>\n<li >\n\t\t\t\t\t<a href=\"https:\/\/ufpr.br\/seadip\/labcipead\/apresentacao\/\"><br \/>\n\t\t\t\t\t\t\t\t\t\tLabCipead<br \/>\n\t\t\t\t\t\t\t\t\t\t\t<\/a>\n\t\t\t\t\t\t\t\t\t<\/li>\n<li >\n\t\t\t\t\t<a href=\"https:\/\/ufpr.br\/seadip\/uab\/sistema-uab\/\"><br \/>\n\t\t\t\t\t\t\t\t\t\tUAB<br \/>\n\t\t\t\t\t\t\t\t\t\t\t<\/a>\n\t\t\t\t\t\t\t\t\t<\/li>\n<li >\n\t\t\t\t\t<a href=\"https:\/\/ufpr.br\/seadip\/moodle\/\"><br \/>\n\t\t\t\t\t\t\t\t\t\tMoodle<br \/>\n\t\t\t\t\t\t\t\t\t\t\t<\/a>\n\t\t\t\t\t\t\t\t\t<\/li>\n<li >\n\t\t\t\t\t<a href=\"https:\/\/ufpr.br\/seadip\/contato\/\"><br \/>\n\t\t\t\t\t\t\t\t\t\tContato<br \/>\n\t\t\t\t\t\t\t\t\t\t\t<\/a>\n\t\t\t\t\t\t\t\t\t<\/li>\n<\/ul>\n<h2>Sites da Prograd<\/h2>\n<ul>\n<li >\n\t\t\t\t\t<a href=\"http:\/\/www.prograd.ufpr.br\/portal\/coafe\/\" target=\"_blank\" rel=\"noopener noreferrer\"><br \/>\n\t\t\t\t\t\t\t\t\t\tCoordena\u00e7\u00e3o de Atividades Formativas e Est\u00e1gios<br \/>\n\t\t\t\t\t\t\t\t\t\t\t<\/a>\n\t\t\t\t\t\t\t\t\t<\/li>\n<li >\n\t\t\t\t\t<a href=\"http:\/\/www.prograd.ufpr.br\/portal\/copac\/\" target=\"_blank\" rel=\"noopener noreferrer\"><br \/>\n\t\t\t\t\t\t\t\t\t\tCoordena\u00e7\u00e3o de Pol\u00edticas de Acompanhamento Acad\u00eamico e Tutoria<br \/>\n\t\t\t\t\t\t\t\t\t\t\t<\/a>\n\t\t\t\t\t\t\t\t\t<\/li>\n<li >\n\t\t\t\t\t<a href=\"http:\/\/www.prograd.ufpr.br\/portal\/copap\/\" target=\"_blank\" rel=\"noopener noreferrer\"><br \/>\n\t\t\t\t\t\t\t\t\t\tCoordena\u00e7\u00e3o de Procedimentos Acad\u00eamicos e Perman\u00eancia<br \/>\n\t\t\t\t\t\t\t\t\t\t\t<\/a>\n\t\t\t\t\t\t\t\t\t<\/li>\n<li >\n\t\t\t\t\t<a href=\"http:\/\/www.prograd.ufpr.br\/portal\/copeg\/\" target=\"_blank\" rel=\"noopener noreferrer\"><br \/>\n\t\t\t\t\t\t\t\t\t\tCoordena\u00e7\u00e3o de Pol\u00edticas de  Ensino de Gradua\u00e7\u00e3o<br \/>\n\t\t\t\t\t\t\t\t\t\t\t<\/a>\n\t\t\t\t\t\t\t\t\t<\/li>\n<li >\n\t\t\t\t\t<a href=\"http:\/\/www.avaliacao.ufpr.br\/portal\/\" target=\"_blank\" rel=\"noopener noreferrer\"><br \/>\n\t\t\t\t\t\t\t\t\t\tCoordena\u00e7\u00e3o de Sistemas de Informa\u00e7\u00e3o para a Gest\u00e3o Acad\u00eamica<br \/>\n\t\t\t\t\t\t\t\t\t\t\t<\/a>\n\t\t\t\t\t\t\t\t\t<\/li>\n<li >\n\t\t\t\t\t<a href=\"http:\/\/portal.nc.ufpr.br\/PortalNC\/Home\" target=\"_blank\" rel=\"noopener noreferrer\"><br \/>\n\t\t\t\t\t\t\t\t\t\tN\u00facleo de Concursos<br \/>\n\t\t\t\t\t\t\t\t\t\t\t<\/a>\n\t\t\t\t\t\t\t\t\t<\/li>\n<\/ul>\n<h2>Pr\u00f3-Reitorias da UFPR<\/h2>\n<ul>\n<li >\n\t\t\t\t\t<a href=\"http:\/\/www.pra.ufpr.br\/\" target=\"_blank\" rel=\"noopener noreferrer\"><br \/>\n\t\t\t\t\t\t\t\t\t\tPr\u00f3-Reitoria de Administra\u00e7\u00e3o<br \/>\n\t\t\t\t\t\t\t\t\t\t\t<\/a>\n\t\t\t\t\t\t\t\t\t<\/li>\n<li >\n\t\t\t\t\t<a href=\"http:\/\/www.prae.ufpr.br\/\" target=\"_blank\" rel=\"noopener noreferrer\"><br \/>\n\t\t\t\t\t\t\t\t\t\tPr\u00f3-Reitoria de Assuntos Estudantis<br \/>\n\t\t\t\t\t\t\t\t\t\t\t<\/a>\n\t\t\t\t\t\t\t\t\t<\/li>\n<li >\n\t\t\t\t\t<a href=\"http:\/\/www.prograd.ufpr.br\/portal\/copap\/\" target=\"_blank\" rel=\"noopener noreferrer\"><br \/>\n\t\t\t\t\t\t\t\t\t\tPr\u00f3-Reitoria de Extens\u00e3o e Cultura<br \/>\n\t\t\t\t\t\t\t\t\t\t\t<\/a>\n\t\t\t\t\t\t\t\t\t<\/li>\n<li >\n\t\t\t\t\t<a href=\"http:\/\/www.progepe.ufpr.br\/\" target=\"_blank\" rel=\"noopener noreferrer\"><br \/>\n\t\t\t\t\t\t\t\t\t\tPr\u00f3-Reitoria de Gest\u00e3o de Pessoas<br \/>\n\t\t\t\t\t\t\t\t\t\t\t<\/a>\n\t\t\t\t\t\t\t\t\t<\/li>\n<li >\n\t\t\t\t\t<a href=\"http:\/\/www.prograd.ufpr.br\/\" target=\"_blank\" rel=\"noopener noreferrer\"><br \/>\n\t\t\t\t\t\t\t\t\t\tPr\u00f3-Reitoria de Gradua\u00e7\u00e3o e Educa\u00e7\u00e3o Profissional<br \/>\n\t\t\t\t\t\t\t\t\t\t\t<\/a>\n\t\t\t\t\t\t\t\t\t<\/li>\n<li >\n\t\t\t\t\t<a href=\"http:\/\/www.prppg.ufpr.br\/\" target=\"_blank\" rel=\"noopener noreferrer\"><br \/>\n\t\t\t\t\t\t\t\t\t\tPr\u00f3-Reitoria de Pesquisa e P\u00f3s-Gradua\u00e7\u00e3o<br \/>\n\t\t\t\t\t\t\t\t\t\t\t<\/a>\n\t\t\t\t\t\t\t\t\t<\/li>\n<li >\n\t\t\t\t\t<a href=\"http:\/\/www.proplan.ufpr.br\/\" target=\"_blank\" rel=\"noopener noreferrer\"><br \/>\n\t\t\t\t\t\t\t\t\t\tPr\u00f3-Reitoria de Planejamento, Or\u00e7amento e Finan\u00e7as<br \/>\n\t\t\t\t\t\t\t\t\t\t\t<\/a>\n\t\t\t\t\t\t\t\t\t<\/li>\n<\/ul>\n<p>\t\t\t\t\t\t\t\t\t\t<img loading=\"lazy\" decoding=\"async\" width=\"4168\" height=\"512\" src=\"https:\/\/ufpr.br\/seadip\/wp-content\/uploads\/2019\/09\/rodape_site-1.png\" alt=\"\" srcset=\"https:\/\/ufpr.br\/seadip\/wp-content\/uploads\/2019\/09\/rodape_site-1.png 4168w, https:\/\/ufpr.br\/seadip\/wp-content\/uploads\/2019\/09\/rodape_site-1-300x37.png 300w, https:\/\/ufpr.br\/seadip\/wp-content\/uploads\/2019\/09\/rodape_site-1-768x94.png 768w, https:\/\/ufpr.br\/seadip\/wp-content\/uploads\/2019\/09\/rodape_site-1-1024x126.png 1024w\" sizes=\"auto, (max-width: 4168px) 100vw, 4168px\" \/><br \/>\n\t\t\t\t\t\t\t<a href=\"https:\/\/pt-br.facebook.com\/Cipead-UFPR-505827566179117\/\" target=\"_blank\" rel=\"noopener noreferrer\"><br \/>\n\t\t\t\t\tFacebook<br \/>\n\t\t\t\t\t\t\t\t\t<\/a><br \/>\n\t\t\t\t\t\t\t<a href=\"https:\/\/www.instagram.com\/cipead.ufpr\/\" target=\"_blank\" rel=\"noopener noreferrer\"><br \/>\n\t\t\t\t\tInstagram<br \/>\n\t\t\t\t\t\t\t\t\t<\/a><br \/>\n\t\t\t\t\t\t\t<a href=\"https:\/\/soundcloud.com\/user-618640587\" target=\"_blank\" rel=\"noopener noreferrer\"><br \/>\n\t\t\t\t\tSoundcloud<br \/>\n\t\t\t\t\t\t\t\t\t<\/a><br \/>\n\t\t\t\t\t\t\t<a href=\"https:\/\/www.youtube.com\/channel\/UCpdgtJ711ZSg029yKwyjzhA\/featured\" target=\"_blank\" rel=\"noopener noreferrer\"><br \/>\n\t\t\t\t\tYoutube<br \/>\n\t\t\t\t\t\t\t\t\t<\/a><br \/>\n\t\t\t\t\t\t\t<a href=\"https:\/\/ufpr.br\/seadip\/contato\/\"><br \/>\n\t\t\t\t\tEnvelope<br \/>\n\t\t\t\t\t\t\t\t\t<\/a><\/p>\n","protected":false},"excerpt":{"rendered":"<p>1. PROCESSOS SELETIVOS Prezado coordenador(a), Todos os bolsistas UAB devem passar por um processo seletivo para poder fazer parte da equipe de operacionaliza\u00e7\u00e3o dos cursos.\u00a0 Esse processo seletivo deve seguir os princ\u00edpios de legalidade, impessoalidade, moralidade, publicidade e efici\u00eancia e observar ainda o disposto nas Portaria 183, na Instru\u00e7\u00e3o Normativa n\u00ba 02 e na Portaria [&hellip;]<\/p>\n","protected":false},"author":14,"featured_media":0,"parent":123,"menu_order":0,"comment_status":"closed","ping_status":"closed","template":"","meta":{"footnotes":""},"class_list":["post-3492","page","type-page","status-publish","hentry"],"_links":{"self":[{"href":"https:\/\/ufpr.br\/seadip\/wp-json\/wp\/v2\/pages\/3492","targetHints":{"allow":["GET"]}}],"collection":[{"href":"https:\/\/ufpr.br\/seadip\/wp-json\/wp\/v2\/pages"}],"about":[{"href":"https:\/\/ufpr.br\/seadip\/wp-json\/wp\/v2\/types\/page"}],"author":[{"embeddable":true,"href":"https:\/\/ufpr.br\/seadip\/wp-json\/wp\/v2\/users\/14"}],"replies":[{"embeddable":true,"href":"https:\/\/ufpr.br\/seadip\/wp-json\/wp\/v2\/comments?post=3492"}],"version-history":[{"count":2,"href":"https:\/\/ufpr.br\/seadip\/wp-json\/wp\/v2\/pages\/3492\/revisions"}],"predecessor-version":[{"id":3496,"href":"https:\/\/ufpr.br\/seadip\/wp-json\/wp\/v2\/pages\/3492\/revisions\/3496"}],"up":[{"embeddable":true,"href":"https:\/\/ufpr.br\/seadip\/wp-json\/wp\/v2\/pages\/123"}],"wp:attachment":[{"href":"https:\/\/ufpr.br\/seadip\/wp-json\/wp\/v2\/media?parent=3492"}],"curies":[{"name":"wp","href":"https:\/\/api.w.org\/{rel}","templated":true}]}}