{"id":3101,"date":"2020-07-02T10:53:44","date_gmt":"2020-07-02T13:53:44","guid":{"rendered":"https:\/\/ufpr.br\/?page=3101"},"modified":"2020-09-09T20:49:26","modified_gmt":"2020-09-09T23:49:26","slug":"acessibilidade-digital","status":"publish","type":"page","link":"https:\/\/ufpr.br\/seadip\/acessibilidade-digital\/","title":{"rendered":"ACESSIBILIDADE NA UFPR VIRTUAL"},"content":{"rendered":"<p><img loading=\"lazy\" decoding=\"async\" width=\"768\" height=\"390\" src=\"https:\/\/ufpr.br\/seadip\/wp-content\/uploads\/2020\/09\/Principl-1-768x390.png\" alt=\"\" srcset=\"https:\/\/ufpr.br\/seadip\/wp-content\/uploads\/2020\/09\/Principl-1-768x390.png 768w, https:\/\/ufpr.br\/seadip\/wp-content\/uploads\/2020\/09\/Principl-1-300x152.png 300w, https:\/\/ufpr.br\/seadip\/wp-content\/uploads\/2020\/09\/Principl-1-1024x520.png 1024w\" sizes=\"auto, (max-width: 768px) 100vw, 768px\" \/><br \/>\n\t\thttps:\/\/youtu.be\/PPdGMTy63vc<\/p>\n<p style=\"text-align: justify;\">Desde 2018, a CIPEAD\/PROGRAD tem inclu\u00eddo medidas acess\u00edveis\/sens\u00edveis em seus cursos seguindo as principais leis (Lei N\u00ba 9.394\/1996 &#8211; Diretrizes e Bases da Educa\u00e7\u00e3o Nacional \/Lei N\u00ba 13.146\/2015 \u2013 Lei Brasileira de Inclus\u00e3o da Pessoa com Defici\u00eancia) , intensificando o di\u00e1logo com a comunidade acad\u00eamica que utiliza a acessibilidade digital. \u00a0\u00a0<\/p>\n<p style=\"text-align: justify;\">Na \u00a0UFPR VIRTUAL implementamos duas estrat\u00e9gias \u00a0para assegurar a acessibilidade digital: a tecnol\u00f3gica e a Educacional.\u00a0\u00a0<\/p>\n<p style=\"text-align: justify;\">Do ponto de vista tecnol\u00f3gico, estamos seguindo o e-MAG (Modelo de Acessibilidade em Governo Eletr\u00f4nico), que est\u00e1 coerente com as necessidades brasileiras e em conformidade com os padr\u00f5es internacionais. \u00a0<br \/>J\u00e1 do ponto de vista educacional, elencamos um conjunto de recursos tecnol\u00f3gicos dispon\u00edveis intitulado\u00a0<strong>\u201cBoas Pr\u00e1ticas de acessibilidade\u201d\u00a0<\/strong>que voc\u00ea pode acessar a seguir.<\/p>\n<p>\t\t\t<a href=\"https:\/\/ufpr.br\/seadip\/periodo-especial-ufpr\/inicio\/\">IN\u00cdCIO<\/a><br \/>\n<a href=\"https:\/\/ufpr.br\/seadip\/periodo-especial-ufpr\/ere-ensino-remoto-emergencial\/\">ERE \u2013 ENSINO REMOTO EMERGENCIAL<\/a><br \/>\n<a href=\"https:\/\/ufpr.br\/seadip\/periodo-especial-ufpr\/\">PER\u00cdODO ESPECIAL UFPR<\/a><br \/>\n<a href=\"https:\/\/ufpr.br\/seadip\/periodo-especial-ufpr\/principais-duvidas-faq\/\">PRINCIPAIS D\u00daVIDAS \u2013 FAQ<\/a><br \/>\n<a href=\"https:\/\/ufpr.br\/seadip\/periodo-especial-ufpr\/plataformas-de-ensino-online\/\">PLATAFORMAS DE ENSINO ONLINE<\/a><br \/>\n<a href=\"http:\/\/www.prae.ufpr.br\/\">A\u00c7\u00d5ES PARA INCLUS\u00c3O DIGITAL<\/a><br \/>\n<a href=\"https:\/\/ufpr.br\/seadip\/periodo-especial-ufpr\/contatos\/\">CONTATOS<\/a><br \/>\n<a href=\"https:\/\/ufpr.br\/seadip\/periodo-especial-ufpr\/historico-e-legislacao\/\">LEGISLA\u00c7\u00c3O<\/a><br \/>\n<a href=\"https:\/\/ufpr.br\/seadip\/periodo-especial-ufpr\/acessibilidade-digital\/\">ACESSIBILIDADE DIGITAL<\/a><br \/>\n<a href=\"https:\/\/ufpr.br\/seadip\/periodo-especial-ufpr\/historico\/\">HIST\u00d3RICO<\/a><br \/>\n<a href=\"https:\/\/ufpr.br\/seadip\/periodo-especial-ufpr\/pesquisa-de-avaliacao-do-ere\/\">PESQUISA DE AVALIA\u00c7\u00c3O DO ERE<\/a><br \/>\n\t\t\t\t\t\t\t\t\t\t<img loading=\"lazy\" decoding=\"async\" width=\"800\" height=\"56\" src=\"https:\/\/ufpr.br\/seadip\/wp-content\/uploads\/2020\/09\/02-1024x72.png\" alt=\"\" srcset=\"https:\/\/ufpr.br\/seadip\/wp-content\/uploads\/2020\/09\/02-1024x72.png 1024w, https:\/\/ufpr.br\/seadip\/wp-content\/uploads\/2020\/09\/02-300x21.png 300w, https:\/\/ufpr.br\/seadip\/wp-content\/uploads\/2020\/09\/02-768x54.png 768w\" sizes=\"auto, (max-width: 800px) 100vw, 800px\" \/>\t\t\t\t\t\t\t\t\t\t\t<\/p>\n<table style=\"height: 102px; bg-color: #ffffff;\" width=\"379\">\n<tbody>\n<tr>\n<td style=\"width: 181px;\"><iframe loading=\"lazy\" src=\"https:\/\/www.youtube.com\/embed\/kTkFWVKpA_U\" width=\"250\" height=\"225\" frameborder=\"0\" allowfullscreen=\"allowfullscreen\"><\/iframe><\/td>\n<td style=\"width: 182px;\"><iframe loading=\"lazy\" src=\"https:\/\/www.youtube.com\/embed\/9FaEoFlbWZg\" width=\"250\" height=\"225\" frameborder=\"0\" allowfullscreen=\"allowfullscreen\"><\/iframe><\/td>\n<\/tr>\n<tr>\n<td style=\"width: 181px;\">\u00a0<iframe loading=\"lazy\" src=\"https:\/\/www.youtube.com\/embed\/8Y9bHHQbJ2Y\" width=\"250\" height=\"225\" frameborder=\"0\" allowfullscreen=\"allowfullscreen\"><\/iframe><\/td>\n<td style=\"width: 182px;\">\u00a0<iframe loading=\"lazy\" src=\"https:\/\/www.youtube.com\/embed\/mBu7QWz56mc\" width=\"250\" height=\"225\" frameborder=\"0\" allowfullscreen=\"allowfullscreen\"><\/iframe><\/td>\n<\/tr>\n<tr>\n<td style=\"width: 181px;\">\u00a0<iframe loading=\"lazy\" src=\"https:\/\/www.youtube.com\/embed\/e3hvjMTwbKg\" width=\"250\" height=\"225\" frameborder=\"0\" allowfullscreen=\"allowfullscreen\"><\/iframe><\/td>\n<td style=\"width: 182px;\">\u00a0<\/td>\n<\/tr>\n<\/tbody>\n<\/table>\n<h3>Mapa do Site<\/h3>\n<ul>\n<li >\n\t\t\t\t\t<a href=\"https:\/\/ufpr.br\/seadip\/inicio\"><br \/>\n\t\t\t\t\t\t\t\t\t\tIn\u00edcio<br \/>\n\t\t\t\t\t\t\t\t\t\t\t<\/a>\n\t\t\t\t\t\t\t\t\t<\/li>\n<li >\n\t\t\t\t\t<a href=\"https:\/\/ufpr.br\/seadip\/apresentacao\/\"><br \/>\n\t\t\t\t\t\t\t\t\t\tCipead<br \/>\n\t\t\t\t\t\t\t\t\t\t\t<\/a>\n\t\t\t\t\t\t\t\t\t<\/li>\n<li >\n\t\t\t\t\t<a href=\"https:\/\/ufpr.br\/seadip\/ufpr-hibrida\/projeto\/\"><br \/>\n\t\t\t\t\t\t\t\t\t\tCursos<br \/>\n\t\t\t\t\t\t\t\t\t\t\t<\/a>\n\t\t\t\t\t\t\t\t\t<\/li>\n<li >\n\t\t\t\t\t<a href=\"https:\/\/ufpr.br\/seadip\/ufpr-hibrida\/projeto\/\"><br \/>\n\t\t\t\t\t\t\t\t\t\tUFPR H\u00edbrida<br \/>\n\t\t\t\t\t\t\t\t\t\t\t<\/a>\n\t\t\t\t\t\t\t\t\t<\/li>\n<li >\n\t\t\t\t\t<a href=\"https:\/\/ufpr.br\/seadip\/ntes\/historico\/\" target=\"_blank\" rel=\"noopener noreferrer\"><br \/>\n\t\t\t\t\t\t\t\t\t\tNTEs<br \/>\n\t\t\t\t\t\t\t\t\t\t\t<\/a>\n\t\t\t\t\t\t\t\t\t<\/li>\n<li >\n\t\t\t\t\t<a href=\"https:\/\/ufpr.br\/seadip\/labcipead\/apresentacao\/\"><br \/>\n\t\t\t\t\t\t\t\t\t\tLabCipead<br \/>\n\t\t\t\t\t\t\t\t\t\t\t<\/a>\n\t\t\t\t\t\t\t\t\t<\/li>\n<li >\n\t\t\t\t\t<a href=\"https:\/\/ufpr.br\/seadip\/uab\/sistema-uab\/\"><br \/>\n\t\t\t\t\t\t\t\t\t\tUAB<br \/>\n\t\t\t\t\t\t\t\t\t\t\t<\/a>\n\t\t\t\t\t\t\t\t\t<\/li>\n<li >\n\t\t\t\t\t<a href=\"https:\/\/ufpr.br\/seadip\/moodle\/\"><br \/>\n\t\t\t\t\t\t\t\t\t\tMoodle<br \/>\n\t\t\t\t\t\t\t\t\t\t\t<\/a>\n\t\t\t\t\t\t\t\t\t<\/li>\n<li >\n\t\t\t\t\t<a href=\"https:\/\/ufpr.br\/seadip\/contato\/\"><br \/>\n\t\t\t\t\t\t\t\t\t\tContato<br \/>\n\t\t\t\t\t\t\t\t\t\t\t<\/a>\n\t\t\t\t\t\t\t\t\t<\/li>\n<\/ul>\n<h2>Sites da Prograd<\/h2>\n<ul>\n<li >\n\t\t\t\t\t<a href=\"http:\/\/www.prograd.ufpr.br\/portal\/coafe\/\" target=\"_blank\" rel=\"noopener noreferrer\"><br \/>\n\t\t\t\t\t\t\t\t\t\tCoordena\u00e7\u00e3o de Atividades Formativas e Est\u00e1gios<br \/>\n\t\t\t\t\t\t\t\t\t\t\t<\/a>\n\t\t\t\t\t\t\t\t\t<\/li>\n<li >\n\t\t\t\t\t<a href=\"http:\/\/www.prograd.ufpr.br\/portal\/copac\/\" target=\"_blank\" rel=\"noopener noreferrer\"><br \/>\n\t\t\t\t\t\t\t\t\t\tCoordena\u00e7\u00e3o de Pol\u00edticas de Acompanhamento Acad\u00eamico e Tutoria<br \/>\n\t\t\t\t\t\t\t\t\t\t\t<\/a>\n\t\t\t\t\t\t\t\t\t<\/li>\n<li >\n\t\t\t\t\t<a href=\"http:\/\/www.prograd.ufpr.br\/portal\/copap\/\" target=\"_blank\" rel=\"noopener noreferrer\"><br \/>\n\t\t\t\t\t\t\t\t\t\tCoordena\u00e7\u00e3o de Procedimentos Acad\u00eamicos e Perman\u00eancia<br \/>\n\t\t\t\t\t\t\t\t\t\t\t<\/a>\n\t\t\t\t\t\t\t\t\t<\/li>\n<li >\n\t\t\t\t\t<a href=\"http:\/\/www.prograd.ufpr.br\/portal\/copeg\/\" target=\"_blank\" rel=\"noopener noreferrer\"><br \/>\n\t\t\t\t\t\t\t\t\t\tCoordena\u00e7\u00e3o de Pol\u00edticas de  Ensino de Gradua\u00e7\u00e3o<br \/>\n\t\t\t\t\t\t\t\t\t\t\t<\/a>\n\t\t\t\t\t\t\t\t\t<\/li>\n<li >\n\t\t\t\t\t<a href=\"http:\/\/www.avaliacao.ufpr.br\/portal\/\" target=\"_blank\" rel=\"noopener noreferrer\"><br \/>\n\t\t\t\t\t\t\t\t\t\tCoordena\u00e7\u00e3o de Sistemas de Informa\u00e7\u00e3o para a Gest\u00e3o Acad\u00eamica<br \/>\n\t\t\t\t\t\t\t\t\t\t\t<\/a>\n\t\t\t\t\t\t\t\t\t<\/li>\n<li >\n\t\t\t\t\t<a href=\"http:\/\/portal.nc.ufpr.br\/PortalNC\/Home\" target=\"_blank\" rel=\"noopener noreferrer\"><br \/>\n\t\t\t\t\t\t\t\t\t\tN\u00facleo de Concursos<br \/>\n\t\t\t\t\t\t\t\t\t\t\t<\/a>\n\t\t\t\t\t\t\t\t\t<\/li>\n<\/ul>\n<h2>Pr\u00f3-Reitorias da UFPR<\/h2>\n<ul>\n<li >\n\t\t\t\t\t<a href=\"http:\/\/www.pra.ufpr.br\/\" target=\"_blank\" rel=\"noopener noreferrer\"><br \/>\n\t\t\t\t\t\t\t\t\t\tPr\u00f3-Reitoria de Administra\u00e7\u00e3o<br \/>\n\t\t\t\t\t\t\t\t\t\t\t<\/a>\n\t\t\t\t\t\t\t\t\t<\/li>\n<li >\n\t\t\t\t\t<a href=\"http:\/\/www.prae.ufpr.br\/\" target=\"_blank\" rel=\"noopener noreferrer\"><br \/>\n\t\t\t\t\t\t\t\t\t\tPr\u00f3-Reitoria de Assuntos Estudantis<br \/>\n\t\t\t\t\t\t\t\t\t\t\t<\/a>\n\t\t\t\t\t\t\t\t\t<\/li>\n<li >\n\t\t\t\t\t<a href=\"http:\/\/www.prograd.ufpr.br\/portal\/copap\/\" target=\"_blank\" rel=\"noopener noreferrer\"><br \/>\n\t\t\t\t\t\t\t\t\t\tPr\u00f3-Reitoria de Extens\u00e3o e Cultura<br \/>\n\t\t\t\t\t\t\t\t\t\t\t<\/a>\n\t\t\t\t\t\t\t\t\t<\/li>\n<li >\n\t\t\t\t\t<a href=\"http:\/\/www.progepe.ufpr.br\/\" target=\"_blank\" rel=\"noopener noreferrer\"><br \/>\n\t\t\t\t\t\t\t\t\t\tPr\u00f3-Reitoria de Gest\u00e3o de Pessoas<br \/>\n\t\t\t\t\t\t\t\t\t\t\t<\/a>\n\t\t\t\t\t\t\t\t\t<\/li>\n<li >\n\t\t\t\t\t<a href=\"http:\/\/www.prograd.ufpr.br\/\" target=\"_blank\" rel=\"noopener noreferrer\"><br \/>\n\t\t\t\t\t\t\t\t\t\tPr\u00f3-Reitoria de Gradua\u00e7\u00e3o e Educa\u00e7\u00e3o Profissional<br \/>\n\t\t\t\t\t\t\t\t\t\t\t<\/a>\n\t\t\t\t\t\t\t\t\t<\/li>\n<li >\n\t\t\t\t\t<a href=\"http:\/\/www.prppg.ufpr.br\/\" target=\"_blank\" rel=\"noopener noreferrer\"><br \/>\n\t\t\t\t\t\t\t\t\t\tPr\u00f3-Reitoria de Pesquisa e P\u00f3s-Gradua\u00e7\u00e3o<br \/>\n\t\t\t\t\t\t\t\t\t\t\t<\/a>\n\t\t\t\t\t\t\t\t\t<\/li>\n<li >\n\t\t\t\t\t<a href=\"http:\/\/www.proplan.ufpr.br\/\" target=\"_blank\" rel=\"noopener noreferrer\"><br \/>\n\t\t\t\t\t\t\t\t\t\tPr\u00f3-Reitoria de Planejamento, Or\u00e7amento e Finan\u00e7as<br \/>\n\t\t\t\t\t\t\t\t\t\t\t<\/a>\n\t\t\t\t\t\t\t\t\t<\/li>\n<\/ul>\n<p>\t\t\t\t\t\t\t\t\t\t<img loading=\"lazy\" decoding=\"async\" width=\"4168\" height=\"512\" src=\"https:\/\/ufpr.br\/seadip\/wp-content\/uploads\/2019\/09\/rodape_site-1.png\" alt=\"\" srcset=\"https:\/\/ufpr.br\/seadip\/wp-content\/uploads\/2019\/09\/rodape_site-1.png 4168w, https:\/\/ufpr.br\/seadip\/wp-content\/uploads\/2019\/09\/rodape_site-1-300x37.png 300w, https:\/\/ufpr.br\/seadip\/wp-content\/uploads\/2019\/09\/rodape_site-1-768x94.png 768w, https:\/\/ufpr.br\/seadip\/wp-content\/uploads\/2019\/09\/rodape_site-1-1024x126.png 1024w\" sizes=\"auto, (max-width: 4168px) 100vw, 4168px\" \/><br \/>\n\t\t\t\t\t\t\t<a href=\"https:\/\/pt-br.facebook.com\/Cipead-UFPR-505827566179117\/\" target=\"_blank\" rel=\"noopener noreferrer\"><br \/>\n\t\t\t\t\tFacebook<br \/>\n\t\t\t\t\t\t\t\t\t<\/a><br \/>\n\t\t\t\t\t\t\t<a href=\"https:\/\/www.instagram.com\/cipead.ufpr\/\" target=\"_blank\" rel=\"noopener noreferrer\"><br \/>\n\t\t\t\t\tInstagram<br \/>\n\t\t\t\t\t\t\t\t\t<\/a><br \/>\n\t\t\t\t\t\t\t<a href=\"https:\/\/soundcloud.com\/user-618640587\" target=\"_blank\" rel=\"noopener noreferrer\"><br \/>\n\t\t\t\t\tSoundcloud<br \/>\n\t\t\t\t\t\t\t\t\t<\/a><br \/>\n\t\t\t\t\t\t\t<a href=\"https:\/\/www.youtube.com\/channel\/UCpdgtJ711ZSg029yKwyjzhA\/featured\" target=\"_blank\" rel=\"noopener noreferrer\"><br \/>\n\t\t\t\t\tYoutube<br \/>\n\t\t\t\t\t\t\t\t\t<\/a><br \/>\n\t\t\t\t\t\t\t<a href=\"https:\/\/ufpr.br\/seadip\/contato\/\"><br \/>\n\t\t\t\t\tEnvelope<br \/>\n\t\t\t\t\t\t\t\t\t<\/a><br \/>\n\t\t\t\t\t\t\t\t\t\t<img loading=\"lazy\" decoding=\"async\" width=\"4168\" height=\"512\" src=\"https:\/\/ufpr.br\/seadip\/wp-content\/uploads\/2019\/09\/rodape_site-1.png\" alt=\"\" srcset=\"https:\/\/ufpr.br\/seadip\/wp-content\/uploads\/2019\/09\/rodape_site-1.png 4168w, https:\/\/ufpr.br\/seadip\/wp-content\/uploads\/2019\/09\/rodape_site-1-300x37.png 300w, https:\/\/ufpr.br\/seadip\/wp-content\/uploads\/2019\/09\/rodape_site-1-768x94.png 768w, https:\/\/ufpr.br\/seadip\/wp-content\/uploads\/2019\/09\/rodape_site-1-1024x126.png 1024w\" sizes=\"auto, (max-width: 4168px) 100vw, 4168px\" \/><br \/>\n\t\t\t\t\t\t\t<a href=\"https:\/\/pt-br.facebook.com\/Cipead-UFPR-505827566179117\/\" target=\"_blank\" rel=\"noopener noreferrer\"><br \/>\n\t\t\t\t\tFacebook<br \/>\n\t\t\t\t\t\t\t\t\t<\/a><br \/>\n\t\t\t\t\t\t\t<a href=\"https:\/\/www.instagram.com\/cipead.ufpr\/\" target=\"_blank\" rel=\"noopener noreferrer\"><br \/>\n\t\t\t\t\tInstagram<br \/>\n\t\t\t\t\t\t\t\t\t<\/a><br \/>\n\t\t\t\t\t\t\t<a href=\"https:\/\/soundcloud.com\/user-618640587\" target=\"_blank\" rel=\"noopener noreferrer\"><br \/>\n\t\t\t\t\tSoundcloud<br \/>\n\t\t\t\t\t\t\t\t\t<\/a><br \/>\n\t\t\t\t\t\t\t<a href=\"https:\/\/www.youtube.com\/channel\/UCpdgtJ711ZSg029yKwyjzhA\/featured\" target=\"_blank\" rel=\"noopener noreferrer\"><br \/>\n\t\t\t\t\tYoutube<br \/>\n\t\t\t\t\t\t\t\t\t<\/a><br \/>\n\t\t\t\t\t\t\t<a href=\"https:\/\/ufpr.br\/seadip\/contato\/\"><br \/>\n\t\t\t\t\tEnvelope<br \/>\n\t\t\t\t\t\t\t\t\t<\/a><\/p>\n","protected":false},"excerpt":{"rendered":"<p>https:\/\/youtu.be\/PPdGMTy63vc Desde 2018, a CIPEAD\/PROGRAD tem inclu\u00eddo medidas acess\u00edveis\/sens\u00edveis em seus cursos seguindo as principais leis (Lei N\u00ba 9.394\/1996 &#8211; Diretrizes e Bases da Educa\u00e7\u00e3o Nacional \/Lei N\u00ba 13.146\/2015 \u2013 Lei Brasileira de Inclus\u00e3o da Pessoa com Defici\u00eancia) , intensificando o di\u00e1logo com a comunidade acad\u00eamica que utiliza a acessibilidade digital. \u00a0\u00a0 Na \u00a0UFPR VIRTUAL [&hellip;]<\/p>\n","protected":false},"author":14,"featured_media":0,"parent":0,"menu_order":0,"comment_status":"closed","ping_status":"closed","template":"","meta":{"footnotes":""},"class_list":["post-3101","page","type-page","status-publish","hentry"],"_links":{"self":[{"href":"https:\/\/ufpr.br\/seadip\/wp-json\/wp\/v2\/pages\/3101","targetHints":{"allow":["GET"]}}],"collection":[{"href":"https:\/\/ufpr.br\/seadip\/wp-json\/wp\/v2\/pages"}],"about":[{"href":"https:\/\/ufpr.br\/seadip\/wp-json\/wp\/v2\/types\/page"}],"author":[{"embeddable":true,"href":"https:\/\/ufpr.br\/seadip\/wp-json\/wp\/v2\/users\/14"}],"replies":[{"embeddable":true,"href":"https:\/\/ufpr.br\/seadip\/wp-json\/wp\/v2\/comments?post=3101"}],"version-history":[{"count":70,"href":"https:\/\/ufpr.br\/seadip\/wp-json\/wp\/v2\/pages\/3101\/revisions"}],"predecessor-version":[{"id":3690,"href":"https:\/\/ufpr.br\/seadip\/wp-json\/wp\/v2\/pages\/3101\/revisions\/3690"}],"wp:attachment":[{"href":"https:\/\/ufpr.br\/seadip\/wp-json\/wp\/v2\/media?parent=3101"}],"curies":[{"name":"wp","href":"https:\/\/api.w.org\/{rel}","templated":true}]}}