{"id":31,"date":"2019-09-24T11:09:50","date_gmt":"2019-09-24T14:09:50","guid":{"rendered":"https:\/\/ufpr.br\/?page=31"},"modified":"2026-03-12T09:36:57","modified_gmt":"2026-03-12T12:36:57","slug":"equipe","status":"publish","type":"page","link":"https:\/\/ufpr.br\/seadip\/equipe\/","title":{"rendered":"EQUIPE"},"content":{"rendered":"\n<p><strong>SUPERINTENDENTE<\/strong><\/p>\n\n\n\n<p><strong>Glauco Gomes de Menezes<br><a href=\"http:\/\/lattes.cnpq.br\/4240755341639061\">Lattes<\/a> | <a href=\"https:\/\/outlook.office365.com\/owa\/calendar\/e621a193099249afb1325ce9d4e19dc2@ufpr.br\/32908f4838684c3a89a67eece1c7290112528358577703678797\/calendar.html\">Agenda<\/a><\/strong><\/p>\n\n\n\n<p><strong>Unidade de Controle e Execu\u00e7\u00e3o Or\u00e7ament\u00e1ria&nbsp;<\/strong><\/p>\n\n\n\n<ul class=\"wp-block-list\">\n<li><strong>Naia Paula Yolanda Bittencourt Tortato<\/strong><br><em>Escala presencial:<\/em> <em><em>Teletrabalho integral<\/em><\/em><\/li>\n<\/ul>\n\n\n\n<p><strong>Se\u00e7\u00e3o de Apoio Administrativo<\/strong><\/p>\n\n\n\n<ul class=\"wp-block-list\">\n<li><strong>Alessandra Ferreira de Souza da Silva<\/strong><br><em>Escala presencial:<\/em> <em><em>Segundas-feiras e quartas-feiras<\/em><\/em><\/li>\n<\/ul>\n\n\n\n<hr class=\"wp-block-separator has-alpha-channel-opacity is-style-wide\" \/>\n\n\n\n<p><strong>COORDENADORIA DE INOVA\u00c7\u00c3O EDUCACIONAL<\/strong><\/p>\n\n\n\n<p><strong>Coordenadora: Juliana Crespo Lopes<br><a href=\"http:\/\/lattes.cnpq.br\/9226071765136548\" target=\"_blank\" rel=\"noopener\">Lattes<\/a> | <a href=\"https:\/\/outlook.office365.com\/owa\/calendar\/5613fc5a99a045e6b20f645316290f00@ufpr.br\/c6ea565177414a0691c2af928e7e258118036704279372843534\/calendar.html\" target=\"_blank\" rel=\"noreferrer noopener\">Agenda<\/a><\/strong><\/p>\n\n\n\n<p><strong>Se\u00e7\u00e3o Pedag\u00f3gica<\/strong>: <strong>Renata Ramos das Neves<\/strong><\/p>\n\n\n\n<p><strong>Chefe da Se\u00e7\u00e3o:<\/strong> <strong>Renata Ramos das Neves<\/strong><br><em>Escala presencial: Ter\u00e7as-feiras e quintas-feiras<\/em><\/p>\n\n\n\n<ul class=\"wp-block-list\">\n<li><strong>Anna Jungbluth<\/strong><br><em>Escala presencial:<\/em> <em>Quintas-feiras e sextas-feira<\/em>s<\/li>\n\n\n\n<li><strong>Marina Lupepso<\/strong><br><em>Teletrabalho integral<\/em><\/li>\n\n\n\n<li><strong>Samara Oliveira Marques da Silva<\/strong><br><em>Escala presencial: Quartas-feiras e quintas-feiras<\/em><\/li>\n<\/ul>\n\n\n\n<hr class=\"wp-block-separator has-alpha-channel-opacity is-style-wide\" \/>\n\n\n\n<p><b>Se\u00e7\u00e3o de Tecnologia Educacional<\/b><\/p>\n\n\n\n<p><strong>Chefe da Se\u00e7\u00e3o:<\/strong> <strong>Henrique Oliveira da Silva<\/strong><\/p>\n\n\n\n<ul class=\"wp-block-list\">\n<li><strong>Fabiana Costa Rabello<\/strong><br><em>Escala presencial:<\/em> <em>Ter\u00e7as-feiras e quartas-feiras<\/em><\/li>\n\n\n\n<li><strong>Jos\u00e9 Eduardo dos Santos Geremias Junior<\/strong><br><em>Escala presencial: Segundas-feiras e ter\u00e7as-feiras<\/em><\/li>\n\n\n\n<li><strong>Tiago Leinig<\/strong><br><em>Escala presencial: Quintas-feiras e sextas-feiras<\/em><\/li>\n\n\n\n<li><strong>Renato Ramos<\/strong><br><em><em>Escala presencial: Ter\u00e7as-feiras e quintas-feira<\/em><\/em>s<\/li>\n<\/ul>\n","protected":false},"excerpt":{"rendered":"<p>SUPERINTENDENTE Glauco Gomes de MenezesLattes | Agenda Unidade de Controle e Execu\u00e7\u00e3o Or\u00e7ament\u00e1ria&nbsp; Se\u00e7\u00e3o de Apoio Administrativo COORDENADORIA DE INOVA\u00c7\u00c3O EDUCACIONAL Coordenadora: Juliana Crespo LopesLattes | Agenda Se\u00e7\u00e3o Pedag\u00f3gica: Renata Ramos das Neves Chefe da Se\u00e7\u00e3o: Renata Ramos das NevesEscala presencial: Ter\u00e7as-feiras e quintas-feiras Se\u00e7\u00e3o de Tecnologia Educacional Chefe da Se\u00e7\u00e3o: Henrique Oliveira da Silva<\/p>\n","protected":false},"author":14,"featured_media":0,"parent":0,"menu_order":0,"comment_status":"closed","ping_status":"closed","template":"template\/full-width.php","meta":{"footnotes":""},"class_list":["post-31","page","type-page","status-publish","hentry"],"_links":{"self":[{"href":"https:\/\/ufpr.br\/seadip\/wp-json\/wp\/v2\/pages\/31","targetHints":{"allow":["GET"]}}],"collection":[{"href":"https:\/\/ufpr.br\/seadip\/wp-json\/wp\/v2\/pages"}],"about":[{"href":"https:\/\/ufpr.br\/seadip\/wp-json\/wp\/v2\/types\/page"}],"author":[{"embeddable":true,"href":"https:\/\/ufpr.br\/seadip\/wp-json\/wp\/v2\/users\/14"}],"replies":[{"embeddable":true,"href":"https:\/\/ufpr.br\/seadip\/wp-json\/wp\/v2\/comments?post=31"}],"version-history":[{"count":161,"href":"https:\/\/ufpr.br\/seadip\/wp-json\/wp\/v2\/pages\/31\/revisions"}],"predecessor-version":[{"id":11183,"href":"https:\/\/ufpr.br\/seadip\/wp-json\/wp\/v2\/pages\/31\/revisions\/11183"}],"wp:attachment":[{"href":"https:\/\/ufpr.br\/seadip\/wp-json\/wp\/v2\/media?parent=31"}],"curies":[{"name":"wp","href":"https:\/\/api.w.org\/{rel}","templated":true}]}}