{"id":2143,"date":"2020-04-09T14:56:40","date_gmt":"2020-04-09T17:56:40","guid":{"rendered":"https:\/\/ufpr.br\/?page=2143"},"modified":"2020-04-14T21:37:55","modified_gmt":"2020-04-15T00:37:55","slug":"ufpr-aberta","status":"publish","type":"page","link":"https:\/\/ufpr.br\/seadip\/ufpr-aberta\/","title":{"rendered":"UFPR ABERTA"},"content":{"rendered":"<p style=\"text-align: justify;\">A<strong> UFPR ABERTA <\/strong>\u00e9 um portal criado para difundir e promover a<strong> Educa\u00e7\u00e3o aberta.\u00a0 <\/strong>Trata-se de um movimento educacional que visa permitir o livre acesso a oportunidades de aprendizagem por meio dos recursos da EaD e do e-learning.<\/p>\n<p>\u00a0<\/p>\n<p><a href=\"https:\/\/ufpraberta.ufpr.br\/\" target=\"_blank\" rel=\"noopener noreferrer\"><img loading=\"lazy\" decoding=\"async\" src=\"https:\/\/ufpr.br\/seadip\/wp-content\/uploads\/2020\/04\/banner_ufpraberta_azul.png\" width=\"2516\" height=\"660\" \/><\/a><\/p>\n<p style=\"text-align: justify;\">Utilizando sempre REAs \u2013 Recursos Educacionais Abertos \u2013 essa plataforma permite que toda a comunidade externa possa ter acesso a diferentes cursos ofertados pela UFPR.<\/p>\n<p style=\"text-align: justify;\">O login \u00e9 feito de forma autom\u00e1tica. Depois de se inscrever e cumprir todas as tarefas propostas, o cursista receber\u00e1 seu certificado automaticamente.<\/p>\n<p style=\"text-align: justify;\">Ao lan\u00e7ar a plataforma, a CIPEAD coloca \u00e0 disposi\u00e7\u00e3o o curso <strong>H5P \u2013 Produzindo v\u00eddeos interativos.<\/strong><strong>\u00a0<\/strong><\/p>\n<p style=\"text-align: justify;\">Em seguida, tamb\u00e9m ser\u00e3o disponibilizados os cursos de Pr\u00e1ticas Educacionais Abertas e Recursos do Moodle para alunos.<\/p>\n<p style=\"text-align: justify;\">Se voc\u00ea ficou interessado em cursar ou ofertar um curso aberto, clique aqui e acesse a <strong><a href=\"https:\/\/ufpraberta.ufpr.br\/\" target=\"_blank\" rel=\"noopener noreferrer\">UFPR ABERTA<\/a><\/strong>.<\/p>\n<p style=\"text-align: justify;\">\u00a0<\/p>\n<p>\t\t\t<a href=\"https:\/\/ufpr.br\/seadip\/saberesonline\/\">SABERES ONLINE NA PANDEMIA<\/a><br \/>\n<a href=\"https:\/\/ufpr.br\/seadip\/saberesonline\/vivencias-formativas\/\">VIV\u00caNCIAS FORMATIVAS<\/a><br \/>\n<a href=\"https:\/\/ufpr.br\/seadip\/saberesonline\/tutoriais-academico-administrativos\/\">TUTORIAIS ACAD\u00caMICO-ADMINISTRATIVOS<\/a><br \/>\n<a href=\"https:\/\/ufpr.br\/seadip\/saberesonline\/sala-de-assessoria-pedagogica-online\/\">SALA DE ASSESSORIA PEDAG\u00d3GICA ONLINE<\/a><br \/>\n<a href=\"https:\/\/ufpr.br\/seadip\/saberesonline\/ufpr-virtual\/\">UFPR VIRTUAL<\/a><br \/>\n<a href=\"https:\/\/ufpr.br\/seadip\/saberesonline\/ufpr-aberta\/\">UFPR ABERTA<\/a><br \/>\n<a href=\"https:\/\/ufpr.br\/seadip\/saberesonline\/saberesonlinecipeadufpr\/\">#SaberesOnlineCipeadUFPR<\/a><\/p>\n<h3>Mapa do Site<\/h3>\n<ul>\n<li >\n\t\t\t\t\t<a href=\"https:\/\/ufpr.br\/seadip\/inicio\"><br \/>\n\t\t\t\t\t\t\t\t\t\tIn\u00edcio<br \/>\n\t\t\t\t\t\t\t\t\t\t\t<\/a>\n\t\t\t\t\t\t\t\t\t<\/li>\n<li >\n\t\t\t\t\t<a href=\"https:\/\/ufpr.br\/seadip\/apresentacao\/\"><br \/>\n\t\t\t\t\t\t\t\t\t\tCipead<br \/>\n\t\t\t\t\t\t\t\t\t\t\t<\/a>\n\t\t\t\t\t\t\t\t\t<\/li>\n<li >\n\t\t\t\t\t<a href=\"https:\/\/ufpr.br\/seadip\/ufpr-hibrida\/projeto\/\"><br \/>\n\t\t\t\t\t\t\t\t\t\tCursos<br \/>\n\t\t\t\t\t\t\t\t\t\t\t<\/a>\n\t\t\t\t\t\t\t\t\t<\/li>\n<li >\n\t\t\t\t\t<a href=\"https:\/\/ufpr.br\/seadip\/ufpr-hibrida\/projeto\/\"><br \/>\n\t\t\t\t\t\t\t\t\t\tUFPR H\u00edbrida<br \/>\n\t\t\t\t\t\t\t\t\t\t\t<\/a>\n\t\t\t\t\t\t\t\t\t<\/li>\n<li >\n\t\t\t\t\t<a href=\"https:\/\/ufpr.br\/seadip\/ntes\/historico\/\" target=\"_blank\" rel=\"noopener noreferrer\"><br \/>\n\t\t\t\t\t\t\t\t\t\tNTEs<br \/>\n\t\t\t\t\t\t\t\t\t\t\t<\/a>\n\t\t\t\t\t\t\t\t\t<\/li>\n<li >\n\t\t\t\t\t<a href=\"https:\/\/ufpr.br\/seadip\/labcipead\/apresentacao\/\"><br \/>\n\t\t\t\t\t\t\t\t\t\tLabCipead<br \/>\n\t\t\t\t\t\t\t\t\t\t\t<\/a>\n\t\t\t\t\t\t\t\t\t<\/li>\n<li >\n\t\t\t\t\t<a href=\"https:\/\/ufpr.br\/seadip\/uab\/sistema-uab\/\"><br \/>\n\t\t\t\t\t\t\t\t\t\tUAB<br \/>\n\t\t\t\t\t\t\t\t\t\t\t<\/a>\n\t\t\t\t\t\t\t\t\t<\/li>\n<li >\n\t\t\t\t\t<a href=\"https:\/\/ufpr.br\/seadip\/moodle\/\"><br \/>\n\t\t\t\t\t\t\t\t\t\tMoodle<br \/>\n\t\t\t\t\t\t\t\t\t\t\t<\/a>\n\t\t\t\t\t\t\t\t\t<\/li>\n<li >\n\t\t\t\t\t<a href=\"https:\/\/ufpr.br\/seadip\/contato\/\"><br \/>\n\t\t\t\t\t\t\t\t\t\tContato<br \/>\n\t\t\t\t\t\t\t\t\t\t\t<\/a>\n\t\t\t\t\t\t\t\t\t<\/li>\n<\/ul>\n<h2>Sites da Prograd<\/h2>\n<ul>\n<li >\n\t\t\t\t\t<a href=\"http:\/\/www.prograd.ufpr.br\/portal\/coafe\/\" target=\"_blank\" rel=\"noopener noreferrer\"><br \/>\n\t\t\t\t\t\t\t\t\t\tCoordena\u00e7\u00e3o de Atividades Formativas e Est\u00e1gios<br \/>\n\t\t\t\t\t\t\t\t\t\t\t<\/a>\n\t\t\t\t\t\t\t\t\t<\/li>\n<li >\n\t\t\t\t\t<a href=\"http:\/\/www.prograd.ufpr.br\/portal\/copac\/\" target=\"_blank\" rel=\"noopener noreferrer\"><br \/>\n\t\t\t\t\t\t\t\t\t\tCoordena\u00e7\u00e3o de Pol\u00edticas de Acompanhamento Acad\u00eamico e Tutoria<br \/>\n\t\t\t\t\t\t\t\t\t\t\t<\/a>\n\t\t\t\t\t\t\t\t\t<\/li>\n<li >\n\t\t\t\t\t<a href=\"http:\/\/www.prograd.ufpr.br\/portal\/copap\/\" target=\"_blank\" rel=\"noopener noreferrer\"><br \/>\n\t\t\t\t\t\t\t\t\t\tCoordena\u00e7\u00e3o de Procedimentos Acad\u00eamicos e Perman\u00eancia<br \/>\n\t\t\t\t\t\t\t\t\t\t\t<\/a>\n\t\t\t\t\t\t\t\t\t<\/li>\n<li >\n\t\t\t\t\t<a href=\"http:\/\/www.prograd.ufpr.br\/portal\/copeg\/\" target=\"_blank\" rel=\"noopener noreferrer\"><br \/>\n\t\t\t\t\t\t\t\t\t\tCoordena\u00e7\u00e3o de Pol\u00edticas de  Ensino de Gradua\u00e7\u00e3o<br \/>\n\t\t\t\t\t\t\t\t\t\t\t<\/a>\n\t\t\t\t\t\t\t\t\t<\/li>\n<li >\n\t\t\t\t\t<a href=\"http:\/\/www.avaliacao.ufpr.br\/portal\/\" target=\"_blank\" rel=\"noopener noreferrer\"><br \/>\n\t\t\t\t\t\t\t\t\t\tCoordena\u00e7\u00e3o de Sistemas de Informa\u00e7\u00e3o para a Gest\u00e3o Acad\u00eamica<br \/>\n\t\t\t\t\t\t\t\t\t\t\t<\/a>\n\t\t\t\t\t\t\t\t\t<\/li>\n<li >\n\t\t\t\t\t<a href=\"http:\/\/portal.nc.ufpr.br\/PortalNC\/Home\" target=\"_blank\" rel=\"noopener noreferrer\"><br \/>\n\t\t\t\t\t\t\t\t\t\tN\u00facleo de Concursos<br \/>\n\t\t\t\t\t\t\t\t\t\t\t<\/a>\n\t\t\t\t\t\t\t\t\t<\/li>\n<\/ul>\n<h2>Pr\u00f3-Reitorias da UFPR<\/h2>\n<ul>\n<li >\n\t\t\t\t\t<a href=\"http:\/\/www.pra.ufpr.br\/\" target=\"_blank\" rel=\"noopener noreferrer\"><br \/>\n\t\t\t\t\t\t\t\t\t\tPr\u00f3-Reitoria de Administra\u00e7\u00e3o<br \/>\n\t\t\t\t\t\t\t\t\t\t\t<\/a>\n\t\t\t\t\t\t\t\t\t<\/li>\n<li >\n\t\t\t\t\t<a href=\"http:\/\/www.prae.ufpr.br\/\" target=\"_blank\" rel=\"noopener noreferrer\"><br \/>\n\t\t\t\t\t\t\t\t\t\tPr\u00f3-Reitoria de Assuntos Estudantis<br \/>\n\t\t\t\t\t\t\t\t\t\t\t<\/a>\n\t\t\t\t\t\t\t\t\t<\/li>\n<li >\n\t\t\t\t\t<a href=\"http:\/\/www.prograd.ufpr.br\/portal\/copap\/\" target=\"_blank\" rel=\"noopener noreferrer\"><br \/>\n\t\t\t\t\t\t\t\t\t\tPr\u00f3-Reitoria de Extens\u00e3o e Cultura<br \/>\n\t\t\t\t\t\t\t\t\t\t\t<\/a>\n\t\t\t\t\t\t\t\t\t<\/li>\n<li >\n\t\t\t\t\t<a href=\"http:\/\/www.progepe.ufpr.br\/\" target=\"_blank\" rel=\"noopener noreferrer\"><br \/>\n\t\t\t\t\t\t\t\t\t\tPr\u00f3-Reitoria de Gest\u00e3o de Pessoas<br \/>\n\t\t\t\t\t\t\t\t\t\t\t<\/a>\n\t\t\t\t\t\t\t\t\t<\/li>\n<li >\n\t\t\t\t\t<a href=\"http:\/\/www.prograd.ufpr.br\/\" target=\"_blank\" rel=\"noopener noreferrer\"><br \/>\n\t\t\t\t\t\t\t\t\t\tPr\u00f3-Reitoria de Gradua\u00e7\u00e3o e Educa\u00e7\u00e3o Profissional<br \/>\n\t\t\t\t\t\t\t\t\t\t\t<\/a>\n\t\t\t\t\t\t\t\t\t<\/li>\n<li >\n\t\t\t\t\t<a href=\"http:\/\/www.prppg.ufpr.br\/\" target=\"_blank\" rel=\"noopener noreferrer\"><br \/>\n\t\t\t\t\t\t\t\t\t\tPr\u00f3-Reitoria de Pesquisa e P\u00f3s-Gradua\u00e7\u00e3o<br \/>\n\t\t\t\t\t\t\t\t\t\t\t<\/a>\n\t\t\t\t\t\t\t\t\t<\/li>\n<li >\n\t\t\t\t\t<a href=\"http:\/\/www.proplan.ufpr.br\/\" target=\"_blank\" rel=\"noopener noreferrer\"><br \/>\n\t\t\t\t\t\t\t\t\t\tPr\u00f3-Reitoria de Planejamento, Or\u00e7amento e Finan\u00e7as<br \/>\n\t\t\t\t\t\t\t\t\t\t\t<\/a>\n\t\t\t\t\t\t\t\t\t<\/li>\n<\/ul>\n<p>\t\t\t\t\t\t\t\t\t\t<img loading=\"lazy\" decoding=\"async\" width=\"4168\" height=\"512\" src=\"https:\/\/ufpr.br\/seadip\/wp-content\/uploads\/2019\/09\/rodape_site-1.png\" alt=\"\" srcset=\"https:\/\/ufpr.br\/seadip\/wp-content\/uploads\/2019\/09\/rodape_site-1.png 4168w, https:\/\/ufpr.br\/seadip\/wp-content\/uploads\/2019\/09\/rodape_site-1-300x37.png 300w, https:\/\/ufpr.br\/seadip\/wp-content\/uploads\/2019\/09\/rodape_site-1-768x94.png 768w, https:\/\/ufpr.br\/seadip\/wp-content\/uploads\/2019\/09\/rodape_site-1-1024x126.png 1024w\" sizes=\"auto, (max-width: 4168px) 100vw, 4168px\" \/><br \/>\n\t\t\t\t\t\t\t<a href=\"https:\/\/pt-br.facebook.com\/Cipead-UFPR-505827566179117\/\" target=\"_blank\" rel=\"noopener noreferrer\"><br \/>\n\t\t\t\t\tFacebook<br \/>\n\t\t\t\t\t\t\t\t\t<\/a><br \/>\n\t\t\t\t\t\t\t<a href=\"https:\/\/www.instagram.com\/cipead.ufpr\/\" target=\"_blank\" rel=\"noopener noreferrer\"><br \/>\n\t\t\t\t\tInstagram<br \/>\n\t\t\t\t\t\t\t\t\t<\/a><br \/>\n\t\t\t\t\t\t\t<a href=\"https:\/\/soundcloud.com\/user-618640587\" target=\"_blank\" rel=\"noopener noreferrer\"><br \/>\n\t\t\t\t\tSoundcloud<br \/>\n\t\t\t\t\t\t\t\t\t<\/a><br \/>\n\t\t\t\t\t\t\t<a href=\"https:\/\/www.youtube.com\/channel\/UCpdgtJ711ZSg029yKwyjzhA\/featured\" target=\"_blank\" rel=\"noopener noreferrer\"><br \/>\n\t\t\t\t\tYoutube<br \/>\n\t\t\t\t\t\t\t\t\t<\/a><br \/>\n\t\t\t\t\t\t\t<a href=\"https:\/\/ufpr.br\/seadip\/contato\/\"><br \/>\n\t\t\t\t\tEnvelope<br \/>\n\t\t\t\t\t\t\t\t\t<\/a><\/p>\n","protected":false},"excerpt":{"rendered":"<p>A UFPR ABERTA \u00e9 um portal criado para difundir e promover a Educa\u00e7\u00e3o aberta.\u00a0 Trata-se de um movimento educacional que visa permitir o livre acesso a oportunidades de aprendizagem por meio dos recursos da EaD e do e-learning. \u00a0 Utilizando sempre REAs \u2013 Recursos Educacionais Abertos \u2013 essa plataforma permite que toda a comunidade externa [&hellip;]<\/p>\n","protected":false},"author":14,"featured_media":0,"parent":0,"menu_order":0,"comment_status":"closed","ping_status":"closed","template":"template\/full-width.php","meta":{"footnotes":""},"class_list":["post-2143","page","type-page","status-publish","hentry"],"_links":{"self":[{"href":"https:\/\/ufpr.br\/seadip\/wp-json\/wp\/v2\/pages\/2143","targetHints":{"allow":["GET"]}}],"collection":[{"href":"https:\/\/ufpr.br\/seadip\/wp-json\/wp\/v2\/pages"}],"about":[{"href":"https:\/\/ufpr.br\/seadip\/wp-json\/wp\/v2\/types\/page"}],"author":[{"embeddable":true,"href":"https:\/\/ufpr.br\/seadip\/wp-json\/wp\/v2\/users\/14"}],"replies":[{"embeddable":true,"href":"https:\/\/ufpr.br\/seadip\/wp-json\/wp\/v2\/comments?post=2143"}],"version-history":[{"count":8,"href":"https:\/\/ufpr.br\/seadip\/wp-json\/wp\/v2\/pages\/2143\/revisions"}],"predecessor-version":[{"id":2408,"href":"https:\/\/ufpr.br\/seadip\/wp-json\/wp\/v2\/pages\/2143\/revisions\/2408"}],"wp:attachment":[{"href":"https:\/\/ufpr.br\/seadip\/wp-json\/wp\/v2\/media?parent=2143"}],"curies":[{"name":"wp","href":"https:\/\/api.w.org\/{rel}","templated":true}]}}