{"id":147,"date":"2019-09-25T11:35:31","date_gmt":"2019-09-25T14:35:31","guid":{"rendered":"https:\/\/ufpr.br\/?page=147"},"modified":"2025-10-07T14:01:20","modified_gmt":"2025-10-07T17:01:20","slug":"criacao-de-usuario","status":"publish","type":"page","link":"https:\/\/ufpr.br\/seadip\/criacao-de-usuario\/","title":{"rendered":"ACESSO E CRIA\u00c7\u00c3O DE USU\u00c1RIO"},"content":{"rendered":"\n<p><strong>\u21d2<\/strong> <strong>Cria\u00e7\u00e3o de Usu\u00e1rio &#8211; Docente ou aluno da UFPR<\/strong><\/p>\n\n\n\n<p>Para criar o usu\u00e1rio de acesso ao sistema, o professor deve primeiro criar a turma no Siga e realizar a sincroniza\u00e7\u00e3o com a plataforma. Ap\u00f3s esse processo, um e-mail ser\u00e1 enviado para o endere\u00e7o cadastrado no Siga, contendo a senha de acesso ao sistema.&nbsp;<\/p>\n\n\n\n<p>Esse procedimento de cria\u00e7\u00e3o de usu\u00e1rio no sistema \u00e9 aplic\u00e1vel tanto para docentes quanto para alunos.&nbsp;<\/p>\n\n\n\n<p>Se voc\u00ea \u00e9 <strong>servidor t\u00e9cnico<\/strong> ou <strong>coordenador de um projeto, curso ou grupo de estudos<\/strong> e deseja cadastrar usu\u00e1rios \u2014 sejam eles da comunidade interna ou externa \u2014 em sua sala virtual, <strong>solicite o cadastro pelo SUPORTE UFPR VIRTUAL<\/strong>, <a href=\"https:\/\/chamados.ufpr.br\/plugins\/formcreator\/front\/wizard.php\" data-type=\"link\" data-id=\"https:\/\/chamados.ufpr.br\/plugins\/formcreator\/front\/wizard.php\" target=\"_blank\" rel=\"noreferrer noopener\"><strong>clicando aqui<\/strong><\/a>.<\/p>\n\n\n\n<p><\/p>\n","protected":false},"excerpt":{"rendered":"<p>\u21d2 Cria\u00e7\u00e3o de Usu\u00e1rio &#8211; Docente ou aluno da UFPR Para criar o usu\u00e1rio de acesso ao sistema, o professor deve primeiro criar a turma no Siga e realizar a sincroniza\u00e7\u00e3o com a plataforma. Ap\u00f3s esse processo, um e-mail ser\u00e1 enviado para o endere\u00e7o cadastrado no Siga, contendo a senha de acesso ao sistema.&nbsp; Esse [&hellip;]<\/p>\n","protected":false},"author":10,"featured_media":0,"parent":0,"menu_order":0,"comment_status":"closed","ping_status":"closed","template":"template\/full-width.php","meta":{"footnotes":""},"class_list":["post-147","page","type-page","status-publish","hentry"],"_links":{"self":[{"href":"https:\/\/ufpr.br\/seadip\/wp-json\/wp\/v2\/pages\/147","targetHints":{"allow":["GET"]}}],"collection":[{"href":"https:\/\/ufpr.br\/seadip\/wp-json\/wp\/v2\/pages"}],"about":[{"href":"https:\/\/ufpr.br\/seadip\/wp-json\/wp\/v2\/types\/page"}],"author":[{"embeddable":true,"href":"https:\/\/ufpr.br\/seadip\/wp-json\/wp\/v2\/users\/10"}],"replies":[{"embeddable":true,"href":"https:\/\/ufpr.br\/seadip\/wp-json\/wp\/v2\/comments?post=147"}],"version-history":[{"count":43,"href":"https:\/\/ufpr.br\/seadip\/wp-json\/wp\/v2\/pages\/147\/revisions"}],"predecessor-version":[{"id":9503,"href":"https:\/\/ufpr.br\/seadip\/wp-json\/wp\/v2\/pages\/147\/revisions\/9503"}],"wp:attachment":[{"href":"https:\/\/ufpr.br\/seadip\/wp-json\/wp\/v2\/media?parent=147"}],"curies":[{"name":"wp","href":"https:\/\/api.w.org\/{rel}","templated":true}]}}