{"id":145,"date":"2019-09-25T11:35:06","date_gmt":"2019-09-25T14:35:06","guid":{"rendered":"https:\/\/ufpr.br\/?page=145"},"modified":"2025-10-07T13:58:31","modified_gmt":"2025-10-07T16:58:31","slug":"abertura-de-turmas","status":"publish","type":"page","link":"https:\/\/ufpr.br\/seadip\/abertura-de-turmas\/","title":{"rendered":"ABERTURA DE TURMAS"},"content":{"rendered":"\n<p>Informamos que a abertura de <strong>salas de aula virtuais<\/strong> deve seguir procedimentos distintos conforme o tipo de curso:<\/p>\n\n\n\n<ul class=\"wp-block-list\">\n<li><strong>Cursos de extens\u00e3o:<\/strong> as salas virtuais devem ser abertas na <strong>UFPR Aberta<\/strong>.<\/li>\n\n\n\n<li><strong>Cursos de p\u00f3s-gradua\u00e7\u00e3o:<\/strong> as salas virtuais devem ser abertas na <strong>UFPR Virtual<\/strong>.<\/li>\n<\/ul>\n\n\n\n<p>O processo de solicita\u00e7\u00e3o \u00e9 realizado por meio do <strong><a href=\"https:\/\/chamados.ufpr.br\/plugins\/formcreator\/front\/wizard.php\" target=\"_blank\" rel=\"noreferrer noopener\">Sistema de Chamados da UFPR<\/a><\/strong> na op\u00e7\u00e3o <strong>Ambiente Virtual de Aprendizagem (UFPR Virtual e UFPR Aberta)<\/strong>, conforme imagem abaixo. <\/p>\n\n\n\n<figure class=\"wp-block-image size-full\"><img loading=\"lazy\" decoding=\"async\" width=\"273\" height=\"149\" src=\"https:\/\/ufpr.br\/seadip\/wp-content\/uploads\/2025\/10\/image-2.png\" alt=\"\" class=\"wp-image-9495\" srcset=\"https:\/\/ufpr.br\/seadip\/wp-content\/uploads\/2025\/10\/image-2.png 273w, https:\/\/ufpr.br\/seadip\/wp-content\/uploads\/2025\/10\/image-2-175x96.png 175w, https:\/\/ufpr.br\/seadip\/wp-content\/uploads\/2025\/10\/image-2-75x41.png 75w\" sizes=\"auto, (max-width: 273px) 100vw, 273px\" \/><\/figure>\n\n\n\n<p><\/p>\n","protected":false},"excerpt":{"rendered":"<p>Informamos que a abertura de salas de aula virtuais deve seguir procedimentos distintos conforme o tipo de curso: O processo de solicita\u00e7\u00e3o \u00e9 realizado por meio do Sistema de Chamados da UFPR na op\u00e7\u00e3o Ambiente Virtual de Aprendizagem (UFPR Virtual e UFPR Aberta), conforme imagem abaixo.<\/p>\n","protected":false},"author":14,"featured_media":0,"parent":0,"menu_order":0,"comment_status":"closed","ping_status":"closed","template":"template\/full-width.php","meta":{"footnotes":""},"class_list":["post-145","page","type-page","status-publish","hentry"],"_links":{"self":[{"href":"https:\/\/ufpr.br\/seadip\/wp-json\/wp\/v2\/pages\/145","targetHints":{"allow":["GET"]}}],"collection":[{"href":"https:\/\/ufpr.br\/seadip\/wp-json\/wp\/v2\/pages"}],"about":[{"href":"https:\/\/ufpr.br\/seadip\/wp-json\/wp\/v2\/types\/page"}],"author":[{"embeddable":true,"href":"https:\/\/ufpr.br\/seadip\/wp-json\/wp\/v2\/users\/14"}],"replies":[{"embeddable":true,"href":"https:\/\/ufpr.br\/seadip\/wp-json\/wp\/v2\/comments?post=145"}],"version-history":[{"count":20,"href":"https:\/\/ufpr.br\/seadip\/wp-json\/wp\/v2\/pages\/145\/revisions"}],"predecessor-version":[{"id":9500,"href":"https:\/\/ufpr.br\/seadip\/wp-json\/wp\/v2\/pages\/145\/revisions\/9500"}],"wp:attachment":[{"href":"https:\/\/ufpr.br\/seadip\/wp-json\/wp\/v2\/media?parent=145"}],"curies":[{"name":"wp","href":"https:\/\/api.w.org\/{rel}","templated":true}]}}