{"id":133,"date":"2019-09-25T11:32:33","date_gmt":"2019-09-25T14:32:33","guid":{"rendered":"https:\/\/ufpr.br\/?page=133"},"modified":"2025-09-23T15:44:51","modified_gmt":"2025-09-23T18:44:51","slug":"cursos","status":"publish","type":"page","link":"https:\/\/ufpr.br\/seadip\/uab\/cursos\/","title":{"rendered":"CURSOS"},"content":{"rendered":"\n<h3 class=\"wp-block-heading\" style=\"font-size:23px\"><strong>Gradua\u00e7\u00e3o<\/strong><\/h3>\n\n\n\n<div style=\"height:25px\" aria-hidden=\"true\" class=\"wp-block-spacer\"><\/div>\n\n\n\n<h4 class=\"wp-block-heading\" style=\"font-size:17px\"><a href=\"http:\/\/www.pedagogia.ufpr.br\/ead.html\" target=\"_blank\" rel=\"noreferrer noopener\"><strong>\u00bb <\/strong><\/a><strong><a href=\"http:\/\/www.pedagogia.ufpr.br\/ead.html\" target=\"_blank\" rel=\"noreferrer noopener\">PEDAGOGIA<\/a> <\/strong><\/h4>\n\n\n\n<h4 class=\"wp-block-heading\" style=\"font-size:17px\"><a href=\"http:\/\/www.sept.ufpr.br\/portal\/gestaoculturalead\/\" target=\"_blank\" rel=\"noreferrer noopener\">\u00bb <strong>TECNOLOGIA EM GEST\u00c3O CULTURAL<\/strong> <\/a> <\/h4>\n\n\n\n<div style=\"height:33px\" aria-hidden=\"true\" class=\"wp-block-spacer\"><\/div>\n\n\n\n<p><strong>Observa\u00e7\u00e3o: <\/strong>Os processos seletivos para cursos de\u00a0<b>gradua\u00e7\u00e3o<\/b>\u00a0<strong>EaD<\/strong> s\u00e3o divulgados no site<strong><a href=\"http:\/\/www.nc.ufpr.br\/\" target=\"_blank\" rel=\"noopener\">\u00a0www.nc.ufpr.br<\/a><\/strong>.\u00a0Nesse site, voc\u00ea ter\u00e1 acesso ao Edital e demais instru\u00e7\u00f5es. Caso queira entender como foi a \u00faltima sele\u00e7\u00e3o acesse:\u00a0<a href=\"https:\/\/servicos.nc.ufpr.br\/PortalNC\/Concurso?concurso=PSPEAD2023\" target=\"_blank\" rel=\"noreferrer noopener\"><strong>https:\/\/servicos.nc.ufpr.br\/PortalNC\/Concurso?concurso=PSPEAD2023<\/strong><\/a>\u00a0e <a href=\"https:\/\/servicos.nc.ufpr.br\/PortalNC\/Concurso?concurso=GESTAOCULTURAL2024\"><strong>https:\/\/servicos.nc.ufpr.br\/PortalNC\/Concurso?concurso=GESTAOCULTURAL2024<\/strong><\/a><\/p>\n\n\n\n<p><\/p>\n","protected":false},"excerpt":{"rendered":"<p>Gradua\u00e7\u00e3o \u00bb PEDAGOGIA \u00bb TECNOLOGIA EM GEST\u00c3O CULTURAL Observa\u00e7\u00e3o: Os processos seletivos para cursos de\u00a0gradua\u00e7\u00e3o\u00a0EaD s\u00e3o divulgados no site\u00a0www.nc.ufpr.br.\u00a0Nesse site, voc\u00ea ter\u00e1 acesso ao Edital e demais instru\u00e7\u00f5es. Caso queira entender como foi a \u00faltima sele\u00e7\u00e3o acesse:\u00a0https:\/\/servicos.nc.ufpr.br\/PortalNC\/Concurso?concurso=PSPEAD2023\u00a0e https:\/\/servicos.nc.ufpr.br\/PortalNC\/Concurso?concurso=GESTAOCULTURAL2024<\/p>\n","protected":false},"author":14,"featured_media":0,"parent":123,"menu_order":0,"comment_status":"closed","ping_status":"closed","template":"template\/full-width.php","meta":{"footnotes":""},"class_list":["post-133","page","type-page","status-publish","hentry"],"_links":{"self":[{"href":"https:\/\/ufpr.br\/seadip\/wp-json\/wp\/v2\/pages\/133","targetHints":{"allow":["GET"]}}],"collection":[{"href":"https:\/\/ufpr.br\/seadip\/wp-json\/wp\/v2\/pages"}],"about":[{"href":"https:\/\/ufpr.br\/seadip\/wp-json\/wp\/v2\/types\/page"}],"author":[{"embeddable":true,"href":"https:\/\/ufpr.br\/seadip\/wp-json\/wp\/v2\/users\/14"}],"replies":[{"embeddable":true,"href":"https:\/\/ufpr.br\/seadip\/wp-json\/wp\/v2\/comments?post=133"}],"version-history":[{"count":21,"href":"https:\/\/ufpr.br\/seadip\/wp-json\/wp\/v2\/pages\/133\/revisions"}],"predecessor-version":[{"id":8932,"href":"https:\/\/ufpr.br\/seadip\/wp-json\/wp\/v2\/pages\/133\/revisions\/8932"}],"up":[{"embeddable":true,"href":"https:\/\/ufpr.br\/seadip\/wp-json\/wp\/v2\/pages\/123"}],"wp:attachment":[{"href":"https:\/\/ufpr.br\/seadip\/wp-json\/wp\/v2\/media?parent=133"}],"curies":[{"name":"wp","href":"https:\/\/api.w.org\/{rel}","templated":true}]}}