{"id":127,"date":"2019-09-25T11:31:29","date_gmt":"2019-09-25T14:31:29","guid":{"rendered":"https:\/\/ufpr.br\/?page=127"},"modified":"2025-09-23T15:17:10","modified_gmt":"2025-09-23T18:17:10","slug":"historico","status":"publish","type":"page","link":"https:\/\/ufpr.br\/seadip\/uab\/historico\/","title":{"rendered":"HIST\u00d3RICO"},"content":{"rendered":"\n<p>O Sistema UAB foi criado pelo Minist\u00e9rio da Educa\u00e7\u00e3o no ano de 2005, em parceria com a ANDIFES e Empresas Estatais, no \u00e2mbito do F\u00f3rum das Estatais pela Educa\u00e7\u00e3o com foco nas Pol\u00edticas e a Gest\u00e3o da Educa\u00e7\u00e3o Superior. Trata-se de uma pol\u00edtica p\u00fablica de articula\u00e7\u00e3o entre a Secretaria de Educa\u00e7\u00e3o a Dist\u00e2ncia \u2013 SEED\/MEC e a Diretoria de Educa\u00e7\u00e3o a Dist\u00e2ncia \u2013 DED\/CAPES com vistas \u00e0 expans\u00e3o da educa\u00e7\u00e3o superior, no \u00e2mbito do Plano de Desenvolvimento da Educa\u00e7\u00e3o \u2013 PDE.<\/p>\n\n\n\n<p>O Sistema UAB sustenta-se em cinco eixos fundamentais:<\/p>\n\n\n\n<ul class=\"wp-block-list\">\n<li>Expans\u00e3o p\u00fablica da educa\u00e7\u00e3o superior, considerando os processos de democratiza\u00e7\u00e3o e acesso;<\/li>\n\n\n\n<li>Aperfei\u00e7oamento dos processos de gest\u00e3o das institui\u00e7\u00f5es de ensino superior, possibilitando sua expans\u00e3o em conson\u00e2ncia com as propostas educacionais dos estados e munic\u00edpios;<\/li>\n\n\n\n<li>Avalia\u00e7\u00e3o da educa\u00e7\u00e3o superior a dist\u00e2ncia tendo por base os processos de flexibiliza\u00e7\u00e3o e regula\u00e7\u00e3o implantados pelo MEC;<\/li>\n\n\n\n<li>Est\u00edmulo \u00e0 investiga\u00e7\u00e3o em educa\u00e7\u00e3o superior a dist\u00e2ncia no Pa\u00eds;<\/li>\n\n\n\n<li>Financiamento dos processos de implanta\u00e7\u00e3o, execu\u00e7\u00e3o e forma\u00e7\u00e3o de recursos humanos em educa\u00e7\u00e3o superior a dist\u00e2ncia.<\/li>\n<\/ul>\n\n\n\n<p>Os primeiros cursos executados no \u00e2mbito do Sistema UAB resultaram da publica\u00e7\u00e3o de editais. O primeiro edital, conhecido como&nbsp;UAB1, publicado em 20 de dezembro de 2005, permitiu a concretiza\u00e7\u00e3o do Sistema UAB, por meio da sele\u00e7\u00e3o para integra\u00e7\u00e3o e articula\u00e7\u00e3o das propostas de cursos, apresentadas exclusivamente por institui\u00e7\u00f5es federais de ensino superior, e as propostas de polos de apoio presencial, apresentadas por estados e munic\u00edpios.<\/p>\n\n\n\n<p>O segundo edital, publicado em 18 de outubro de 2006, denominado&nbsp;UAB2, diferiu da primeira experi\u00eancia por permitir a participa\u00e7\u00e3o de todas as institui\u00e7\u00f5es p\u00fablicas, inclusive as estaduais e municipais.<\/p>\n\n\n\n<p>Em 2007, o sistema UAB repassou recursos \u00e0s institui\u00e7\u00f5es de ensino superior para a amplia\u00e7\u00e3o do acervo bibliogr\u00e1fico dos polos de apoio presencial. Foram adquiridos livros contemplando as \u00e1reas dos cursos ofertados nos polos. A bibliografia b\u00e1sica foi indicada por coordenadores de cursos e corroborada por coordenadores UAB.<\/p>\n\n\n\n<p>Em 2008, merece destaque da atua\u00e7\u00e3o do Sistema UAB que fomentou a cria\u00e7\u00e3o de cursos na \u00e1rea de Administra\u00e7\u00e3o, de Gest\u00e3o P\u00fablica e outras \u00e1reas t\u00e9cnicas.<\/p>\n\n\n\n<p>Atualmente, 88 institui\u00e7\u00f5es integram o Sistema UAB, entre universidades federais, universidades estaduais e Institutos Federais de Educa\u00e7\u00e3o, Ci\u00eancia e Tecnologia (IFETs). De 2007 a julho de 2009, foram aprovados e instalados 557 polos de apoio presencial com 187.154 vagas criadas. A UAB, ademais, em agosto de 2009, selecionou mais 163 novos polos, no \u00e2mbito do Plano de A\u00e7\u00f5es Articuladas, para equacionar a demanda e a oferta de forma\u00e7\u00e3o de professores na rede p\u00fablica da educa\u00e7\u00e3o b\u00e1sica, ampliando a rede para um total de 720 polos. Para 2010, espera-se a cria\u00e7\u00e3o de cerca de 200 polos.<\/p>\n\n\n\n<p>A UAB continuar\u00e1 a apoiar a forma\u00e7\u00e3o de professores com a oferta de vagas n\u00e3o-presenciais para o Plano Nacional de Forma\u00e7\u00e3o de Professores da Educa\u00e7\u00e3o. Essas vagas atender\u00e3o a demanda levantada pela an\u00e1lise das pr\u00e9-inscri\u00e7\u00f5es realizadas na Plataforma Freire pelos professores brasileiros.<\/p>\n","protected":false},"excerpt":{"rendered":"<p>O Sistema UAB foi criado pelo Minist\u00e9rio da Educa\u00e7\u00e3o no ano de 2005, em parceria com a ANDIFES e Empresas Estatais, no \u00e2mbito do F\u00f3rum das Estatais pela Educa\u00e7\u00e3o com foco nas Pol\u00edticas e a Gest\u00e3o da Educa\u00e7\u00e3o Superior. Trata-se de uma pol\u00edtica p\u00fablica de articula\u00e7\u00e3o entre a Secretaria de Educa\u00e7\u00e3o a Dist\u00e2ncia \u2013 SEED\/MEC [&hellip;]<\/p>\n","protected":false},"author":14,"featured_media":0,"parent":123,"menu_order":0,"comment_status":"closed","ping_status":"closed","template":"template\/full-width.php","meta":{"footnotes":""},"class_list":["post-127","page","type-page","status-publish","hentry"],"_links":{"self":[{"href":"https:\/\/ufpr.br\/seadip\/wp-json\/wp\/v2\/pages\/127","targetHints":{"allow":["GET"]}}],"collection":[{"href":"https:\/\/ufpr.br\/seadip\/wp-json\/wp\/v2\/pages"}],"about":[{"href":"https:\/\/ufpr.br\/seadip\/wp-json\/wp\/v2\/types\/page"}],"author":[{"embeddable":true,"href":"https:\/\/ufpr.br\/seadip\/wp-json\/wp\/v2\/users\/14"}],"replies":[{"embeddable":true,"href":"https:\/\/ufpr.br\/seadip\/wp-json\/wp\/v2\/comments?post=127"}],"version-history":[{"count":14,"href":"https:\/\/ufpr.br\/seadip\/wp-json\/wp\/v2\/pages\/127\/revisions"}],"predecessor-version":[{"id":8906,"href":"https:\/\/ufpr.br\/seadip\/wp-json\/wp\/v2\/pages\/127\/revisions\/8906"}],"up":[{"embeddable":true,"href":"https:\/\/ufpr.br\/seadip\/wp-json\/wp\/v2\/pages\/123"}],"wp:attachment":[{"href":"https:\/\/ufpr.br\/seadip\/wp-json\/wp\/v2\/media?parent=127"}],"curies":[{"name":"wp","href":"https:\/\/api.w.org\/{rel}","templated":true}]}}