{"id":107,"date":"2019-09-25T11:27:16","date_gmt":"2019-09-25T14:27:16","guid":{"rendered":"https:\/\/ufpr.br\/?page=107"},"modified":"2026-02-11T16:12:51","modified_gmt":"2026-02-11T19:12:51","slug":"apoio-cipead","status":"publish","type":"page","link":"https:\/\/ufpr.br\/seadip\/apoio-cipead\/","title":{"rendered":"APOIO SEaDIP"},"content":{"rendered":"\n<p>O NTE ter\u00e1 seu escopo de atua\u00e7\u00e3o definido pelo setor, mas contar\u00e1 com a SEADIP como elo de apoio para a consecu\u00e7\u00e3o de suas demandas.<\/p>\n\n\n\n<p>No processo de implanta\u00e7\u00e3o, caber\u00e1 \u00e0 SEADIP:<\/p>\n\n\n\n<ul class=\"wp-block-list\">\n<li>promover reuni\u00e3o para planejamento estrat\u00e9gico;<\/li>\n\n\n\n<li>designar equipamentos para in\u00edcio dos trabalhos\/a\u00e7\u00f5es do NTE;<\/li>\n\n\n\n<li>realizar oferta de a\u00e7\u00f5es a partir do projeto Viv\u00eancias Formativas para a Educa\u00e7\u00e3o H\u00edbrida;<\/li>\n\n\n\n<li>apoiar o estabelecimento de parcerias para a consecu\u00e7\u00e3o do plano de a\u00e7\u00e3o do NTE.<\/li>\n<\/ul>\n","protected":false},"excerpt":{"rendered":"<p>O NTE ter\u00e1 seu escopo de atua\u00e7\u00e3o definido pelo setor, mas contar\u00e1 com a SEADIP como elo de apoio para a consecu\u00e7\u00e3o de suas demandas. No processo de implanta\u00e7\u00e3o, caber\u00e1 \u00e0 SEADIP:<\/p>\n","protected":false},"author":14,"featured_media":0,"parent":0,"menu_order":0,"comment_status":"closed","ping_status":"closed","template":"template\/full-width.php","meta":{"footnotes":""},"class_list":["post-107","page","type-page","status-publish","hentry"],"_links":{"self":[{"href":"https:\/\/ufpr.br\/seadip\/wp-json\/wp\/v2\/pages\/107","targetHints":{"allow":["GET"]}}],"collection":[{"href":"https:\/\/ufpr.br\/seadip\/wp-json\/wp\/v2\/pages"}],"about":[{"href":"https:\/\/ufpr.br\/seadip\/wp-json\/wp\/v2\/types\/page"}],"author":[{"embeddable":true,"href":"https:\/\/ufpr.br\/seadip\/wp-json\/wp\/v2\/users\/14"}],"replies":[{"embeddable":true,"href":"https:\/\/ufpr.br\/seadip\/wp-json\/wp\/v2\/comments?post=107"}],"version-history":[{"count":23,"href":"https:\/\/ufpr.br\/seadip\/wp-json\/wp\/v2\/pages\/107\/revisions"}],"predecessor-version":[{"id":10911,"href":"https:\/\/ufpr.br\/seadip\/wp-json\/wp\/v2\/pages\/107\/revisions\/10911"}],"wp:attachment":[{"href":"https:\/\/ufpr.br\/seadip\/wp-json\/wp\/v2\/media?parent=107"}],"curies":[{"name":"wp","href":"https:\/\/api.w.org\/{rel}","templated":true}]}}