{"id":10297,"date":"2025-10-15T14:24:47","date_gmt":"2025-10-15T17:24:47","guid":{"rendered":"https:\/\/ufpr.br\/seadip\/?page_id=10297"},"modified":"2025-10-15T14:51:40","modified_gmt":"2025-10-15T17:51:40","slug":"editais-em-andamento","status":"publish","type":"page","link":"https:\/\/ufpr.br\/seadip\/editais-em-andamento\/","title":{"rendered":"EDITAIS EM ANDAMENTO"},"content":{"rendered":"\n<div class=\"wp-block-query is-layout-flow wp-block-query-is-layout-flow\"><ul class=\"wp-block-post-template is-layout-flow wp-block-post-template-is-layout-flow\"><li class=\"wp-block-post post-11242 post type-post status-publish format-standard hentry category-editais category-em-andamento\">\n\n<div class=\"wp-block-columns are-vertically-aligned-center is-layout-flex wp-container-core-columns-is-layout-9d6595d7 wp-block-columns-is-layout-flex\">\n<div class=\"wp-block-column is-vertically-aligned-center square-bullet-list-block is-layout-flow wp-block-column-is-layout-flow\" style=\"flex-basis:100%\"><h2 class=\"wp-block-post-title\"><a href=\"https:\/\/ufpr.br\/seadip\/edital-no-07-2026-processo-seletivo-para-coordenador-do-curso-de-especializacao-em-educacao-ambiental-da-universidade-aberta-do-brasil-uab-no-ambito-da-universidade-federal-do-parana-ufpr\/\" target=\"_blank\" >EDITAL N\u00ba 07\/2026\u00a0PROCESSO SELETIVO PARA COORDENADOR DO CURSO DE ESPECIALIZA\u00c7\u00c3O EM EDUCA\u00c7\u00c3O AMBIENTAL DA UNIVERSIDADE ABERTA DO BRASIL (UAB) NO \u00c2MBITO DA UNIVERSIDADE FEDERAL DO PARAN\u00c1 (UFPR)<\/a><\/h2><\/div>\n<\/div>\n\n<\/li><li class=\"wp-block-post post-11155 post type-post status-publish format-standard hentry category-editais category-em-andamento\">\n\n<div class=\"wp-block-columns are-vertically-aligned-center is-layout-flex wp-container-core-columns-is-layout-9d6595d7 wp-block-columns-is-layout-flex\">\n<div class=\"wp-block-column is-vertically-aligned-center square-bullet-list-block is-layout-flow wp-block-column-is-layout-flow\" style=\"flex-basis:100%\"><h2 class=\"wp-block-post-title\"><a href=\"https:\/\/ufpr.br\/seadip\/edital-no-06-2026-processo-seletivo-simplificado-para-admissao-no-curso-de-especializacao-em-gestao-em-saude-uab-ufpr\/\" target=\"_blank\" >EDITAL N\u00ba 06\/2026\u00a0PROCESSO SELETIVO SIMPLIFICADO PARA ADMISS\u00c3O NO CURSO DE ESPECIALIZA\u00c7\u00c3O EM GEST\u00c3O EM SA\u00daDE &#8211; UAB\/UFPR<\/a><\/h2><\/div>\n<\/div>\n\n<\/li><li class=\"wp-block-post post-11028 post type-post status-publish format-standard hentry category-editais category-em-andamento\">\n\n<div class=\"wp-block-columns are-vertically-aligned-center is-layout-flex wp-container-core-columns-is-layout-9d6595d7 wp-block-columns-is-layout-flex\">\n<div class=\"wp-block-column is-vertically-aligned-center square-bullet-list-block is-layout-flow wp-block-column-is-layout-flow\" style=\"flex-basis:100%\"><h2 class=\"wp-block-post-title\"><a href=\"https:\/\/ufpr.br\/seadip\/edital-no-05-2026-processo-seletivo-para-professor-formador-do-curso-de-pedagogia-ead-para-atuar-no-programa-sistema-universidade-aberta-do-brasil-uab-da-universidade-federal-do-parana-ufpr\/\" target=\"_blank\" >EDITAL N\u00ba 05\/2026 &#8211; PROCESSO SELETIVO PARA PROFESSOR FORMADOR DO CURSO DE PEDAGOGIA EAD PARA ATUAR NO PROGRAMA SISTEMA UNIVERSIDADE ABERTA DO BRASIL (UAB) DA UNIVERSIDADE FEDERAL DO PARAN\u00c1 (UFPR)<\/a><\/h2><\/div>\n<\/div>\n\n<\/li><li class=\"wp-block-post post-10776 post type-post status-publish format-standard hentry category-editais category-em-andamento\">\n\n<div class=\"wp-block-columns are-vertically-aligned-center is-layout-flex wp-container-core-columns-is-layout-9d6595d7 wp-block-columns-is-layout-flex\">\n<div class=\"wp-block-column is-vertically-aligned-center square-bullet-list-block is-layout-flow wp-block-column-is-layout-flow\" style=\"flex-basis:100%\"><h2 class=\"wp-block-post-title\"><a href=\"https:\/\/ufpr.br\/seadip\/edital-no-03-2026-processo-seletivo-simplificado-para-admissao-no-curso-deespecializacao-em-gestao-escolar-uab-ufpr\/\" target=\"_blank\" >EDITAL N\u00ba 03\/2026 &#8211; PROCESSO SELETIVO SIMPLIFICADO PARA ADMISS\u00c3O NO CURSO DE ESPECIALIZA\u00c7\u00c3O EM GEST\u00c3O ESCOLAR &#8211; UAB\/UFPR<\/a><\/h2><\/div>\n<\/div>\n\n<\/li><li class=\"wp-block-post post-10729 post type-post status-publish format-standard hentry category-editais category-em-andamento\">\n\n<div class=\"wp-block-columns are-vertically-aligned-center is-layout-flex wp-container-core-columns-is-layout-9d6595d7 wp-block-columns-is-layout-flex\">\n<div class=\"wp-block-column is-vertically-aligned-center square-bullet-list-block is-layout-flow wp-block-column-is-layout-flow\" style=\"flex-basis:100%\"><h2 class=\"wp-block-post-title\"><a href=\"https:\/\/ufpr.br\/seadip\/edital-04-2026\/\" target=\"_blank\" >EDITAL 04\/2026 &#8211; PROCESSO SELETIVO PARA PROFESSOR DO CURSO DE GEST\u00c3O CULTURAL MODALIDADE \u00c0 DIST\u00c2NCIA, DA UNIVERSIDADE ABERTA DO BRASIL NO \u00c2MBITO DA UNIVERSIDADE FEDERAL DO PARAN\u00c1<\/a><\/h2><\/div>\n<\/div>\n\n<\/li><li class=\"wp-block-post post-10699 post type-post status-publish format-standard hentry category-editais category-em-andamento\">\n\n<div class=\"wp-block-columns are-vertically-aligned-center is-layout-flex wp-container-core-columns-is-layout-9d6595d7 wp-block-columns-is-layout-flex\">\n<div class=\"wp-block-column is-vertically-aligned-center square-bullet-list-block is-layout-flow wp-block-column-is-layout-flow\" style=\"flex-basis:100%\"><h2 class=\"wp-block-post-title\"><a href=\"https:\/\/ufpr.br\/seadip\/edital-no-02-2026-processo-seletivo-simplificado-para-admissao-no-curso-de-e-especializacao-em-educacao-de-jovens-eadultos-do-campo-uab-ufpr\/\" target=\"_blank\" >EDITAL N\u00ba 02\/2026 \u2013 PROCESSO SELETIVO SIMPLIFICADO PARA ADMISS\u00c3O NO CURSO DE ESPECIALIZA\u00c7\u00c3O EM EDUCA\u00c7\u00c3O DE JOVENS E ADULTOS DO CAMPO \u2013 UAB\/UFPR<\/a><\/h2><\/div>\n<\/div>\n\n<\/li><li class=\"wp-block-post post-10683 post type-post status-publish format-standard hentry category-editais category-em-andamento\">\n\n<div class=\"wp-block-columns are-vertically-aligned-center is-layout-flex wp-container-core-columns-is-layout-9d6595d7 wp-block-columns-is-layout-flex\">\n<div class=\"wp-block-column is-vertically-aligned-center square-bullet-list-block is-layout-flow wp-block-column-is-layout-flow\" style=\"flex-basis:100%\"><h2 class=\"wp-block-post-title\"><a href=\"https:\/\/ufpr.br\/seadip\/edital-no-01-2026-processo-seletivo-simplificado-para-admissao-no-curso-de-especializacao-em-educacao-para-as-relacoes-raciais-e-diversidade-em-contextos-escolares-uab-ufpr\/\" target=\"_blank\" >EDITAL N\u00ba 01\/2026 \u2013 PROCESSO SELETIVO SIMPLIFICADO PARA ADMISS\u00c3O NO CURSO DE ESPECIALIZA\u00c7\u00c3O EM EDUCA\u00c7\u00c3O PARA AS RELA\u00c7\u00d5ES RACIAIS E DIVERSIDADE EM CONTEXTOS ESCOLARES \u2013 UAB\/UFPR<\/a><\/h2><\/div>\n<\/div>\n\n<\/li><li class=\"wp-block-post post-10518 post type-post status-publish format-standard hentry category-editais category-em-andamento\">\n\n<div class=\"wp-block-columns are-vertically-aligned-center is-layout-flex wp-container-core-columns-is-layout-9d6595d7 wp-block-columns-is-layout-flex\">\n<div class=\"wp-block-column is-vertically-aligned-center square-bullet-list-block is-layout-flow wp-block-column-is-layout-flow\" style=\"flex-basis:100%\"><h2 class=\"wp-block-post-title\"><a href=\"https:\/\/ufpr.br\/seadip\/edital-no-45-2025\/\" target=\"_blank\" >EDITAL N\u00ba 45\/2025 \u2013 PROCESSO SELETIVO PARA TUTORIA DO CURSO EDUCA\u00c7\u00c3O PARA RELA\u00c7\u00d5ES RACIAIS E DIVERSIDADE EM CONTEXTOS ESCOLARES, DA UNIVERSIDADE ABERTA DO BRASIL NO \u00c2MBITO DA UNIVERSIDADE FEDERAL DO PARAN\u00c1<\/a><\/h2><\/div>\n<\/div>\n\n<\/li><\/ul><\/div>\n","protected":false},"excerpt":{"rendered":"","protected":false},"author":10,"featured_media":0,"parent":0,"menu_order":0,"comment_status":"closed","ping_status":"closed","template":"","meta":{"footnotes":""},"class_list":["post-10297","page","type-page","status-publish","hentry"],"_links":{"self":[{"href":"https:\/\/ufpr.br\/seadip\/wp-json\/wp\/v2\/pages\/10297","targetHints":{"allow":["GET"]}}],"collection":[{"href":"https:\/\/ufpr.br\/seadip\/wp-json\/wp\/v2\/pages"}],"about":[{"href":"https:\/\/ufpr.br\/seadip\/wp-json\/wp\/v2\/types\/page"}],"author":[{"embeddable":true,"href":"https:\/\/ufpr.br\/seadip\/wp-json\/wp\/v2\/users\/10"}],"replies":[{"embeddable":true,"href":"https:\/\/ufpr.br\/seadip\/wp-json\/wp\/v2\/comments?post=10297"}],"version-history":[{"count":2,"href":"https:\/\/ufpr.br\/seadip\/wp-json\/wp\/v2\/pages\/10297\/revisions"}],"predecessor-version":[{"id":10322,"href":"https:\/\/ufpr.br\/seadip\/wp-json\/wp\/v2\/pages\/10297\/revisions\/10322"}],"wp:attachment":[{"href":"https:\/\/ufpr.br\/seadip\/wp-json\/wp\/v2\/media?parent=10297"}],"curies":[{"name":"wp","href":"https:\/\/api.w.org\/{rel}","templated":true}]}}