{"id":973,"date":"2025-04-17T16:46:13","date_gmt":"2025-04-17T19:46:13","guid":{"rendered":"https:\/\/ufpr.br\/prpi\/?page_id=973"},"modified":"2026-01-26T11:48:37","modified_gmt":"2026-01-26T14:48:37","slug":"cofpi-092024-participacao-em-eventos","status":"publish","type":"page","link":"https:\/\/ufpr.br\/prpi\/cofpi-092024-participacao-em-eventos\/","title":{"rendered":"Edital n\u00ba 09\/2024 &#8211; Edital de Apoio \u00e0 Participa\u00e7\u00e3o em Eventos &#8211; Submiss\u00f5es encerradas em 20.08.2025"},"content":{"rendered":"\n<div class=\"wp-block-columns has-background is-layout-flex wp-container-core-columns-is-layout-1 wp-block-columns-is-layout-flex\" style=\"background-color:#f3b8b2\">\n<div class=\"wp-block-column is-layout-flow wp-block-column-is-layout-flow\">\n<p class=\"has-black-color has-text-color has-link-color wp-elements-3cac3ceed5aa48cec23ca035639d0d18\">A Coordenadoria de Fomento aos Projetos Institucionais da PRPI informa que os recursos destinados ao EDITAL N\u00ba 09\/2024 \u2013 APOIO \u00c0 PARTICIPA\u00c7\u00c3O EM EVENTOS foram totalmente utilizados.<\/p>\n\n\n\n<p><strong>Ainda n\u00e3o temos previs\u00e3o de abertura de novos editais de apoio a eventos.<\/strong><\/p>\n\n\n\n<p class=\"has-black-color has-text-color has-link-color wp-elements-0e3a02d6cc327981abd0efe29c20a204\">Eventuais d\u00favidas podem ser encaminhadas para o e-mail <a href=\"mailto:prpi.cofpi@ufpr.br\">prpi.cofpi@ufpr.br<\/a>&nbsp;<\/p>\n<\/div>\n<\/div>\n\n\n\n<hr class=\"wp-block-separator has-alpha-channel-opacity\" \/>\n\n\n\n<div class=\"wp-block-columns has-white-background-color has-background is-layout-flex wp-container-core-columns-is-layout-2 wp-block-columns-is-layout-flex\">\n<div class=\"wp-block-column is-vertically-aligned-center is-layout-flow wp-block-column-is-layout-flow\" style=\"flex-basis:25%\">\n<div class=\"wp-block-buttons is-content-justification-center is-layout-flex wp-container-core-buttons-is-layout-1 wp-block-buttons-is-layout-flex\">\n<div class=\"wp-block-button\"><a class=\"wp-block-button__link has-background has-text-align-center wp-element-button\" href=\"https:\/\/ufpr.br\/prpi\/wp-content\/uploads\/2025\/06\/edital-09-2024-retificado_compressed.pdf\" style=\"border-radius:18px;background-color:#00548e\"><strong>Edital n\u00ba 09\/2024  Retificado em 11\/06\/2025 (PDF)<\/strong><\/a><\/div>\n\n\n\n<div class=\"wp-block-button\"><a class=\"wp-block-button__link has-background has-text-align-center wp-element-button\" href=\"https:\/\/ufpr.br\/prpi\/wp-content\/uploads\/2025\/04\/edital-09-2024-1_compressed.pdf\" style=\"border-radius:18px;background-color:#00548e\"><strong>Edital n\u00ba 09\/2024 (PDF)<\/strong><\/a><\/div>\n<\/div>\n<\/div>\n\n\n\n<div class=\"wp-block-column is-layout-flow wp-block-column-is-layout-flow\" style=\"flex-basis:50%\">\n<div class=\"wp-block-buttons is-content-justification-center is-layout-flex wp-container-core-buttons-is-layout-2 wp-block-buttons-is-layout-flex\">\n<div class=\"wp-block-button\"><a class=\"wp-block-button__link has-background has-text-align-center wp-element-button\" href=\"https:\/\/ufpr.br\/prpi\/wp-content\/uploads\/2025\/06\/SEI_7866173_Informacao_109.pdf\" style=\"border-radius:18px;background-color:#00548e\">Informa\u00e7\u00e3o n\u00ba 109\/2025\/UFPR\/R\/PRPI\/COFPI (Retomada do Edital)<\/a><\/div>\n\n\n\n<div class=\"wp-block-button\"><a class=\"wp-block-button__link has-background has-text-align-center wp-element-button\" href=\"https:\/\/ufpr.br\/prpi\/wp-content\/uploads\/2025\/06\/SEI_7866156_Informacao_108.pdf\" style=\"border-radius:18px;background-color:#00548e\">Informa\u00e7\u00e3o n\u00ba 108\/2025\/UFPR\/R\/PRPI\/COFPI (Interrup\u00e7\u00e3o do Edital)<\/a><\/div>\n\n\n\n<div class=\"wp-block-button\"><a class=\"wp-block-button__link has-background has-text-align-center wp-element-button\" href=\"https:\/\/ufpr.br\/prpi\/wp-content\/uploads\/2025\/04\/SEI_7730952_Informacao_1.pdf\" style=\"border-radius:18px;background-color:#00548e\">Informa\u00e7\u00e3o n\u00ba 1\/2025\/UFPR\/R\/PRPI\/COFPI (Novo Prazo para Submiss\u00e3o de Propostas)<\/a><\/div>\n<\/div>\n<\/div>\n\n\n\n<div class=\"wp-block-column is-vertically-aligned-center is-layout-flow wp-block-column-is-layout-flow\" style=\"flex-basis:25%\">\n<div class=\"wp-block-buttons is-content-justification-center is-layout-flex wp-container-core-buttons-is-layout-3 wp-block-buttons-is-layout-flex\">\n<div class=\"wp-block-button\"><a class=\"wp-block-button__link has-background has-text-align-center wp-element-button\" href=\"https:\/\/ufpr.br\/prpi\/wp-content\/uploads\/2026\/01\/Propostas-aprovadas-edital-09_2024.pdf\" style=\"border-radius:18px;background-color:#00548e\">Solicita\u00e7\u00f5es Aprovadas<\/a><\/div>\n\n\n\n<div class=\"wp-block-button\"><a class=\"wp-block-button__link has-background has-text-align-center wp-element-button\" href=\"https:\/\/www.prppg.ufpr.br\/site\/pb\/editais-2024\/edital-09-2024\/aprovados\/\" style=\"border-radius:18px;background-color:#00548e\">Orienta\u00e7\u00f5es para Execu\u00e7\u00e3o (apenas ap\u00f3s a solicita\u00e7\u00e3o ser aprovada)<\/a><\/div>\n<\/div>\n<\/div>\n<\/div>\n\n\n\n<div class=\"wp-block-columns has-white-background-color has-background is-layout-flex wp-container-core-columns-is-layout-3 wp-block-columns-is-layout-flex\">\n<div class=\"wp-block-column is-layout-flow wp-block-column-is-layout-flow\">\n<h2 class=\"wp-block-heading\">Lista de Documentos<\/h2>\n\n\n\n<ul class=\"wp-block-list\">\n<li><a href=\"https:\/\/ufpr.br\/prpi\/wp-content\/uploads\/2025\/04\/anexo-i-edital-08-2023.pdf\">Anexo I &#8211; Tabela de Pontua\u00e7\u00e3o de Curr\u00edculo Lattes<\/a><\/li>\n<\/ul>\n\n\n\n<h2 class=\"wp-block-heading\">Not\u00edcias<\/h2>\n\n\n\n<ul class=\"wp-block-list\">\n<li><strong>Submiss\u00f5es encerradas para este edital em 20\/08\/2025.<\/strong><\/li>\n\n\n\n<li class=\"has-black-color has-text-color has-link-color wp-elements-839de9413f43a30153afcc6da33af06f\"><a href=\"https:\/\/ufpr.br\/prpi\/wp-content\/uploads\/2025\/04\/SEI_7730952_Informacao_1.pdf\"><span style=\"text-decoration: underline\">Informa\u00e7\u00e3o n\u00ba 1\/2025\/UFPR\/R\/PRPI\/COFPI &#8211; Novo prazo para Submiss\u00e3o de Propostas<\/span><\/a> (publicado em 28\/04\/2025)<\/li>\n\n\n\n<li class=\"has-black-color has-text-color has-link-color wp-elements-78fa84a53d9ca5f953f5b5eb7b9802c7\"><a href=\"https:\/\/ufpr.br\/prpi\/wp-content\/uploads\/2025\/06\/SEI_7866156_Informacao_108.pdf\"><span style=\"text-decoration: underline\">Informa\u00e7\u00e3o n\u00ba 108\/2025\/UFPR\/R\/PRPI\/COFPI &#8211; Interrup\u00e7\u00e3o do Edital<\/span><\/a><\/li>\n\n\n\n<li class=\"has-black-color has-text-color has-link-color wp-elements-4c7d1367beb2d2fce3340c863a3ac132\"><a href=\"https:\/\/ufpr.br\/prpi\/wp-content\/uploads\/2025\/06\/SEI_7866173_Informacao_109.pdf\"><span style=\"text-decoration: underline\">Informa\u00e7\u00e3o n\u00ba 109\/2025\/UFPR\/R\/PRPI\/COFPI &#8211; Retomada do Edital<\/span> <\/a>(publicado em 18\/06\/2025)<\/li>\n<\/ul>\n\n\n\n<h2 class=\"wp-block-heading\">Contato e Informa\u00e7\u00f5es<\/h2>\n\n\n\n<p class=\"has-black-color has-text-color has-link-color wp-elements-2d37ad6d9adc02d067e59389ed2e431d\">No caso de d\u00favidas, entrar em contato atrav\u00e9s do e-mail prpi.cofpi@ufpr.br, ou atrav\u00e9s do Teams, com Patr\u00edcia Muller.<\/p>\n<\/div>\n<\/div>\n","protected":false},"excerpt":{"rendered":"<p>A Coordenadoria de Fomento aos Projetos Institucionais da PRPI informa que os recursos destinados ao EDITAL N\u00ba 09\/2024 \u2013 APOIO \u00c0 PARTICIPA\u00c7\u00c3O EM EVENTOS foram totalmente utilizados. Ainda n\u00e3o temos previs\u00e3o de abertura de novos editais de apoio a eventos. Eventuais d\u00favidas podem ser encaminhadas para o e-mail prpi.cofpi@ufpr.br&nbsp; Lista de Documentos Not\u00edcias Contato e [&hellip;]<\/p>\n","protected":false},"author":11,"featured_media":0,"parent":0,"menu_order":0,"comment_status":"closed","ping_status":"closed","template":"","meta":{"footnotes":""},"class_list":["post-973","page","type-page","status-publish","hentry"],"_links":{"self":[{"href":"https:\/\/ufpr.br\/prpi\/wp-json\/wp\/v2\/pages\/973","targetHints":{"allow":["GET"]}}],"collection":[{"href":"https:\/\/ufpr.br\/prpi\/wp-json\/wp\/v2\/pages"}],"about":[{"href":"https:\/\/ufpr.br\/prpi\/wp-json\/wp\/v2\/types\/page"}],"author":[{"embeddable":true,"href":"https:\/\/ufpr.br\/prpi\/wp-json\/wp\/v2\/users\/11"}],"replies":[{"embeddable":true,"href":"https:\/\/ufpr.br\/prpi\/wp-json\/wp\/v2\/comments?post=973"}],"version-history":[{"count":28,"href":"https:\/\/ufpr.br\/prpi\/wp-json\/wp\/v2\/pages\/973\/revisions"}],"predecessor-version":[{"id":4603,"href":"https:\/\/ufpr.br\/prpi\/wp-json\/wp\/v2\/pages\/973\/revisions\/4603"}],"wp:attachment":[{"href":"https:\/\/ufpr.br\/prpi\/wp-json\/wp\/v2\/media?parent=973"}],"curies":[{"name":"wp","href":"https:\/\/api.w.org\/{rel}","templated":true}]}}