{"id":951,"date":"2025-04-17T16:10:16","date_gmt":"2025-04-17T19:10:16","guid":{"rendered":"https:\/\/ufpr.br\/prpi\/?page_id=951"},"modified":"2026-03-13T09:14:43","modified_gmt":"2026-03-13T12:14:43","slug":"cofpi-cap","status":"publish","type":"page","link":"https:\/\/ufpr.br\/prpi\/cofpi-cap\/","title":{"rendered":"Comit\u00ea Assessor de Pesquisa &#8211; CAP"},"content":{"rendered":"\n<div class=\"wp-block-columns has-white-background-color has-background is-layout-flex wp-container-core-columns-is-layout-2 wp-block-columns-is-layout-flex\">\n<div class=\"wp-block-column is-layout-flow wp-block-column-is-layout-flow\">\n<h2 class=\"wp-block-heading\">Composi\u00e7\u00e3o atual do Comit\u00ea Assessor de Pesquisa<\/h2>\n\n\n\n<div style=\"height:20px\" aria-hidden=\"true\" class=\"wp-block-spacer\"><\/div>\n\n\n\n<figure class=\"wp-block-table is-style-stripes has-small-font-size\"><table class=\"has-fixed-layout\"><thead><tr><th>Setor<\/th><th>Representante<\/th><th>Contato<\/th><\/tr><\/thead><tbody><tr><td>Campus Pontal do Paran\u00e1 &#8211; Centro de Estudos do Mar<\/td><td>Maikon Di Domenico<\/td><td>didomenico@ufpr.br<\/td><\/tr><tr><td>Campus Pontal do Paran\u00e1 &#8211; Centro de Estudos do Mar<\/td><td>Silvia Pedroso Melegari<\/td><td>silvia.melegari@ufpr.br<\/td><\/tr><tr><td>Setor de Artes, Comunica\u00e7\u00e3o e Design<\/td><td>Cl\u00e1udia Regina Hasegawa Zacar<\/td><td>claudiazacar@ufpr.br<\/td><\/tr><tr><td>Setor de Artes, Comunica\u00e7\u00e3o e Design<\/td><td>Marcelo Garson Braule Pinto<\/td><td>marcelogarson@ufpr.br<\/td><\/tr><tr><td>Setor de Ci\u00eancias Agr\u00e1rias<\/td><td>Rui Andr\u00e9 Maggi dos Anjos<\/td><td>rui@ufpr.br<\/td><\/tr><tr><td>Setor de Ci\u00eancias Agr\u00e1rias<\/td><td>Jeferson Dieckow<\/td><td>jefersondieckow@ufpr.br<\/td><\/tr><tr><td>Setor de Ci\u00eancias Biol\u00f3gicas<\/td><td>Fab\u00edola Iagher<\/td><td>fabiola.iagher@ufpr.br<\/td><\/tr><tr><td>Setor de Ci\u00eancias Biol\u00f3gicas<\/td><td>Kaleb Pretto Gatto<\/td><td>kaleb.gatto@ufpr.br<\/td><\/tr><tr><td>Setor de Ci\u00eancias da Sa\u00fade<\/td><td>Marcelo Jos\u00e9 de Souza e Silva<\/td><td>marcelojss@ufpr.br<\/td><\/tr><tr><td>Setor de Ci\u00eancias da Sa\u00fade<\/td><td>Jo\u00e3o Paulo Steffens<\/td><td>joao.steffens@ufpr.br<\/td><\/tr><tr><td>Setor de Ci\u00eancias da Terra<\/td><td>Carlos Conforti Ferreira Guedes<\/td><td>carlos.guedes@ufpr.br<\/td><\/tr><tr><td>Setor de Ci\u00eancias da Terra<\/td><td>Claudinei Taborda da Silveira<\/td><td>claudinets@ufpr.br<\/td><\/tr><tr><td>Setor de Ci\u00eancias Exatas<\/td><td>Cristiano Francisco Woellner<\/td><td>woellner@ufpr.br<\/td><\/tr><tr><td>Setor de Ci\u00eancias Exatas<\/td><td>D\u00eanio Emanuel Pires Souto<\/td><td>denio.souto@ufpr.br<\/td><\/tr><tr><td>Setor de Ci\u00eancias Humanas<\/td><td>Alessandra Sant\u2019Anna Bianchi<\/td><td>bianchi@ufpr.br<\/td><\/tr><tr><td>Setor de Ci\u00eancias Humanas<\/td><td>Jaime Santos Junior<\/td><td>jaimesjr@ufpr.br<\/td><\/tr><tr><td>Setor de Ci\u00eancias Jur\u00eddicas<\/td><td>Marcelo Miguel Conrado<\/td><td>marceloconrado@ufpr.br<\/td><\/tr><tr><td>Setor de Ci\u00eancias Jur\u00eddicas<\/td><td>Thiago Freitas Hansen<\/td><td>thiagohansen@ufpr.br<\/td><\/tr><tr><td>Setor de Ci\u00eancias Sociais Aplicadas<\/td><td>Jos\u00e9 Marcelo Almeida Prado Cestari<\/td><td><br>cestari@ufpr.br<\/td><\/tr><tr><td>Setor de Ci\u00eancias Sociais Aplicadas<\/td><td>K\u00eania Barreiro de Souza<\/td><td>keniadesouza@ufpr.br<\/td><\/tr><tr><td>Setor de Educa\u00e7\u00e3o<\/td><td>Luani de Liz Souza<\/td><td>luaniliz@ufpr.br&nbsp;<\/td><\/tr><tr><td>Setor de Educa\u00e7\u00e3o<\/td><td>Lennita Oliveira Ruggi<\/td><td>lennita@ufpr.br<\/td><\/tr><tr><td>Setor de Educa\u00e7\u00e3o Profissional e Tecnol\u00f3gica<\/td><td>Arno Paulo Schmitz<\/td><td>arno@ufpr.br<\/td><\/tr><tr><td>Setor de Educa\u00e7\u00e3o Profissional e Tecnol\u00f3gica<\/td><td>Jana\u00edna Schoeffel Brodzinski<\/td><td>janainaschoeffel@ufpr.br<\/td><\/tr><tr><td>Setor de Tecnologia<\/td><td>Andrei Camponogara<\/td><td>andrei.camponogara@ufpr.br<\/td><\/tr><tr><td>Setor de Tecnologia<\/td><td>Daniel Henrique Marco Detzel<\/td><td>detzel@ufpr.br<\/td><\/tr><tr><td>Setor Litoral<\/td><td>Ana Christina Duarte Pires<\/td><td>anachristina@ufpr.br<\/td><\/tr><tr><td>Setor Litoral<\/td><td>Paulo Gaspar Graziola J\u00fanior<\/td><td>pgraziola@ufpr.br<\/td><\/tr><tr><td>Setor Jandaia do Sul<\/td><td>William Junior do Nascimento<\/td><td>williamjn@ufpr.br<\/td><\/tr><tr><td>Setor Jandaia do Sul<\/td><td>Rafael Ariente Neto<\/td><td>rafael.ariente@ufpr.br<\/td><\/tr><tr><td>Setor Palotina<\/td><td>Valeria Ghisloti Iared<\/td><td>valeria.iared@ufpr.br<\/td><\/tr><tr><td>Setor Palotina<\/td><td>Elisabete Takiuchi&nbsp;<\/td><td>e.takiuchi@ufpr.br<\/td><\/tr><tr><td>Setor Toledo<\/td><td>Juliana Bernardi Wenzel&nbsp;<\/td><td>julianawenzel@ufpr.br<\/td><\/tr><tr><td>Setor Toledo<\/td><td>Kadima Nayara Teixeira<\/td><td>kadimateixeira@ufpr.br<\/td><\/tr><\/tbody><\/table><\/figure>\n\n\n\n<h2 class=\"wp-block-heading\">Calend\u00e1rio de Reuni\u00f5es do CAP de 2026<\/h2>\n\n\n\n<div style=\"height:20px\" aria-hidden=\"true\" class=\"wp-block-spacer\"><\/div>\n\n\n\n<div class=\"wp-block-columns is-layout-flex wp-container-core-columns-is-layout-1 wp-block-columns-is-layout-flex\">\n<div class=\"wp-block-column is-layout-flow wp-block-column-is-layout-flow\" style=\"flex-basis:100%\">\n<figure class=\"wp-block-table is-style-stripes has-small-font-size\"><table class=\"has-fixed-layout\"><tbody><tr><td class=\"has-text-align-center\" data-align=\"center\">Fevereiro<\/td><td class=\"has-text-align-center\" data-align=\"center\">10\/02\/2026<\/td><td class=\"has-text-align-center\" data-align=\"center\">10h<\/td><\/tr><tr><td class=\"has-text-align-center\" data-align=\"center\">Mar\u00e7o<\/td><td class=\"has-text-align-center\" data-align=\"center\">17\/03\/2026<\/td><td class=\"has-text-align-center\" data-align=\"center\">14h<\/td><\/tr><tr><td class=\"has-text-align-center\" data-align=\"center\">Abril<\/td><td class=\"has-text-align-center\" data-align=\"center\">10\/04\/2026<\/td><td class=\"has-text-align-center\" data-align=\"center\">10h<\/td><\/tr><tr><td class=\"has-text-align-center\" data-align=\"center\">Maio<\/td><td class=\"has-text-align-center\" data-align=\"center\">08\/05\/2026<\/td><td class=\"has-text-align-center\" data-align=\"center\">10h<\/td><\/tr><tr><td class=\"has-text-align-center\" data-align=\"center\">Junho<\/td><td class=\"has-text-align-center\" data-align=\"center\">12\/06\/2026<\/td><td class=\"has-text-align-center\" data-align=\"center\">10h<\/td><\/tr><tr><td class=\"has-text-align-center\" data-align=\"center\">Julho<\/td><td class=\"has-text-align-center\" data-align=\"center\">03\/07\/2026<\/td><td class=\"has-text-align-center\" data-align=\"center\">10h<\/td><\/tr><tr><td class=\"has-text-align-center\" data-align=\"center\">Agosto<\/td><td class=\"has-text-align-center\" data-align=\"center\">07\/08\/2026<\/td><td class=\"has-text-align-center\" data-align=\"center\">10h<\/td><\/tr><tr><td class=\"has-text-align-center\" data-align=\"center\">Setembro<\/td><td class=\"has-text-align-center\" data-align=\"center\">04\/09\/2026<\/td><td class=\"has-text-align-center\" data-align=\"center\">10h<\/td><\/tr><tr><td class=\"has-text-align-center\" data-align=\"center\">Outubro<\/td><td class=\"has-text-align-center\" data-align=\"center\">02\/10\/2026<\/td><td class=\"has-text-align-center\" data-align=\"center\">10h<\/td><\/tr><tr><td class=\"has-text-align-center\" data-align=\"center\">Novembro<\/td><td class=\"has-text-align-center\" data-align=\"center\">06\/11\/2026<\/td><td class=\"has-text-align-center\" data-align=\"center\">10h<\/td><\/tr><tr><td class=\"has-text-align-center\" data-align=\"center\">Dezembro<\/td><td class=\"has-text-align-center\" data-align=\"center\">04\/12\/2026<\/td><td class=\"has-text-align-center\" data-align=\"center\">10h<\/td><\/tr><\/tbody><\/table><\/figure>\n<\/div>\n<\/div>\n<\/div>\n<\/div>\n\n\n\n<h2 class=\"wp-block-heading\">Atas das Reuni\u00f5es do CAP de 2025<\/h2>\n\n\n\n<p><a href=\"https:\/\/ufpr.br\/prpi\/wp-content\/uploads\/2025\/10\/Ata-CAPq-07.02.25-2.pdf\">Ata do dia 07\/02\/2025<\/a><\/p>\n\n\n\n<p><a href=\"https:\/\/ufpr.br\/prpi\/wp-content\/uploads\/2025\/10\/Ata-CAPq-25.02.25-manha-2.pdf\">Ata do dia 25\/02\/2025 (manh\u00e3)<\/a><\/p>\n\n\n\n<p><a href=\"https:\/\/ufpr.br\/prpi\/wp-content\/uploads\/2025\/10\/Ata-CAPq-25.02.25-tarde-1.pdf\">Ata do dia 25\/02\/2025 (tarde)<\/a><\/p>\n\n\n\n<p><a href=\"https:\/\/ufpr.br\/prpi\/wp-content\/uploads\/2025\/10\/Ata-CAPq-07.03.25-2.pdf\">Ata do dia 07\/03\/2025<\/a><\/p>\n\n\n\n<p><a href=\"https:\/\/ufpr.br\/prpi\/wp-content\/uploads\/2025\/10\/Ata-CAPq-04.04.25-2.pdf\">Ata do dia 04\/04\/2025<\/a><\/p>\n\n\n\n<p><a href=\"https:\/\/ufpr.br\/prpi\/wp-content\/uploads\/2025\/10\/Ata-CAPq-09.05.25-2.pdf\">Ata do dia 09\/05\/2025<\/a><\/p>\n\n\n\n<p><a href=\"https:\/\/ufpr.br\/prpi\/wp-content\/uploads\/2025\/10\/Ata-CAPq-06.06.25-2.pdf\">Ata do dia 06\/06\/2025<\/a><\/p>\n\n\n\n<p><a href=\"https:\/\/ufpr.br\/prpi\/wp-content\/uploads\/2025\/10\/Ata-CAPq-04.07.25-2.pdf\">Ata do dia 04\/07\/2025<\/a><\/p>\n\n\n\n<p><a href=\"https:\/\/ufpr.br\/prpi\/wp-content\/uploads\/2025\/10\/Ata-CAPq-08.08.25.pdf\">Ata do dia 08\/08\/2025<\/a><\/p>\n\n\n\n<p><a href=\"https:\/\/ufpr.br\/prpi\/wp-content\/uploads\/2025\/10\/Ata-CAPq-26.08.25.pdf\">Ata do dia 26\/08\/2025<\/a><\/p>\n\n\n\n<p><a href=\"https:\/\/ufpr.br\/prpi\/wp-content\/uploads\/2025\/10\/Ata-do-CAPq-05.09.25.pdf\">Ata do dia 05\/09\/2025<\/a><\/p>\n\n\n\n<p><a href=\"https:\/\/ufpr.br\/prpi\/wp-content\/uploads\/2025\/12\/Ata-CAPq-03.10.25-site.pdf\">Ata do dia 03\/10\/2025<\/a><\/p>\n\n\n\n<p><a href=\"https:\/\/ufpr.br\/prpi\/wp-content\/uploads\/2025\/12\/Ata-CAPq-14.10.25-site-1.pdf\">Ata do dia 14\/10\/2025<\/a><\/p>\n\n\n\n<p><a href=\"https:\/\/ufpr.br\/prpi\/wp-content\/uploads\/2025\/12\/Ata-CAPq-21.10.25-site-1.pdf\">Ata do dia 21\/10\/2025<\/a><\/p>\n\n\n\n<p><a href=\"https:\/\/ufpr.br\/prpi\/wp-content\/uploads\/2025\/12\/Ata-CAPq-07.11.2025-site.pdf\">Ata do dia 07\/11\/2025<\/a><\/p>\n\n\n\n<p><a href=\"https:\/\/ufpr.br\/prpi\/wp-content\/uploads\/2026\/02\/Ata-CAPq-05.12.2025.pdf\">Ata do dia 05\/12\/2025<\/a><\/p>\n\n\n\n<p><\/p>\n","protected":false},"excerpt":{"rendered":"<p>Composi\u00e7\u00e3o atual do Comit\u00ea Assessor de Pesquisa Setor Representante Contato Campus Pontal do Paran\u00e1 &#8211; Centro de Estudos do Mar Maikon Di Domenico didomenico@ufpr.br Campus Pontal do Paran\u00e1 &#8211; Centro de Estudos do Mar Silvia Pedroso Melegari silvia.melegari@ufpr.br Setor de Artes, Comunica\u00e7\u00e3o e Design Cl\u00e1udia Regina Hasegawa Zacar claudiazacar@ufpr.br Setor de Artes, Comunica\u00e7\u00e3o e Design [&hellip;]<\/p>\n","protected":false},"author":11,"featured_media":0,"parent":0,"menu_order":0,"comment_status":"closed","ping_status":"closed","template":"","meta":{"footnotes":""},"class_list":["post-951","page","type-page","status-publish","hentry"],"_links":{"self":[{"href":"https:\/\/ufpr.br\/prpi\/wp-json\/wp\/v2\/pages\/951","targetHints":{"allow":["GET"]}}],"collection":[{"href":"https:\/\/ufpr.br\/prpi\/wp-json\/wp\/v2\/pages"}],"about":[{"href":"https:\/\/ufpr.br\/prpi\/wp-json\/wp\/v2\/types\/page"}],"author":[{"embeddable":true,"href":"https:\/\/ufpr.br\/prpi\/wp-json\/wp\/v2\/users\/11"}],"replies":[{"embeddable":true,"href":"https:\/\/ufpr.br\/prpi\/wp-json\/wp\/v2\/comments?post=951"}],"version-history":[{"count":39,"href":"https:\/\/ufpr.br\/prpi\/wp-json\/wp\/v2\/pages\/951\/revisions"}],"predecessor-version":[{"id":4808,"href":"https:\/\/ufpr.br\/prpi\/wp-json\/wp\/v2\/pages\/951\/revisions\/4808"}],"wp:attachment":[{"href":"https:\/\/ufpr.br\/prpi\/wp-json\/wp\/v2\/media?parent=951"}],"curies":[{"name":"wp","href":"https:\/\/api.w.org\/{rel}","templated":true}]}}