{"id":93,"date":"2025-03-25T15:05:57","date_gmt":"2025-03-25T18:05:57","guid":{"rendered":"https:\/\/ufpr.br\/prpi\/?page_id=93"},"modified":"2026-01-28T11:31:53","modified_gmt":"2026-01-28T14:31:53","slug":"a-pro-reitoria-de-pesquisa-e-inovacao","status":"publish","type":"page","link":"https:\/\/ufpr.br\/prpi\/a-pro-reitoria-de-pesquisa-e-inovacao\/","title":{"rendered":"A Pr\u00f3-Reitoria de Pesquisa e Inova\u00e7\u00e3o"},"content":{"rendered":"\n<div class=\"wp-block-columns has-white-background-color has-background is-layout-flex wp-container-core-columns-is-layout-1 wp-block-columns-is-layout-flex\">\n<div class=\"wp-block-column has-black-color has-text-color has-link-color wp-elements-8e2d567da981d5a47a9f360eb782f1f4 is-layout-flow wp-block-column-is-layout-flow\">\n<p>A <strong><mark style=\"background-color:#ffffff;color:#e0655b\" class=\"has-inline-color\">Pr\u00f3-Reitoria de Pesquisa e Inova\u00e7\u00e3o (PRPI)<\/mark><\/strong> da Universidade Federal do Paran\u00e1 (UFPR) \u00e9 um \u00f3rg\u00e3o estrat\u00e9gico dedicado ao fortalecimento da pesquisa, da inova\u00e7\u00e3o e da propriedade intelectual na institui\u00e7\u00e3o.<\/p>\n\n\n\n<p>Sua cria\u00e7\u00e3o reflete o compromisso da UFPR com o avan\u00e7o cient\u00edfico e tecnol\u00f3gico, promovendo a\u00e7\u00f5es que incentivam a produ\u00e7\u00e3o acad\u00eamica, a prote\u00e7\u00e3o do conhecimento gerado e sua aplica\u00e7\u00e3o na sociedade.<\/p>\n\n\n\n<p>Com uma estrutura focada no desenvolvimento da pesquisa de excel\u00eancia, a PRPI apoia docentes, pesquisadores e estudantes, facilitando o acesso a recursos, parcerias e oportunidades que impulsionam a inova\u00e7\u00e3o.<\/p>\n<\/div>\n\n\n\n<div class=\"wp-block-column has-black-color has-text-color has-link-color wp-elements-461464cbec587e42bf16df2f50512015 is-layout-flow wp-block-column-is-layout-flow\">\n<p> Al\u00e9m disso, a Pr\u00f3-Reitoria atua na interlocu\u00e7\u00e3o entre a universidade, empresas e o setor p\u00fablico, promovendo iniciativas que conectam a ci\u00eancia ao mercado e \u00e0 sociedade.<\/p>\n\n\n\n<p>A PRPI tamb\u00e9m \u00e9 respons\u00e1vel por coordenar pol\u00edticas institucionais para a prote\u00e7\u00e3o da propriedade intelectual, apoiando a reda\u00e7\u00e3o e o dep\u00f3sito de patentes, registros de software e outras formas de inova\u00e7\u00e3o acad\u00eamica. <\/p>\n\n\n\n<p>Dessa forma, contribui para o reconhecimento da UFPR como uma universidade de ponta na produ\u00e7\u00e3o de conhecimento com impacto social e econ\u00f4mico.<\/p>\n<\/div>\n<\/div>\n\n\n\n<div class=\"wp-block-columns has-white-background-color has-background is-layout-flex wp-container-core-columns-is-layout-2 wp-block-columns-is-layout-flex\">\n<div class=\"wp-block-column is-layout-flow wp-block-column-is-layout-flow\">\n<h2 class=\"wp-block-heading\"><mark style=\"background-color:#f3b8b2;color:#00558f\" class=\"has-inline-color\">Organograma<\/mark><\/h2>\n\n\n\n<figure class=\"wp-block-image size-large\"><img loading=\"lazy\" decoding=\"async\" width=\"1024\" height=\"722\" src=\"https:\/\/ufpr.br\/prpi\/wp-content\/uploads\/2026\/01\/Organograma-PRPI-1-1024x722.jpg\" alt=\"\" class=\"wp-image-4655\" srcset=\"https:\/\/ufpr.br\/prpi\/wp-content\/uploads\/2026\/01\/Organograma-PRPI-1-1024x722.jpg 1024w, https:\/\/ufpr.br\/prpi\/wp-content\/uploads\/2026\/01\/Organograma-PRPI-1-300x212.jpg 300w, https:\/\/ufpr.br\/prpi\/wp-content\/uploads\/2026\/01\/Organograma-PRPI-1-768x541.jpg 768w, https:\/\/ufpr.br\/prpi\/wp-content\/uploads\/2026\/01\/Organograma-PRPI-1-1536x1083.jpg 1536w, https:\/\/ufpr.br\/prpi\/wp-content\/uploads\/2026\/01\/Organograma-PRPI-1-139x98.jpg 139w, https:\/\/ufpr.br\/prpi\/wp-content\/uploads\/2026\/01\/Organograma-PRPI-1-75x53.jpg 75w, https:\/\/ufpr.br\/prpi\/wp-content\/uploads\/2026\/01\/Organograma-PRPI-1.jpg 2000w\" sizes=\"auto, (max-width: 1024px) 100vw, 1024px\" \/><\/figure>\n<\/div>\n<\/div>\n\n\n\n<div class=\"wp-block-columns has-white-background-color has-background is-layout-flex wp-container-core-columns-is-layout-3 wp-block-columns-is-layout-flex\">\n<div class=\"wp-block-column is-layout-flow wp-block-column-is-layout-flow\">\n<h2 class=\"wp-block-heading\" style=\"text-decoration:none\"><strong><mark style=\"background-color:#f3b8b2;color:#00558f\" class=\"has-inline-color\">Miss\u00e3o<\/mark><\/strong><\/h2>\n\n\n\n<p class=\"has-black-color has-text-color has-link-color wp-elements-a81f8a1acabee77909c0a3be3798187a\">Fomentar e coordenar as atividades de pesquisa, inova\u00e7\u00e3o e propriedade intelectual na Universidade Federal do Paran\u00e1, criando um ambiente prop\u00edcio para o desenvolvimento cient\u00edfico e tecnol\u00f3gico. A PRPI atua na articula\u00e7\u00e3o entre pesquisadores, institui\u00e7\u00f5es e setores produtivos, promovendo a gera\u00e7\u00e3o e a aplica\u00e7\u00e3o do conhecimento para impulsionar o avan\u00e7o social, econ\u00f4mico e sustent\u00e1vel.<\/p>\n\n\n\n<h2 class=\"wp-block-heading\"><mark style=\"background-color:#f3b8b2;color:#00558f\" class=\"has-inline-color\">Vis\u00e3o<\/mark><\/h2>\n\n\n\n<p class=\"has-black-color has-text-color has-link-color wp-elements-141ff98cfa5ff79f81ab8d23716bcb1c\">Ser reconhecida como refer\u00eancia nacional e internacional na gest\u00e3o da pesquisa e inova\u00e7\u00e3o, consolidando a UFPR como protagonista na produ\u00e7\u00e3o de conhecimento de excel\u00eancia, com impacto significativo na sociedade e no desenvolvimento sustent\u00e1vel.<\/p>\n<\/div>\n\n\n\n<div class=\"wp-block-column is-layout-flow wp-block-column-is-layout-flow\">\n<h2 class=\"wp-block-heading\"><strong><mark style=\"background-color:#f3b8b2;color:#00558f\" class=\"has-inline-color\">Valores<\/mark><\/strong><\/h2>\n\n\n\n<ul class=\"wp-block-list\">\n<li class=\"has-black-color has-text-color has-link-color wp-elements-0b0f1720ae4434d4a5ffabeb7b064eb9\"><strong>Excel\u00eancia Acad\u00eamica<\/strong> \u2013 Compromisso com a qualidade, a relev\u00e2ncia e o rigor cient\u00edfico na pesquisa e inova\u00e7\u00e3o.<\/li>\n\n\n\n<li class=\"has-black-color has-text-color has-link-color wp-elements-3e5857e8ea52e5020d9a5ccca62139a9\"><strong>\u00c9tica e Integridade<\/strong> \u2013 Atua\u00e7\u00e3o baseada na transpar\u00eancia, responsabilidade e respeito \u00e0s normativas institucionais e cient\u00edficas.<\/li>\n\n\n\n<li class=\"has-black-color has-text-color has-link-color wp-elements-4a7290d3276942700e27deb5ba9c9e86\"><strong>Colabora\u00e7\u00e3o e Interdisciplinaridade<\/strong> \u2013 Est\u00edmulo \u00e0 troca de conhecimentos e \u00e0 constru\u00e7\u00e3o de solu\u00e7\u00f5es inovadoras por meio do trabalho conjunto entre diferentes \u00e1reas do saber.<\/li>\n\n\n\n<li class=\"has-black-color has-text-color has-link-color wp-elements-680f7631cb1396df8451c9ba2a175dfe\"><strong>Inova\u00e7\u00e3o e Criatividade<\/strong> \u2013 Fomento a iniciativas disruptivas e \u00e0 valoriza\u00e7\u00e3o de novas ideias que gerem impacto positivo.<\/li>\n\n\n\n<li class=\"has-black-color has-text-color has-link-color wp-elements-6af72c4a118cfdaa4f7f02f0be9bdbb6\"> <strong>Sustentabilidade e Impacto Social<\/strong> \u2013 Desenvolvimento de pesquisas e tecnologias alinhadas aos desafios ambientais, sociais e econ\u00f4micos da atualidade.<\/li>\n\n\n\n<li class=\"has-black-color has-text-color has-link-color wp-elements-7616aa7d10816b7991ec994867a47f87\"><strong>Propriedade Intelectual e Transfer\u00eancia de Tecnologia<\/strong> \u2013 Compromisso com a prote\u00e7\u00e3o do conhecimento gerado na UFPR e sua aplica\u00e7\u00e3o para o benef\u00edcio da sociedade.<\/li>\n<\/ul>\n<\/div>\n<\/div>\n","protected":false},"excerpt":{"rendered":"<p>A Pr\u00f3-Reitoria de Pesquisa e Inova\u00e7\u00e3o (PRPI) da Universidade Federal do Paran\u00e1 (UFPR) \u00e9 um \u00f3rg\u00e3o estrat\u00e9gico dedicado ao fortalecimento da pesquisa, da inova\u00e7\u00e3o e da propriedade intelectual na institui\u00e7\u00e3o. Sua cria\u00e7\u00e3o reflete o compromisso da UFPR com o avan\u00e7o cient\u00edfico e tecnol\u00f3gico, promovendo a\u00e7\u00f5es que incentivam a produ\u00e7\u00e3o acad\u00eamica, a prote\u00e7\u00e3o do conhecimento gerado [&hellip;]<\/p>\n","protected":false},"author":14,"featured_media":0,"parent":0,"menu_order":0,"comment_status":"closed","ping_status":"closed","template":"","meta":{"footnotes":""},"class_list":["post-93","page","type-page","status-publish","hentry"],"_links":{"self":[{"href":"https:\/\/ufpr.br\/prpi\/wp-json\/wp\/v2\/pages\/93","targetHints":{"allow":["GET"]}}],"collection":[{"href":"https:\/\/ufpr.br\/prpi\/wp-json\/wp\/v2\/pages"}],"about":[{"href":"https:\/\/ufpr.br\/prpi\/wp-json\/wp\/v2\/types\/page"}],"author":[{"embeddable":true,"href":"https:\/\/ufpr.br\/prpi\/wp-json\/wp\/v2\/users\/14"}],"replies":[{"embeddable":true,"href":"https:\/\/ufpr.br\/prpi\/wp-json\/wp\/v2\/comments?post=93"}],"version-history":[{"count":12,"href":"https:\/\/ufpr.br\/prpi\/wp-json\/wp\/v2\/pages\/93\/revisions"}],"predecessor-version":[{"id":4656,"href":"https:\/\/ufpr.br\/prpi\/wp-json\/wp\/v2\/pages\/93\/revisions\/4656"}],"wp:attachment":[{"href":"https:\/\/ufpr.br\/prpi\/wp-json\/wp\/v2\/media?parent=93"}],"curies":[{"name":"wp","href":"https:\/\/api.w.org\/{rel}","templated":true}]}}