{"id":5217,"date":"2026-03-29T21:00:11","date_gmt":"2026-03-30T00:00:11","guid":{"rendered":"https:\/\/ufpr.br\/prpi\/?page_id=5217"},"modified":"2026-03-29T22:54:18","modified_gmt":"2026-03-30T01:54:18","slug":"contato","status":"publish","type":"page","link":"https:\/\/ufpr.br\/prpi\/sustentabilidade\/contato\/","title":{"rendered":"CONTATO"},"content":{"rendered":"\n<p>O <strong>Observat\u00f3rio de Sustentabilidade da UFPR<\/strong> est\u00e1 aberto ao di\u00e1logo com setores da universidade, projetos, grupos de pesquisa e demais iniciativas estudantis, bem como parceiros da ind\u00fastria, do governo e da sociedade civil, interessados na agenda da sustentabilidade.<\/p>\n\n\n\n<p>Se voc\u00ea deseja compartilhar uma a\u00e7\u00e3o, projeto, dado, iniciativa ou proposta de colabora\u00e7\u00e3o, entre em contato atrav\u00e9s do e-mail <strong><a href=\"mailto:observatorio.sustentabilidade@ufpr.br\">observatorio.sustentabilidade@ufpr.br<\/a><\/strong>.<\/p>\n\n\n\n<div style=\"height:26px\" aria-hidden=\"true\" class=\"wp-block-spacer\"><\/div>\n\n\n\n<p class=\"has-background\" style=\"background-color:#e0e6df\"><strong>OBSERVAT\u00d3RIO DE SUSTENTABILIDADE DA UFPR<\/strong><br><strong>Coordenadoria de Indicadores de Pesquisa, Inova\u00e7\u00e3o e Sustentabilidade (CIPIS)<br>Pr\u00f3-Reitoria de Pesquisa e Inova\u00e7\u00e3o (PRPI)<\/strong><br><br><strong>Chefe<\/strong><br>Danielle Cristina Machado Salm\u00f3ria<br><br>\ud83d\udce7 observatorio.sustentabilidade@ufpr.br<br>\ud83d\udcdd Caixa SEI: UFPR\/R\/PRPI\/CIPIS<br>\ud83d\udcde 41 3360-5328<br>Endere\u00e7o: Rua Dr. Faivre, n\u00ba 405, Centro, Curitiba &#8211; PR | CEP: 80.060-140<br><br><strong>Hor\u00e1rio de atendimento da Unidade<\/strong><br>Seg-Ter-Qua: Atendimento remoto (Teams | E-mail)<br>Qui-Sex: Atendimento presencial (Campus Reitoria \u2013 Pr\u00e9dio D. Pedro II, 1\u00ba andar, 09h-18h)<br><br> <a title=\"\ufffc\" href=\"https:\/\/www.instagram.com\/ufpr_sustentabilidade\" target=\"_blank\" rel=\"noreferrer noopener\"><img decoding=\"async\" class=\"wp-image-3507\" style=\"width: 20px\" src=\"https:\/\/ufpr.br\/prpi\/wp-content\/uploads\/2026\/03\/insta.png\" alt=\"\"><\/a><a href=\"http:\/\/www.instagram.com\/ufpr_sustentabilidade\/\">@ufpr_sustentabilidade<\/a><\/p>\n\n\n<p><!-- \/wp:paragraph --><\/p>\n<blockquote class=\"wp-block-quote\">\n<h2 class=\"wp-block-heading has-text-color has-link-color\" style=\"color: #3f7e44\"><strong><em>Construir sustentabilidade tamb\u00e9m \u00e9 construir conex\u00f5es.<\/em><\/strong><\/h2>\n<p><!-- \/wp:heading --><\/p>\n<\/blockquote>\n<p><!-- \/wp:quote --><\/p>","protected":false},"excerpt":{"rendered":"<p>O Observat\u00f3rio de Sustentabilidade da UFPR est\u00e1 aberto ao di\u00e1logo com setores da universidade, projetos, grupos de pesquisa e demais iniciativas estudantis, bem como parceiros da ind\u00fastria, do governo e da sociedade civil, interessados na agenda da sustentabilidade. Se voc\u00ea deseja compartilhar uma a\u00e7\u00e3o, projeto, dado, iniciativa ou proposta de colabora\u00e7\u00e3o, entre em contato atrav\u00e9s [&hellip;]<\/p>\n","protected":false},"author":46,"featured_media":0,"parent":1596,"menu_order":0,"comment_status":"closed","ping_status":"closed","template":"","meta":{"footnotes":""},"class_list":["post-5217","page","type-page","status-publish","hentry"],"_links":{"self":[{"href":"https:\/\/ufpr.br\/prpi\/wp-json\/wp\/v2\/pages\/5217","targetHints":{"allow":["GET"]}}],"collection":[{"href":"https:\/\/ufpr.br\/prpi\/wp-json\/wp\/v2\/pages"}],"about":[{"href":"https:\/\/ufpr.br\/prpi\/wp-json\/wp\/v2\/types\/page"}],"author":[{"embeddable":true,"href":"https:\/\/ufpr.br\/prpi\/wp-json\/wp\/v2\/users\/46"}],"replies":[{"embeddable":true,"href":"https:\/\/ufpr.br\/prpi\/wp-json\/wp\/v2\/comments?post=5217"}],"version-history":[{"count":9,"href":"https:\/\/ufpr.br\/prpi\/wp-json\/wp\/v2\/pages\/5217\/revisions"}],"predecessor-version":[{"id":5254,"href":"https:\/\/ufpr.br\/prpi\/wp-json\/wp\/v2\/pages\/5217\/revisions\/5254"}],"up":[{"embeddable":true,"href":"https:\/\/ufpr.br\/prpi\/wp-json\/wp\/v2\/pages\/1596"}],"wp:attachment":[{"href":"https:\/\/ufpr.br\/prpi\/wp-json\/wp\/v2\/media?parent=5217"}],"curies":[{"name":"wp","href":"https:\/\/api.w.org\/{rel}","templated":true}]}}