{"id":5019,"date":"2026-03-29T15:47:35","date_gmt":"2026-03-29T18:47:35","guid":{"rendered":"https:\/\/ufpr.br\/prpi\/?page_id=5019"},"modified":"2026-04-10T23:47:25","modified_gmt":"2026-04-11T02:47:25","slug":"observatorio-de-sustentabilidade-sobre","status":"publish","type":"page","link":"https:\/\/ufpr.br\/prpi\/sustentabilidade\/observatorio-de-sustentabilidade-sobre\/","title":{"rendered":"Observat\u00f3rio de Sustentabilidade | SOBRE"},"content":{"rendered":"\n<div class=\"wp-block-buttons is-layout-flex wp-container-core-buttons-is-layout-1 wp-block-buttons-is-layout-flex\">\n<div class=\"wp-block-button has-custom-font-size is-style-fill\" style=\"font-size:14px\"><a class=\"wp-block-button__link has-white-color has-text-color has-background has-link-color wp-element-button\" href=\"https:\/\/ufpr.br\/prpi\/sustentabilidade\/\" style=\"background-color:#109953\">SUSTENTABILIDADE<\/a><\/div>\n\n\n\n<div class=\"wp-block-button has-custom-font-size is-style-outline is-style-outline--1\" style=\"font-size:14px\"><a class=\"wp-block-button__link has-text-color has-link-color wp-element-button\" href=\"#ods_na_ufpr\" style=\"color:#109953\">ODS NA UFPR<\/a><\/div>\n\n\n\n<div class=\"wp-block-button has-custom-font-size is-style-outline is-style-outline--2\" style=\"font-size:14px\"><a class=\"wp-block-button__link has-text-color has-link-color wp-element-button\" style=\"color:#109953\">INDICADORES E DADOS<\/a><\/div>\n\n\n\n<div class=\"wp-block-button has-custom-font-size is-style-outline is-style-outline--3\" style=\"font-size:14px\"><a class=\"wp-block-button__link has-text-color has-link-color wp-element-button\" href=\"https:\/\/ufpr.br\/?s=sustentabilidade\" style=\"color:#109953\">NOT\u00cdCIAS<\/a><\/div>\n\n\n\n<div class=\"wp-block-button has-custom-font-size is-style-outline is-style-outline--4\" style=\"font-size:14px\"><a class=\"wp-block-button__link has-text-color has-link-color wp-element-button\" href=\"https:\/\/ufpr.br\/prpi\/sustentabilidade\/contato\/\" style=\"color:#109953\">CONTATO<\/a><\/div>\n<\/div>\n\n\n\n<p>O <strong>Observat\u00f3rio de Sustentabilidade da UFPR<\/strong> \u00e9 um espa\u00e7o estrat\u00e9gico de produ\u00e7\u00e3o, organiza\u00e7\u00e3o e difus\u00e3o de informa\u00e7\u00f5es sobre sustentabilidade no \u00e2mbito da Universidade Federal do Paran\u00e1.<\/p>\n\n\n\n<p>Sua cria\u00e7\u00e3o responde \u00e0 necessidade de dar visibilidade, coer\u00eancia e integra\u00e7\u00e3o \u00e0s m\u00faltiplas iniciativas socioambientais desenvolvidas na institui\u00e7\u00e3o, muitas vezes dispersas entre diferentes setores, unidades, projetos e grupos de trabalho.<\/p>\n\n\n\n<p>Ao reunir dados, a\u00e7\u00f5es, experi\u00eancias, indicadores, pesquisas e pr\u00e1ticas institucionais, o Observat\u00f3rio contribui para:<\/p>\n\n\n\n<ul class=\"wp-block-list\">\n<li>ampliar a visibilidade das a\u00e7\u00f5es da UFPR;<\/li>\n\n\n\n<li>apoiar processos de gest\u00e3o e tomada de decis\u00e3o;<\/li>\n\n\n\n<li>fortalecer a transversalidade da sustentabilidade;<\/li>\n\n\n\n<li>estimular conex\u00f5es entre diferentes \u00e1reas da universidade;<\/li>\n\n\n\n<li>consolidar uma cultura institucional orientada pela responsabilidade socioambiental.<\/li>\n<\/ul>\n\n\n\n<p>O Observat\u00f3rio compreende a sustentabilidade de forma ampla, envolvendo <strong>dimens\u00f5es ambientais, sociais, econ\u00f4micas, culturais, institucionais e territoriais<\/strong>, em di\u00e1logo com os grandes desafios contempor\u00e2neos e com os compromissos locais e globais assumidos pelas universidades p\u00fablicas.<\/p>\n\n\n\n<p>Mais do que uma vitrine, trata-se de um instrumento de articula\u00e7\u00e3o, monitoramento, mem\u00f3ria institucional e mobiliza\u00e7\u00e3o, comprometido com a constru\u00e7\u00e3o de uma universidade cada vez mais sustent\u00e1vel, democr\u00e1tica e socialmente relevante.<\/p>\n\n\n\n<div style=\"height:30px\" aria-hidden=\"true\" class=\"wp-block-spacer\"><\/div>\n\n\n\n<div class=\"wp-block-group has-background\" style=\"background-color:#def2eb\"><div class=\"wp-block-group__inner-container is-layout-constrained wp-block-group-is-layout-constrained\">\n<p><strong>MISS\u00c3O<\/strong><br>Atuar como n\u00facleo t\u00e9cnico-cient\u00edfico de monitoramento da sustentabilidade, por meio da produ\u00e7\u00e3o de conhecimento e da sistematiza\u00e7\u00e3o, an\u00e1lise e divulga\u00e7\u00e3o de dados e indicadores, dando visibilidade \u00e0s iniciativas, conquistas e desafios da institui\u00e7\u00e3o.<\/p>\n\n\n\n<p><strong>VIS\u00c3O<\/strong><br>Ser refer\u00eancia institucional na promo\u00e7\u00e3o, integra\u00e7\u00e3o e comunica\u00e7\u00e3o da sustentabilidade universit\u00e1ria, consolidando a UFPR como protagonista na produ\u00e7\u00e3o de conhecimento, pr\u00e1ticas e pol\u00edticas voltadas ao desenvolvimento sustent\u00e1vel.<\/p>\n\n\n\n<p><strong>OBJETIVO GERAL<\/strong><br>Contribuir para a institucionaliza\u00e7\u00e3o da sustentabilidade na UFPR, apoiando a formula\u00e7\u00e3o de pol\u00edticas, o desenvolvimento de a\u00e7\u00f5es e a articula\u00e7\u00e3o entre diferentes setores e atores sociais.<\/p>\n\n\n\n<p><strong>OBJETIVOS ESPEC\u00cdFICOS<\/strong><\/p>\n\n\n\n<ul class=\"wp-block-list\">\n<li><strong>Identificar, mapear e dar visibilidade<\/strong> a iniciativas, projetos, pesquisas e resultados relacionados \u00e0 sustentabilidade na UFPR;<\/li>\n\n\n\n<li><strong>Sistematizar informa\u00e7\u00f5es <\/strong>relevantes para acompanhamento, monitoramento e comunica\u00e7\u00e3o institucional;<\/li>\n\n\n\n<li><strong>Apoiar a gest\u00e3o<\/strong> com dados, evid\u00eancias e refer\u00eancias que subsidiem planejamento e tomada de decis\u00e3o; <\/li>\n\n\n\n<li><strong>Promover conex\u00f5es<\/strong> entre ensino, pesquisa, extens\u00e3o, gest\u00e3o e inova\u00e7\u00e3o; <\/li>\n\n\n\n<li><strong>Fortalecer a transversalidade<\/strong> da sustentabilidade na vida universit\u00e1ria; <\/li>\n\n\n\n<li><strong>Estimular a cultura institucional<\/strong> de compromisso socioambiental; <\/li>\n\n\n\n<li><strong>Fomentar inova\u00e7\u00e3o<\/strong> por meio de pol\u00edticas, instrumentos e arranjos institucionais;<\/li>\n\n\n\n<li><strong>Contribuir para o alinhamento<\/strong> da UFPR a agendas, metas e referenciais nacionais e internacionais de sustentabilidade.<\/li>\n<\/ul>\n<\/div><\/div>\n","protected":false},"excerpt":{"rendered":"<p>O Observat\u00f3rio de Sustentabilidade da UFPR \u00e9 um espa\u00e7o estrat\u00e9gico de produ\u00e7\u00e3o, organiza\u00e7\u00e3o e difus\u00e3o de informa\u00e7\u00f5es sobre sustentabilidade no \u00e2mbito da Universidade Federal do Paran\u00e1. Sua cria\u00e7\u00e3o responde \u00e0 necessidade de dar visibilidade, coer\u00eancia e integra\u00e7\u00e3o \u00e0s m\u00faltiplas iniciativas socioambientais desenvolvidas na institui\u00e7\u00e3o, muitas vezes dispersas entre diferentes setores, unidades, projetos e grupos de [&hellip;]<\/p>\n","protected":false},"author":46,"featured_media":0,"parent":1596,"menu_order":0,"comment_status":"closed","ping_status":"closed","template":"","meta":{"footnotes":""},"class_list":["post-5019","page","type-page","status-publish","hentry"],"_links":{"self":[{"href":"https:\/\/ufpr.br\/prpi\/wp-json\/wp\/v2\/pages\/5019","targetHints":{"allow":["GET"]}}],"collection":[{"href":"https:\/\/ufpr.br\/prpi\/wp-json\/wp\/v2\/pages"}],"about":[{"href":"https:\/\/ufpr.br\/prpi\/wp-json\/wp\/v2\/types\/page"}],"author":[{"embeddable":true,"href":"https:\/\/ufpr.br\/prpi\/wp-json\/wp\/v2\/users\/46"}],"replies":[{"embeddable":true,"href":"https:\/\/ufpr.br\/prpi\/wp-json\/wp\/v2\/comments?post=5019"}],"version-history":[{"count":9,"href":"https:\/\/ufpr.br\/prpi\/wp-json\/wp\/v2\/pages\/5019\/revisions"}],"predecessor-version":[{"id":5589,"href":"https:\/\/ufpr.br\/prpi\/wp-json\/wp\/v2\/pages\/5019\/revisions\/5589"}],"up":[{"embeddable":true,"href":"https:\/\/ufpr.br\/prpi\/wp-json\/wp\/v2\/pages\/1596"}],"wp:attachment":[{"href":"https:\/\/ufpr.br\/prpi\/wp-json\/wp\/v2\/media?parent=5019"}],"curies":[{"name":"wp","href":"https:\/\/api.w.org\/{rel}","templated":true}]}}