{"id":4916,"date":"2026-03-20T15:24:08","date_gmt":"2026-03-20T18:24:08","guid":{"rendered":"https:\/\/ufpr.br\/prpi\/?page_id=4916"},"modified":"2026-04-22T11:24:41","modified_gmt":"2026-04-22T14:24:41","slug":"edital-no-06-2026-ufpr-r-prpi-cofpi-apoio-apoio-a-participacao-em-eventos-tecnicos-cientificos","status":"publish","type":"page","link":"https:\/\/ufpr.br\/prpi\/edital-no-06-2026-ufpr-r-prpi-cofpi-apoio-apoio-a-participacao-em-eventos-tecnicos-cientificos\/","title":{"rendered":"EDITAL N\u00ba\u00a006\/2026\u00a0\u2013\u00a0UFPR\/R\/PRPI\/COFPI\u00a0&#8211; APOIO APOIO \u00c0\u00a0PARTICIPA\u00c7\u00c3O EM\u00a0EVENTOS\u00a0T\u00c9CNICOS-CIENT\u00cdFICOS\u00a0"},"content":{"rendered":"\n<p>A&nbsp;Pr\u00f3-Reitoria&nbsp;de Pesquisa e&nbsp;Inova\u00e7\u00e3o&nbsp;(PRPI)&nbsp;da Universidade Federal do Paran\u00e1 (UFPR),&nbsp;por meio&nbsp;da Coordenadoria de&nbsp;Fomentos aos Projetos Institucionais&nbsp;(COFPI),&nbsp;e com base na Chamada P\u00fablica CP 17\/2025 da Funda\u00e7\u00e3o Arauc\u00e1ria,&nbsp;torna p\u00fablico este edital&nbsp;de&nbsp;submiss\u00e3o de&nbsp;solicita\u00e7\u00e3o de&nbsp;apoio&nbsp;financeiro&nbsp;\u00e0 participa\u00e7\u00e3o em eventos&nbsp;t\u00e9cnico-cient\u00edficos.&nbsp;<\/p>\n\n\n\n<div class=\"wp-block-buttons is-content-justification-center is-layout-flex wp-container-core-buttons-is-layout-1 wp-block-buttons-is-layout-flex\">\n<div class=\"wp-block-button is-style-fill\"><a class=\"wp-block-button__link has-background wp-element-button\" href=\"https:\/\/ufpr.br\/prpi\/wp-content\/uploads\/2026\/03\/SEI_8698010_Edital_06.pdf\" style=\"border-radius:20px;background:linear-gradient(200deg,rgb(224,101,91) 0%,rgb(0,85,143) 100%)\">Edital n\u00ba 06\/2026 &#8211; COFPI\/PRPI<\/a><\/div>\n<\/div>\n\n\n\n<p><a href=\"https:\/\/ufpr.br\/prpi\/wp-content\/uploads\/2026\/04\/Solicitacoes-aprovadas-edital-06_2026-2.pdf\" data-type=\"link\" data-id=\"https:\/\/ufpr.br\/prpi\/wp-content\/uploads\/2026\/04\/Solicitacoes-aprovadas-edital-06_2026-2.pdf\">Solicita\u00e7\u00f5es Aprovadas<\/a><\/p>\n\n\n\n<p>Anexo I &#8211; <a href=\"https:\/\/ufpr.br\/prpi\/wp-content\/uploads\/2026\/03\/Anexo-I-Modelo-SEI-Apoio-a-Participacao-em-Eventos.pdf\">Modelo SEI formul\u00e1rio de inscri\u00e7\u00e3o<\/a> &#8211; Precisa preencher no SEI<\/p>\n\n\n\n<p>Anexo II &#8211; <a href=\"https:\/\/ufpr.br\/prpi\/wp-content\/uploads\/2026\/03\/Tabela-Quallis-edital-eventos-2026-pdf.pdf\">Tabela do Quallis para pontua\u00e7\u00e3o<\/a><\/p>\n\n\n\n<p>Anexo III &#8211; <a href=\"https:\/\/ufpr.br\/prpi\/wp-content\/uploads\/2026\/03\/Planilha-para-preenchimento-pontuacao-Curriculo-Lattes-edital-eventos.xlsx\">Planilha para pontua\u00e7\u00e3o do Curr\u00edculo Lattes<\/a> &#8211; Precisa baixar, preencher e inserir no SEI<\/p>\n\n\n\n<p>Tutorial &#8211; <a href=\"https:\/\/ufpr.br\/prpi\/wp-content\/uploads\/2026\/03\/Como-localizar-os-formularios-SEI.pdf\">Caso n\u00e3o encontre o formul\u00e1rio SEI<\/a><\/p>\n","protected":false},"excerpt":{"rendered":"<p>A&nbsp;Pr\u00f3-Reitoria&nbsp;de Pesquisa e&nbsp;Inova\u00e7\u00e3o&nbsp;(PRPI)&nbsp;da Universidade Federal do Paran\u00e1 (UFPR),&nbsp;por meio&nbsp;da Coordenadoria de&nbsp;Fomentos aos Projetos Institucionais&nbsp;(COFPI),&nbsp;e com base na Chamada P\u00fablica CP 17\/2025 da Funda\u00e7\u00e3o Arauc\u00e1ria,&nbsp;torna p\u00fablico este edital&nbsp;de&nbsp;submiss\u00e3o de&nbsp;solicita\u00e7\u00e3o de&nbsp;apoio&nbsp;financeiro&nbsp;\u00e0 participa\u00e7\u00e3o em eventos&nbsp;t\u00e9cnico-cient\u00edficos.&nbsp; Solicita\u00e7\u00f5es Aprovadas Anexo I &#8211; Modelo SEI formul\u00e1rio de inscri\u00e7\u00e3o &#8211; Precisa preencher no SEI Anexo II &#8211; Tabela do Quallis para pontua\u00e7\u00e3o [&hellip;]<\/p>\n","protected":false},"author":24,"featured_media":0,"parent":0,"menu_order":0,"comment_status":"closed","ping_status":"closed","template":"","meta":{"footnotes":""},"class_list":["post-4916","page","type-page","status-publish","hentry"],"_links":{"self":[{"href":"https:\/\/ufpr.br\/prpi\/wp-json\/wp\/v2\/pages\/4916","targetHints":{"allow":["GET"]}}],"collection":[{"href":"https:\/\/ufpr.br\/prpi\/wp-json\/wp\/v2\/pages"}],"about":[{"href":"https:\/\/ufpr.br\/prpi\/wp-json\/wp\/v2\/types\/page"}],"author":[{"embeddable":true,"href":"https:\/\/ufpr.br\/prpi\/wp-json\/wp\/v2\/users\/24"}],"replies":[{"embeddable":true,"href":"https:\/\/ufpr.br\/prpi\/wp-json\/wp\/v2\/comments?post=4916"}],"version-history":[{"count":7,"href":"https:\/\/ufpr.br\/prpi\/wp-json\/wp\/v2\/pages\/4916\/revisions"}],"predecessor-version":[{"id":5731,"href":"https:\/\/ufpr.br\/prpi\/wp-json\/wp\/v2\/pages\/4916\/revisions\/5731"}],"wp:attachment":[{"href":"https:\/\/ufpr.br\/prpi\/wp-json\/wp\/v2\/media?parent=4916"}],"curies":[{"name":"wp","href":"https:\/\/api.w.org\/{rel}","templated":true}]}}