{"id":4907,"date":"2026-03-20T15:02:18","date_gmt":"2026-03-20T18:02:18","guid":{"rendered":"https:\/\/ufpr.br\/prpi\/?page_id=4907"},"modified":"2026-04-22T11:31:06","modified_gmt":"2026-04-22T14:31:06","slug":"edital-no-05-2026-ufpr-r-prpi-cofpi-apoio-a-organizacao-de-eventos-da-ufpr","status":"publish","type":"page","link":"https:\/\/ufpr.br\/prpi\/edital-no-05-2026-ufpr-r-prpi-cofpi-apoio-a-organizacao-de-eventos-da-ufpr\/","title":{"rendered":"EDITAL N\u00ba\u00a005\/2026\u00a0\u2013\u00a0UFPR\/R\/PRPI\/COFPI\u00a0&#8211; APOIO \u00c0 ORGANIZA\u00c7\u00c3O DE EVENTOS DA UFPR"},"content":{"rendered":"\n<p class=\"has-text-align-center\"><strong>A&nbsp;Pr\u00f3-Reitoria&nbsp;de Pesquisa e&nbsp;Inova\u00e7\u00e3o&nbsp;(PRPI)&nbsp;da Universidade Federal do Paran\u00e1 (UFPR),&nbsp;por meio&nbsp;da Coordenadoria de&nbsp;Fomentos aos Projetos Institucionais&nbsp;(COFPI),&nbsp;e com base na Chamada P\u00fablica CP 17\/2025 da Funda\u00e7\u00e3o Arauc\u00e1ria,&nbsp;torna p\u00fablico este edital&nbsp;de&nbsp;submiss\u00e3o de propostas para apoio \u00e0&nbsp;organiza\u00e7\u00e3o de&nbsp;eventos&nbsp;cient\u00edficos, tecnol\u00f3gicos&nbsp;ou de inova\u00e7\u00e3o&nbsp;da UFPR.<\/strong><\/p>\n\n\n\n<div class=\"wp-block-buttons is-content-justification-center is-layout-flex wp-container-core-buttons-is-layout-1 wp-block-buttons-is-layout-flex\">\n<div class=\"wp-block-button is-style-fill\"><a class=\"wp-block-button__link has-background wp-element-button\" href=\"https:\/\/ufpr.br\/prpi\/wp-content\/uploads\/2026\/03\/SEI_8695623_Edital_05.pdf\" style=\"border-radius:20px;background:linear-gradient(200deg,rgb(224,101,91) 0%,rgb(0,85,143) 100%)\">Edital n\u00ba 05\/2026 &#8211; COFPI\/PRPI<\/a><\/div>\n<\/div>\n\n\n\n<p><\/p>\n\n\n\n<p><\/p>\n\n\n\n<p><mark style=\"background-color:#cf2e2e\" class=\"has-inline-color\"><strong>COMUNICADO I <\/strong>&#8211; <strong>A Coordenadoria de Fomento aos Projetos Institucionais da PRPI informa que os recursos destinados ao EDITAL N\u00ba 05\/2026 \u2013 APOIO \u00c0 ORGANIZA\u00c7\u00c3O DE EVENTOS foram totalmente utilizados, justificando a interrup\u00e7\u00e3o deste edital.<\/strong><\/mark><\/p>\n\n\n\n<p><a href=\"https:\/\/ufpr.br\/prpi\/wp-content\/uploads\/2026\/04\/Solicitacoes-aprovadas-edital-05_2026-2.pdf\" data-type=\"link\" data-id=\"https:\/\/ufpr.br\/prpi\/wp-content\/uploads\/2026\/04\/Solicitacoes-aprovadas-edital-05_2026-2.pdf\">Solicita\u00e7\u00f5es aprovadas<\/a> <\/p>\n\n\n\n<p>Anexo I &#8211; <a href=\"https:\/\/ufpr.br\/prpi\/wp-content\/uploads\/2026\/03\/Anexo-I-Modelo-SEI-Apoio-a-Organizacao-de-Eventos.pdf\">Modelo SEI formul\u00e1rio de inscri\u00e7\u00e3o<\/a> &#8211; Precisa preencher no SEI<\/p>\n\n\n\n<p>Tutorial &#8211; <a href=\"https:\/\/ufpr.br\/prpi\/wp-content\/uploads\/2026\/03\/Como-localizar-os-formularios-SEI.pdf\">Caso n\u00e3o encontre o formul\u00e1rio SEI<\/a><\/p>\n","protected":false},"excerpt":{"rendered":"<p>A&nbsp;Pr\u00f3-Reitoria&nbsp;de Pesquisa e&nbsp;Inova\u00e7\u00e3o&nbsp;(PRPI)&nbsp;da Universidade Federal do Paran\u00e1 (UFPR),&nbsp;por meio&nbsp;da Coordenadoria de&nbsp;Fomentos aos Projetos Institucionais&nbsp;(COFPI),&nbsp;e com base na Chamada P\u00fablica CP 17\/2025 da Funda\u00e7\u00e3o Arauc\u00e1ria,&nbsp;torna p\u00fablico este edital&nbsp;de&nbsp;submiss\u00e3o de propostas para apoio \u00e0&nbsp;organiza\u00e7\u00e3o de&nbsp;eventos&nbsp;cient\u00edficos, tecnol\u00f3gicos&nbsp;ou de inova\u00e7\u00e3o&nbsp;da UFPR. COMUNICADO I &#8211; A Coordenadoria de Fomento aos Projetos Institucionais da PRPI informa que os recursos destinados ao [&hellip;]<\/p>\n","protected":false},"author":24,"featured_media":0,"parent":0,"menu_order":0,"comment_status":"closed","ping_status":"closed","template":"","meta":{"footnotes":""},"class_list":["post-4907","page","type-page","status-publish","hentry"],"_links":{"self":[{"href":"https:\/\/ufpr.br\/prpi\/wp-json\/wp\/v2\/pages\/4907","targetHints":{"allow":["GET"]}}],"collection":[{"href":"https:\/\/ufpr.br\/prpi\/wp-json\/wp\/v2\/pages"}],"about":[{"href":"https:\/\/ufpr.br\/prpi\/wp-json\/wp\/v2\/types\/page"}],"author":[{"embeddable":true,"href":"https:\/\/ufpr.br\/prpi\/wp-json\/wp\/v2\/users\/24"}],"replies":[{"embeddable":true,"href":"https:\/\/ufpr.br\/prpi\/wp-json\/wp\/v2\/comments?post=4907"}],"version-history":[{"count":9,"href":"https:\/\/ufpr.br\/prpi\/wp-json\/wp\/v2\/pages\/4907\/revisions"}],"predecessor-version":[{"id":5728,"href":"https:\/\/ufpr.br\/prpi\/wp-json\/wp\/v2\/pages\/4907\/revisions\/5728"}],"wp:attachment":[{"href":"https:\/\/ufpr.br\/prpi\/wp-json\/wp\/v2\/media?parent=4907"}],"curies":[{"name":"wp","href":"https:\/\/api.w.org\/{rel}","templated":true}]}}