{"id":4813,"date":"2026-03-13T18:20:24","date_gmt":"2026-03-13T21:20:24","guid":{"rendered":"https:\/\/ufpr.br\/prpi\/?page_id=4813"},"modified":"2026-04-03T10:58:07","modified_gmt":"2026-04-03T13:58:07","slug":"edital-no-04-2026-prpi-nit-startup-garage-2026-edicao-curitiba-turma-2026-1","status":"publish","type":"page","link":"https:\/\/ufpr.br\/prpi\/edital-no-04-2026-prpi-nit-startup-garage-2026-edicao-curitiba-turma-2026-1\/","title":{"rendered":"Edital n\u00ba 04\/2026 PRPI\/NIT \u2013 STARTUP GARAGE 2026 \u2013 Edi\u00e7\u00e3o Curitiba \u2013 Turma 2026\/1"},"content":{"rendered":"\n<p><\/p>\n\n\n\n<p>A Universidade Federal do Paran\u00e1 \u2013 UFPR, por meio da Pr\u00f3-reitoria de Pesquisa e Inova\u00e7\u00e3o (PRPI), sob coordena\u00e7\u00e3o e execu\u00e7\u00e3o da Unidade Promotora de Ambientes de Inova\u00e7\u00e3o (UPAI), vinculada ao N\u00facleo de Inova\u00e7\u00e3o Tecnol\u00f3gica (NIT), torna p\u00fablico, para conhecimento geral, que realizar\u00e1 sele\u00e7\u00e3o de grupos e propostas de base tecnol\u00f3gica com potencial de inova\u00e7\u00e3o para o programa Startup Garage UFPR 2026\/1, e convida os(as) interessados(as) a apresentarem suas propostas para cria\u00e7\u00e3o de novos produtos, servi\u00e7os ou empreendimentos, conforme especificado no presente Edital.<\/p>\n\n\n\n<p><a href=\"https:\/\/ufprbr0-my.sharepoint.com\/:b:\/g\/personal\/empreendedorismo_ufpr_br\/IQCz8m9YHSh8S6YbeWjrTreCAfsbfhsQyOJ9zUcZDpH6tXw?e=HuFcxB\">Edital 04\/2026 \u2013 STARTUP GARAGE 2026 \u2013 Edi\u00e7\u00e3o Curitiba \u2013 Turma 2026\/1<\/a> \u2013&nbsp;Publicado em 13\/03\/2026<\/p>\n\n\n\n<p><a href=\"https:\/\/ufprbr0-my.sharepoint.com\/:b:\/g\/personal\/empreendedorismo_ufpr_br\/IQARevLc5qRqTaG6SjIt8kcNASBNNeeVCiX1bosFCAugBZw?e=ns1Vvd\">Lista de selecionados(as) para o STARTUP GARAGE 2026 \u2013 Turma 2026\/1<\/a> \u2013\u00a0 Publicado em 03\/04\/2026<\/p>\n\n\n\n<p>Formul\u00e1rio de Inscri\u00e7\u00e3o:&nbsp;<a href=\"https:\/\/forms.office.com\/r\/NnJchLYiu0\">https:\/\/forms.office.com\/r\/NnJchLYiu0<\/a><\/p>\n\n\n\n<p>Prazo para inscri\u00e7\u00e3o: 16\/03\/2026 a 29\/03\/2026 &#8211; <strong>INSCRI\u00c7\u00d5ES PRORROGADAS AT\u00c9 02\/04\/2026<\/strong><\/p>\n\n\n\n<p>Per\u00edodo previsto de encontros presenciais: 08\/04\/2026 a 27\/05\/2026, \u00e0s quartas-feiras, das 13:30 \u00e0s 15:30, no Centro Polit\u00e9cnico.<\/p>\n\n\n\n<p>D\u00favidas sobre o Edital podem ser direcionadas para <a href=\"mailto:empreendedorismo@ufpr.br\">empreendedorismo@ufpr.br<\/a>.<\/p>\n","protected":false},"excerpt":{"rendered":"<p>A Universidade Federal do Paran\u00e1 \u2013 UFPR, por meio da Pr\u00f3-reitoria de Pesquisa e Inova\u00e7\u00e3o (PRPI), sob coordena\u00e7\u00e3o e execu\u00e7\u00e3o da Unidade Promotora de Ambientes de Inova\u00e7\u00e3o (UPAI), vinculada ao N\u00facleo de Inova\u00e7\u00e3o Tecnol\u00f3gica (NIT), torna p\u00fablico, para conhecimento geral, que realizar\u00e1 sele\u00e7\u00e3o de grupos e propostas de base tecnol\u00f3gica com potencial de inova\u00e7\u00e3o para [&hellip;]<\/p>\n","protected":false},"author":42,"featured_media":0,"parent":0,"menu_order":0,"comment_status":"closed","ping_status":"closed","template":"","meta":{"footnotes":""},"class_list":["post-4813","page","type-page","status-publish","hentry"],"_links":{"self":[{"href":"https:\/\/ufpr.br\/prpi\/wp-json\/wp\/v2\/pages\/4813","targetHints":{"allow":["GET"]}}],"collection":[{"href":"https:\/\/ufpr.br\/prpi\/wp-json\/wp\/v2\/pages"}],"about":[{"href":"https:\/\/ufpr.br\/prpi\/wp-json\/wp\/v2\/types\/page"}],"author":[{"embeddable":true,"href":"https:\/\/ufpr.br\/prpi\/wp-json\/wp\/v2\/users\/42"}],"replies":[{"embeddable":true,"href":"https:\/\/ufpr.br\/prpi\/wp-json\/wp\/v2\/comments?post=4813"}],"version-history":[{"count":10,"href":"https:\/\/ufpr.br\/prpi\/wp-json\/wp\/v2\/pages\/4813\/revisions"}],"predecessor-version":[{"id":5376,"href":"https:\/\/ufpr.br\/prpi\/wp-json\/wp\/v2\/pages\/4813\/revisions\/5376"}],"wp:attachment":[{"href":"https:\/\/ufpr.br\/prpi\/wp-json\/wp\/v2\/media?parent=4813"}],"curies":[{"name":"wp","href":"https:\/\/api.w.org\/{rel}","templated":true}]}}