{"id":446,"date":"2025-04-07T15:35:14","date_gmt":"2025-04-07T18:35:14","guid":{"rendered":"https:\/\/ufpr.br\/prpi\/?page_id=446"},"modified":"2025-12-16T08:07:54","modified_gmt":"2025-12-16T11:07:54","slug":"unibio-carpg","status":"publish","type":"page","link":"https:\/\/ufpr.br\/prpi\/unibio-carpg\/","title":{"rendered":"CARPG"},"content":{"rendered":"\n<div class=\"wp-block-columns has-white-background-color has-background is-layout-flex wp-container-core-columns-is-layout-1 wp-block-columns-is-layout-flex\">\n<div class=\"wp-block-column is-layout-flow wp-block-column-is-layout-flow\">\n<p class=\"has-black-color has-text-color has-link-color wp-elements-a1802ca097fa06c36e0dc6b830bfb8c4\">Com o lan\u00e7amento do Sistema Nacional de Gest\u00e3o do PG e CTA (SisGen) em 2017, as institui\u00e7\u00f5es de pesquisa tiveram que se adequarem \u00e0 nova legisla\u00e7\u00e3o. A UFPR, ent\u00e3o, criou um comit\u00ea assessor em 28 de maio de 2018, com a designa\u00e7\u00e3o de &#8211;<strong> <\/strong><mark style=\"background-color:#ffffff;color:#e0655b\" class=\"has-inline-color\"><strong>Comit\u00ea de Assuntos Relacionados ao Patrim\u00f4nio Gen\u00e9tico e ao Conhecimento Tradicional Associado (CARPG)<\/strong>.&nbsp;<\/mark><\/p>\n\n\n\n<p class=\"has-black-color has-text-color has-link-color wp-elements-cb449b5a548445f6c2fc5dd93ca5d85c\">Diante da necessidade de uma gest\u00e3o cont\u00ednua e integrada dessas atividades, o CARPG identificou a import\u00e2ncia de criar uma unidade espec\u00edfica na UFPR, dedicada exclusivamente as demandas relacionadas a Lei 13.123\/2015 e, assim foi criada a Unibio  em 27 de fevereiro de 2019.&nbsp;&nbsp;<\/p>\n<\/div>\n\n\n\n<div class=\"wp-block-column is-layout-flow wp-block-column-is-layout-flow\">\n<p class=\"has-black-color has-text-color has-link-color wp-elements-4506535248dfaeb0bb6fd3eebda3c4ae\">O CARPG, composto por representantes de diversos setores da UFPR, re\u00fane-se regularmente para esclarecer d\u00favidas, elaborar materiais informativos e definir fluxogramas de procedimentos e prazos relativos as exig\u00eancias legais sobre a pesquisa com a biodiversidade brasileira.&nbsp;<\/p>\n\n\n\n<p class=\"has-black-color has-text-color has-link-color wp-elements-9ca4dabd8f2172414bca5009adda81af\">Entre as atribui\u00e7\u00f5es do comit\u00ea est\u00e1 a organiza\u00e7\u00e3o de simp\u00f3sios para tratar das legisla\u00e7\u00f5es que a UFPR deve cumprir em temas relativos \u00e0 biodiversidade.&nbsp;<\/p>\n\n\n\n<p class=\"has-black-color has-text-color has-link-color wp-elements-7c0e2e93fa7b4b640f818e53c43f8c2f\"><strong><mark style=\"background-color:#ffffff;color:#e0655b\" class=\"has-inline-color\">Os membros CARPG<\/mark><\/strong> nos Setores e Campi Avan\u00e7ados podem prestar aux\u00edlio \u00e0 comunidade acad\u00eamica colaborando para dirimir d\u00favidas sobre acesso, envio e remessa do PG e\/ou CTA ao exterior.&nbsp;<\/p>\n<\/div>\n<\/div>\n\n\n\n<div class=\"wp-block-columns has-white-background-color has-background is-layout-flex wp-container-core-columns-is-layout-2 wp-block-columns-is-layout-flex\">\n<div class=\"wp-block-column is-layout-flow wp-block-column-is-layout-flow\">\n<h2 class=\"wp-block-heading\"><mark style=\"background-color:#f3b8b2;color:#00558f\" class=\"has-inline-color\">Membros CARPG (Portaria vigente)<\/mark><\/h2>\n\n\n\n<figure class=\"wp-block-table is-style-stripes\"><table class=\"has-black-color has-text-color has-link-color has-fixed-layout\"><thead><tr><th>Setor<\/th><th class=\"has-text-align-center\" data-align=\"center\">Representante<\/th><th>Nome<\/th><\/tr><\/thead><tbody><tr><td><strong>Campus Avan\u00e7ado de Jandaia do Sul<\/strong><\/td><td class=\"has-text-align-center\" data-align=\"center\">Titular<\/td><td>LUANA CAROLINA BOSMULER&nbsp;<\/td><\/tr><tr><td><strong>Campus Avan\u00e7ado de Jandaia do Sul<\/strong><\/td><td class=\"has-text-align-center\" data-align=\"center\">Suplente<\/td><td>DIRLEI DIEDRICH KIELING&nbsp;<\/td><\/tr><tr><td><strong>Campus Toledo<\/strong>&nbsp;<\/td><td class=\"has-text-align-center\" data-align=\"center\">Titular<\/td><td>ANA PAULA CARNEIRO BRANDALIZE&nbsp;<\/td><\/tr><tr><td><strong>Campus Toledo<\/strong>&nbsp;<\/td><td class=\"has-text-align-center\" data-align=\"center\">Suplente<\/td><td>HELOISA DEOLA CONFORTIM&nbsp;&nbsp;<\/td><\/tr><tr><td><strong>Campus Pontal do Paran\u00e1 &#8211; Centro de Estudos do Mar<\/strong><\/td><td class=\"has-text-align-center\" data-align=\"center\">Titular<\/td><td>LEONARDO SANDRINI NETO&nbsp;<\/td><\/tr><tr><td><strong>Campus Pontal do Paran\u00e1 &#8211; Centro de Estudos do Mar<\/strong><\/td><td class=\"has-text-align-center\" data-align=\"center\">Suplente<\/td><td>CATHERINE GERIKAS RIBEIRO<\/td><\/tr><tr><td><strong>Setor de Ci\u00eancias Agr\u00e1rias<\/strong>&nbsp;<\/td><td class=\"has-text-align-center\" data-align=\"center\">Titular<\/td><td>MARSON BRUCK WARPECHOWSKI&nbsp;<\/td><\/tr><tr><td><strong>Setor de Ci\u00eancias Agr\u00e1rias<\/strong>&nbsp;<\/td><td class=\"has-text-align-center\" data-align=\"center\">Suplente<\/td><td>ALVARO LUIS PASQUETTI BERGHETTI<\/td><\/tr><tr><td><strong>Setor de Ci\u00eancias Biol\u00f3gicas<\/strong><\/td><td class=\"has-text-align-center\" data-align=\"center\">Titular<\/td><td>LUCIANE MARINONI&nbsp;&nbsp;<\/td><\/tr><tr><td><strong>Setor de Ci\u00eancias Biol\u00f3gicas<\/strong><\/td><td class=\"has-text-align-center\" data-align=\"center\">Suplente<\/td><td>ANDREY JOSE DE ANDRADE&nbsp;&nbsp;<\/td><\/tr><tr><td><strong>Setor de Ci\u00eancias Humanas<\/strong><\/td><td class=\"has-text-align-center\" data-align=\"center\">Titular<\/td><td>RODOLFO BEZERRA DE MENEZES LOBATO DA COSTA<\/td><\/tr><tr><td><strong>Setor de Ci\u00eancias da<\/strong> <strong>Sa\u00fade<\/strong>&nbsp;<\/td><td class=\"has-text-align-center\" data-align=\"center\">Titular<\/td><td>JOSIANE DE FATIMA GASPARI DIAS<\/td><\/tr><tr><td><strong>Setor de Ci\u00eancias da<\/strong> <strong>Sa\u00fade<\/strong>&nbsp;<\/td><td class=\"has-text-align-center\" data-align=\"center\">Suplente<\/td><td>GEISLA MARY SILVA SOARES<\/td><\/tr><tr><td><strong>Setor de Ci\u00eancias da Terra<\/strong><\/td><td class=\"has-text-align-center\" data-align=\"center\">Titular<\/td><td>ANA PAULA BAUNGARTEN KERSTING<\/td><\/tr><tr><td><strong>Setor de Ci\u00eancias da Terra<\/strong><\/td><td class=\"has-text-align-center\" data-align=\"center\">Suplente<\/td><td>LUIS LOPES DINIZ FILHO<\/td><\/tr><tr><td><strong>Setor Litoral<\/strong>&nbsp;<\/td><td class=\"has-text-align-center\" data-align=\"center\">Titular<\/td><td>DAYANE CRYSTINA DA SILVA CENEVIVA<\/td><\/tr><tr><td><strong>Setor Litoral<\/strong>&nbsp;<\/td><td class=\"has-text-align-center\" data-align=\"center\">Suplente<\/td><td>LUIZ EVERSON DA SILVA<\/td><\/tr><tr><td><strong>Setor Palotina<\/strong><\/td><td class=\"has-text-align-center\" data-align=\"center\">Titular<\/td><td>FERNANDO WILLYAN TREVISAN LEIVAS<\/td><\/tr><tr><td><strong>Setor Palotina<\/strong><\/td><td class=\"has-text-align-center\" data-align=\"center\">Suplente<\/td><td>ADRIANA FIORINI ROSADO<\/td><\/tr><tr><td><strong>Setor de Tecnologia<\/strong><\/td><td class=\"has-text-align-center\" data-align=\"center\">Titular<\/td><td>SUSAN GRACE KARP<\/td><\/tr><tr><td><strong>Setor de Tecnologia<\/strong><\/td><td class=\"has-text-align-center\" data-align=\"center\">Suplente<\/td><td>MONICA BEATRIZ KOLICHESKI<\/td><\/tr><tr><td><strong>N\u00facleo de Inova\u00e7\u00e3o Tecnol\u00f3gica<\/strong>&nbsp;<\/td><td class=\"has-text-align-center\" data-align=\"center\">Titular<\/td><td>MAICO DE ORNELAS<\/td><\/tr><tr><td><strong>N\u00facleo de Inova\u00e7\u00e3o Tecnol\u00f3gica<\/strong>&nbsp;<\/td><td class=\"has-text-align-center\" data-align=\"center\">Suplente<\/td><td>AMANDA BIANCA AGUIAR<\/td><\/tr><tr><td><strong>Cole\u00e7\u00e3o Bot\u00e2nica &#8211; SCB<\/strong>&nbsp;<\/td><td class=\"has-text-align-center\" data-align=\"center\">Titular<\/td><td>MARILIA LOCATELLI CORREA FERREIRA&nbsp;<\/td><\/tr><tr><td><strong>Cole\u00e7\u00e3o Zool\u00f3gica &#8211; SCB<\/strong><\/td><td class=\"has-text-align-center\" data-align=\"center\">Titular<\/td><td>NORMA GIAMBARRESI GANHO<\/td><\/tr><tr><td><strong>Pr\u00f3-Reitoria de Pesquisa e Inova\u00e7\u00e3o<\/strong> <strong>&#8211; PRPI<\/strong><\/td><td class=\"has-text-align-center\" data-align=\"center\">Titular<\/td><td>CIRO ALBERTO DE OLIVEIRA RIBEIRO<\/td><\/tr><tr><td><strong>Unidade de Assuntos Relacionados \u00e0 Biodiversidade \u2013 UNIBIO\/PRPI<\/strong><\/td><td class=\"has-text-align-center\" data-align=\"center\">Titular (Presidente do CARPG)<\/td><td>ELIS REGINA RIBAS<\/td><\/tr><\/tbody><\/table><\/figure>\n\n\n\n<p><\/p>\n<\/div>\n<\/div>\n\n\n\n<p><\/p>\n","protected":false},"excerpt":{"rendered":"<p>Com o lan\u00e7amento do Sistema Nacional de Gest\u00e3o do PG e CTA (SisGen) em 2017, as institui\u00e7\u00f5es de pesquisa tiveram que se adequarem \u00e0 nova legisla\u00e7\u00e3o. A UFPR, ent\u00e3o, criou um comit\u00ea assessor em 28 de maio de 2018, com a designa\u00e7\u00e3o de &#8211; Comit\u00ea de Assuntos Relacionados ao Patrim\u00f4nio Gen\u00e9tico e ao Conhecimento Tradicional [&hellip;]<\/p>\n","protected":false},"author":14,"featured_media":0,"parent":0,"menu_order":0,"comment_status":"closed","ping_status":"closed","template":"","meta":{"footnotes":""},"class_list":["post-446","page","type-page","status-publish","hentry"],"_links":{"self":[{"href":"https:\/\/ufpr.br\/prpi\/wp-json\/wp\/v2\/pages\/446","targetHints":{"allow":["GET"]}}],"collection":[{"href":"https:\/\/ufpr.br\/prpi\/wp-json\/wp\/v2\/pages"}],"about":[{"href":"https:\/\/ufpr.br\/prpi\/wp-json\/wp\/v2\/types\/page"}],"author":[{"embeddable":true,"href":"https:\/\/ufpr.br\/prpi\/wp-json\/wp\/v2\/users\/14"}],"replies":[{"embeddable":true,"href":"https:\/\/ufpr.br\/prpi\/wp-json\/wp\/v2\/comments?post=446"}],"version-history":[{"count":16,"href":"https:\/\/ufpr.br\/prpi\/wp-json\/wp\/v2\/pages\/446\/revisions"}],"predecessor-version":[{"id":4137,"href":"https:\/\/ufpr.br\/prpi\/wp-json\/wp\/v2\/pages\/446\/revisions\/4137"}],"wp:attachment":[{"href":"https:\/\/ufpr.br\/prpi\/wp-json\/wp\/v2\/media?parent=446"}],"curies":[{"name":"wp","href":"https:\/\/api.w.org\/{rel}","templated":true}]}}