{"id":436,"date":"2025-04-07T15:24:17","date_gmt":"2025-04-07T18:24:17","guid":{"rendered":"https:\/\/ufpr.br\/prpi\/?page_id=436"},"modified":"2025-04-28T22:13:27","modified_gmt":"2025-04-29T01:13:27","slug":"unibio-sisbio","status":"publish","type":"page","link":"https:\/\/ufpr.br\/prpi\/unibio-sisbio\/","title":{"rendered":"Sisbio"},"content":{"rendered":"\n<p>P\u00e1gina em constru\u00e7\u00e3o<\/p>\n","protected":false},"excerpt":{"rendered":"<p>P\u00e1gina em constru\u00e7\u00e3o<\/p>\n","protected":false},"author":14,"featured_media":0,"parent":0,"menu_order":0,"comment_status":"closed","ping_status":"closed","template":"","meta":{"footnotes":""},"class_list":["post-436","page","type-page","status-publish","hentry"],"_links":{"self":[{"href":"https:\/\/ufpr.br\/prpi\/wp-json\/wp\/v2\/pages\/436","targetHints":{"allow":["GET"]}}],"collection":[{"href":"https:\/\/ufpr.br\/prpi\/wp-json\/wp\/v2\/pages"}],"about":[{"href":"https:\/\/ufpr.br\/prpi\/wp-json\/wp\/v2\/types\/page"}],"author":[{"embeddable":true,"href":"https:\/\/ufpr.br\/prpi\/wp-json\/wp\/v2\/users\/14"}],"replies":[{"embeddable":true,"href":"https:\/\/ufpr.br\/prpi\/wp-json\/wp\/v2\/comments?post=436"}],"version-history":[{"count":3,"href":"https:\/\/ufpr.br\/prpi\/wp-json\/wp\/v2\/pages\/436\/revisions"}],"predecessor-version":[{"id":4159,"href":"https:\/\/ufpr.br\/prpi\/wp-json\/wp\/v2\/pages\/436\/revisions\/4159"}],"wp:attachment":[{"href":"https:\/\/ufpr.br\/prpi\/wp-json\/wp\/v2\/media?parent=436"}],"curies":[{"name":"wp","href":"https:\/\/api.w.org\/{rel}","templated":true}]}}