{"id":4351,"date":"2026-01-05T15:05:10","date_gmt":"2026-01-05T18:05:10","guid":{"rendered":"https:\/\/ufpr.br\/prpi\/?page_id=4351"},"modified":"2026-01-23T14:39:48","modified_gmt":"2026-01-23T17:39:48","slug":"copi-edital-no-05-2025-copi-prpi-chamada-publica-edital-embrapii-no-03-2025","status":"publish","type":"page","link":"https:\/\/ufpr.br\/prpi\/copi-edital-no-05-2025-copi-prpi-chamada-publica-edital-embrapii-no-03-2025\/","title":{"rendered":"Edital n\u00ba 01\/2026 COPI\/PRPI &#8211; Chamada P\u00fablica Edital EMBRAPII N\u00ba 03\/2025"},"content":{"rendered":"\n<p>A&nbsp;<strong>Pr\u00f3-reitoria de Pesquisa e Inova\u00e7\u00e3o (PRPI)<\/strong>&nbsp;da Universidade Federal do Paran\u00e1 (UFPR), por meio da&nbsp;<strong>Coordena\u00e7\u00e3o de Projetos Institucionais (COPI)<\/strong>,&nbsp;torna p\u00fablico o presente Edital de sele\u00e7\u00e3o interna de propostas, visando \u00e0 escolha de grupo da UFPR, ou grupo de pesquisadores da UFPR,&nbsp; para a composi\u00e7\u00e3o da proposta institucional a ser submetida \u00e0 Chamada P\u00fablica de Credenciamento de Unidades EMBRAPII n\u00ba 03\/2025, promovida pela Associa\u00e7\u00e3o Brasileira de Pesquisa e Inova\u00e7\u00e3o Industrial (EMBRAPII), em parceria com o Minist\u00e9rio da Ci\u00eancia, Tecnologia e Inova\u00e7\u00e3o (MCTI).<\/p>\n\n\n\n<div class=\"wp-block-buttons is-content-justification-center is-layout-flex wp-container-core-buttons-is-layout-1 wp-block-buttons-is-layout-flex\">\n<div class=\"wp-block-button is-style-fill\"><a class=\"wp-block-button__link has-background wp-element-button\" href=\"https:\/\/ufpr.br\/prpi\/wp-content\/uploads\/2026\/01\/SEI_8501417_Edital_01_2026.pdf\" style=\"border-radius:20px;background:linear-gradient(200deg,rgb(224,101,91) 0%,rgb(0,85,143) 100%)\" target=\"_blank\" rel=\"noreferrer noopener\">Edital n\u00ba 01\/2026 &#8211; COPI\/PRPI<\/a><\/div>\n<\/div>\n\n\n\n<blockquote class=\"wp-block-quote is-layout-flow wp-block-quote-is-layout-flow\">\n<p>\ud83c\udd95<a href=\"https:\/\/ufpr.br\/prpi\/wp-content\/uploads\/2026\/01\/SEI_8536751_Despacho_24.pdf\" target=\"_blank\" rel=\"noreferrer noopener\">Resultado final<\/a> <em>(publicado em 23\/01\/2026 \u00e0s 14h39)<\/em><\/p>\n\n\n\n<p><a href=\"https:\/\/ufpr.br\/prpi\/wp-content\/uploads\/2026\/01\/SEI_8527325_Despacho_7.pdf\" target=\"_blank\" rel=\"noreferrer noopener\">Resposta ao pedido de reconsidera\u00e7\u00e3o <\/a><em>(publicado em 20\/01\/2026 \u00e0s 11h35)<\/em><\/p>\n\n\n\n<p><a href=\"https:\/\/ufpr.br\/prpi\/wp-content\/uploads\/2026\/01\/SEI_8516544_Despacho_2.pdf\" target=\"_blank\" rel=\"noreferrer noopener\">Resultado preliminar<\/a> <em>(publicado em 15\/01\/2026 \u00e0s 11h)<\/em><\/p>\n<\/blockquote>\n","protected":false},"excerpt":{"rendered":"<p>A&nbsp;Pr\u00f3-reitoria de Pesquisa e Inova\u00e7\u00e3o (PRPI)&nbsp;da Universidade Federal do Paran\u00e1 (UFPR), por meio da&nbsp;Coordena\u00e7\u00e3o de Projetos Institucionais (COPI),&nbsp;torna p\u00fablico o presente Edital de sele\u00e7\u00e3o interna de propostas, visando \u00e0 escolha de grupo da UFPR, ou grupo de pesquisadores da UFPR,&nbsp; para a composi\u00e7\u00e3o da proposta institucional a ser submetida \u00e0 Chamada P\u00fablica de Credenciamento de [&hellip;]<\/p>\n","protected":false},"author":36,"featured_media":0,"parent":0,"menu_order":0,"comment_status":"closed","ping_status":"closed","template":"","meta":{"footnotes":""},"class_list":["post-4351","page","type-page","status-publish","hentry"],"_links":{"self":[{"href":"https:\/\/ufpr.br\/prpi\/wp-json\/wp\/v2\/pages\/4351","targetHints":{"allow":["GET"]}}],"collection":[{"href":"https:\/\/ufpr.br\/prpi\/wp-json\/wp\/v2\/pages"}],"about":[{"href":"https:\/\/ufpr.br\/prpi\/wp-json\/wp\/v2\/types\/page"}],"author":[{"embeddable":true,"href":"https:\/\/ufpr.br\/prpi\/wp-json\/wp\/v2\/users\/36"}],"replies":[{"embeddable":true,"href":"https:\/\/ufpr.br\/prpi\/wp-json\/wp\/v2\/comments?post=4351"}],"version-history":[{"count":11,"href":"https:\/\/ufpr.br\/prpi\/wp-json\/wp\/v2\/pages\/4351\/revisions"}],"predecessor-version":[{"id":4596,"href":"https:\/\/ufpr.br\/prpi\/wp-json\/wp\/v2\/pages\/4351\/revisions\/4596"}],"wp:attachment":[{"href":"https:\/\/ufpr.br\/prpi\/wp-json\/wp\/v2\/media?parent=4351"}],"curies":[{"name":"wp","href":"https:\/\/api.w.org\/{rel}","templated":true}]}}