{"id":421,"date":"2025-04-07T15:19:10","date_gmt":"2025-04-07T18:19:10","guid":{"rendered":"https:\/\/ufpr.br\/prpi\/?page_id=421"},"modified":"2025-12-18T08:20:16","modified_gmt":"2025-12-18T11:20:16","slug":"unibio-sisgen","status":"publish","type":"page","link":"https:\/\/ufpr.br\/prpi\/unibio-sisgen\/","title":{"rendered":"SisGen"},"content":{"rendered":"\n<div class=\"wp-block-columns has-white-background-color has-background is-layout-flex wp-container-core-columns-is-layout-3 wp-block-columns-is-layout-flex\">\n<div class=\"wp-block-column is-layout-flow wp-block-column-is-layout-flow\">\n<div class=\"wp-block-columns is-layout-flex wp-container-core-columns-is-layout-1 wp-block-columns-is-layout-flex\">\n<div class=\"wp-block-column is-layout-flow wp-block-column-is-layout-flow\">\n<h2 class=\"wp-block-heading\"><mark style=\"background-color:#f3b8b2;color:#00558f\" class=\"has-inline-color\">Informa\u00e7\u00f5es \u00fateis<\/mark><\/h2>\n\n\n\n<ol class=\"wp-block-list\">\n<li class=\"has-black-color has-text-color has-link-color wp-elements-9ac0ea65bbab27907df506f8a2a3ea3e\"><a href=\"https:\/\/ufpr.br\/prpi\/unibio-cadastro-do-pesquisador-no-sisgen\/\"><span style=\"text-decoration: underline\">Cadastro do Pesquisador no SisGen<\/span><\/a><\/li>\n\n\n\n<li class=\"has-black-color has-text-color has-link-color wp-elements-84be9f46efb37ab35c73c30ebf84d1b8\"><a href=\"https:\/\/sisgen.gov.br\/download\/Manual_SisGen.pdf\"><span style=\"text-decoration: underline\">Manual do SisGen<\/span><\/a><\/li>\n\n\n\n<li class=\"has-black-color has-text-color has-link-color wp-elements-41e72d11d86b8ea8d9af8fda89b3c87b\"><a href=\"https:\/\/ufpr.br\/prpi\/unibio-acesso-instrucoes-para-remessa\/\"><span style=\"text-decoration: underline\">Acesso &#8211; Instru\u00e7\u00f5es para Remessa<\/span><\/a>\n<ul class=\"wp-block-list\">\n<li><a href=\"https:\/\/ufpr.br\/prpi\/unibio-tmm-mta-assinados-com-outras-instituicoes-do-exterior\/\">3.1 <span style=\"text-decoration: underline\">Termos de Transfer\u00eancia de Material (TTM\/MTA)<\/span><\/a><\/li>\n<\/ul>\n<\/li>\n\n\n\n<li class=\"has-black-color has-text-color has-link-color wp-elements-05c88ca9d379d0f6c4b266a89c6a5b76\"><a href=\"https:\/\/ufpr.br\/prpi\/unibio-acesso-instrucoes-para-divulgacao-de-pesquisa\/\"><span style=\"text-decoration: underline\">Acesso &#8211; Instru\u00e7\u00f5es para cadastro de atividades de pesquisa<\/span><\/a><\/li>\n\n\n\n<li class=\"has-black-color has-text-color has-link-color wp-elements-f2d48c886870bdc3f0e2aecdab7ec313\"><a href=\"https:\/\/ufpr.br\/prpi\/unibio-acesso-instrucoes-para-envio\/\"><span style=\"text-decoration: underline\">Acesso &#8211; Instru\u00e7\u00f5es para Envio<\/span><\/a><\/li>\n\n\n\n<li class=\"has-black-color has-text-color has-link-color wp-elements-dd572cd6a5575e95714933dbc0a5d6c2\">Notifica\u00e7\u00e3o de Produto<\/li>\n\n\n\n<li class=\"has-black-color has-text-color has-link-color wp-elements-7b2e9eaf966d2d76903399cf46bf9629\"><a href=\"https:\/\/ufpr.br\/prpi\/unibio-lista-de-especies-cites\/\"><span style=\"text-decoration: underline\">Lista de Esp\u00e9cies CITES<\/span><\/a><\/li>\n\n\n\n<li class=\"has-black-color has-text-color has-link-color wp-elements-6522c8dca8e2f225a0be9f3bebe77fcc\"><a href=\"https:\/\/ufpr.br\/prpi\/unibio-lista-da-flora-e-fauna-do-brasil\/\"><span style=\"text-decoration: underline\">Lista da Flora e Fauna do Brasil<\/span><\/a><\/li>\n\n\n\n<li class=\"has-black-color has-text-color has-link-color wp-elements-946c9be285863dd275254ffe5a2b12c1\"><a href=\"https:\/\/ufpr.br\/prpi\/unibio-especies-introduzidas-que-nao-fazem-parte-do-patrimonio-genetico-brasileiro\/\"><span style=\"text-decoration: underline\">Esp\u00e9cies Introduzidas que n\u00e3o fazem parte do Patrim\u00f4nio Gen\u00e9tico Brasileiro<\/span><\/a><\/li>\n\n\n\n<li class=\"has-black-color has-text-color has-link-color wp-elements-33be4af42d34e65cfc2fe00bcda9b9b0\"><a href=\"https:\/\/ufpr.br\/prpi\/unibio-colecoes-biologicas\/\"><span style=\"text-decoration: underline\">Cole\u00e7\u00f5es Biol\u00f3gicas<\/span><\/a><\/li>\n\n\n\n<li class=\"has-black-color has-text-color has-link-color wp-elements-4e1ec49f68c4ba4f11510631c6cb126b\"><a href=\"https:\/\/ufpr.br\/prpi\/unibio-perguntas-frequentes\/\" data-type=\"page\" data-id=\"440\"><span style=\"text-decoration: underline\">Perguntas frequentes<\/span><\/a><\/li>\n<\/ol>\n<\/div>\n<\/div>\n\n\n\n<p class=\"has-black-color has-text-color has-link-color wp-elements-a0a86b2bd7ecd3b4480d8ca61498eccc\">Toda Pesquisa e\/ou Desenvolvimento Tecnol\u00f3gico <strong>que acesse<\/strong> o Patrim\u00f4nio Gen\u00e9tico (PG) e\/ou o Conhecimento Tradicional Associado (CTA) dever\u00e1 ser registrado no Sistema Nacional de Gest\u00e3o do Patrim\u00f4nio Gen\u00e9tico e Conhecimento Tradicional Associado (SisGen),&nbsp;conforme <a href=\"https:\/\/www.planalto.gov.br\/ccivil_03\/_ato2015-2018\/2016\/decreto\/d8772.htm#:~:text=costumes%2C%20e%20tradi\u00e7\u00f5es.-,CAP\u00cdTULO%20IV,VI%20%2D%20dos%20atestados%20de%20regularidade%20de%20acesso.,-\u00a7%201\u00ba%20O%20cadastramento\">Decreto 8.772, de 11 de maio de 2016, CAP\u00cdTULO I, Art. 20, Incisos I, II, III, IV, V, VI.<\/a><\/p>\n\n\n\n<p class=\"has-black-color has-text-color has-link-color wp-elements-487d1b86dc90dcdb6faeaa1d11bcf5b9\"><strong><mark style=\"background-color:#f3b8b2;color:#00558f\" class=\"has-inline-color\">Observa\u00e7\u00e3o:<\/mark><\/strong><br>Os projetos dever\u00e3o ser cadastrados no SisGen, <strong>previamente <\/strong>\u00e0 divulga\u00e7\u00e3o de resultados, finais e\/ou parciais, em meios cient\u00edficos ou de comunica\u00e7\u00e3o; <em>remessas<\/em> de PG para o exterior; requerimento de qualquer direito de propriedade intelectual; comercializa\u00e7\u00e3o do produto intermedi\u00e1rio; notifica\u00e7\u00e3o de produto acabado (ou material reprodutivo oriundo) desenvolvido em decorr\u00eancia <strong>do acesso<\/strong>.<\/p>\n\n\n\n<div style=\"height:68px\" aria-hidden=\"true\" class=\"wp-block-spacer\"><\/div>\n\n\n\n<div class=\"wp-block-columns is-layout-flex wp-container-core-columns-is-layout-2 wp-block-columns-is-layout-flex\" id=\"exemplos-pg\">\n<div class=\"wp-block-column is-layout-flow wp-block-column-is-layout-flow\">\n<figure class=\"wp-block-image size-large\"><img loading=\"lazy\" decoding=\"async\" width=\"723\" height=\"1024\" src=\"https:\/\/ufpr.br\/prpi\/wp-content\/uploads\/2025\/05\/precisam_acesso-1-723x1024.jpeg\" alt=\"\" class=\"wp-image-1344\" style=\"object-fit:cover\" srcset=\"https:\/\/ufpr.br\/prpi\/wp-content\/uploads\/2025\/05\/precisam_acesso-1-723x1024.jpeg 723w, https:\/\/ufpr.br\/prpi\/wp-content\/uploads\/2025\/05\/precisam_acesso-1-212x300.jpeg 212w, https:\/\/ufpr.br\/prpi\/wp-content\/uploads\/2025\/05\/precisam_acesso-1-768x1087.jpeg 768w, https:\/\/ufpr.br\/prpi\/wp-content\/uploads\/2025\/05\/precisam_acesso-1-69x98.jpeg 69w, https:\/\/ufpr.br\/prpi\/wp-content\/uploads\/2025\/05\/precisam_acesso-1-40x57.jpeg 40w, https:\/\/ufpr.br\/prpi\/wp-content\/uploads\/2025\/05\/precisam_acesso-1.jpeg 904w\" sizes=\"auto, (max-width: 723px) 100vw, 723px\" \/><\/figure>\n<\/div>\n\n\n\n<div class=\"wp-block-column is-layout-flow wp-block-column-is-layout-flow\">\n<figure class=\"wp-block-image size-large\"><img loading=\"lazy\" decoding=\"async\" width=\"723\" height=\"1024\" src=\"https:\/\/ufpr.br\/prpi\/wp-content\/uploads\/2025\/05\/nao_precisam_acesso-723x1024.jpeg\" alt=\"\" class=\"wp-image-1347\" style=\"object-fit:cover\" srcset=\"https:\/\/ufpr.br\/prpi\/wp-content\/uploads\/2025\/05\/nao_precisam_acesso-723x1024.jpeg 723w, https:\/\/ufpr.br\/prpi\/wp-content\/uploads\/2025\/05\/nao_precisam_acesso-212x300.jpeg 212w, https:\/\/ufpr.br\/prpi\/wp-content\/uploads\/2025\/05\/nao_precisam_acesso-768x1087.jpeg 768w, https:\/\/ufpr.br\/prpi\/wp-content\/uploads\/2025\/05\/nao_precisam_acesso-69x98.jpeg 69w, https:\/\/ufpr.br\/prpi\/wp-content\/uploads\/2025\/05\/nao_precisam_acesso-40x57.jpeg 40w, https:\/\/ufpr.br\/prpi\/wp-content\/uploads\/2025\/05\/nao_precisam_acesso.jpeg 904w\" sizes=\"auto, (max-width: 723px) 100vw, 723px\" \/><\/figure>\n<\/div>\n<\/div>\n<\/div>\n<\/div>\n\n\n\n<div class=\"wp-block-columns has-white-background-color has-background is-layout-flex wp-container-core-columns-is-layout-4 wp-block-columns-is-layout-flex\">\n<div class=\"wp-block-column is-layout-flow wp-block-column-is-layout-flow\">\n<p class=\"has-white-color has-text-color has-background has-link-color wp-elements-3c3e1501114575a6ab4afb1eca6f35ca\" style=\"background-color:#e0655b\"><strong>O material biol\u00f3gico da sua pesquisa precisa ser enviado ao exterior? Saiba aqui a diferen\u00e7a entre os procedimentos de <a href=\"https:\/\/ufpr.br\/prpi\/unibio-acesso-instrucoes-para-envio\/\"><span style=\"text-decoration: underline\">Envio<\/span><\/a> e <span style=\"text-decoration: underline\"><a href=\"https:\/\/ufpr.br\/prpi\/unibio-acesso-instrucoes-para-remessa\/\">Remessa<\/a>.<\/span> <\/strong><\/p>\n<\/div>\n<\/div>\n\n\n\n<div class=\"wp-block-columns has-white-background-color has-background is-layout-flex wp-container-core-columns-is-layout-5 wp-block-columns-is-layout-flex\">\n<div class=\"wp-block-column has-white-background-color has-background is-layout-flow wp-block-column-is-layout-flow\">\n<div data-wp-interactive=\"core\/file\" class=\"wp-block-file\"><object data-wp-bind--hidden=\"!state.hasPdfPreview\" hidden class=\"wp-block-file__embed\" data=\"https:\/\/ufpr.br\/prpi\/wp-content\/uploads\/2025\/06\/V5_Infografico-UNIBIO_envio-e-remessa-1_compressed.pdf\" type=\"application\/pdf\" style=\"width:100%;height:600px\" aria-label=\"Incorporado de V5_Infogr\u00e1fico UNIBIO_envio e remessa (1)_compressed.\"><\/object><a id=\"wp-block-file--media-e1daf2aa-d98b-483b-ae5f-1e09aa7ae6ad\" href=\"https:\/\/ufpr.br\/prpi\/wp-content\/uploads\/2025\/06\/V5_Infografico-UNIBIO_envio-e-remessa-1_compressed.pdf\">V5_Infogr\u00e1fico UNIBIO_envio e remessa (1)_compressed<\/a><a href=\"https:\/\/ufpr.br\/prpi\/wp-content\/uploads\/2025\/06\/V5_Infografico-UNIBIO_envio-e-remessa-1_compressed.pdf\" class=\"wp-block-file__button wp-element-button\" download aria-describedby=\"wp-block-file--media-e1daf2aa-d98b-483b-ae5f-1e09aa7ae6ad\">Baixar<\/a><\/div>\n<\/div>\n<\/div>\n","protected":false},"excerpt":{"rendered":"<p>Informa\u00e7\u00f5es \u00fateis Toda Pesquisa e\/ou Desenvolvimento Tecnol\u00f3gico que acesse o Patrim\u00f4nio Gen\u00e9tico (PG) e\/ou o Conhecimento Tradicional Associado (CTA) dever\u00e1 ser registrado no Sistema Nacional de Gest\u00e3o do Patrim\u00f4nio Gen\u00e9tico e Conhecimento Tradicional Associado (SisGen),&nbsp;conforme Decreto 8.772, de 11 de maio de 2016, CAP\u00cdTULO I, Art. 20, Incisos I, II, III, IV, V, VI. Observa\u00e7\u00e3o:Os [&hellip;]<\/p>\n","protected":false},"author":14,"featured_media":0,"parent":0,"menu_order":0,"comment_status":"closed","ping_status":"closed","template":"","meta":{"footnotes":""},"class_list":["post-421","page","type-page","status-publish","hentry"],"_links":{"self":[{"href":"https:\/\/ufpr.br\/prpi\/wp-json\/wp\/v2\/pages\/421","targetHints":{"allow":["GET"]}}],"collection":[{"href":"https:\/\/ufpr.br\/prpi\/wp-json\/wp\/v2\/pages"}],"about":[{"href":"https:\/\/ufpr.br\/prpi\/wp-json\/wp\/v2\/types\/page"}],"author":[{"embeddable":true,"href":"https:\/\/ufpr.br\/prpi\/wp-json\/wp\/v2\/users\/14"}],"replies":[{"embeddable":true,"href":"https:\/\/ufpr.br\/prpi\/wp-json\/wp\/v2\/comments?post=421"}],"version-history":[{"count":40,"href":"https:\/\/ufpr.br\/prpi\/wp-json\/wp\/v2\/pages\/421\/revisions"}],"predecessor-version":[{"id":4216,"href":"https:\/\/ufpr.br\/prpi\/wp-json\/wp\/v2\/pages\/421\/revisions\/4216"}],"wp:attachment":[{"href":"https:\/\/ufpr.br\/prpi\/wp-json\/wp\/v2\/media?parent=421"}],"curies":[{"name":"wp","href":"https:\/\/api.w.org\/{rel}","templated":true}]}}