{"id":4090,"date":"2025-12-15T15:33:17","date_gmt":"2025-12-15T18:33:17","guid":{"rendered":"https:\/\/ufpr.br\/prpi\/?page_id=4090"},"modified":"2025-12-16T15:26:03","modified_gmt":"2025-12-16T18:26:03","slug":"unibio-obrigacoes-do-pesquisador","status":"publish","type":"page","link":"https:\/\/ufpr.br\/prpi\/unibio-obrigacoes-do-pesquisador\/","title":{"rendered":"Obriga\u00e7\u00f5es do pesquisador"},"content":{"rendered":"\n<p class=\"has-black-color has-text-color has-link-color wp-elements-7d47c84ca91b86fe844dac3b0c1ef21b\">O pesquisador que realiza pesquisas com a biodiversidade tem obriga\u00e7\u00e3o de realizar alguns cadastros, dependendo das suas atividades. Leia abaixo para entender quais s\u00e3o as suas obriga\u00e7\u00f5es individuais.<\/p>\n\n\n\n<div class=\"wp-block-columns is-layout-flex wp-container-core-columns-is-layout-1 wp-block-columns-is-layout-flex\">\n<div class=\"wp-block-column is-layout-flow wp-block-column-is-layout-flow\" style=\"flex-basis:300px\">\n<div class=\"wp-block-buttons is-vertical is-content-justification-center is-layout-flex wp-container-core-buttons-is-layout-1 wp-block-buttons-is-layout-flex\">\n<div class=\"wp-block-button is-style-fill\"><a class=\"wp-block-button__link has-background wp-element-button\" href=\"https:\/\/ufpr.br\/prpi\/unibio-sisgen\/\" style=\"border-radius:20px;background:linear-gradient(200deg,rgb(224,101,91) 0%,rgb(0,85,143) 100%)\"><strong>Sisgen<\/strong><\/a><\/div>\n\n\n\n<div class=\"wp-block-button is-style-fill\"><a class=\"wp-block-button__link has-background wp-element-button\" href=\"https:\/\/ufpr.br\/prpi\/unibio-sisbio\/\" style=\"border-radius:20px;background:linear-gradient(200deg,rgb(224,101,91) 0%,rgb(0,85,143) 100%)\"><strong>Sisbio<\/strong><\/a><\/div>\n\n\n\n<div class=\"wp-block-button is-style-fill\"><a class=\"wp-block-button__link has-background wp-element-button\" href=\"https:\/\/ufpr.br\/prpi\/unibio-ctf-rapp\/\" style=\"border-radius:20px;background:linear-gradient(200deg,rgb(224,101,91) 0%,rgb(0,85,143) 100%)\"><strong>CTF\/APP<\/strong><\/a><\/div>\n\n\n\n<div class=\"wp-block-button is-style-fill\"><a class=\"wp-block-button__link has-background wp-element-button\" style=\"border-radius:20px;background:linear-gradient(200deg,rgb(224,101,91) 0%,rgb(0,85,143) 100%)\"><strong>CTF\/AIDA<\/strong><\/a><\/div>\n\n\n\n<div class=\"wp-block-button is-style-fill\"><a class=\"wp-block-button__link has-background wp-element-button\" style=\"border-radius:20px;background:linear-gradient(200deg,rgb(224,101,91) 0%,rgb(0,85,143) 100%)\"><strong>Sinaflor<\/strong><\/a><\/div>\n\n\n\n<div class=\"wp-block-button is-style-fill\"><a class=\"wp-block-button__link has-background wp-element-button\" style=\"border-radius:20px;background:linear-gradient(200deg,rgb(224,101,91) 0%,rgb(0,85,143) 100%)\"><strong>Sisfauna<\/strong><\/a><\/div>\n\n\n\n<div class=\"wp-block-button is-style-fill\"><a class=\"wp-block-button__link has-background wp-element-button\" style=\"border-radius:20px;background:linear-gradient(200deg,rgb(224,101,91) 0%,rgb(0,85,143) 100%)\"><strong>CITES<\/strong><\/a><\/div>\n\n\n\n<div class=\"wp-block-button is-style-fill\"><a class=\"wp-block-button__link has-background wp-element-button\" style=\"border-radius:20px;background:linear-gradient(200deg,rgb(224,101,91) 0%,rgb(0,85,143) 100%)\"><strong>Anvisa<\/strong><\/a><\/div>\n<\/div>\n<\/div>\n\n\n\n<div class=\"wp-block-column is-layout-flow wp-block-column-is-layout-flow\">\n<p class=\"has-black-color has-text-color has-link-color wp-elements-27c225a283ddc044981975ff3e506e57\">Toda pesquisa feita com patrim\u00f4nio gen\u00e9tico brasileiro, ou seja, com organismos nativos ou isolados no territ\u00f3rio nacional, deve ter seu <strong><a href=\"https:\/\/ufpr.br\/prpi\/unibio-acesso-instrucoes-para-divulgacao-de-pesquisa\/\" data-type=\"link\" data-id=\"https:\/\/ufpr.br\/prpi\/unibio-acesso-instrucoes-para-divulgacao-de-pesquisa\/\"><span style=\"text-decoration: underline\">acesso<\/span><\/a><\/strong> cadastrado no<strong> Sisgen<\/strong>. O acesso deve ser cadastrado antes da publica\u00e7\u00e3o de resultados (teses, TCCs, artigos, resumos em congressos, dentre outros), da realiza\u00e7\u00e3o de remessas, do requerimento de direito de propriedade intelectual, da comercializa\u00e7\u00e3o do produto intermedi\u00e1rio, e da notifica\u00e7\u00e3o de produto acabado ou material reprodutivo.<\/p>\n\n\n\n<p>EM BREVE INFORMA\u00c7\u00d5ES SOBRE O SISBIO<\/p>\n\n\n\n<p>O Ibama mant\u00e9m os <strong>Cadastros T\u00e9cnicos Federais (CTF)<\/strong> que s\u00e3o plataformas em que o Ibama mant\u00e9m um registro de pessoas f\u00edsicas e jur\u00eddicas que realizam determinadas atividades.<\/p>\n\n\n\n<p>O <strong>Cadastro T\u00e9cnico Federal de Atividades Potencialmente Poluidoras e\/ou Utilizadoras de Recursos Ambientais (CTF\/APP)<\/strong> deve ser feito por pesquisadores que receberam licen\u00e7as ou autoriza\u00e7\u00f5es em seu CPF para atividades de pesquisa envolvendo recursos ambientais. Se um pesquisador recebeu autoriza\u00e7\u00f5es ou licen\u00e7as de coleta, realizou remessas ou envios, recebeu Licen\u00e7a de Porte e Uso da Motosserra, dentre outras autoriza\u00e7\u00f5es, isso deve ser declarado no CTF\/APP.<\/p>\n\n\n\n<p>O <strong>Cadastro T\u00e9cnico Federal de Atividades e Instrumentos de Defesa Ambiental (CTF\/AIDA)<\/strong> deve ser feito por pesquisadores que fazem consultorias t\u00e9cnicas sobre demandas ecol\u00f3gicas ou ambientais. Laudos, auditorias, pareceres, per\u00edcias ambientais, planos, programas e projetos t\u00e9cnicos na \u00e1rea ambiental se enquadram no CTF\/AIDA.<\/p>\n\n\n\n<p>EM BREVE INFORMA\u00c7\u00d5ES SOBRE O SINAFLOR<\/p>\n\n\n\n<p>EM BREVE INFORMA\u00c7\u00d5ES SOBRE O SISFAUNA<\/p>\n\n\n\n<p>EM BREVE INFORMA\u00c7\u00d5ES SOBRE O CITES<\/p>\n\n\n\n<p>EM BREVE INFORMA\u00c7\u00d5ES SOBRE A ANVISA<\/p>\n<\/div>\n<\/div>\n\n\n\n<p><\/p>\n","protected":false},"excerpt":{"rendered":"<p>O pesquisador que realiza pesquisas com a biodiversidade tem obriga\u00e7\u00e3o de realizar alguns cadastros, dependendo das suas atividades. Leia abaixo para entender quais s\u00e3o as suas obriga\u00e7\u00f5es individuais. Toda pesquisa feita com patrim\u00f4nio gen\u00e9tico brasileiro, ou seja, com organismos nativos ou isolados no territ\u00f3rio nacional, deve ter seu acesso cadastrado no Sisgen. O acesso deve [&hellip;]<\/p>\n","protected":false},"author":33,"featured_media":0,"parent":0,"menu_order":0,"comment_status":"closed","ping_status":"closed","template":"","meta":{"footnotes":""},"class_list":["post-4090","page","type-page","status-publish","hentry"],"_links":{"self":[{"href":"https:\/\/ufpr.br\/prpi\/wp-json\/wp\/v2\/pages\/4090","targetHints":{"allow":["GET"]}}],"collection":[{"href":"https:\/\/ufpr.br\/prpi\/wp-json\/wp\/v2\/pages"}],"about":[{"href":"https:\/\/ufpr.br\/prpi\/wp-json\/wp\/v2\/types\/page"}],"author":[{"embeddable":true,"href":"https:\/\/ufpr.br\/prpi\/wp-json\/wp\/v2\/users\/33"}],"replies":[{"embeddable":true,"href":"https:\/\/ufpr.br\/prpi\/wp-json\/wp\/v2\/comments?post=4090"}],"version-history":[{"count":13,"href":"https:\/\/ufpr.br\/prpi\/wp-json\/wp\/v2\/pages\/4090\/revisions"}],"predecessor-version":[{"id":4168,"href":"https:\/\/ufpr.br\/prpi\/wp-json\/wp\/v2\/pages\/4090\/revisions\/4168"}],"wp:attachment":[{"href":"https:\/\/ufpr.br\/prpi\/wp-json\/wp\/v2\/media?parent=4090"}],"curies":[{"name":"wp","href":"https:\/\/api.w.org\/{rel}","templated":true}]}}