{"id":380,"date":"2025-04-05T00:08:24","date_gmt":"2025-04-05T03:08:24","guid":{"rendered":"https:\/\/ufpr.br\/prpi\/?page_id=380"},"modified":"2025-04-05T00:08:24","modified_gmt":"2025-04-05T03:08:24","slug":"edital-no-04-2025-prpi-nit-resultado-da-selecao-de-empresas-incubadora-ufpr","status":"publish","type":"page","link":"https:\/\/ufpr.br\/prpi\/edital-no-04-2025-prpi-nit-resultado-da-selecao-de-empresas-incubadora-ufpr\/","title":{"rendered":"Edital n\u00ba 04\/2025 PRPI\/NIT &#8211; Resultado da Sele\u00e7\u00e3o de Empresas &#8211; Incubadora UFPR"},"content":{"rendered":"\n<p><strong>A UNIVERSIDADE FEDERAL DO PARAN\u00c1 \u2013 UFPR,<\/strong>&nbsp;por meio da&nbsp;<strong>Unidade Promotora de Ambientes de Inova\u00e7\u00e3o<\/strong>, do&nbsp;<strong>N\u00facleo de Inova\u00e7\u00e3o Tecnol\u00f3gica (NIT) da Pr\u00f3-Reitoria de Pesquisa e Inova\u00e7\u00e3o (PRPI)<\/strong>, anuncia a publica\u00e7\u00e3o do&nbsp;<strong>Edital n\u00ba 04\/2025<\/strong>&nbsp;com as empresas selecionadas para ingresso na Incubadora de Empresas da UFPR, nas modalidades residente e n\u00e3o residente.<\/p>\n\n\n\n<ul class=\"wp-block-list\">\n<li><strong><a href=\"https:\/\/spin.ufpr.br\/wp-content\/uploads\/2025\/03\/Edital_01-2025_Selecao_de_empresas_removed_assinado.pdf\" target=\"_blank\" rel=\"noreferrer noopener\">Edital n\u00ba 04\/2025 \u2013 Resultado de Sele\u00e7\u00e3o de Empresas \u2013 Incubadora UFPR<\/a>\u2013<\/strong>\u00a0Publicado em 25\/03\/2025<\/li>\n<\/ul>\n","protected":false},"excerpt":{"rendered":"<p>A UNIVERSIDADE FEDERAL DO PARAN\u00c1 \u2013 UFPR,&nbsp;por meio da&nbsp;Unidade Promotora de Ambientes de Inova\u00e7\u00e3o, do&nbsp;N\u00facleo de Inova\u00e7\u00e3o Tecnol\u00f3gica (NIT) da Pr\u00f3-Reitoria de Pesquisa e Inova\u00e7\u00e3o (PRPI), anuncia a publica\u00e7\u00e3o do&nbsp;Edital n\u00ba 04\/2025&nbsp;com as empresas selecionadas para ingresso na Incubadora de Empresas da UFPR, nas modalidades residente e n\u00e3o residente.<\/p>\n","protected":false},"author":11,"featured_media":0,"parent":0,"menu_order":0,"comment_status":"closed","ping_status":"closed","template":"","meta":{"footnotes":""},"class_list":["post-380","page","type-page","status-publish","hentry"],"_links":{"self":[{"href":"https:\/\/ufpr.br\/prpi\/wp-json\/wp\/v2\/pages\/380","targetHints":{"allow":["GET"]}}],"collection":[{"href":"https:\/\/ufpr.br\/prpi\/wp-json\/wp\/v2\/pages"}],"about":[{"href":"https:\/\/ufpr.br\/prpi\/wp-json\/wp\/v2\/types\/page"}],"author":[{"embeddable":true,"href":"https:\/\/ufpr.br\/prpi\/wp-json\/wp\/v2\/users\/11"}],"replies":[{"embeddable":true,"href":"https:\/\/ufpr.br\/prpi\/wp-json\/wp\/v2\/comments?post=380"}],"version-history":[{"count":1,"href":"https:\/\/ufpr.br\/prpi\/wp-json\/wp\/v2\/pages\/380\/revisions"}],"predecessor-version":[{"id":381,"href":"https:\/\/ufpr.br\/prpi\/wp-json\/wp\/v2\/pages\/380\/revisions\/381"}],"wp:attachment":[{"href":"https:\/\/ufpr.br\/prpi\/wp-json\/wp\/v2\/media?parent=380"}],"curies":[{"name":"wp","href":"https:\/\/api.w.org\/{rel}","templated":true}]}}