{"id":3796,"date":"2025-12-05T11:28:50","date_gmt":"2025-12-05T14:28:50","guid":{"rendered":"https:\/\/ufpr.br\/prpi\/?page_id=3796"},"modified":"2025-12-05T11:31:11","modified_gmt":"2025-12-05T14:31:11","slug":"avaliacao-institucional","status":"publish","type":"page","link":"https:\/\/ufpr.br\/prpi\/avaliacao-institucional\/","title":{"rendered":"Avalia\u00e7\u00e3o Institucional"},"content":{"rendered":"\n<div class=\"wp-block-columns has-white-background-color has-background is-layout-flex wp-container-core-columns-is-layout-1 wp-block-columns-is-layout-flex\">\n<div class=\"wp-block-column has-white-background-color has-background is-layout-flow wp-block-column-is-layout-flow\">\n<p class=\"has-black-color has-text-color has-link-color wp-elements-71922aa1025650ef041f5543bff0005c\">A Avalia\u00e7\u00e3o Institucional visa \u00e0 melhoria da qualidade da educa\u00e7\u00e3o superior, assegurada pelo Sistema Nacional de Avalia\u00e7\u00e3o da Educa\u00e7\u00e3o Superior (SINAES), que inclui em seu processo a avalia\u00e7\u00e3o:<\/p>\n\n\n\n<ol class=\"wp-block-list has-black-color has-text-color has-link-color wp-elements-1e822b90408e26e58cb80d661022272d\">\n<li>das institui\u00e7\u00f5es de educa\u00e7\u00e3o superior,<\/li>\n\n\n\n<li>dos cursos de gradua\u00e7\u00e3o, e<\/li>\n\n\n\n<li>do desempenho acad\u00eamico de seus estudantes.<\/li>\n<\/ol>\n\n\n\n<p class=\"has-black-color has-text-color has-link-color wp-elements-c68ebb2631a2e1656af81e8d2c32107a\">Os resultados da Avalia\u00e7\u00e3o Institucional constituem referencial b\u00e1sico dos processos de regula\u00e7\u00e3o e supervis\u00e3o da educa\u00e7\u00e3o superior para os atos de:<\/p>\n\n\n\n<ol class=\"wp-block-list has-black-color has-text-color has-link-color wp-elements-13b2bc1fce20530b578daa13f46469d1\">\n<li>credenciamento e renova\u00e7\u00e3o de credenciamento de institui\u00e7\u00f5es de educa\u00e7\u00e3o superior, e<\/li>\n\n\n\n<li>autoriza\u00e7\u00e3o, reconhecimento e renova\u00e7\u00e3o de reconhecimento de cursos de gradua\u00e7\u00e3o.<\/li>\n<\/ol>\n\n\n\n<p class=\"has-black-color has-text-color has-link-color wp-elements-3b0518e467c7a74bfdacf84a243a3424\">A Lei do SINAES (Lei n.\u00ba 10.861\/2004) prev\u00ea a Avalia\u00e7\u00e3o Externa e a Avalia\u00e7\u00e3o Interna, sendo esta \u00faltima de compet\u00eancia da Comiss\u00e3o Pr\u00f3pria de Avalia\u00e7\u00e3o (CPA). Assim, a CPA \u00e9 respons\u00e1vel pela condu\u00e7\u00e3o das pol\u00edticas internas de avalia\u00e7\u00e3o e por coordenar a aplica\u00e7\u00e3o de pesquisas aos servidores e alunos da institui\u00e7\u00e3o.<\/p>\n\n\n\n<p class=\"has-black-color has-text-color has-link-color wp-elements-4da5ba9132e3af7a2e9832d6d29b82c2\">Na UFPR, a CPA \u00e9 formada por representantes dos segmentos dos t\u00e9cnicos, dos docentes, da administra\u00e7\u00e3o, dos discentes e da sociedade civil. Conta com o apoio da Secretaria Executiva de Avalia\u00e7\u00e3o Institucional e de Representantes ou Comiss\u00f5es Locais de Assessoramento.<\/p>\n\n\n\n<p class=\"has-black-color has-text-color has-link-color wp-elements-e2442219a8409fc6b2fafb781b7b386b\">As pesquisas visam estimular o autoconhecimento e aprimorar a institui\u00e7\u00e3o, por meio de uma an\u00e1lise reflexiva dos resultados, que levam os gestores a nortear o planejamento interno das unidades e a priorizar as a\u00e7\u00f5es de melhorias com base na percep\u00e7\u00e3o da comunidade interna.<\/p>\n\n\n\n<p class=\"has-black-color has-text-color has-link-color wp-elements-7f2e6515cbfb2690eb5eb01be90b04c1\"><strong>Para saber mais sobre a Avalia\u00e7\u00e3o Institucional, acesse o portal da Comiss\u00e3o Pr\u00f3pria de Avalia\u00e7\u00e3o: <a href=\"http:\/\/www.cpa.ufpr.br\"><em><span style=\"text-decoration: underline\">www.cpa.ufpr.br<\/span><\/em><\/a>.<\/strong><\/p>\n<\/div>\n<\/div>\n","protected":false},"excerpt":{"rendered":"<p>A Avalia\u00e7\u00e3o Institucional visa \u00e0 melhoria da qualidade da educa\u00e7\u00e3o superior, assegurada pelo Sistema Nacional de Avalia\u00e7\u00e3o da Educa\u00e7\u00e3o Superior (SINAES), que inclui em seu processo a avalia\u00e7\u00e3o: Os resultados da Avalia\u00e7\u00e3o Institucional constituem referencial b\u00e1sico dos processos de regula\u00e7\u00e3o e supervis\u00e3o da educa\u00e7\u00e3o superior para os atos de: A Lei do SINAES (Lei n.\u00ba [&hellip;]<\/p>\n","protected":false},"author":11,"featured_media":0,"parent":0,"menu_order":0,"comment_status":"closed","ping_status":"closed","template":"","meta":{"footnotes":""},"class_list":["post-3796","page","type-page","status-publish","hentry"],"_links":{"self":[{"href":"https:\/\/ufpr.br\/prpi\/wp-json\/wp\/v2\/pages\/3796","targetHints":{"allow":["GET"]}}],"collection":[{"href":"https:\/\/ufpr.br\/prpi\/wp-json\/wp\/v2\/pages"}],"about":[{"href":"https:\/\/ufpr.br\/prpi\/wp-json\/wp\/v2\/types\/page"}],"author":[{"embeddable":true,"href":"https:\/\/ufpr.br\/prpi\/wp-json\/wp\/v2\/users\/11"}],"replies":[{"embeddable":true,"href":"https:\/\/ufpr.br\/prpi\/wp-json\/wp\/v2\/comments?post=3796"}],"version-history":[{"count":9,"href":"https:\/\/ufpr.br\/prpi\/wp-json\/wp\/v2\/pages\/3796\/revisions"}],"predecessor-version":[{"id":3819,"href":"https:\/\/ufpr.br\/prpi\/wp-json\/wp\/v2\/pages\/3796\/revisions\/3819"}],"wp:attachment":[{"href":"https:\/\/ufpr.br\/prpi\/wp-json\/wp\/v2\/media?parent=3796"}],"curies":[{"name":"wp","href":"https:\/\/api.w.org\/{rel}","templated":true}]}}