{"id":35,"date":"2025-03-07T10:08:49","date_gmt":"2025-03-07T13:08:49","guid":{"rendered":"https:\/\/ufpr.br\/prpi\/todas-as-noticias\/"},"modified":"2025-04-05T00:00:32","modified_gmt":"2025-04-05T03:00:32","slug":"todas-as-noticias","status":"publish","type":"page","link":"https:\/\/ufpr.br\/prpi\/todas-as-noticias\/","title":{"rendered":"Todas as Not\u00edcias"},"content":{"rendered":"<ul class=\"wp-block-latest-posts__list wp-block-latest-posts\"><li><a class=\"wp-block-latest-posts__post-title\" href=\"https:\/\/ufpr.br\/prpi\/blog\/2026\/03\/16\/estao-abertas-as-inscricoes-para-o-programa-startup-garage-ufpr-2026-1\/\">Est\u00e3o abertas as inscri\u00e7\u00f5es para o Programa Startup Garage UFPR 2026\/1<\/a><\/li>\n<li><a class=\"wp-block-latest-posts__post-title\" href=\"https:\/\/ufpr.br\/prpi\/blog\/2026\/03\/16\/participe-do-smart-city-expo-curitiba-2026\/\">Participe do Smart City Expo Curitiba 2026<\/a><\/li>\n<li><a class=\"wp-block-latest-posts__post-title\" href=\"https:\/\/ufpr.br\/prpi\/blog\/2026\/01\/22\/institutos-nacionais-de-ciencia-e-tecnologia-da-ufpr\/\">Institutos Nacionais de Ci\u00eancia e Tecnologia da UFPR<\/a><\/li>\n<li><a class=\"wp-block-latest-posts__post-title\" href=\"https:\/\/ufpr.br\/prpi\/blog\/2025\/11\/04\/premio-carolina-bori-ciencia-mulher-7a-edicao\/\">Pr\u00eamio Carolina Bori Ci\u00eancia &amp; Mulher \u2013 7\u00aa Edi\u00e7\u00e3o<\/a><\/li>\n<li><a class=\"wp-block-latest-posts__post-title\" href=\"https:\/\/ufpr.br\/prpi\/blog\/2025\/10\/28\/iii-semana-do-empreendedorismo-feminino-da-universidade-federal-do-parana\/\">III Semana do Empreendedorismo Feminino da Universidade Federal do Paran\u00e1<\/a><\/li>\n<\/ul>\n\n\n<p><\/p>\n\n\n\n<p><\/p>\n","protected":false},"excerpt":{"rendered":"","protected":false},"author":6,"featured_media":0,"parent":0,"menu_order":0,"comment_status":"closed","ping_status":"closed","template":"template_todas_as_noticias.php","meta":{"footnotes":""},"class_list":["post-35","page","type-page","status-publish","hentry"],"_links":{"self":[{"href":"https:\/\/ufpr.br\/prpi\/wp-json\/wp\/v2\/pages\/35","targetHints":{"allow":["GET"]}}],"collection":[{"href":"https:\/\/ufpr.br\/prpi\/wp-json\/wp\/v2\/pages"}],"about":[{"href":"https:\/\/ufpr.br\/prpi\/wp-json\/wp\/v2\/types\/page"}],"author":[{"embeddable":true,"href":"https:\/\/ufpr.br\/prpi\/wp-json\/wp\/v2\/users\/6"}],"replies":[{"embeddable":true,"href":"https:\/\/ufpr.br\/prpi\/wp-json\/wp\/v2\/comments?post=35"}],"version-history":[{"count":2,"href":"https:\/\/ufpr.br\/prpi\/wp-json\/wp\/v2\/pages\/35\/revisions"}],"predecessor-version":[{"id":4834,"href":"https:\/\/ufpr.br\/prpi\/wp-json\/wp\/v2\/pages\/35\/revisions\/4834"}],"wp:attachment":[{"href":"https:\/\/ufpr.br\/prpi\/wp-json\/wp\/v2\/media?parent=35"}],"curies":[{"name":"wp","href":"https:\/\/api.w.org\/{rel}","templated":true}]}}