{"id":2906,"date":"2025-09-11T10:19:38","date_gmt":"2025-09-11T13:19:38","guid":{"rendered":"https:\/\/ufpr.br\/prpi\/?page_id=2906"},"modified":"2025-10-21T18:16:01","modified_gmt":"2025-10-21T21:16:01","slug":"edital-no-20-2025-cofpi-prpi-apoio-a-atividades-de-pesquisa-universal","status":"publish","type":"page","link":"https:\/\/ufpr.br\/prpi\/edital-no-20-2025-cofpi-prpi-apoio-a-atividades-de-pesquisa-universal\/","title":{"rendered":"Edital n\u00ba 20\/2025 COFPI\/PRPI &#8211; Apoio a Atividades de Pesquisa &#8211; Universal"},"content":{"rendered":"\n<p><strong>A Pr\u00f3-reitoria de Pesquisa e Inova\u00e7\u00e3o (PRPI)<\/strong>, por meio da&nbsp;<strong>Coordenadoria de Fomento a Projetos Institucionais (COFPI)<\/strong>, torna p\u00fablico edital para submiss\u00e3o de propostas visando apoiar financeiramente projetos de pesquisa coordenados por pesquisadores(as) cuja contrata\u00e7\u00e3o tenha ocorrido antes de 01\/01\/2020, apoiando o desenvolvimento de pesquisa em ci\u00eancia, tecnologia e\/ou inova\u00e7\u00e3o na UFPR.&nbsp;<\/p>\n\n\n\n<p><strong>INFORMA\u00c7\u00d5ES<\/strong><\/p>\n\n\n\n<ul class=\"wp-block-list\">\n<li><a href=\"https:\/\/ufpr.br\/prpi\/wp-content\/uploads\/2025\/10\/Resultado_Final_20.2025_assinado.pdf\">Resultado final<\/a><\/li>\n\n\n\n<li><a href=\"https:\/\/ufpr.br\/prpi\/wp-content\/uploads\/2025\/10\/Resultado_Preliminar_Edital_20.2025_assinado.pdf\" data-type=\"link\" data-id=\"https:\/\/ufpr.br\/prpi\/wp-content\/uploads\/2025\/10\/Resultado_Preliminar_Edital_20.2025_assinado.pdf\">Resultado preliminar<\/a><\/li>\n\n\n\n<li><a href=\"https:\/\/ufpr.br\/prpi\/wp-content\/uploads\/2025\/10\/Alteracao-cronograma-edital-20.pdf\" target=\"_blank\" rel=\"noreferrer noopener\">Altera\u00e7\u00e3o no cronograma previsto<\/a><\/li>\n\n\n\n<li><a href=\"https:\/\/ufpr.br\/prpi\/wp-content\/uploads\/2025\/10\/SEI_8249374_Despacho_700.pdf\" target=\"_blank\" rel=\"noreferrer noopener\">Divulga\u00e7\u00e3o das Inscri\u00e7\u00f5es Deferidas ap\u00f3s Recursos<\/a><\/li>\n\n\n\n<li><a href=\"https:\/\/ufpr.br\/prpi\/wp-content\/uploads\/2025\/10\/Edital-20-Deferimentos.pdf\" target=\"_blank\" rel=\"noreferrer noopener\">Divulga\u00e7\u00e3o das Inscri\u00e7\u00f5es Deferidas<\/a><\/li>\n\n\n\n<li><a href=\"https:\/\/ufpr.br\/prpi\/wp-content\/uploads\/2025\/09\/SEI_8197933_Edital_20.pdf\" target=\"_blank\" rel=\"noreferrer noopener\">Edital 20\/2025 PRPI\/COFPI \u2013 Apoio a Atividades de Pesquisa &#8211; Universal &#8211; Retificado<\/a><\/li>\n<\/ul>\n\n\n\n<p><strong>ANEXOS<\/strong><\/p>\n\n\n\n<ul class=\"wp-block-list\">\n<li><a href=\"https:\/\/ufpr.br\/prpi\/wp-content\/uploads\/2025\/09\/ANEXO-I-FORMULARIO-DE-SOLICITACAO-UNIVERSAL.pdf\" target=\"_blank\" rel=\"noreferrer noopener\">Anexo I \u2013 Formul\u00e1rio de Solicita\u00e7\u00e3o de Apoio a Atividades de Pesquisa &#8211; Universal<\/a><\/li>\n\n\n\n<li><a href=\"https:\/\/ufpr.br\/prpi\/wp-content\/uploads\/2025\/09\/ANEXO-II-TERMOS-DE-COMPROMISSO-RECEM-CONTRATADOS.pdf\" target=\"_blank\" rel=\"noreferrer noopener\">Anexo II \u2013 Termos de Compromisso<\/a><\/li>\n\n\n\n<li><a href=\"https:\/\/ufpr.br\/prpi\/wp-content\/uploads\/2025\/09\/1Planilha-para-preenchimento-pontuacao-Curriculo-Lattes-UNIVERSAL-1-1.xls\" target=\"_blank\" rel=\"noreferrer noopener\">Anexo III \u2013 Planilha para preenchimento pontua\u00e7\u00e3o Curr\u00edculo Lattes (UNIVERSAL)<\/a><\/li>\n\n\n\n<li><a href=\"https:\/\/ufpr.br\/prpi\/wp-content\/uploads\/2025\/09\/TABELA-DE-PONTUACAO-CV-LATTES.pdf\" target=\"_blank\" rel=\"noreferrer noopener\">Tabela de Pontua\u00e7\u00e3o Curr\u00edculo Lattes<\/a><\/li>\n\n\n\n<li><a href=\"https:\/\/ufpr.br\/prpi\/wp-content\/uploads\/2025\/09\/Como-inserir-anexos.pdf\" target=\"_blank\" rel=\"noreferrer noopener\">Esclarecimento de como criar o processo e inserir os anexos<\/a><\/li>\n<\/ul>\n\n\n\n<p><\/p>\n\n\n\n<p><\/p>\n","protected":false},"excerpt":{"rendered":"<p>A Pr\u00f3-reitoria de Pesquisa e Inova\u00e7\u00e3o (PRPI), por meio da&nbsp;Coordenadoria de Fomento a Projetos Institucionais (COFPI), torna p\u00fablico edital para submiss\u00e3o de propostas visando apoiar financeiramente projetos de pesquisa coordenados por pesquisadores(as) cuja contrata\u00e7\u00e3o tenha ocorrido antes de 01\/01\/2020, apoiando o desenvolvimento de pesquisa em ci\u00eancia, tecnologia e\/ou inova\u00e7\u00e3o na UFPR.&nbsp; INFORMA\u00c7\u00d5ES ANEXOS<\/p>\n","protected":false},"author":11,"featured_media":0,"parent":0,"menu_order":0,"comment_status":"closed","ping_status":"closed","template":"","meta":{"footnotes":""},"class_list":["post-2906","page","type-page","status-publish","hentry"],"_links":{"self":[{"href":"https:\/\/ufpr.br\/prpi\/wp-json\/wp\/v2\/pages\/2906","targetHints":{"allow":["GET"]}}],"collection":[{"href":"https:\/\/ufpr.br\/prpi\/wp-json\/wp\/v2\/pages"}],"about":[{"href":"https:\/\/ufpr.br\/prpi\/wp-json\/wp\/v2\/types\/page"}],"author":[{"embeddable":true,"href":"https:\/\/ufpr.br\/prpi\/wp-json\/wp\/v2\/users\/11"}],"replies":[{"embeddable":true,"href":"https:\/\/ufpr.br\/prpi\/wp-json\/wp\/v2\/comments?post=2906"}],"version-history":[{"count":15,"href":"https:\/\/ufpr.br\/prpi\/wp-json\/wp\/v2\/pages\/2906\/revisions"}],"predecessor-version":[{"id":3491,"href":"https:\/\/ufpr.br\/prpi\/wp-json\/wp\/v2\/pages\/2906\/revisions\/3491"}],"wp:attachment":[{"href":"https:\/\/ufpr.br\/prpi\/wp-json\/wp\/v2\/media?parent=2906"}],"curies":[{"name":"wp","href":"https:\/\/api.w.org\/{rel}","templated":true}]}}