{"id":2799,"date":"2025-09-02T10:57:52","date_gmt":"2025-09-02T13:57:52","guid":{"rendered":"https:\/\/ufpr.br\/prpi\/?page_id=2799"},"modified":"2025-11-06T14:01:20","modified_gmt":"2025-11-06T17:01:20","slug":"edital-no-18-2025-cipis-prpi-ufpr-apoio-a-atividades-de-pesquisa-nos-ods","status":"publish","type":"page","link":"https:\/\/ufpr.br\/prpi\/edital-no-18-2025-cipis-prpi-ufpr-apoio-a-atividades-de-pesquisa-nos-ods\/","title":{"rendered":"Edital n\u00ba 18\/2025 &#8211; CIPIS\/PRPI\/UFPR &#8211; Apoio a Atividades de Pesquisa nos ODS"},"content":{"rendered":"\n<div class=\"wp-block-columns has-white-background-color has-background is-layout-flex wp-container-core-columns-is-layout-1 wp-block-columns-is-layout-flex\">\n<div class=\"wp-block-column is-layout-flow wp-block-column-is-layout-flow\">\n<p class=\"has-black-color has-text-color has-link-color wp-elements-4c2689719f5bd6312ec90e21940f6462\">A Pr\u00f3-reitoria de Pesquisa e Inova\u00e7\u00e3o (PRPI), a Pr\u00f3-reitoria de Pertencimento e Pol\u00edticas de Perman\u00eancia Estudantil (P4E), a Pr\u00f3-reitoria de Extens\u00e3o e Cultura (PROEC) e o Gabinete da Reitoria da UFPR, por meio da Coordenadoria de Indicadores de Pesquisa, Inova\u00e7\u00e3o e Sustentabilidade (CIPIS) da PRPI, tornam p\u00fablico o Edital de Apoio a Atividades Associadas aos Objetivos do Desenvolvimento Sustent\u00e1vel (ODS), com aplica\u00e7\u00e3o em a\u00e7\u00f5es exclusivamente voltadas para dentro da UFPR e do Complexo Hospital de Cl\u00ednicas desta Institui\u00e7\u00e3o.<\/p>\n\n\n\n<p class=\"has-black-color has-text-color has-link-color wp-elements-66b8c8fed4f7a0fa9d8b06f91f3b894c\"><strong>EDITAL<\/strong><\/p>\n\n\n\n<ul class=\"wp-block-list\">\n<li><a href=\"https:\/\/ufpr.br\/prpi\/wp-content\/uploads\/2025\/09\/SEI_8021926_Edital_18_2025.pdf\" target=\"_blank\" rel=\"noreferrer noopener\">Edital n\u00ba 18\/2025 &#8211; CIPIS\/PRPI\/UFPR &#8211; Apoio a Atividades Associadas aos ODS<\/a><\/li>\n\n\n\n<li><a href=\"https:\/\/ufpr.br\/prpi\/wp-content\/uploads\/2025\/09\/SEI_8195891_Informacao_3.pdf\">Informa\u00e7\u00e3o 3 &#8211; Corre\u00e7\u00e3o do cronograma<\/a><\/li>\n\n\n\n<li><a href=\"https:\/\/ufpr.br\/prpi\/wp-content\/uploads\/2025\/10\/SEI_8282484_Informacao_4.pdf\">Informa\u00e7\u00e3o 4 &#8211; Resultado preliminar<\/a><\/li>\n\n\n\n<li><a href=\"https:\/\/ufpr.br\/prpi\/wp-content\/uploads\/2025\/11\/SEI_8339927_Informacao_7.pdf\">Informa\u00e7\u00e3o 7 &#8211; Resultado final<\/a><\/li>\n<\/ul>\n\n\n\n<p class=\"has-black-color has-text-color has-link-color wp-elements-e2cc73b939ebdb0d873cc7baec0f8f5f\"><strong>ANEXOS<\/strong><\/p>\n\n\n\n<ul class=\"wp-block-list\">\n<li><a href=\"https:\/\/ufpr.br\/prpi\/wp-content\/uploads\/2025\/09\/Anexo_I-Ed-CIPIS.pdf\">Anexo I<\/a><\/li>\n<\/ul>\n<\/div>\n<\/div>\n","protected":false},"excerpt":{"rendered":"<p>A Pr\u00f3-reitoria de Pesquisa e Inova\u00e7\u00e3o (PRPI), a Pr\u00f3-reitoria de Pertencimento e Pol\u00edticas de Perman\u00eancia Estudantil (P4E), a Pr\u00f3-reitoria de Extens\u00e3o e Cultura (PROEC) e o Gabinete da Reitoria da UFPR, por meio da Coordenadoria de Indicadores de Pesquisa, Inova\u00e7\u00e3o e Sustentabilidade (CIPIS) da PRPI, tornam p\u00fablico o Edital de Apoio a Atividades Associadas aos [&hellip;]<\/p>\n","protected":false},"author":11,"featured_media":0,"parent":0,"menu_order":0,"comment_status":"closed","ping_status":"closed","template":"","meta":{"footnotes":""},"class_list":["post-2799","page","type-page","status-publish","hentry"],"_links":{"self":[{"href":"https:\/\/ufpr.br\/prpi\/wp-json\/wp\/v2\/pages\/2799","targetHints":{"allow":["GET"]}}],"collection":[{"href":"https:\/\/ufpr.br\/prpi\/wp-json\/wp\/v2\/pages"}],"about":[{"href":"https:\/\/ufpr.br\/prpi\/wp-json\/wp\/v2\/types\/page"}],"author":[{"embeddable":true,"href":"https:\/\/ufpr.br\/prpi\/wp-json\/wp\/v2\/users\/11"}],"replies":[{"embeddable":true,"href":"https:\/\/ufpr.br\/prpi\/wp-json\/wp\/v2\/comments?post=2799"}],"version-history":[{"count":11,"href":"https:\/\/ufpr.br\/prpi\/wp-json\/wp\/v2\/pages\/2799\/revisions"}],"predecessor-version":[{"id":3638,"href":"https:\/\/ufpr.br\/prpi\/wp-json\/wp\/v2\/pages\/2799\/revisions\/3638"}],"wp:attachment":[{"href":"https:\/\/ufpr.br\/prpi\/wp-json\/wp\/v2\/media?parent=2799"}],"curies":[{"name":"wp","href":"https:\/\/api.w.org\/{rel}","templated":true}]}}